{"id":1978,"date":"2023-10-31T10:53:12","date_gmt":"2023-10-31T09:53:12","guid":{"rendered":"https:\/\/artgallery-passage.com\/o-nas\/"},"modified":"2023-12-19T11:05:56","modified_gmt":"2023-12-19T10:05:56","slug":"o-nas","status":"publish","type":"page","link":"https:\/\/artgallery-passage.com\/cs\/o-nas\/","title":{"rendered":"O n\u00e1s"},"content":{"rendered":"\n<div class=\"row\"  id=\"row-1451832780\">\n\n\n\t<div id=\"col-30233790\" class=\"col small-12 large-12\"  >\n\t\t\t\t<div class=\"col-inner\"  >\n\t\t\t\n\t\t\t\n\n<div class=\"container section-title-container\" ><h3 class=\"section-title section-title-bold-center\"><b><\/b><span class=\"section-title-main\" >O n\u00e1s<\/span><b><\/b><\/h3><\/div>\n\n<h2 style=\"text-align: center;\"><strong>Galerie vytvo\u0159en\u00e1 um\u011blci pro milovn\u00edky um\u011bn\u00ed.<\/strong><\/h2>\n<p style=\"text-align: center;\">D\u00edky dlouholet\u00fdm zku\u0161enostem a spolupr\u00e1ci s um\u011bleck\u00fdmi str\u00e1nkami, um\u011bleck\u00fdmi agenturami a obchodn\u00edky v\u00edme, co je v dan\u00e9 dob\u011b na trhu s um\u011bn\u00edm \u017e\u00e1dan\u00e9 a vyb\u00edr\u00e1me um\u011blce podle tohoto krit\u00e9ria.<\/p>\n<p style=\"text-align: center;\">Pokud jste znalcem um\u011bn\u00ed, a chcete si koupit obraz pro sebe nebo jako d\u00e1rek, p\u0159\u00edpadn\u011b si objednat portr\u00e9t, pak mus\u00edte v\u011bd\u011bt, \u017ee um\u011blce p\u0159ed um\u00edst\u011bn\u00edm jejich obraz\u016f do galerie pe\u010dliv\u011b vyb\u00edr\u00e1me, aby spl\u0148ovaly vysokou \u00farove\u0148. Mezi v\u00fdtvarn\u00edky galerie jsou mist\u0159i s akademick\u00fdm vzd\u011bl\u00e1n\u00edm, z r\u016fzn\u00fdch \u0161kol sm\u011br\u016f a zem\u00ed. Zde naleznete obrazy kreativn\u00edch lid\u00ed, kte\u0159\u00ed maj\u00ed sv\u016fj vlastn\u00ed styl a dlouholet\u00e9 zku\u0161enosti v oblasti tvorby obraz\u016f. <strong>M\u00e1te-li n\u011bjak\u00e9 dotazy a chcete se poradit, m\u016f\u017eete n\u00e1m napsat.<\/strong><\/p>\n<p style=\"text-align: center;\"><strong>Pokud jste um\u011blcem a chcete \u00fasp\u011b\u0161n\u011b prod\u00e1vat sv\u00e9 um\u011bn\u00ed na mezin\u00e1rodn\u00ed \u00farovni, p\u0159idejte se k n\u00e1m odesl\u00e1n\u00edm p\u011bti sv\u00fdch obraz\u016f a portfolia zdarma ke zv\u00e1\u017een\u00ed e-mailem, nebo si m\u016f\u017eete vybrat jeden z reklamn\u00edch bal\u00ed\u010dk\u016f a objednat si jej p\u0159\u00edmo na str\u00e1nce.<\/strong><\/p>\n<p style=\"text-align: center;\"><strong>Jak a kde spr\u00e1vn\u011b koupit olejomalby.<\/strong><br \/>Jeden n\u00e1kup obrazu m\u016f\u017ee za\u010d\u00edt v\u00e1\u0161e\u0148 pro um\u011bn\u00ed na cel\u00fd \u017eivot.<br \/>Olejomalba nen\u00ed jen v\u011bc, ale um\u011bleck\u00e9 d\u00edlo, kter\u00e9 d\u00e1v\u00e1 pozitivn\u00ed emoce, nut\u00ed v\u00e1s p\u0159em\u00fd\u0161let, vyvol\u00e1v\u00e1 asociace a vzpom\u00ednky. Roz\u0161i\u0159uje prostor na\u0161eho b\u011b\u017en\u00e9ho ka\u017edodenn\u00edho sv\u011bta, \u010din\u00ed jej jasn\u011bj\u0161\u00edm a napln\u011bn\u00fdm hlubok\u00fdm v\u00fdznamem.<br \/>N\u00e1kup modern\u00edch olejomaleb m\u016f\u017ee b\u00fdt v\u00fdhodnou investic\u00ed, stejn\u011b jako sb\u00edr\u00e1n\u00ed obraz\u016f je hazardn\u00ed hra, ve kter\u00e9 m\u00e1 velk\u00fd v\u00fdznam intuice. V\u00fdb\u011br um\u011bleck\u00e9ho d\u00edla je stejn\u00fd tv\u016fr\u010d\u00ed akt jako jeho tvorba, ale je velmi d\u016fle\u017eit\u00e9 nau\u010dit se rozli\u0161ovat um\u011bn\u00ed od spot\u0159ebn\u00edho zbo\u017e\u00ed, kter\u00e9 nem\u00e1 \u017e\u00e1dnou hodnotu ani nyn\u00ed, ani v dalek\u00e9 budoucnosti.<\/p>\n<p style=\"text-align: center;\">A jak na to,? Pokud n\u00e1m nap\u00ed\u0161ete, m\u016f\u017eete se poradit s na\u0161imi odborn\u00edky, kte\u0159\u00ed maj\u00ed um\u011bleck\u00e9 vzd\u011bl\u00e1n\u00ed a pomohou v\u00e1m vybrat obraz dle va\u0161eho po\u017eadavku, vyp\u011bstovat si i vlastn\u00ed um\u011bleck\u00fd vkus (co\u017e je pot\u0159eba jak pro sb\u011bratele obraz\u016f, tak i pro n\u011bkoho, kdo se rozhodl omezit na jednu nebo dv\u011b olejomalby).<\/p>\n<p style=\"text-align: center;\">P\u00e1r slov o r\u00e1mu na obraz Olejomalba, kter\u00e1 se v\u00e1m l\u00edb\u00ed, je lep\u0161\u00ed koupit v um\u011bleck\u00e9 galerii v nezar\u00e1movan\u00e9 podob\u011b, bez r\u00e1mu. Zar\u00e1movan\u00e1 olejomalba bude v ka\u017ed\u00e9m p\u0159\u00edpad\u011b dra\u017e\u0161\u00ed a je velk\u00e1 \u0161ance, \u017ee si pro sv\u016fj nov\u00fd obraz budete cht\u00edt vybrat \u00fapln\u011b jin\u00fd r\u00e1m.<\/p>\n<p>\u00a0<\/p>\n<p style=\"text-align: center;\"><strong>Jak rozli\u0161it obraz malovan\u00fd olejov\u00fdmi barvami od akrylov\u00fdch barev?<\/strong><\/p>\n<p style=\"text-align: center;\">V\u0161\u00edmejte si texturu barvy, kter\u00e1 je p\u0159i olejomalb\u011b v\u00fdrazn\u011bj\u0161\u00ed. Vezm\u011bte obraz a dr\u017ete jej pod \u00fahlem. V t\u00e9to poloze m\u016f\u017eete vid\u011bt texturu barvy na pl\u00e1tn\u011b. Pokud je design texturovan\u00fd a vypad\u00e1 v\u00edcevrstv\u00fd, malba je s nejv\u011bt\u0161\u00ed pravd\u011bpodobnost\u00ed provedena v oleji. Akrylov\u00e1 barva schne hladce a p\u0159ipom\u00edn\u00e1 gumu, pokud nebyla pou\u017eita aditiva, aby barva z\u00edskala hrub\u0161\u00ed strukturu. Olejomalba tak\u00e9 zpravidla vypad\u00e1 lesklej\u0161\u00ed, proto\u017ee vy\u017eaduje lakov\u00e1n\u00ed, na rozd\u00edl od akrylu, kter\u00fd se \u010dasto nelakuje, pokud samoz\u0159ejm\u011b nemluv\u00edme o profesion\u00e1ln\u00ed malb\u011b. V\u00fdhody olejomalby Obrazy malovan\u00e9 olejov\u00fdmi barvami se skladuj\u00ed des\u00edtky let nebo dokonce stalet\u00ed.<br \/>Olejov\u00e9 barvy \u010dasem ne vyblednou. Olejomalby nejsou ovlivn\u011bny teplotn\u00edmi v\u00fdkyvy. Olejomalby p\u016fsob\u00ed \u017eiv\u011bji a p\u0159irozen\u011bji. Komplexn\u00ed obrazy jsou malov\u00e1ny olejov\u00fdmi barvami.<br \/>\u200b<\/p>\n\n\t\t<\/div>\n\t\t\t\t\t<\/div>\n\n\t\n\n\n<style>\n#row-1451832780 > .col > .col-inner {\n  padding: 40px 0px 0px 0px;\n}\n<\/style>\n<\/div>\n<div class=\"row\"  id=\"row-878753823\">\n\n\n\t<div id=\"col-957485059\" class=\"col small-12 large-12\"  >\n\t\t\t\t<div class=\"col-inner\"  >\n\t\t\t\n\t\t\t\n\n<div class=\"container section-title-container\" style=\"margin-top:20px;\"><h3 class=\"section-title section-title-bold-center\"><b><\/b><span class=\"section-title-main\" >CO nab\u00edz\u00edme?<\/span><b><\/b><\/h3><\/div>\n\n\n\t\t<\/div>\n\t\t\t\t\t<\/div>\n\n\t\n\n\t<div id=\"col-505188223\" class=\"col medium-6 small-12 large-6\"  >\n\t\t\t\t<div class=\"col-inner\"  >\n\t\t\t\n\t\t\t\n\n<div class=\"pricing-table-wrapper\">\n  <div class=\"pricing-table ux_price_table text-center box-shadow-3-hover featured-table\">\n    <div class=\"pricing-table-header\">\n      <div class=\"title uppercase strong\">Bal\u00ed\u010dek Standard<\/div>\n      <div class=\"price is-xxlarge\">100 \u20ac<\/div>\n          <\/div>\n    <div class=\"pricing-table-items items\">\n      \n\n<div class=\"bullet-item\" title=\"\"><span class=\"text\">um\u00edst\u011bn\u00ed 10 d\u011bl v internetov\u00e9m obchod\u011b<\/span><\/div>\n\n<div class=\"bullet-item\" title=\"\"><span class=\"text\">kompletn\u00ed informace o autorovi na blogu na\u0161ich webov\u00fdch str\u00e1nek.<\/span><\/div>\n\n<div class=\"bullet-item\" title=\"\"><span class=\"text\">propagace va\u0161\u00ed pr\u00e1ce na Googlu a soci\u00e1ln\u00edch s\u00edt\u00edch v r\u00e1mci na\u0161\u00ed galerie.<\/span><\/div>\n\n<a href=\"https:\/\/artgallery-passage.com\/cs\/d\u00edlo\/standardni-balicek\/\" target=\"_self\" class=\"button primary is-shade is-larger box-shadow-4 box-shadow-5-hover\"  style=\"border-radius:10px;\">\n    <span>M\u00e1m z\u00e1jem<\/span>\n  <\/a>\n\n\n\n    <\/div>\n      <\/div>\n<\/div>\n\n\n\n\t\t<\/div>\n\t\t\t\t\t<\/div>\n\n\t\n\n\t<div id=\"col-32854919\" class=\"col medium-6 small-12 large-6\"  >\n\t\t\t\t<div class=\"col-inner\"  >\n\t\t\t\n\t\t\t\n\n<div class=\"pricing-table-wrapper\">\n  <div class=\"pricing-table ux_price_table text-center box-shadow-3-hover featured-table\">\n    <div class=\"pricing-table-header\">\n      <div class=\"title uppercase strong\">Bal\u00ed\u010dek Individu\u00e1ln\u00ed<\/div>\n      <div class=\"price is-xxlarge\">160 \u20ac<\/div>\n          <\/div>\n    <div class=\"pricing-table-items items\">\n      \n\n<div class=\"bullet-item\" title=\"\"><span class=\"text\">Um\u00edst\u011bn\u00ed va\u0161eho portfolia do samostatn\u00e9ho portfolia &quot;Kur\u00e1torsk\u00fd v\u00fdb\u011br&quot;.<\/span><\/div>\n\n<div class=\"bullet-item\" title=\"\"><span class=\"text\">str\u00e1nka jednotliv\u00fdch um\u011blc\u016f, um\u00edst\u011bn\u00ed 20 d\u011bl v internetov\u00e9m obchod\u011b.<\/span><\/div>\n\n<div class=\"bullet-item\" title=\"\"><span class=\"text\">Osobn\u00ed nab\u00eddka d\u011bl um\u011blce pro n\u00e1\u0161 zaveden\u00fd okruh klient\u016f<\/span><\/div>\n\n<div class=\"bullet-item\" title=\"\"><span class=\"text\">Individu\u00e1ln\u011b i kolektivn\u011b, v r\u00e1mci galerie, reklamy na Googlu a soci\u00e1ln\u00edch s\u00edt\u00edch.<\/span><\/div>\n\n<a href=\"https:\/\/artgallery-passage.com\/cs\/d\u00edlo\/balicek-individual\/\" target=\"_self\" class=\"button primary is-shade is-larger box-shadow-4 box-shadow-5-hover\"  style=\"border-radius:10px;\">\n    <span>M\u00e1m z\u00e1jem<\/span>\n  <\/a>\n\n\n\n    <\/div>\n      <\/div>\n<\/div>\n\n\n\n\t\t<\/div>\n\t\t\t\t\t<\/div>\n\n\t\n\n<\/div>\n\n  <div class=\"banner has-hover\" id=\"banner-1801871875\">\n          <div class=\"banner-inner fill\">\n        <div class=\"banner-bg fill\" >\n            <div class=\"bg fill bg-fill \"><\/div>\n                                    \n                    <\/div>\n\t\t\n        <div class=\"banner-layers container\">\n            <div class=\"fill banner-link\"><\/div>            \n\n   <div id=\"text-box-86343408\" class=\"text-box banner-layer x50 md-x50 lg-x50 y50 md-y50 lg-y50 res-text\">\n                                <div class=\"text-box-content text dark\">\n              \n              <div class=\"text-inner text-center\">\n                  \n\n<p><img decoding=\"async\" loading=\"lazy\" class=\"alignnone size-medium wp-image-8\" src=\"https:\/\/artgallery-passage.com\/wp-content\/uploads\/2023\/02\/logobielevelke-300x268.png\" alt=\"\" width=\"300\" height=\"268\" srcset=\"https:\/\/artgallery-passage.com\/wp-content\/uploads\/2023\/02\/logobielevelke-300x268.png 300w, https:\/\/artgallery-passage.com\/wp-content\/uploads\/2023\/02\/logobielevelke-500x447.png 500w, https:\/\/artgallery-passage.com\/wp-content\/uploads\/2023\/02\/logobielevelke-600x536.png 600w, https:\/\/artgallery-passage.com\/wp-content\/uploads\/2023\/02\/logobielevelke-768x687.png 768w, https:\/\/artgallery-passage.com\/wp-content\/uploads\/2023\/02\/logobielevelke.png 1010w\" sizes=\"(max-width: 300px) 100vw, 300px\" \/><\/p>\n\n              <\/div>\n           <\/div>\n                            \n<style>\n#text-box-86343408 {\n  width: 60%;\n}\n#text-box-86343408 .text-box-content {\n  font-size: 100%;\n}\n<\/style>\n    <\/div>\n \n\n        <\/div>\n      <\/div>\n\n            \n<style>\n#banner-1801871875 {\n  padding-top: 300px;\n}\n#banner-1801871875 .ux-shape-divider--top svg {\n  height: 150px;\n  --divider-top-width: 100%;\n}\n#banner-1801871875 .ux-shape-divider--bottom svg {\n  height: 150px;\n  --divider-width: 100%;\n}\n<\/style>\n  <\/div>\n\n\n\n","protected":false},"excerpt":{"rendered":"","protected":false},"author":1,"featured_media":0,"parent":0,"menu_order":0,"comment_status":"closed","ping_status":"closed","template":"page-blank.php","meta":[],"yoast_head":"<!-- This site is optimized with the Yoast SEO plugin v20.3 - https:\/\/yoast.com\/wordpress\/plugins\/seo\/ -->\n<title>Bal\u00ed\u010dky pro - ART GALLERY PASSAGE<\/title>\n<meta name=\"description\" content=\"Bal\u00ed\u010dky pro um\u011blce - Pokud jste um\u011blec a chcete \u00fasp\u011b\u0161n\u011b prod\u00e1vat sv\u00e9 um\u011bn\u00ed na mezin\u00e1rodn\u00ed \u00farovni, p\u0159idejte se k n\u00e1m.\" \/>\n<meta name=\"robots\" content=\"index, follow, max-snippet:-1, max-image-preview:large, max-video-preview:-1\" \/>\n<link rel=\"canonical\" href=\"https:\/\/artgallery-passage.com\/cs\/o-nas\/\" \/>\n<meta property=\"og:locale\" content=\"cs_CZ\" \/>\n<meta property=\"og:type\" content=\"article\" \/>\n<meta property=\"og:title\" content=\"Bal\u00ed\u010dky pro - ART GALLERY PASSAGE\" \/>\n<meta property=\"og:description\" content=\"Bal\u00ed\u010dky pro um\u011blce - Pokud jste um\u011blec a chcete \u00fasp\u011b\u0161n\u011b prod\u00e1vat sv\u00e9 um\u011bn\u00ed na mezin\u00e1rodn\u00ed \u00farovni, p\u0159idejte se k n\u00e1m.\" \/>\n<meta property=\"og:url\" content=\"https:\/\/artgallery-passage.com\/cs\/o-nas\/\" \/>\n<meta property=\"og:site_name\" content=\"ART GALLERY PASSAGE\" \/>\n<meta property=\"article:modified_time\" content=\"2023-12-19T10:05:56+00:00\" \/>\n<meta property=\"og:image\" content=\"https:\/\/artgallery-passage.com\/wp-content\/uploads\/2023\/02\/logobielevelke-300x268.png\" \/>\n<meta name=\"twitter:card\" content=\"summary_large_image\" \/>\n<meta name=\"twitter:label1\" content=\"Est. reading time\" \/>\n\t<meta name=\"twitter:data1\" content=\"5 minut\" \/>\n<script type=\"application\/ld+json\" class=\"yoast-schema-graph\">{\"@context\":\"https:\/\/schema.org\",\"@graph\":[{\"@type\":\"WebPage\",\"@id\":\"https:\/\/artgallery-passage.com\/cs\/o-nas\/\",\"url\":\"https:\/\/artgallery-passage.com\/cs\/o-nas\/\",\"name\":\"Bal\u00ed\u010dky pro - ART GALLERY PASSAGE\",\"isPartOf\":{\"@id\":\"https:\/\/artgallery-passage.com\/cs\/#website\"},\"datePublished\":\"2023-10-31T09:53:12+00:00\",\"dateModified\":\"2023-12-19T10:05:56+00:00\",\"description\":\"Bal\u00ed\u010dky pro um\u011blce - Pokud jste um\u011blec a chcete \u00fasp\u011b\u0161n\u011b prod\u00e1vat sv\u00e9 um\u011bn\u00ed na mezin\u00e1rodn\u00ed \u00farovni, p\u0159idejte se k n\u00e1m.\",\"breadcrumb\":{\"@id\":\"https:\/\/artgallery-passage.com\/cs\/o-nas\/#breadcrumb\"},\"inLanguage\":\"cs\",\"potentialAction\":[{\"@type\":\"ReadAction\",\"target\":[\"https:\/\/artgallery-passage.com\/cs\/o-nas\/\"]}]},{\"@type\":\"BreadcrumbList\",\"@id\":\"https:\/\/artgallery-passage.com\/cs\/o-nas\/#breadcrumb\",\"itemListElement\":[{\"@type\":\"ListItem\",\"position\":1,\"name\":\"Domovsk\u00e1 str\u00e1nka\",\"item\":\"https:\/\/artgallery-passage.com\/cs\/\"},{\"@type\":\"ListItem\",\"position\":2,\"name\":\"O n\u00e1s\"}]},{\"@type\":\"WebSite\",\"@id\":\"https:\/\/artgallery-passage.com\/cs\/#website\",\"url\":\"https:\/\/artgallery-passage.com\/cs\/\",\"name\":\"ART GALLERY PASSAGE\",\"description\":\"Ru\u010dne ma\u013eovan\u00e9 obrazy\",\"potentialAction\":[{\"@type\":\"SearchAction\",\"target\":{\"@type\":\"EntryPoint\",\"urlTemplate\":\"https:\/\/artgallery-passage.com\/cs\/?s={search_term_string}\"},\"query-input\":\"required name=search_term_string\"}],\"inLanguage\":\"cs\"}]}<\/script>\n<!-- \/ Yoast SEO plugin. -->","yoast_head_json":{"title":"Bal\u00ed\u010dky pro - ART GALLERY PASSAGE","description":"Bal\u00ed\u010dky pro um\u011blce - Pokud jste um\u011blec a chcete \u00fasp\u011b\u0161n\u011b prod\u00e1vat sv\u00e9 um\u011bn\u00ed na mezin\u00e1rodn\u00ed \u00farovni, p\u0159idejte se k n\u00e1m.","robots":{"index":"index","follow":"follow","max-snippet":"max-snippet:-1","max-image-preview":"max-image-preview:large","max-video-preview":"max-video-preview:-1"},"canonical":"https:\/\/artgallery-passage.com\/cs\/o-nas\/","og_locale":"cs_CZ","og_type":"article","og_title":"Bal\u00ed\u010dky pro - ART GALLERY PASSAGE","og_description":"Bal\u00ed\u010dky pro um\u011blce - Pokud jste um\u011blec a chcete \u00fasp\u011b\u0161n\u011b prod\u00e1vat sv\u00e9 um\u011bn\u00ed na mezin\u00e1rodn\u00ed \u00farovni, p\u0159idejte se k n\u00e1m.","og_url":"https:\/\/artgallery-passage.com\/cs\/o-nas\/","og_site_name":"ART GALLERY PASSAGE","article_modified_time":"2023-12-19T10:05:56+00:00","og_image":[{"url":"https:\/\/artgallery-passage.com\/wp-content\/uploads\/2023\/02\/logobielevelke-300x268.png"}],"twitter_card":"summary_large_image","twitter_misc":{"Est. reading time":"5 minut"},"schema":{"@context":"https:\/\/schema.org","@graph":[{"@type":"WebPage","@id":"https:\/\/artgallery-passage.com\/cs\/o-nas\/","url":"https:\/\/artgallery-passage.com\/cs\/o-nas\/","name":"Bal\u00ed\u010dky pro - ART GALLERY PASSAGE","isPartOf":{"@id":"https:\/\/artgallery-passage.com\/cs\/#website"},"datePublished":"2023-10-31T09:53:12+00:00","dateModified":"2023-12-19T10:05:56+00:00","description":"Bal\u00ed\u010dky pro um\u011blce - Pokud jste um\u011blec a chcete \u00fasp\u011b\u0161n\u011b prod\u00e1vat sv\u00e9 um\u011bn\u00ed na mezin\u00e1rodn\u00ed \u00farovni, p\u0159idejte se k n\u00e1m.","breadcrumb":{"@id":"https:\/\/artgallery-passage.com\/cs\/o-nas\/#breadcrumb"},"inLanguage":"cs","potentialAction":[{"@type":"ReadAction","target":["https:\/\/artgallery-passage.com\/cs\/o-nas\/"]}]},{"@type":"BreadcrumbList","@id":"https:\/\/artgallery-passage.com\/cs\/o-nas\/#breadcrumb","itemListElement":[{"@type":"ListItem","position":1,"name":"Domovsk\u00e1 str\u00e1nka","item":"https:\/\/artgallery-passage.com\/cs\/"},{"@type":"ListItem","position":2,"name":"O n\u00e1s"}]},{"@type":"WebSite","@id":"https:\/\/artgallery-passage.com\/cs\/#website","url":"https:\/\/artgallery-passage.com\/cs\/","name":"ART GALLERY PASSAGE","description":"Ru\u010dne ma\u013eovan\u00e9 obrazy","potentialAction":[{"@type":"SearchAction","target":{"@type":"EntryPoint","urlTemplate":"https:\/\/artgallery-passage.com\/cs\/?s={search_term_string}"},"query-input":"required name=search_term_string"}],"inLanguage":"cs"}]}},"_links":{"self":[{"href":"https:\/\/artgallery-passage.com\/cs\/wp-json\/wp\/v2\/pages\/1978"}],"collection":[{"href":"https:\/\/artgallery-passage.com\/cs\/wp-json\/wp\/v2\/pages"}],"about":[{"href":"https:\/\/artgallery-passage.com\/cs\/wp-json\/wp\/v2\/types\/page"}],"author":[{"embeddable":true,"href":"https:\/\/artgallery-passage.com\/cs\/wp-json\/wp\/v2\/users\/1"}],"replies":[{"embeddable":true,"href":"https:\/\/artgallery-passage.com\/cs\/wp-json\/wp\/v2\/comments?post=1978"}],"version-history":[{"count":6,"href":"https:\/\/artgallery-passage.com\/cs\/wp-json\/wp\/v2\/pages\/1978\/revisions"}],"predecessor-version":[{"id":2175,"href":"https:\/\/artgallery-passage.com\/cs\/wp-json\/wp\/v2\/pages\/1978\/revisions\/2175"}],"wp:attachment":[{"href":"https:\/\/artgallery-passage.com\/cs\/wp-json\/wp\/v2\/media?parent=1978"}],"curies":[{"name":"wp","href":"https:\/\/api.w.org\/{rel}","templated":true}]}}