{"id":1348,"date":"2023-03-06T09:07:40","date_gmt":"2023-03-06T08:07:40","guid":{"rendered":"https:\/\/artgallery-passage.com\/dielo\/olejomalba-maly-don-quijote\/"},"modified":"2023-03-06T09:07:40","modified_gmt":"2023-03-06T08:07:40","slug":"olejomalba-mala-don-quixote","status":"publish","type":"product","link":"https:\/\/artgallery-passage.com\/cs\/d\u00edlo\/olejomalba-mala-don-quixote\/","title":{"rendered":"Olejomalba &#8222;Mal\u00fd Don Quijote&#8220;."},"content":{"rendered":"<p><strong>Autor: Tatiana Siedlova <\/strong><br \/>\n<strong>N\u00e1zev: Olejomalba &#8222;Mal\u00fd Don Quijote&#8220;.<\/strong><br \/>\n<strong>Rok:<\/strong> 2023<br \/>\n<strong>Rozm\u011bry: 80&#215;60 cm<\/strong><br \/>\n<strong>Zna\u010den\u00ed: ru\u010dn\u011b dol\u016f<\/strong><br \/>\n<strong>R\u00e1m: ne<\/strong><br \/>\n<strong>Motiv: figur\u00e1ln\u00ed malba, d\u011bti, chlape\u010dek<\/strong><br \/>\n<strong>Technika:<\/strong><strong style=\"font-size: 14.4px\"> Olej na pl\u00e1tn\u011b.<\/strong><\/p>\n","protected":false},"excerpt":{"rendered":"<p><strong>Rozm\u011bry:<\/strong> 80&#215;60 cm. <strong>Technika:<\/strong> olej na pl\u00e1tn\u011b.<\/p>\n","protected":false},"featured_media":1132,"template":"","meta":[],"product_cat":[105,140],"product_tag":[479],"yoast_head":"<!-- This site is optimized with the Yoast SEO plugin v20.3 - https:\/\/yoast.com\/wordpress\/plugins\/seo\/ -->\n<title>Olejomalba &quot;Mal\u00fd Don Quijote&quot;. - ART GALLERY PASSAGE<\/title>\n<meta name=\"description\" content=\"Olejomalba &quot;Mal\u00fd Don Quijote&quot; - olejomalba, figurativn\u00ed malba, surrealismus, ru\u010dn\u011b malovan\u00e9 obrazy d\u011bt\u00ed. Osv\u011bd\u010den\u00ed o p\u016fvodnosti. Rychl\u00e9 dod\u00e1n\u00ed.\" \/>\n<meta name=\"robots\" content=\"index, follow, max-snippet:-1, max-image-preview:large, max-video-preview:-1\" \/>\n<link rel=\"canonical\" href=\"https:\/\/artgallery-passage.com\/cs\/d\u00edlo\/olejomalba-mala-don-quixote\/\" \/>\n<meta property=\"og:locale\" content=\"cs_CZ\" \/>\n<meta property=\"og:type\" content=\"article\" \/>\n<meta property=\"og:title\" content=\"Olejomalba &quot;Mal\u00fd Don Quijote&quot;. - ART GALLERY PASSAGE\" \/>\n<meta property=\"og:description\" content=\"Olejomalba &quot;Mal\u00fd Don Quijote&quot; - olejomalba, figurativn\u00ed malba, surrealismus, ru\u010dn\u011b malovan\u00e9 obrazy d\u011bt\u00ed. Osv\u011bd\u010den\u00ed o p\u016fvodnosti. Rychl\u00e9 dod\u00e1n\u00ed.\" \/>\n<meta property=\"og:url\" content=\"https:\/\/artgallery-passage.com\/cs\/d\u00edlo\/olejomalba-mala-don-quixote\/\" \/>\n<meta property=\"og:site_name\" content=\"ART GALLERY PASSAGE\" \/>\n<meta property=\"og:image\" content=\"https:\/\/artgallery-passage.com\/wp-content\/uploads\/2023\/03\/Small-Don-Quixote-80x60-cm.-550-erur.jpg\" \/>\n\t<meta property=\"og:image:width\" content=\"818\" \/>\n\t<meta property=\"og:image:height\" content=\"1080\" \/>\n\t<meta property=\"og:image:type\" content=\"image\/jpeg\" \/>\n<meta name=\"twitter:card\" content=\"summary_large_image\" \/>\n<script type=\"application\/ld+json\" class=\"yoast-schema-graph\">{\"@context\":\"https:\/\/schema.org\",\"@graph\":[{\"@type\":\"WebPage\",\"@id\":\"https:\/\/artgallery-passage.com\/cs\/d\u00edlo\/olejomalba-mala-don-quixote\/\",\"url\":\"https:\/\/artgallery-passage.com\/cs\/d\u00edlo\/olejomalba-mala-don-quixote\/\",\"name\":\"Olejomalba \\\"Mal\u00fd Don Quijote\\\". - ART GALLERY PASSAGE\",\"isPartOf\":{\"@id\":\"https:\/\/artgallery-passage.com\/cs\/#website\"},\"datePublished\":\"2023-03-06T08:07:40+00:00\",\"dateModified\":\"2023-03-06T08:07:40+00:00\",\"description\":\"Olejomalba \\\"Mal\u00fd Don Quijote\\\" - olejomalba, figurativn\u00ed malba, surrealismus, ru\u010dn\u011b malovan\u00e9 obrazy d\u011bt\u00ed. Osv\u011bd\u010den\u00ed o p\u016fvodnosti. Rychl\u00e9 dod\u00e1n\u00ed.\",\"breadcrumb\":{\"@id\":\"https:\/\/artgallery-passage.com\/cs\/d\u00edlo\/olejomalba-mala-don-quixote\/#breadcrumb\"},\"inLanguage\":\"cs\",\"potentialAction\":[{\"@type\":\"ReadAction\",\"target\":[\"https:\/\/artgallery-passage.com\/cs\/d\u00edlo\/olejomalba-mala-don-quixote\/\"]}]},{\"@type\":\"BreadcrumbList\",\"@id\":\"https:\/\/artgallery-passage.com\/cs\/d\u00edlo\/olejomalba-mala-don-quixote\/#breadcrumb\",\"itemListElement\":[{\"@type\":\"ListItem\",\"position\":1,\"name\":\"Domovsk\u00e1 str\u00e1nka\",\"item\":\"https:\/\/artgallery-passage.com\/cs\/\"},{\"@type\":\"ListItem\",\"position\":2,\"name\":\"Obrazy\",\"item\":\"https:\/\/artgallery-passage.com\/cs\/obrazy\/\"},{\"@type\":\"ListItem\",\"position\":3,\"name\":\"Olejomalba &#8222;Mal\u00fd Don Quijote&#8220;.\"}]},{\"@type\":\"WebSite\",\"@id\":\"https:\/\/artgallery-passage.com\/cs\/#website\",\"url\":\"https:\/\/artgallery-passage.com\/cs\/\",\"name\":\"ART GALLERY PASSAGE\",\"description\":\"Ru\u010dne ma\u013eovan\u00e9 obrazy\",\"potentialAction\":[{\"@type\":\"SearchAction\",\"target\":{\"@type\":\"EntryPoint\",\"urlTemplate\":\"https:\/\/artgallery-passage.com\/cs\/?s={search_term_string}\"},\"query-input\":\"required name=search_term_string\"}],\"inLanguage\":\"cs\"}]}<\/script>\n<!-- \/ Yoast SEO plugin. -->","yoast_head_json":{"title":"Olejomalba \"Mal\u00fd Don Quijote\". - ART GALLERY PASSAGE","description":"Olejomalba \"Mal\u00fd Don Quijote\" - olejomalba, figurativn\u00ed malba, surrealismus, ru\u010dn\u011b malovan\u00e9 obrazy d\u011bt\u00ed. Osv\u011bd\u010den\u00ed o p\u016fvodnosti. Rychl\u00e9 dod\u00e1n\u00ed.","robots":{"index":"index","follow":"follow","max-snippet":"max-snippet:-1","max-image-preview":"max-image-preview:large","max-video-preview":"max-video-preview:-1"},"canonical":"https:\/\/artgallery-passage.com\/cs\/d\u00edlo\/olejomalba-mala-don-quixote\/","og_locale":"cs_CZ","og_type":"article","og_title":"Olejomalba \"Mal\u00fd Don Quijote\". - ART GALLERY PASSAGE","og_description":"Olejomalba \"Mal\u00fd Don Quijote\" - olejomalba, figurativn\u00ed malba, surrealismus, ru\u010dn\u011b malovan\u00e9 obrazy d\u011bt\u00ed. Osv\u011bd\u010den\u00ed o p\u016fvodnosti. Rychl\u00e9 dod\u00e1n\u00ed.","og_url":"https:\/\/artgallery-passage.com\/cs\/d\u00edlo\/olejomalba-mala-don-quixote\/","og_site_name":"ART GALLERY PASSAGE","og_image":[{"width":818,"height":1080,"url":"https:\/\/artgallery-passage.com\/wp-content\/uploads\/2023\/03\/Small-Don-Quixote-80x60-cm.-550-erur.jpg","type":"image\/jpeg"}],"twitter_card":"summary_large_image","schema":{"@context":"https:\/\/schema.org","@graph":[{"@type":"WebPage","@id":"https:\/\/artgallery-passage.com\/cs\/d\u00edlo\/olejomalba-mala-don-quixote\/","url":"https:\/\/artgallery-passage.com\/cs\/d\u00edlo\/olejomalba-mala-don-quixote\/","name":"Olejomalba \"Mal\u00fd Don Quijote\". - ART GALLERY PASSAGE","isPartOf":{"@id":"https:\/\/artgallery-passage.com\/cs\/#website"},"datePublished":"2023-03-06T08:07:40+00:00","dateModified":"2023-03-06T08:07:40+00:00","description":"Olejomalba \"Mal\u00fd Don Quijote\" - olejomalba, figurativn\u00ed malba, surrealismus, ru\u010dn\u011b malovan\u00e9 obrazy d\u011bt\u00ed. Osv\u011bd\u010den\u00ed o p\u016fvodnosti. Rychl\u00e9 dod\u00e1n\u00ed.","breadcrumb":{"@id":"https:\/\/artgallery-passage.com\/cs\/d\u00edlo\/olejomalba-mala-don-quixote\/#breadcrumb"},"inLanguage":"cs","potentialAction":[{"@type":"ReadAction","target":["https:\/\/artgallery-passage.com\/cs\/d\u00edlo\/olejomalba-mala-don-quixote\/"]}]},{"@type":"BreadcrumbList","@id":"https:\/\/artgallery-passage.com\/cs\/d\u00edlo\/olejomalba-mala-don-quixote\/#breadcrumb","itemListElement":[{"@type":"ListItem","position":1,"name":"Domovsk\u00e1 str\u00e1nka","item":"https:\/\/artgallery-passage.com\/cs\/"},{"@type":"ListItem","position":2,"name":"Obrazy","item":"https:\/\/artgallery-passage.com\/cs\/obrazy\/"},{"@type":"ListItem","position":3,"name":"Olejomalba &#8222;Mal\u00fd Don Quijote&#8220;."}]},{"@type":"WebSite","@id":"https:\/\/artgallery-passage.com\/cs\/#website","url":"https:\/\/artgallery-passage.com\/cs\/","name":"ART GALLERY PASSAGE","description":"Ru\u010dne ma\u013eovan\u00e9 obrazy","potentialAction":[{"@type":"SearchAction","target":{"@type":"EntryPoint","urlTemplate":"https:\/\/artgallery-passage.com\/cs\/?s={search_term_string}"},"query-input":"required name=search_term_string"}],"inLanguage":"cs"}]}},"_links":{"self":[{"href":"https:\/\/artgallery-passage.com\/cs\/wp-json\/wp\/v2\/product\/1348"}],"collection":[{"href":"https:\/\/artgallery-passage.com\/cs\/wp-json\/wp\/v2\/product"}],"about":[{"href":"https:\/\/artgallery-passage.com\/cs\/wp-json\/wp\/v2\/types\/product"}],"wp:featuredmedia":[{"embeddable":true,"href":"https:\/\/artgallery-passage.com\/cs\/wp-json\/wp\/v2\/media\/1132"}],"wp:attachment":[{"href":"https:\/\/artgallery-passage.com\/cs\/wp-json\/wp\/v2\/media?parent=1348"}],"wp:term":[{"taxonomy":"product_cat","embeddable":true,"href":"https:\/\/artgallery-passage.com\/cs\/wp-json\/wp\/v2\/product_cat?post=1348"},{"taxonomy":"product_tag","embeddable":true,"href":"https:\/\/artgallery-passage.com\/cs\/wp-json\/wp\/v2\/product_tag?post=1348"}],"curies":[{"name":"wp","href":"https:\/\/api.w.org\/{rel}","templated":true}]}}