{"id":1373,"date":"2023-03-03T10:15:59","date_gmt":"2023-03-03T09:15:59","guid":{"rendered":"https:\/\/artgallery-passage.com\/dielo\/olejomalba-zatisi-s-hrackou\/"},"modified":"2023-03-03T10:15:59","modified_gmt":"2023-03-03T09:15:59","slug":"olejomalba-atrakce-s-graffiti","status":"publish","type":"product","link":"https:\/\/artgallery-passage.com\/cs\/d\u00edlo\/olejomalba-atrakce-s-graffiti\/","title":{"rendered":"Olejomalba &#8222;Z\u00e1ti\u0161\u00ed s hra\u010dkou&#8220;"},"content":{"rendered":"<p><strong>Autor: IGOR NAVROTSKYI<\/strong><br \/>\n<strong>N\u00e1zev: &#8222;Still life with toy<\/strong><br \/>\n<strong>Rok:<\/strong> 2023<br \/>\n<strong>Rozm\u011bry: 50&#215;60 cm<\/strong><br \/>\n<strong>Zna\u010den\u00ed: ru\u010dn\u011b dol\u016f<\/strong><br \/>\n<strong>R\u00e1m: ne<\/strong><br \/>\n<strong>Motiv: ml\u010den\u00ed<\/strong><br \/>\n<strong>Technika: olej na pl\u00e1tn\u011b  <\/strong><\/p>\n","protected":false},"excerpt":{"rendered":"<div class=\"productListFGridText\">\n<div class=\"productListFGridText\">\n<div class=\"productListFGridText\">\n<p class=\"productListFGridDescription\"><strong>Velikost:<\/strong> 50&#215;60 cm. <strong>Technika:<\/strong> olej na pl\u00e1tn\u011b.<\/p>\n<\/div>\n<\/div>\n<\/div>\n","protected":false},"featured_media":1110,"template":"","meta":[],"product_cat":[140,106],"product_tag":[],"yoast_head":"<!-- This site is optimized with the Yoast SEO plugin v20.3 - https:\/\/yoast.com\/wordpress\/plugins\/seo\/ -->\n<title>Olejomalba &quot;Z\u00e1ti\u0161\u00ed s hra\u010dkou&quot; - ART GALLERY PASSAGE<\/title>\n<meta name=\"description\" content=\"Moje pr\u00e1ce je pr\u016fse\u010d\u00edkem inspirace, tv\u016fr\u010d\u00ed zku\u0161enosti a pozorov\u00e1n\u00ed. Z nich p\u0159en\u00e1\u0161\u00edm jemn\u00e9 vibrace emoc\u00ed a pocit\u016f do sv\u00fdch obraz\u016f. Tak jsem tak\u00e9 vytvo\u0159ila galerii \u017eensk\u00fdch portr\u00e9t\u016f, kter\u00e9 prost\u0159ednictv\u00edm v\u00fdtvarn\u00e9ho um\u011bn\u00ed odhaluj\u00ed jemn\u00e9 aspekty \u017eensk\u00e9 psychologie.\" \/>\n<meta name=\"robots\" content=\"index, follow, max-snippet:-1, max-image-preview:large, max-video-preview:-1\" \/>\n<link rel=\"canonical\" href=\"https:\/\/artgallery-passage.com\/cs\/d\u00edlo\/olejomalba-atrakce-s-graffiti\/\" \/>\n<meta property=\"og:locale\" content=\"cs_CZ\" \/>\n<meta property=\"og:type\" content=\"article\" \/>\n<meta property=\"og:title\" content=\"Olejomalba &quot;Z\u00e1ti\u0161\u00ed s hra\u010dkou&quot; - ART GALLERY PASSAGE\" \/>\n<meta property=\"og:description\" content=\"Moje pr\u00e1ce je pr\u016fse\u010d\u00edkem inspirace, tv\u016fr\u010d\u00ed zku\u0161enosti a pozorov\u00e1n\u00ed. Z nich p\u0159en\u00e1\u0161\u00edm jemn\u00e9 vibrace emoc\u00ed a pocit\u016f do sv\u00fdch obraz\u016f. Tak jsem tak\u00e9 vytvo\u0159ila galerii \u017eensk\u00fdch portr\u00e9t\u016f, kter\u00e9 prost\u0159ednictv\u00edm v\u00fdtvarn\u00e9ho um\u011bn\u00ed odhaluj\u00ed jemn\u00e9 aspekty \u017eensk\u00e9 psychologie.\" \/>\n<meta property=\"og:url\" content=\"https:\/\/artgallery-passage.com\/cs\/d\u00edlo\/olejomalba-atrakce-s-graffiti\/\" \/>\n<meta property=\"og:site_name\" content=\"ART GALLERY PASSAGE\" \/>\n<meta property=\"og:image\" content=\"https:\/\/artgallery-passage.com\/wp-content\/uploads\/2023\/03\/50\u044560-350.jpg\" \/>\n\t<meta property=\"og:image:width\" content=\"1291\" \/>\n\t<meta property=\"og:image:height\" content=\"1080\" \/>\n\t<meta property=\"og:image:type\" content=\"image\/jpeg\" \/>\n<meta name=\"twitter:card\" content=\"summary_large_image\" \/>\n<script type=\"application\/ld+json\" class=\"yoast-schema-graph\">{\"@context\":\"https:\/\/schema.org\",\"@graph\":[{\"@type\":\"WebPage\",\"@id\":\"https:\/\/artgallery-passage.com\/cs\/d\u00edlo\/olejomalba-atrakce-s-graffiti\/\",\"url\":\"https:\/\/artgallery-passage.com\/cs\/d\u00edlo\/olejomalba-atrakce-s-graffiti\/\",\"name\":\"Olejomalba \\\"Z\u00e1ti\u0161\u00ed s hra\u010dkou\\\" - ART GALLERY PASSAGE\",\"isPartOf\":{\"@id\":\"https:\/\/artgallery-passage.com\/cs\/#website\"},\"datePublished\":\"2023-03-03T09:15:59+00:00\",\"dateModified\":\"2023-03-03T09:15:59+00:00\",\"description\":\"Moje pr\u00e1ce je pr\u016fse\u010d\u00edkem inspirace, tv\u016fr\u010d\u00ed zku\u0161enosti a pozorov\u00e1n\u00ed. Z nich p\u0159en\u00e1\u0161\u00edm jemn\u00e9 vibrace emoc\u00ed a pocit\u016f do sv\u00fdch obraz\u016f. Tak jsem tak\u00e9 vytvo\u0159ila galerii \u017eensk\u00fdch portr\u00e9t\u016f, kter\u00e9 prost\u0159ednictv\u00edm v\u00fdtvarn\u00e9ho um\u011bn\u00ed odhaluj\u00ed jemn\u00e9 aspekty \u017eensk\u00e9 psychologie.\",\"breadcrumb\":{\"@id\":\"https:\/\/artgallery-passage.com\/cs\/d\u00edlo\/olejomalba-atrakce-s-graffiti\/#breadcrumb\"},\"inLanguage\":\"cs\",\"potentialAction\":[{\"@type\":\"ReadAction\",\"target\":[\"https:\/\/artgallery-passage.com\/cs\/d\u00edlo\/olejomalba-atrakce-s-graffiti\/\"]}]},{\"@type\":\"BreadcrumbList\",\"@id\":\"https:\/\/artgallery-passage.com\/cs\/d\u00edlo\/olejomalba-atrakce-s-graffiti\/#breadcrumb\",\"itemListElement\":[{\"@type\":\"ListItem\",\"position\":1,\"name\":\"Domovsk\u00e1 str\u00e1nka\",\"item\":\"https:\/\/artgallery-passage.com\/cs\/\"},{\"@type\":\"ListItem\",\"position\":2,\"name\":\"Obrazy\",\"item\":\"https:\/\/artgallery-passage.com\/cs\/obrazy\/\"},{\"@type\":\"ListItem\",\"position\":3,\"name\":\"Olejomalba &#8222;Z\u00e1ti\u0161\u00ed s hra\u010dkou&#8220;\"}]},{\"@type\":\"WebSite\",\"@id\":\"https:\/\/artgallery-passage.com\/cs\/#website\",\"url\":\"https:\/\/artgallery-passage.com\/cs\/\",\"name\":\"ART GALLERY PASSAGE\",\"description\":\"Ru\u010dne ma\u013eovan\u00e9 obrazy\",\"potentialAction\":[{\"@type\":\"SearchAction\",\"target\":{\"@type\":\"EntryPoint\",\"urlTemplate\":\"https:\/\/artgallery-passage.com\/cs\/?s={search_term_string}\"},\"query-input\":\"required name=search_term_string\"}],\"inLanguage\":\"cs\"}]}<\/script>\n<!-- \/ Yoast SEO plugin. -->","yoast_head_json":{"title":"Olejomalba \"Z\u00e1ti\u0161\u00ed s hra\u010dkou\" - ART GALLERY PASSAGE","description":"Moje pr\u00e1ce je pr\u016fse\u010d\u00edkem inspirace, tv\u016fr\u010d\u00ed zku\u0161enosti a pozorov\u00e1n\u00ed. Z nich p\u0159en\u00e1\u0161\u00edm jemn\u00e9 vibrace emoc\u00ed a pocit\u016f do sv\u00fdch obraz\u016f. Tak jsem tak\u00e9 vytvo\u0159ila galerii \u017eensk\u00fdch portr\u00e9t\u016f, kter\u00e9 prost\u0159ednictv\u00edm v\u00fdtvarn\u00e9ho um\u011bn\u00ed odhaluj\u00ed jemn\u00e9 aspekty \u017eensk\u00e9 psychologie.","robots":{"index":"index","follow":"follow","max-snippet":"max-snippet:-1","max-image-preview":"max-image-preview:large","max-video-preview":"max-video-preview:-1"},"canonical":"https:\/\/artgallery-passage.com\/cs\/d\u00edlo\/olejomalba-atrakce-s-graffiti\/","og_locale":"cs_CZ","og_type":"article","og_title":"Olejomalba \"Z\u00e1ti\u0161\u00ed s hra\u010dkou\" - ART GALLERY PASSAGE","og_description":"Moje pr\u00e1ce je pr\u016fse\u010d\u00edkem inspirace, tv\u016fr\u010d\u00ed zku\u0161enosti a pozorov\u00e1n\u00ed. Z nich p\u0159en\u00e1\u0161\u00edm jemn\u00e9 vibrace emoc\u00ed a pocit\u016f do sv\u00fdch obraz\u016f. Tak jsem tak\u00e9 vytvo\u0159ila galerii \u017eensk\u00fdch portr\u00e9t\u016f, kter\u00e9 prost\u0159ednictv\u00edm v\u00fdtvarn\u00e9ho um\u011bn\u00ed odhaluj\u00ed jemn\u00e9 aspekty \u017eensk\u00e9 psychologie.","og_url":"https:\/\/artgallery-passage.com\/cs\/d\u00edlo\/olejomalba-atrakce-s-graffiti\/","og_site_name":"ART GALLERY PASSAGE","og_image":[{"width":1291,"height":1080,"url":"https:\/\/artgallery-passage.com\/wp-content\/uploads\/2023\/03\/50\u044560-350.jpg","type":"image\/jpeg"}],"twitter_card":"summary_large_image","schema":{"@context":"https:\/\/schema.org","@graph":[{"@type":"WebPage","@id":"https:\/\/artgallery-passage.com\/cs\/d\u00edlo\/olejomalba-atrakce-s-graffiti\/","url":"https:\/\/artgallery-passage.com\/cs\/d\u00edlo\/olejomalba-atrakce-s-graffiti\/","name":"Olejomalba \"Z\u00e1ti\u0161\u00ed s hra\u010dkou\" - ART GALLERY PASSAGE","isPartOf":{"@id":"https:\/\/artgallery-passage.com\/cs\/#website"},"datePublished":"2023-03-03T09:15:59+00:00","dateModified":"2023-03-03T09:15:59+00:00","description":"Moje pr\u00e1ce je pr\u016fse\u010d\u00edkem inspirace, tv\u016fr\u010d\u00ed zku\u0161enosti a pozorov\u00e1n\u00ed. Z nich p\u0159en\u00e1\u0161\u00edm jemn\u00e9 vibrace emoc\u00ed a pocit\u016f do sv\u00fdch obraz\u016f. Tak jsem tak\u00e9 vytvo\u0159ila galerii \u017eensk\u00fdch portr\u00e9t\u016f, kter\u00e9 prost\u0159ednictv\u00edm v\u00fdtvarn\u00e9ho um\u011bn\u00ed odhaluj\u00ed jemn\u00e9 aspekty \u017eensk\u00e9 psychologie.","breadcrumb":{"@id":"https:\/\/artgallery-passage.com\/cs\/d\u00edlo\/olejomalba-atrakce-s-graffiti\/#breadcrumb"},"inLanguage":"cs","potentialAction":[{"@type":"ReadAction","target":["https:\/\/artgallery-passage.com\/cs\/d\u00edlo\/olejomalba-atrakce-s-graffiti\/"]}]},{"@type":"BreadcrumbList","@id":"https:\/\/artgallery-passage.com\/cs\/d\u00edlo\/olejomalba-atrakce-s-graffiti\/#breadcrumb","itemListElement":[{"@type":"ListItem","position":1,"name":"Domovsk\u00e1 str\u00e1nka","item":"https:\/\/artgallery-passage.com\/cs\/"},{"@type":"ListItem","position":2,"name":"Obrazy","item":"https:\/\/artgallery-passage.com\/cs\/obrazy\/"},{"@type":"ListItem","position":3,"name":"Olejomalba &#8222;Z\u00e1ti\u0161\u00ed s hra\u010dkou&#8220;"}]},{"@type":"WebSite","@id":"https:\/\/artgallery-passage.com\/cs\/#website","url":"https:\/\/artgallery-passage.com\/cs\/","name":"ART GALLERY PASSAGE","description":"Ru\u010dne ma\u013eovan\u00e9 obrazy","potentialAction":[{"@type":"SearchAction","target":{"@type":"EntryPoint","urlTemplate":"https:\/\/artgallery-passage.com\/cs\/?s={search_term_string}"},"query-input":"required name=search_term_string"}],"inLanguage":"cs"}]}},"_links":{"self":[{"href":"https:\/\/artgallery-passage.com\/cs\/wp-json\/wp\/v2\/product\/1373"}],"collection":[{"href":"https:\/\/artgallery-passage.com\/cs\/wp-json\/wp\/v2\/product"}],"about":[{"href":"https:\/\/artgallery-passage.com\/cs\/wp-json\/wp\/v2\/types\/product"}],"wp:featuredmedia":[{"embeddable":true,"href":"https:\/\/artgallery-passage.com\/cs\/wp-json\/wp\/v2\/media\/1110"}],"wp:attachment":[{"href":"https:\/\/artgallery-passage.com\/cs\/wp-json\/wp\/v2\/media?parent=1373"}],"wp:term":[{"taxonomy":"product_cat","embeddable":true,"href":"https:\/\/artgallery-passage.com\/cs\/wp-json\/wp\/v2\/product_cat?post=1373"},{"taxonomy":"product_tag","embeddable":true,"href":"https:\/\/artgallery-passage.com\/cs\/wp-json\/wp\/v2\/product_tag?post=1373"}],"curies":[{"name":"wp","href":"https:\/\/api.w.org\/{rel}","templated":true}]}}