{"id":1715,"date":"2023-09-09T17:51:16","date_gmt":"2023-09-09T15:51:16","guid":{"rendered":"https:\/\/artgallery-passage.com\/dielo\/vasen\/"},"modified":"2023-09-09T17:51:16","modified_gmt":"2023-09-09T15:51:16","slug":"malovani-figurek-olejem","status":"publish","type":"product","link":"https:\/\/artgallery-passage.com\/cs\/d\u00edlo\/malovani-figurek-olejem\/","title":{"rendered":"V\u00e1\u0161e\u0148"},"content":{"rendered":"<p><strong>Autor: IGOR NAVROTSKYI<br \/>\nN\u00e1zev: Olejomalba &#8222;Passion&#8220;.<br \/>\nRok: 2023<br \/>\nRozm\u011bry: 60 \u00d7 60 cm.<br \/>\nZna\u010den\u00ed: ru\u010dn\u011b dol\u016f<br \/>\nR\u00e1m: ne<br \/>\nMotiv: figur\u00e1ln\u00ed malba<br \/>\nTechnika: olej na pl\u00e1tn\u011b<\/strong><\/p>\n","protected":false},"excerpt":{"rendered":"<p>Autor: IGOR NAVROTSKYI N\u00e1zev: Olejomalba &#8222;Passion&#8220;. Rok: 2023 Rozm\u011bry: 60 \u00d7 60 cm. Zna\u010den\u00ed: ru\u010dn\u011b dol\u016f R\u00e1m: ne Motiv: figur\u00e1ln\u00ed malba Technika: olej na pl\u00e1tn\u011b<\/p>\n","protected":false},"featured_media":1587,"template":"","meta":[],"product_cat":[105,107,140],"product_tag":[479],"yoast_head":"<!-- This site is optimized with the Yoast SEO plugin v20.3 - https:\/\/yoast.com\/wordpress\/plugins\/seo\/ -->\n<title>V\u00e1\u0161e\u0148 - ART GALLERY PASSAGE<\/title>\n<meta name=\"description\" content=\"Olejomalba kr\u00e1sn\u00e9 d\u00edvky - olejomalba, krajiny, portr\u00e9ty a surrealismus, ru\u010dn\u011b malovan\u00e9 obrazy. Osv\u011bd\u010den\u00ed o p\u016fvodnosti. Rychl\u00e9 dod\u00e1n\u00ed.\" \/>\n<meta name=\"robots\" content=\"index, follow, max-snippet:-1, max-image-preview:large, max-video-preview:-1\" \/>\n<link rel=\"canonical\" href=\"https:\/\/artgallery-passage.com\/cs\/d\u00edlo\/malovani-figurek-olejem\/\" \/>\n<meta property=\"og:locale\" content=\"cs_CZ\" \/>\n<meta property=\"og:type\" content=\"article\" \/>\n<meta property=\"og:title\" content=\"V\u00e1\u0161e\u0148 - ART GALLERY PASSAGE\" \/>\n<meta property=\"og:description\" content=\"Olejomalba kr\u00e1sn\u00e9 d\u00edvky - olejomalba, krajiny, portr\u00e9ty a surrealismus, ru\u010dn\u011b malovan\u00e9 obrazy. Osv\u011bd\u010den\u00ed o p\u016fvodnosti. Rychl\u00e9 dod\u00e1n\u00ed.\" \/>\n<meta property=\"og:url\" content=\"https:\/\/artgallery-passage.com\/cs\/d\u00edlo\/malovani-figurek-olejem\/\" \/>\n<meta property=\"og:site_name\" content=\"ART GALLERY PASSAGE\" \/>\n<meta property=\"og:image\" content=\"https:\/\/artgallery-passage.com\/wp-content\/uploads\/2023\/09\/60x60-490-eur-Moment.jpg\" \/>\n\t<meta property=\"og:image:width\" content=\"1100\" \/>\n\t<meta property=\"og:image:height\" content=\"1196\" \/>\n\t<meta property=\"og:image:type\" content=\"image\/jpeg\" \/>\n<meta name=\"twitter:card\" content=\"summary_large_image\" \/>\n<script type=\"application\/ld+json\" class=\"yoast-schema-graph\">{\"@context\":\"https:\/\/schema.org\",\"@graph\":[{\"@type\":\"WebPage\",\"@id\":\"https:\/\/artgallery-passage.com\/cs\/d\u00edlo\/malovani-figurek-olejem\/\",\"url\":\"https:\/\/artgallery-passage.com\/cs\/d\u00edlo\/malovani-figurek-olejem\/\",\"name\":\"V\u00e1\u0161e\u0148 - ART GALLERY PASSAGE\",\"isPartOf\":{\"@id\":\"https:\/\/artgallery-passage.com\/cs\/#website\"},\"datePublished\":\"2023-09-09T15:51:16+00:00\",\"dateModified\":\"2023-09-09T15:51:16+00:00\",\"description\":\"Olejomalba kr\u00e1sn\u00e9 d\u00edvky - olejomalba, krajiny, portr\u00e9ty a surrealismus, ru\u010dn\u011b malovan\u00e9 obrazy. Osv\u011bd\u010den\u00ed o p\u016fvodnosti. Rychl\u00e9 dod\u00e1n\u00ed.\",\"breadcrumb\":{\"@id\":\"https:\/\/artgallery-passage.com\/cs\/d\u00edlo\/malovani-figurek-olejem\/#breadcrumb\"},\"inLanguage\":\"cs\",\"potentialAction\":[{\"@type\":\"ReadAction\",\"target\":[\"https:\/\/artgallery-passage.com\/cs\/d\u00edlo\/malovani-figurek-olejem\/\"]}]},{\"@type\":\"BreadcrumbList\",\"@id\":\"https:\/\/artgallery-passage.com\/cs\/d\u00edlo\/malovani-figurek-olejem\/#breadcrumb\",\"itemListElement\":[{\"@type\":\"ListItem\",\"position\":1,\"name\":\"Domovsk\u00e1 str\u00e1nka\",\"item\":\"https:\/\/artgallery-passage.com\/cs\/\"},{\"@type\":\"ListItem\",\"position\":2,\"name\":\"Obrazy\",\"item\":\"https:\/\/artgallery-passage.com\/cs\/obrazy\/\"},{\"@type\":\"ListItem\",\"position\":3,\"name\":\"V\u00e1\u0161e\u0148\"}]},{\"@type\":\"WebSite\",\"@id\":\"https:\/\/artgallery-passage.com\/cs\/#website\",\"url\":\"https:\/\/artgallery-passage.com\/cs\/\",\"name\":\"ART GALLERY PASSAGE\",\"description\":\"Ru\u010dne ma\u013eovan\u00e9 obrazy\",\"potentialAction\":[{\"@type\":\"SearchAction\",\"target\":{\"@type\":\"EntryPoint\",\"urlTemplate\":\"https:\/\/artgallery-passage.com\/cs\/?s={search_term_string}\"},\"query-input\":\"required name=search_term_string\"}],\"inLanguage\":\"cs\"}]}<\/script>\n<!-- \/ Yoast SEO plugin. -->","yoast_head_json":{"title":"V\u00e1\u0161e\u0148 - ART GALLERY PASSAGE","description":"Olejomalba kr\u00e1sn\u00e9 d\u00edvky - olejomalba, krajiny, portr\u00e9ty a surrealismus, ru\u010dn\u011b malovan\u00e9 obrazy. Osv\u011bd\u010den\u00ed o p\u016fvodnosti. Rychl\u00e9 dod\u00e1n\u00ed.","robots":{"index":"index","follow":"follow","max-snippet":"max-snippet:-1","max-image-preview":"max-image-preview:large","max-video-preview":"max-video-preview:-1"},"canonical":"https:\/\/artgallery-passage.com\/cs\/d\u00edlo\/malovani-figurek-olejem\/","og_locale":"cs_CZ","og_type":"article","og_title":"V\u00e1\u0161e\u0148 - ART GALLERY PASSAGE","og_description":"Olejomalba kr\u00e1sn\u00e9 d\u00edvky - olejomalba, krajiny, portr\u00e9ty a surrealismus, ru\u010dn\u011b malovan\u00e9 obrazy. Osv\u011bd\u010den\u00ed o p\u016fvodnosti. Rychl\u00e9 dod\u00e1n\u00ed.","og_url":"https:\/\/artgallery-passage.com\/cs\/d\u00edlo\/malovani-figurek-olejem\/","og_site_name":"ART GALLERY PASSAGE","og_image":[{"width":1100,"height":1196,"url":"https:\/\/artgallery-passage.com\/wp-content\/uploads\/2023\/09\/60x60-490-eur-Moment.jpg","type":"image\/jpeg"}],"twitter_card":"summary_large_image","schema":{"@context":"https:\/\/schema.org","@graph":[{"@type":"WebPage","@id":"https:\/\/artgallery-passage.com\/cs\/d\u00edlo\/malovani-figurek-olejem\/","url":"https:\/\/artgallery-passage.com\/cs\/d\u00edlo\/malovani-figurek-olejem\/","name":"V\u00e1\u0161e\u0148 - ART GALLERY PASSAGE","isPartOf":{"@id":"https:\/\/artgallery-passage.com\/cs\/#website"},"datePublished":"2023-09-09T15:51:16+00:00","dateModified":"2023-09-09T15:51:16+00:00","description":"Olejomalba kr\u00e1sn\u00e9 d\u00edvky - olejomalba, krajiny, portr\u00e9ty a surrealismus, ru\u010dn\u011b malovan\u00e9 obrazy. Osv\u011bd\u010den\u00ed o p\u016fvodnosti. Rychl\u00e9 dod\u00e1n\u00ed.","breadcrumb":{"@id":"https:\/\/artgallery-passage.com\/cs\/d\u00edlo\/malovani-figurek-olejem\/#breadcrumb"},"inLanguage":"cs","potentialAction":[{"@type":"ReadAction","target":["https:\/\/artgallery-passage.com\/cs\/d\u00edlo\/malovani-figurek-olejem\/"]}]},{"@type":"BreadcrumbList","@id":"https:\/\/artgallery-passage.com\/cs\/d\u00edlo\/malovani-figurek-olejem\/#breadcrumb","itemListElement":[{"@type":"ListItem","position":1,"name":"Domovsk\u00e1 str\u00e1nka","item":"https:\/\/artgallery-passage.com\/cs\/"},{"@type":"ListItem","position":2,"name":"Obrazy","item":"https:\/\/artgallery-passage.com\/cs\/obrazy\/"},{"@type":"ListItem","position":3,"name":"V\u00e1\u0161e\u0148"}]},{"@type":"WebSite","@id":"https:\/\/artgallery-passage.com\/cs\/#website","url":"https:\/\/artgallery-passage.com\/cs\/","name":"ART GALLERY PASSAGE","description":"Ru\u010dne ma\u013eovan\u00e9 obrazy","potentialAction":[{"@type":"SearchAction","target":{"@type":"EntryPoint","urlTemplate":"https:\/\/artgallery-passage.com\/cs\/?s={search_term_string}"},"query-input":"required name=search_term_string"}],"inLanguage":"cs"}]}},"_links":{"self":[{"href":"https:\/\/artgallery-passage.com\/cs\/wp-json\/wp\/v2\/product\/1715"}],"collection":[{"href":"https:\/\/artgallery-passage.com\/cs\/wp-json\/wp\/v2\/product"}],"about":[{"href":"https:\/\/artgallery-passage.com\/cs\/wp-json\/wp\/v2\/types\/product"}],"wp:featuredmedia":[{"embeddable":true,"href":"https:\/\/artgallery-passage.com\/cs\/wp-json\/wp\/v2\/media\/1587"}],"wp:attachment":[{"href":"https:\/\/artgallery-passage.com\/cs\/wp-json\/wp\/v2\/media?parent=1715"}],"wp:term":[{"taxonomy":"product_cat","embeddable":true,"href":"https:\/\/artgallery-passage.com\/cs\/wp-json\/wp\/v2\/product_cat?post=1715"},{"taxonomy":"product_tag","embeddable":true,"href":"https:\/\/artgallery-passage.com\/cs\/wp-json\/wp\/v2\/product_tag?post=1715"}],"curies":[{"name":"wp","href":"https:\/\/api.w.org\/{rel}","templated":true}]}}