{"id":1756,"date":"2023-09-21T13:05:11","date_gmt":"2023-09-21T11:05:11","guid":{"rendered":"https:\/\/artgallery-passage.com\/dielo\/podpis-duhy\/"},"modified":"2023-10-09T10:30:05","modified_gmt":"2023-10-09T08:30:05","slug":"signature-spirits","status":"publish","type":"product","link":"https:\/\/artgallery-passage.com\/cs\/d\u00edlo\/signature-spirits\/","title":{"rendered":"Podpis duhy"},"content":{"rendered":"<p><strong>Autor<\/strong> Nat\u00e1lia Junasov\u00e1<br \/>\n<strong>Velikost: <\/strong>80&#215;80<br \/>\n<strong>Typ:<\/strong> akryl<br \/>\n<strong>Rok vytvo\u0159en\u00ed<\/strong>: 2023<\/p>\n","protected":false},"excerpt":{"rendered":"<p>Autor Nat\u00e1lia Junasov\u00e1 Velikost: 80&#215;80 Typ: akryl Rok vytvo\u0159en\u00ed: 2023<\/p>\n","protected":false},"featured_media":1740,"template":"","meta":[],"product_cat":[148],"product_tag":[],"yoast_head":"<!-- This site is optimized with the Yoast SEO plugin v20.3 - https:\/\/yoast.com\/wordpress\/plugins\/seo\/ -->\n<title>Podpis duhy - ART GALLERY PASSAGE<\/title>\n<meta name=\"robots\" content=\"index, follow, max-snippet:-1, max-image-preview:large, max-video-preview:-1\" \/>\n<link rel=\"canonical\" href=\"https:\/\/artgallery-passage.com\/cs\/d\u00edlo\/signature-spirits\/\" \/>\n<meta property=\"og:locale\" content=\"cs_CZ\" \/>\n<meta property=\"og:type\" content=\"article\" \/>\n<meta property=\"og:title\" content=\"Podpis duhy - ART GALLERY PASSAGE\" \/>\n<meta property=\"og:description\" content=\"Autor Nat\u00e1lia Junasov\u00e1 Velikost: 80&#215;80 Typ: akryl Rok vytvo\u0159en\u00ed: 2023\" \/>\n<meta property=\"og:url\" content=\"https:\/\/artgallery-passage.com\/cs\/d\u00edlo\/signature-spirits\/\" \/>\n<meta property=\"og:site_name\" content=\"ART GALLERY PASSAGE\" \/>\n<meta property=\"article:modified_time\" content=\"2023-10-09T08:30:05+00:00\" \/>\n<meta property=\"og:image\" content=\"https:\/\/artgallery-passage.com\/wp-content\/uploads\/2023\/09\/PODPIS-DUHY.jpg\" \/>\n\t<meta property=\"og:image:width\" content=\"1016\" \/>\n\t<meta property=\"og:image:height\" content=\"1024\" \/>\n\t<meta property=\"og:image:type\" content=\"image\/jpeg\" \/>\n<meta name=\"twitter:card\" content=\"summary_large_image\" \/>\n<meta name=\"twitter:label1\" content=\"Est. reading time\" \/>\n\t<meta name=\"twitter:data1\" content=\"1 minuta\" \/>\n<script type=\"application\/ld+json\" class=\"yoast-schema-graph\">{\"@context\":\"https:\/\/schema.org\",\"@graph\":[{\"@type\":\"WebPage\",\"@id\":\"https:\/\/artgallery-passage.com\/cs\/d\u00edlo\/signature-spirits\/\",\"url\":\"https:\/\/artgallery-passage.com\/cs\/d\u00edlo\/signature-spirits\/\",\"name\":\"Podpis duhy - ART GALLERY PASSAGE\",\"isPartOf\":{\"@id\":\"https:\/\/artgallery-passage.com\/cs\/#website\"},\"datePublished\":\"2023-09-21T11:05:11+00:00\",\"dateModified\":\"2023-10-09T08:30:05+00:00\",\"breadcrumb\":{\"@id\":\"https:\/\/artgallery-passage.com\/cs\/d\u00edlo\/signature-spirits\/#breadcrumb\"},\"inLanguage\":\"cs\",\"potentialAction\":[{\"@type\":\"ReadAction\",\"target\":[\"https:\/\/artgallery-passage.com\/cs\/d\u00edlo\/signature-spirits\/\"]}]},{\"@type\":\"BreadcrumbList\",\"@id\":\"https:\/\/artgallery-passage.com\/cs\/d\u00edlo\/signature-spirits\/#breadcrumb\",\"itemListElement\":[{\"@type\":\"ListItem\",\"position\":1,\"name\":\"Domovsk\u00e1 str\u00e1nka\",\"item\":\"https:\/\/artgallery-passage.com\/cs\/\"},{\"@type\":\"ListItem\",\"position\":2,\"name\":\"Obrazy\",\"item\":\"https:\/\/artgallery-passage.com\/cs\/obrazy\/\"},{\"@type\":\"ListItem\",\"position\":3,\"name\":\"Podpis duhy\"}]},{\"@type\":\"WebSite\",\"@id\":\"https:\/\/artgallery-passage.com\/cs\/#website\",\"url\":\"https:\/\/artgallery-passage.com\/cs\/\",\"name\":\"ART GALLERY PASSAGE\",\"description\":\"Ru\u010dne ma\u013eovan\u00e9 obrazy\",\"potentialAction\":[{\"@type\":\"SearchAction\",\"target\":{\"@type\":\"EntryPoint\",\"urlTemplate\":\"https:\/\/artgallery-passage.com\/cs\/?s={search_term_string}\"},\"query-input\":\"required name=search_term_string\"}],\"inLanguage\":\"cs\"}]}<\/script>\n<!-- \/ Yoast SEO plugin. -->","yoast_head_json":{"title":"Podpis duhy - ART GALLERY PASSAGE","robots":{"index":"index","follow":"follow","max-snippet":"max-snippet:-1","max-image-preview":"max-image-preview:large","max-video-preview":"max-video-preview:-1"},"canonical":"https:\/\/artgallery-passage.com\/cs\/d\u00edlo\/signature-spirits\/","og_locale":"cs_CZ","og_type":"article","og_title":"Podpis duhy - ART GALLERY PASSAGE","og_description":"Autor Nat\u00e1lia Junasov\u00e1 Velikost: 80&#215;80 Typ: akryl Rok vytvo\u0159en\u00ed: 2023","og_url":"https:\/\/artgallery-passage.com\/cs\/d\u00edlo\/signature-spirits\/","og_site_name":"ART GALLERY PASSAGE","article_modified_time":"2023-10-09T08:30:05+00:00","og_image":[{"width":1016,"height":1024,"url":"https:\/\/artgallery-passage.com\/wp-content\/uploads\/2023\/09\/PODPIS-DUHY.jpg","type":"image\/jpeg"}],"twitter_card":"summary_large_image","twitter_misc":{"Est. reading time":"1 minuta"},"schema":{"@context":"https:\/\/schema.org","@graph":[{"@type":"WebPage","@id":"https:\/\/artgallery-passage.com\/cs\/d\u00edlo\/signature-spirits\/","url":"https:\/\/artgallery-passage.com\/cs\/d\u00edlo\/signature-spirits\/","name":"Podpis duhy - ART GALLERY PASSAGE","isPartOf":{"@id":"https:\/\/artgallery-passage.com\/cs\/#website"},"datePublished":"2023-09-21T11:05:11+00:00","dateModified":"2023-10-09T08:30:05+00:00","breadcrumb":{"@id":"https:\/\/artgallery-passage.com\/cs\/d\u00edlo\/signature-spirits\/#breadcrumb"},"inLanguage":"cs","potentialAction":[{"@type":"ReadAction","target":["https:\/\/artgallery-passage.com\/cs\/d\u00edlo\/signature-spirits\/"]}]},{"@type":"BreadcrumbList","@id":"https:\/\/artgallery-passage.com\/cs\/d\u00edlo\/signature-spirits\/#breadcrumb","itemListElement":[{"@type":"ListItem","position":1,"name":"Domovsk\u00e1 str\u00e1nka","item":"https:\/\/artgallery-passage.com\/cs\/"},{"@type":"ListItem","position":2,"name":"Obrazy","item":"https:\/\/artgallery-passage.com\/cs\/obrazy\/"},{"@type":"ListItem","position":3,"name":"Podpis duhy"}]},{"@type":"WebSite","@id":"https:\/\/artgallery-passage.com\/cs\/#website","url":"https:\/\/artgallery-passage.com\/cs\/","name":"ART GALLERY PASSAGE","description":"Ru\u010dne ma\u013eovan\u00e9 obrazy","potentialAction":[{"@type":"SearchAction","target":{"@type":"EntryPoint","urlTemplate":"https:\/\/artgallery-passage.com\/cs\/?s={search_term_string}"},"query-input":"required name=search_term_string"}],"inLanguage":"cs"}]}},"_links":{"self":[{"href":"https:\/\/artgallery-passage.com\/cs\/wp-json\/wp\/v2\/product\/1756"}],"collection":[{"href":"https:\/\/artgallery-passage.com\/cs\/wp-json\/wp\/v2\/product"}],"about":[{"href":"https:\/\/artgallery-passage.com\/cs\/wp-json\/wp\/v2\/types\/product"}],"wp:featuredmedia":[{"embeddable":true,"href":"https:\/\/artgallery-passage.com\/cs\/wp-json\/wp\/v2\/media\/1740"}],"wp:attachment":[{"href":"https:\/\/artgallery-passage.com\/cs\/wp-json\/wp\/v2\/media?parent=1756"}],"wp:term":[{"taxonomy":"product_cat","embeddable":true,"href":"https:\/\/artgallery-passage.com\/cs\/wp-json\/wp\/v2\/product_cat?post=1756"},{"taxonomy":"product_tag","embeddable":true,"href":"https:\/\/artgallery-passage.com\/cs\/wp-json\/wp\/v2\/product_tag?post=1756"}],"curies":[{"name":"wp","href":"https:\/\/api.w.org\/{rel}","templated":true}]}}