{"id":1767,"date":"2023-10-02T12:32:57","date_gmt":"2023-10-02T10:32:57","guid":{"rendered":"https:\/\/artgallery-passage.com\/?post_type=product&#038;p=1767"},"modified":"2023-10-09T10:13:19","modified_gmt":"2023-10-09T08:13:19","slug":"e-il-rosso-a-cervena","status":"publish","type":"product","link":"https:\/\/artgallery-passage.com\/cs\/d\u00edlo\/e-il-rosso-a-cervena\/","title":{"rendered":"E il rosso &#8222;A \u010derven\u00e1?&#8220;"},"content":{"rendered":"<p><strong>Autor:<\/strong> D\u00e1\u0161a Kr\u010dm\u00e1rikov\u00e1<br \/>\n<strong>Velikost: <\/strong>100&#215;100<br \/>\n<strong>Typ:<\/strong> olej na pl\u00e1tn\u011b<br \/>\n<strong>Rok vytvo\u0159en\u00ed<\/strong>: 2020<\/p>\n<p><strong>Popis:<\/strong><\/p>\n<p>V podstat\u011b se jedn\u00e1 o jednoduchou hru s teori\u00ed barev. Zat\u00edmco na ostatn\u00edch obrazech cyklu zauj\u00edmala \u010derven\u00e1 barva v\u011bt\u0161\u00ed \u010di men\u0161\u00ed plochu nebo byla zastoupena jej\u00edmi deriv\u00e1ty, na tomto obraze zcela chyb\u00ed. Je to do t\u00e9 m\u00edry, \u017ee v p\u0159irozen\u00e9 barv\u011b kv\u011btu strel\u00edcie byla nahrazena \u010dernou. Samotn\u00fd n\u00e1zev je vod\u00edtkem pro \u010dten\u00ed obrazu a z\u00e1rove\u0148 jeho sou\u010d\u00e1st\u00ed.<\/p>\n","protected":false},"excerpt":{"rendered":"<p><strong>Autor:<\/strong> D\u00e1\u0161a Kr\u010dm\u00e1rikov\u00e1<br \/>\n<strong>Velikost: <\/strong>100&#215;100<br \/>\n<strong>Typ:<\/strong> olej na pl\u00e1tn\u011b<\/p>\n","protected":false},"featured_media":1769,"template":"","meta":[],"product_cat":[148],"product_tag":[],"yoast_head":"<!-- This site is optimized with the Yoast SEO plugin v20.3 - https:\/\/yoast.com\/wordpress\/plugins\/seo\/ -->\n<title>E il rosso &quot;A \u010derven\u00e1?&quot; - ART GALLERY PASSAGE<\/title>\n<meta name=\"robots\" content=\"index, follow, max-snippet:-1, max-image-preview:large, max-video-preview:-1\" \/>\n<link rel=\"canonical\" href=\"https:\/\/artgallery-passage.com\/cs\/d\u00edlo\/e-il-rosso-a-cervena\/\" \/>\n<meta property=\"og:locale\" content=\"cs_CZ\" \/>\n<meta property=\"og:type\" content=\"article\" \/>\n<meta property=\"og:title\" content=\"E il rosso &quot;A \u010derven\u00e1?&quot; - ART GALLERY PASSAGE\" \/>\n<meta property=\"og:description\" content=\"Autor: D\u00e1\u0161a Kr\u010dm\u00e1rikov\u00e1 Velikost: 100x100 Typ: olej na pl\u00e1tn\u011b\" \/>\n<meta property=\"og:url\" content=\"https:\/\/artgallery-passage.com\/cs\/d\u00edlo\/e-il-rosso-a-cervena\/\" \/>\n<meta property=\"og:site_name\" content=\"ART GALLERY PASSAGE\" \/>\n<meta property=\"article:modified_time\" content=\"2023-10-09T08:13:19+00:00\" \/>\n<meta property=\"og:image\" content=\"https:\/\/artgallery-passage.com\/wp-content\/uploads\/2023\/10\/E-il-rosso.jpg\" \/>\n\t<meta property=\"og:image:width\" content=\"800\" \/>\n\t<meta property=\"og:image:height\" content=\"800\" \/>\n\t<meta property=\"og:image:type\" content=\"image\/jpeg\" \/>\n<meta name=\"twitter:card\" content=\"summary_large_image\" \/>\n<meta name=\"twitter:label1\" content=\"Est. reading time\" \/>\n\t<meta name=\"twitter:data1\" content=\"1 minuta\" \/>\n<script type=\"application\/ld+json\" class=\"yoast-schema-graph\">{\"@context\":\"https:\/\/schema.org\",\"@graph\":[{\"@type\":\"WebPage\",\"@id\":\"https:\/\/artgallery-passage.com\/cs\/d\u00edlo\/e-il-rosso-a-cervena\/\",\"url\":\"https:\/\/artgallery-passage.com\/cs\/d\u00edlo\/e-il-rosso-a-cervena\/\",\"name\":\"E il rosso \\\"A \u010derven\u00e1?\\\" - ART GALLERY PASSAGE\",\"isPartOf\":{\"@id\":\"https:\/\/artgallery-passage.com\/cs\/#website\"},\"datePublished\":\"2023-10-02T10:32:57+00:00\",\"dateModified\":\"2023-10-09T08:13:19+00:00\",\"breadcrumb\":{\"@id\":\"https:\/\/artgallery-passage.com\/cs\/d\u00edlo\/e-il-rosso-a-cervena\/#breadcrumb\"},\"inLanguage\":\"cs\",\"potentialAction\":[{\"@type\":\"ReadAction\",\"target\":[\"https:\/\/artgallery-passage.com\/cs\/d\u00edlo\/e-il-rosso-a-cervena\/\"]}]},{\"@type\":\"BreadcrumbList\",\"@id\":\"https:\/\/artgallery-passage.com\/cs\/d\u00edlo\/e-il-rosso-a-cervena\/#breadcrumb\",\"itemListElement\":[{\"@type\":\"ListItem\",\"position\":1,\"name\":\"Domovsk\u00e1 str\u00e1nka\",\"item\":\"https:\/\/artgallery-passage.com\/cs\/\"},{\"@type\":\"ListItem\",\"position\":2,\"name\":\"Obrazy\",\"item\":\"https:\/\/artgallery-passage.com\/cs\/obrazy\/\"},{\"@type\":\"ListItem\",\"position\":3,\"name\":\"E il rosso &#8222;A \u010derven\u00e1?&#8220;\"}]},{\"@type\":\"WebSite\",\"@id\":\"https:\/\/artgallery-passage.com\/cs\/#website\",\"url\":\"https:\/\/artgallery-passage.com\/cs\/\",\"name\":\"ART GALLERY PASSAGE\",\"description\":\"Ru\u010dne ma\u013eovan\u00e9 obrazy\",\"potentialAction\":[{\"@type\":\"SearchAction\",\"target\":{\"@type\":\"EntryPoint\",\"urlTemplate\":\"https:\/\/artgallery-passage.com\/cs\/?s={search_term_string}\"},\"query-input\":\"required name=search_term_string\"}],\"inLanguage\":\"cs\"}]}<\/script>\n<!-- \/ Yoast SEO plugin. -->","yoast_head_json":{"title":"E il rosso \"A \u010derven\u00e1?\" - ART GALLERY PASSAGE","robots":{"index":"index","follow":"follow","max-snippet":"max-snippet:-1","max-image-preview":"max-image-preview:large","max-video-preview":"max-video-preview:-1"},"canonical":"https:\/\/artgallery-passage.com\/cs\/d\u00edlo\/e-il-rosso-a-cervena\/","og_locale":"cs_CZ","og_type":"article","og_title":"E il rosso \"A \u010derven\u00e1?\" - ART GALLERY PASSAGE","og_description":"Autor: D\u00e1\u0161a Kr\u010dm\u00e1rikov\u00e1 Velikost: 100x100 Typ: olej na pl\u00e1tn\u011b","og_url":"https:\/\/artgallery-passage.com\/cs\/d\u00edlo\/e-il-rosso-a-cervena\/","og_site_name":"ART GALLERY PASSAGE","article_modified_time":"2023-10-09T08:13:19+00:00","og_image":[{"width":800,"height":800,"url":"https:\/\/artgallery-passage.com\/wp-content\/uploads\/2023\/10\/E-il-rosso.jpg","type":"image\/jpeg"}],"twitter_card":"summary_large_image","twitter_misc":{"Est. reading time":"1 minuta"},"schema":{"@context":"https:\/\/schema.org","@graph":[{"@type":"WebPage","@id":"https:\/\/artgallery-passage.com\/cs\/d\u00edlo\/e-il-rosso-a-cervena\/","url":"https:\/\/artgallery-passage.com\/cs\/d\u00edlo\/e-il-rosso-a-cervena\/","name":"E il rosso \"A \u010derven\u00e1?\" - ART GALLERY PASSAGE","isPartOf":{"@id":"https:\/\/artgallery-passage.com\/cs\/#website"},"datePublished":"2023-10-02T10:32:57+00:00","dateModified":"2023-10-09T08:13:19+00:00","breadcrumb":{"@id":"https:\/\/artgallery-passage.com\/cs\/d\u00edlo\/e-il-rosso-a-cervena\/#breadcrumb"},"inLanguage":"cs","potentialAction":[{"@type":"ReadAction","target":["https:\/\/artgallery-passage.com\/cs\/d\u00edlo\/e-il-rosso-a-cervena\/"]}]},{"@type":"BreadcrumbList","@id":"https:\/\/artgallery-passage.com\/cs\/d\u00edlo\/e-il-rosso-a-cervena\/#breadcrumb","itemListElement":[{"@type":"ListItem","position":1,"name":"Domovsk\u00e1 str\u00e1nka","item":"https:\/\/artgallery-passage.com\/cs\/"},{"@type":"ListItem","position":2,"name":"Obrazy","item":"https:\/\/artgallery-passage.com\/cs\/obrazy\/"},{"@type":"ListItem","position":3,"name":"E il rosso &#8222;A \u010derven\u00e1?&#8220;"}]},{"@type":"WebSite","@id":"https:\/\/artgallery-passage.com\/cs\/#website","url":"https:\/\/artgallery-passage.com\/cs\/","name":"ART GALLERY PASSAGE","description":"Ru\u010dne ma\u013eovan\u00e9 obrazy","potentialAction":[{"@type":"SearchAction","target":{"@type":"EntryPoint","urlTemplate":"https:\/\/artgallery-passage.com\/cs\/?s={search_term_string}"},"query-input":"required name=search_term_string"}],"inLanguage":"cs"}]}},"_links":{"self":[{"href":"https:\/\/artgallery-passage.com\/cs\/wp-json\/wp\/v2\/product\/1767"}],"collection":[{"href":"https:\/\/artgallery-passage.com\/cs\/wp-json\/wp\/v2\/product"}],"about":[{"href":"https:\/\/artgallery-passage.com\/cs\/wp-json\/wp\/v2\/types\/product"}],"wp:featuredmedia":[{"embeddable":true,"href":"https:\/\/artgallery-passage.com\/cs\/wp-json\/wp\/v2\/media\/1769"}],"wp:attachment":[{"href":"https:\/\/artgallery-passage.com\/cs\/wp-json\/wp\/v2\/media?parent=1767"}],"wp:term":[{"taxonomy":"product_cat","embeddable":true,"href":"https:\/\/artgallery-passage.com\/cs\/wp-json\/wp\/v2\/product_cat?post=1767"},{"taxonomy":"product_tag","embeddable":true,"href":"https:\/\/artgallery-passage.com\/cs\/wp-json\/wp\/v2\/product_tag?post=1767"}],"curies":[{"name":"wp","href":"https:\/\/api.w.org\/{rel}","templated":true}]}}