{"id":1779,"date":"2023-10-02T12:45:08","date_gmt":"2023-10-02T10:45:08","guid":{"rendered":"https:\/\/artgallery-passage.com\/?post_type=product&#038;p=1779"},"modified":"2023-10-09T10:13:16","modified_gmt":"2023-10-09T08:13:16","slug":"le-tre-eta-tri-veky","status":"publish","type":"product","link":"https:\/\/artgallery-passage.com\/cs\/d\u00edlo\/le-tre-eta-tri-veky\/","title":{"rendered":"Le tre eta &#8222;T\u0159i v\u011bky&#8220;"},"content":{"rendered":"<p><strong>Autor:<\/strong> D\u00e1\u0161a Kr\u010dm\u00e1rikov\u00e1<br \/>\n<strong>Velikost: <\/strong>100&#215;100<br \/>\n<strong>Typ:<\/strong> olej na pl\u00e1tn\u011b<br \/>\n<strong>Rok vytvo\u0159en\u00ed<\/strong>: 2020<\/p>\n<p><strong>Popis:<\/strong><\/p>\n<p>Krom\u011b v\u00fd\u0161e zm\u00edn\u011bn\u00fdch ot\u00e1zek se v tomto obraze pot\u00fdk\u00e1m s t\u00e9matem prom\u011bn v \u017eivot\u011b \u017eeny. Ty p\u0159edstavuj\u00ed: poup\u011b kv\u011btu, kter\u00e9 p\u0159edstavuje dosp\u00edv\u00e1n\u00ed (vpravo naho\u0159e), pln\u011b otev\u0159en\u00fd kv\u011bt, a tedy zralou \u017eenu (vlevo uprost\u0159ed) a pivo\u0148ku, kter\u00e1 symbolizuje zralou \u017eenu v pokro\u010dil\u00e9m v\u011bku (vpravo dole). Od tohoto standardn\u00edho rozli\u0161en\u00ed byl odvozen i n\u00e1zev d\u00edla. Velk\u00e9 b\u00edl\u00e9 pole obrazu je reli\u00e9fn\u00ed tak, \u017ee v z\u00e1vislosti na \u00fahlu dopadu sv\u011btla vystupuj\u00ed z b\u00edl\u00e9 plochy kresby, st\u00edny okv\u011btn\u00edch l\u00edstk\u016f. Obraz nejv\u00edce vynik\u00e1 v m\u00edst\u011b, kde lze pohybem st\u00ednu zaznamenat zm\u011bnu \u00fahlu slune\u010dn\u00edho sv\u011btla, a t\u00edm d\u00e1t obrazu &#8222;\u017eivot&#8220;, co\u017e posiluje my\u0161lenku plynut\u00ed \u010dasu a n\u00e1sledn\u00e9 prom\u011bny prost\u0159ednictv\u00edm t\u011bchto p\u0159irozen\u00fdch zm\u011bn. Tato pr\u00e1ce byla prezentov\u00e1na prost\u0159ednictv\u00edm videorecenze a publikov\u00e1na v katalogu sout\u011b\u017ee Pitturiamo, \u0158\u00edm, It\u00e1lie.<\/p>\n","protected":false},"excerpt":{"rendered":"<p><strong>Autor:<\/strong> D\u00e1\u0161a Kr\u010dm\u00e1rikov\u00e1<br \/>\n<strong>Velikost: <\/strong>100&#215;100<br \/>\n<strong>Typ:<\/strong> olej na pl\u00e1tn\u011b<\/p>\n","protected":false},"featured_media":1775,"template":"","meta":[],"product_cat":[148],"product_tag":[],"yoast_head":"<!-- This site is optimized with the Yoast SEO plugin v20.3 - https:\/\/yoast.com\/wordpress\/plugins\/seo\/ -->\n<title>Le tre eta &quot;T\u0159i v\u011bky&quot; - ART GALLERY PASSAGE<\/title>\n<meta name=\"robots\" content=\"index, follow, max-snippet:-1, max-image-preview:large, max-video-preview:-1\" \/>\n<link rel=\"canonical\" href=\"https:\/\/artgallery-passage.com\/cs\/d\u00edlo\/le-tre-eta-tri-veky\/\" \/>\n<meta property=\"og:locale\" content=\"cs_CZ\" \/>\n<meta property=\"og:type\" content=\"article\" \/>\n<meta property=\"og:title\" content=\"Le tre eta &quot;T\u0159i v\u011bky&quot; - ART GALLERY PASSAGE\" \/>\n<meta property=\"og:description\" content=\"Autor: D\u00e1\u0161a Kr\u010dm\u00e1rikov\u00e1 Velikost: 100x100 Typ: olej na pl\u00e1tn\u011b\" \/>\n<meta property=\"og:url\" content=\"https:\/\/artgallery-passage.com\/cs\/d\u00edlo\/le-tre-eta-tri-veky\/\" \/>\n<meta property=\"og:site_name\" content=\"ART GALLERY PASSAGE\" \/>\n<meta property=\"article:modified_time\" content=\"2023-10-09T08:13:16+00:00\" \/>\n<meta property=\"og:image\" content=\"https:\/\/artgallery-passage.com\/wp-content\/uploads\/2023\/10\/Le-tre-eta-paeonie.jpg\" \/>\n\t<meta property=\"og:image:width\" content=\"810\" \/>\n\t<meta property=\"og:image:height\" content=\"800\" \/>\n\t<meta property=\"og:image:type\" content=\"image\/jpeg\" \/>\n<meta name=\"twitter:card\" content=\"summary_large_image\" \/>\n<meta name=\"twitter:label1\" content=\"Est. reading time\" \/>\n\t<meta name=\"twitter:data1\" content=\"1 minuta\" \/>\n<script type=\"application\/ld+json\" class=\"yoast-schema-graph\">{\"@context\":\"https:\/\/schema.org\",\"@graph\":[{\"@type\":\"WebPage\",\"@id\":\"https:\/\/artgallery-passage.com\/cs\/d\u00edlo\/le-tre-eta-tri-veky\/\",\"url\":\"https:\/\/artgallery-passage.com\/cs\/d\u00edlo\/le-tre-eta-tri-veky\/\",\"name\":\"Le tre eta \\\"T\u0159i v\u011bky\\\" - ART GALLERY PASSAGE\",\"isPartOf\":{\"@id\":\"https:\/\/artgallery-passage.com\/cs\/#website\"},\"datePublished\":\"2023-10-02T10:45:08+00:00\",\"dateModified\":\"2023-10-09T08:13:16+00:00\",\"breadcrumb\":{\"@id\":\"https:\/\/artgallery-passage.com\/cs\/d\u00edlo\/le-tre-eta-tri-veky\/#breadcrumb\"},\"inLanguage\":\"cs\",\"potentialAction\":[{\"@type\":\"ReadAction\",\"target\":[\"https:\/\/artgallery-passage.com\/cs\/d\u00edlo\/le-tre-eta-tri-veky\/\"]}]},{\"@type\":\"BreadcrumbList\",\"@id\":\"https:\/\/artgallery-passage.com\/cs\/d\u00edlo\/le-tre-eta-tri-veky\/#breadcrumb\",\"itemListElement\":[{\"@type\":\"ListItem\",\"position\":1,\"name\":\"Domovsk\u00e1 str\u00e1nka\",\"item\":\"https:\/\/artgallery-passage.com\/cs\/\"},{\"@type\":\"ListItem\",\"position\":2,\"name\":\"Obrazy\",\"item\":\"https:\/\/artgallery-passage.com\/cs\/obrazy\/\"},{\"@type\":\"ListItem\",\"position\":3,\"name\":\"Le tre eta &#8222;T\u0159i v\u011bky&#8220;\"}]},{\"@type\":\"WebSite\",\"@id\":\"https:\/\/artgallery-passage.com\/cs\/#website\",\"url\":\"https:\/\/artgallery-passage.com\/cs\/\",\"name\":\"ART GALLERY PASSAGE\",\"description\":\"Ru\u010dne ma\u013eovan\u00e9 obrazy\",\"potentialAction\":[{\"@type\":\"SearchAction\",\"target\":{\"@type\":\"EntryPoint\",\"urlTemplate\":\"https:\/\/artgallery-passage.com\/cs\/?s={search_term_string}\"},\"query-input\":\"required name=search_term_string\"}],\"inLanguage\":\"cs\"}]}<\/script>\n<!-- \/ Yoast SEO plugin. -->","yoast_head_json":{"title":"Le tre eta \"T\u0159i v\u011bky\" - ART GALLERY PASSAGE","robots":{"index":"index","follow":"follow","max-snippet":"max-snippet:-1","max-image-preview":"max-image-preview:large","max-video-preview":"max-video-preview:-1"},"canonical":"https:\/\/artgallery-passage.com\/cs\/d\u00edlo\/le-tre-eta-tri-veky\/","og_locale":"cs_CZ","og_type":"article","og_title":"Le tre eta \"T\u0159i v\u011bky\" - ART GALLERY PASSAGE","og_description":"Autor: D\u00e1\u0161a Kr\u010dm\u00e1rikov\u00e1 Velikost: 100x100 Typ: olej na pl\u00e1tn\u011b","og_url":"https:\/\/artgallery-passage.com\/cs\/d\u00edlo\/le-tre-eta-tri-veky\/","og_site_name":"ART GALLERY PASSAGE","article_modified_time":"2023-10-09T08:13:16+00:00","og_image":[{"width":810,"height":800,"url":"https:\/\/artgallery-passage.com\/wp-content\/uploads\/2023\/10\/Le-tre-eta-paeonie.jpg","type":"image\/jpeg"}],"twitter_card":"summary_large_image","twitter_misc":{"Est. reading time":"1 minuta"},"schema":{"@context":"https:\/\/schema.org","@graph":[{"@type":"WebPage","@id":"https:\/\/artgallery-passage.com\/cs\/d\u00edlo\/le-tre-eta-tri-veky\/","url":"https:\/\/artgallery-passage.com\/cs\/d\u00edlo\/le-tre-eta-tri-veky\/","name":"Le tre eta \"T\u0159i v\u011bky\" - ART GALLERY PASSAGE","isPartOf":{"@id":"https:\/\/artgallery-passage.com\/cs\/#website"},"datePublished":"2023-10-02T10:45:08+00:00","dateModified":"2023-10-09T08:13:16+00:00","breadcrumb":{"@id":"https:\/\/artgallery-passage.com\/cs\/d\u00edlo\/le-tre-eta-tri-veky\/#breadcrumb"},"inLanguage":"cs","potentialAction":[{"@type":"ReadAction","target":["https:\/\/artgallery-passage.com\/cs\/d\u00edlo\/le-tre-eta-tri-veky\/"]}]},{"@type":"BreadcrumbList","@id":"https:\/\/artgallery-passage.com\/cs\/d\u00edlo\/le-tre-eta-tri-veky\/#breadcrumb","itemListElement":[{"@type":"ListItem","position":1,"name":"Domovsk\u00e1 str\u00e1nka","item":"https:\/\/artgallery-passage.com\/cs\/"},{"@type":"ListItem","position":2,"name":"Obrazy","item":"https:\/\/artgallery-passage.com\/cs\/obrazy\/"},{"@type":"ListItem","position":3,"name":"Le tre eta &#8222;T\u0159i v\u011bky&#8220;"}]},{"@type":"WebSite","@id":"https:\/\/artgallery-passage.com\/cs\/#website","url":"https:\/\/artgallery-passage.com\/cs\/","name":"ART GALLERY PASSAGE","description":"Ru\u010dne ma\u013eovan\u00e9 obrazy","potentialAction":[{"@type":"SearchAction","target":{"@type":"EntryPoint","urlTemplate":"https:\/\/artgallery-passage.com\/cs\/?s={search_term_string}"},"query-input":"required name=search_term_string"}],"inLanguage":"cs"}]}},"_links":{"self":[{"href":"https:\/\/artgallery-passage.com\/cs\/wp-json\/wp\/v2\/product\/1779"}],"collection":[{"href":"https:\/\/artgallery-passage.com\/cs\/wp-json\/wp\/v2\/product"}],"about":[{"href":"https:\/\/artgallery-passage.com\/cs\/wp-json\/wp\/v2\/types\/product"}],"wp:featuredmedia":[{"embeddable":true,"href":"https:\/\/artgallery-passage.com\/cs\/wp-json\/wp\/v2\/media\/1775"}],"wp:attachment":[{"href":"https:\/\/artgallery-passage.com\/cs\/wp-json\/wp\/v2\/media?parent=1779"}],"wp:term":[{"taxonomy":"product_cat","embeddable":true,"href":"https:\/\/artgallery-passage.com\/cs\/wp-json\/wp\/v2\/product_cat?post=1779"},{"taxonomy":"product_tag","embeddable":true,"href":"https:\/\/artgallery-passage.com\/cs\/wp-json\/wp\/v2\/product_tag?post=1779"}],"curies":[{"name":"wp","href":"https:\/\/api.w.org\/{rel}","templated":true}]}}