{"id":1781,"date":"2023-10-02T12:46:55","date_gmt":"2023-10-02T10:46:55","guid":{"rendered":"https:\/\/artgallery-passage.com\/?post_type=product&#038;p=1781"},"modified":"2023-10-09T10:13:14","modified_gmt":"2023-10-09T08:13:14","slug":"fin-troppo-damore-drivela-lasky","status":"publish","type":"product","link":"https:\/\/artgallery-passage.com\/cs\/d\u00edlo\/fin-troppo-damore-drivela-lasky\/","title":{"rendered":"Fin troppo d&#8217;amore &#8222;P\u0159\u00edli\u0161 mnoho l\u00e1sky&#8220;"},"content":{"rendered":"<p><strong>Autor:<\/strong> D\u00e1\u0161a Kr\u010dm\u00e1rikov\u00e1<br \/>\n<strong>Velikost: <\/strong>70&#215;70<br \/>\n<strong>Typ:<\/strong> olej na pl\u00e1tn\u011b<br \/>\n<strong>Rok vytvo\u0159en\u00ed<\/strong>: 2023<\/p>\n<p><strong>Popis:<\/strong><\/p>\n<p>Jedn\u00e1 se o prvn\u00ed ze dvou verz\u00ed t\u00e9matu n\u00e1sil\u00ed na \u017een\u00e1ch. Kdy\u017e jsem ji vytv\u00e1\u0159el, m\u011bl jsem na mysli obraz ti\u0161e padaj\u00edc\u00edho sn\u011bhu, kter\u00fd se p\u0159i dlouh\u00e9m a velk\u00e9m mno\u017estv\u00ed st\u00e1v\u00e1 nebezpe\u010dn\u00fdm. B\u00edl\u00e1 barva p\u0159edstavuje nevinnost, \u010distotu a dal\u0161\u00ed pozitivn\u00ed vlastnosti, tradi\u010dn\u011b spojovan\u00e9 se slovem l\u00e1ska jako n\u00e1zvem nejvy\u0161\u0161\u00edho a neju\u0161lechtilej\u0161\u00edho citu. Z t\u00e9to pokr\u00fdvky vy\u010dn\u00edvaj\u00ed ruce, kter\u00e9 dr\u017e\u00ed svou ob\u011b\u0165 v zajet\u00ed.<\/p>\n","protected":false},"excerpt":{"rendered":"<p><strong>Autor:<\/strong> D\u00e1\u0161a Kr\u010dm\u00e1rikov\u00e1<br \/>\n<strong>Velikost: <\/strong>70&#215;70<br \/>\n<strong>Typ:<\/strong> olej na pl\u00e1tn\u011b<\/p>\n","protected":false},"featured_media":1771,"template":"","meta":[],"product_cat":[148],"product_tag":[],"yoast_head":"<!-- This site is optimized with the Yoast SEO plugin v20.3 - https:\/\/yoast.com\/wordpress\/plugins\/seo\/ -->\n<title>Fin troppo d&#039;amore &quot;P\u0159\u00edli\u0161 mnoho l\u00e1sky&quot; - ART GALLERY PASSAGE<\/title>\n<meta name=\"robots\" content=\"index, follow, max-snippet:-1, max-image-preview:large, max-video-preview:-1\" \/>\n<link rel=\"canonical\" href=\"https:\/\/artgallery-passage.com\/cs\/d\u00edlo\/fin-troppo-damore-drivela-lasky\/\" \/>\n<meta property=\"og:locale\" content=\"cs_CZ\" \/>\n<meta property=\"og:type\" content=\"article\" \/>\n<meta property=\"og:title\" content=\"Fin troppo d&#039;amore &quot;P\u0159\u00edli\u0161 mnoho l\u00e1sky&quot; - ART GALLERY PASSAGE\" \/>\n<meta property=\"og:description\" content=\"Autor: D\u00e1\u0161a Kr\u010dm\u00e1rikov\u00e1 Velikost: 70x70 Typ: olej na pl\u00e1tn\u011b\" \/>\n<meta property=\"og:url\" content=\"https:\/\/artgallery-passage.com\/cs\/d\u00edlo\/fin-troppo-damore-drivela-lasky\/\" \/>\n<meta property=\"og:site_name\" content=\"ART GALLERY PASSAGE\" \/>\n<meta property=\"article:modified_time\" content=\"2023-10-09T08:13:14+00:00\" \/>\n<meta property=\"og:image\" content=\"https:\/\/artgallery-passage.com\/wp-content\/uploads\/2023\/10\/Fintroppo-damore_-Biela-smrt.70x70cm.jpg\" \/>\n\t<meta property=\"og:image:width\" content=\"801\" \/>\n\t<meta property=\"og:image:height\" content=\"800\" \/>\n\t<meta property=\"og:image:type\" content=\"image\/jpeg\" \/>\n<meta name=\"twitter:card\" content=\"summary_large_image\" \/>\n<meta name=\"twitter:label1\" content=\"Est. reading time\" \/>\n\t<meta name=\"twitter:data1\" content=\"1 minuta\" \/>\n<script type=\"application\/ld+json\" class=\"yoast-schema-graph\">{\"@context\":\"https:\/\/schema.org\",\"@graph\":[{\"@type\":\"WebPage\",\"@id\":\"https:\/\/artgallery-passage.com\/cs\/d\u00edlo\/fin-troppo-damore-drivela-lasky\/\",\"url\":\"https:\/\/artgallery-passage.com\/cs\/d\u00edlo\/fin-troppo-damore-drivela-lasky\/\",\"name\":\"Fin troppo d'amore \\\"P\u0159\u00edli\u0161 mnoho l\u00e1sky\\\" - ART GALLERY PASSAGE\",\"isPartOf\":{\"@id\":\"https:\/\/artgallery-passage.com\/cs\/#website\"},\"datePublished\":\"2023-10-02T10:46:55+00:00\",\"dateModified\":\"2023-10-09T08:13:14+00:00\",\"breadcrumb\":{\"@id\":\"https:\/\/artgallery-passage.com\/cs\/d\u00edlo\/fin-troppo-damore-drivela-lasky\/#breadcrumb\"},\"inLanguage\":\"cs\",\"potentialAction\":[{\"@type\":\"ReadAction\",\"target\":[\"https:\/\/artgallery-passage.com\/cs\/d\u00edlo\/fin-troppo-damore-drivela-lasky\/\"]}]},{\"@type\":\"BreadcrumbList\",\"@id\":\"https:\/\/artgallery-passage.com\/cs\/d\u00edlo\/fin-troppo-damore-drivela-lasky\/#breadcrumb\",\"itemListElement\":[{\"@type\":\"ListItem\",\"position\":1,\"name\":\"Domovsk\u00e1 str\u00e1nka\",\"item\":\"https:\/\/artgallery-passage.com\/cs\/\"},{\"@type\":\"ListItem\",\"position\":2,\"name\":\"Obrazy\",\"item\":\"https:\/\/artgallery-passage.com\/cs\/obrazy\/\"},{\"@type\":\"ListItem\",\"position\":3,\"name\":\"Fin troppo d&#8217;amore &#8222;P\u0159\u00edli\u0161 mnoho l\u00e1sky&#8220;\"}]},{\"@type\":\"WebSite\",\"@id\":\"https:\/\/artgallery-passage.com\/cs\/#website\",\"url\":\"https:\/\/artgallery-passage.com\/cs\/\",\"name\":\"ART GALLERY PASSAGE\",\"description\":\"Ru\u010dne ma\u013eovan\u00e9 obrazy\",\"potentialAction\":[{\"@type\":\"SearchAction\",\"target\":{\"@type\":\"EntryPoint\",\"urlTemplate\":\"https:\/\/artgallery-passage.com\/cs\/?s={search_term_string}\"},\"query-input\":\"required name=search_term_string\"}],\"inLanguage\":\"cs\"}]}<\/script>\n<!-- \/ Yoast SEO plugin. -->","yoast_head_json":{"title":"Fin troppo d'amore \"P\u0159\u00edli\u0161 mnoho l\u00e1sky\" - ART GALLERY PASSAGE","robots":{"index":"index","follow":"follow","max-snippet":"max-snippet:-1","max-image-preview":"max-image-preview:large","max-video-preview":"max-video-preview:-1"},"canonical":"https:\/\/artgallery-passage.com\/cs\/d\u00edlo\/fin-troppo-damore-drivela-lasky\/","og_locale":"cs_CZ","og_type":"article","og_title":"Fin troppo d'amore \"P\u0159\u00edli\u0161 mnoho l\u00e1sky\" - ART GALLERY PASSAGE","og_description":"Autor: D\u00e1\u0161a Kr\u010dm\u00e1rikov\u00e1 Velikost: 70x70 Typ: olej na pl\u00e1tn\u011b","og_url":"https:\/\/artgallery-passage.com\/cs\/d\u00edlo\/fin-troppo-damore-drivela-lasky\/","og_site_name":"ART GALLERY PASSAGE","article_modified_time":"2023-10-09T08:13:14+00:00","og_image":[{"width":801,"height":800,"url":"https:\/\/artgallery-passage.com\/wp-content\/uploads\/2023\/10\/Fintroppo-damore_-Biela-smrt.70x70cm.jpg","type":"image\/jpeg"}],"twitter_card":"summary_large_image","twitter_misc":{"Est. reading time":"1 minuta"},"schema":{"@context":"https:\/\/schema.org","@graph":[{"@type":"WebPage","@id":"https:\/\/artgallery-passage.com\/cs\/d\u00edlo\/fin-troppo-damore-drivela-lasky\/","url":"https:\/\/artgallery-passage.com\/cs\/d\u00edlo\/fin-troppo-damore-drivela-lasky\/","name":"Fin troppo d'amore \"P\u0159\u00edli\u0161 mnoho l\u00e1sky\" - ART GALLERY PASSAGE","isPartOf":{"@id":"https:\/\/artgallery-passage.com\/cs\/#website"},"datePublished":"2023-10-02T10:46:55+00:00","dateModified":"2023-10-09T08:13:14+00:00","breadcrumb":{"@id":"https:\/\/artgallery-passage.com\/cs\/d\u00edlo\/fin-troppo-damore-drivela-lasky\/#breadcrumb"},"inLanguage":"cs","potentialAction":[{"@type":"ReadAction","target":["https:\/\/artgallery-passage.com\/cs\/d\u00edlo\/fin-troppo-damore-drivela-lasky\/"]}]},{"@type":"BreadcrumbList","@id":"https:\/\/artgallery-passage.com\/cs\/d\u00edlo\/fin-troppo-damore-drivela-lasky\/#breadcrumb","itemListElement":[{"@type":"ListItem","position":1,"name":"Domovsk\u00e1 str\u00e1nka","item":"https:\/\/artgallery-passage.com\/cs\/"},{"@type":"ListItem","position":2,"name":"Obrazy","item":"https:\/\/artgallery-passage.com\/cs\/obrazy\/"},{"@type":"ListItem","position":3,"name":"Fin troppo d&#8217;amore &#8222;P\u0159\u00edli\u0161 mnoho l\u00e1sky&#8220;"}]},{"@type":"WebSite","@id":"https:\/\/artgallery-passage.com\/cs\/#website","url":"https:\/\/artgallery-passage.com\/cs\/","name":"ART GALLERY PASSAGE","description":"Ru\u010dne ma\u013eovan\u00e9 obrazy","potentialAction":[{"@type":"SearchAction","target":{"@type":"EntryPoint","urlTemplate":"https:\/\/artgallery-passage.com\/cs\/?s={search_term_string}"},"query-input":"required name=search_term_string"}],"inLanguage":"cs"}]}},"_links":{"self":[{"href":"https:\/\/artgallery-passage.com\/cs\/wp-json\/wp\/v2\/product\/1781"}],"collection":[{"href":"https:\/\/artgallery-passage.com\/cs\/wp-json\/wp\/v2\/product"}],"about":[{"href":"https:\/\/artgallery-passage.com\/cs\/wp-json\/wp\/v2\/types\/product"}],"wp:featuredmedia":[{"embeddable":true,"href":"https:\/\/artgallery-passage.com\/cs\/wp-json\/wp\/v2\/media\/1771"}],"wp:attachment":[{"href":"https:\/\/artgallery-passage.com\/cs\/wp-json\/wp\/v2\/media?parent=1781"}],"wp:term":[{"taxonomy":"product_cat","embeddable":true,"href":"https:\/\/artgallery-passage.com\/cs\/wp-json\/wp\/v2\/product_cat?post=1781"},{"taxonomy":"product_tag","embeddable":true,"href":"https:\/\/artgallery-passage.com\/cs\/wp-json\/wp\/v2\/product_tag?post=1781"}],"curies":[{"name":"wp","href":"https:\/\/api.w.org\/{rel}","templated":true}]}}