{"id":1783,"date":"2023-10-02T12:50:04","date_gmt":"2023-10-02T10:50:04","guid":{"rendered":"https:\/\/artgallery-passage.com\/?post_type=product&#038;p=1783"},"modified":"2023-10-09T10:13:57","modified_gmt":"2023-10-09T08:13:57","slug":"fin-troppo-damore-drivela-lasky-pop","status":"publish","type":"product","link":"https:\/\/artgallery-passage.com\/cs\/d\u00edlo\/fin-troppo-damore-drivela-lasky-pop\/","title":{"rendered":"Fin troppo d&#8217;amore &#8222;P\u0159\u00edli\u0161 mnoho l\u00e1sky; POP&#8220;"},"content":{"rendered":"<p><strong>Autor:<\/strong> D\u00e1\u0161a Kr\u010dm\u00e1rikov\u00e1<br \/>\n<strong>Velikost: <\/strong>70&#215;70<br \/>\n<strong>Typ:<\/strong> olej na pl\u00e1tn\u011b<br \/>\n<strong>Rok vytvo\u0159en\u00ed<\/strong>: 2023<\/p>\n<p><strong>Popis:<\/strong><\/p>\n<p>Jedn\u00e1 se o druhou verzi t\u00e9matu n\u00e1sil\u00ed. Sv\u011btlou a \u017elutou barvou upozor\u0148uji na st\u0159ed temn\u00e9ho, tajemn\u00e9ho prostoru, kde se n\u011bco d\u011bje nebo kde se chyst\u00e1 nep\u0159\u00edjemn\u00e9 p\u0159ekvapen\u00ed. \u017dlut\u00e1 barva je v civilizaci i v p\u0159\u00edrod\u011b \u010dasto spojov\u00e1na s varov\u00e1n\u00edm, v\u00fdzvou k pozornosti. Tento obraz se z\u00fa\u010dastnil, byl za\u0159azen do katalogu a vystaven u p\u0159\u00edle\u017eitosti Biennale internazionale d&#8217;arte di Asolo, Asolo, It\u00e1lie.<\/p>\n","protected":false},"excerpt":{"rendered":"<p><strong>Autor:<\/strong> D\u00e1\u0161a Kr\u010dm\u00e1rikov\u00e1<br \/>\n<strong>Velikost: <\/strong>70&#215;70<br \/>\n<strong>Typ:<\/strong> olej na pl\u00e1tn\u011b<\/p>\n","protected":false},"featured_media":1773,"template":"","meta":[],"product_cat":[148],"product_tag":[],"yoast_head":"<!-- This site is optimized with the Yoast SEO plugin v20.3 - https:\/\/yoast.com\/wordpress\/plugins\/seo\/ -->\n<title>Fin troppo d&#039;amore &quot;P\u0159\u00edli\u0161 mnoho l\u00e1sky; POP&quot; - ART GALLERY PASSAGE<\/title>\n<meta name=\"robots\" content=\"index, follow, max-snippet:-1, max-image-preview:large, max-video-preview:-1\" \/>\n<link rel=\"canonical\" href=\"https:\/\/artgallery-passage.com\/cs\/d\u00edlo\/fin-troppo-damore-drivela-lasky-pop\/\" \/>\n<meta property=\"og:locale\" content=\"cs_CZ\" \/>\n<meta property=\"og:type\" content=\"article\" \/>\n<meta property=\"og:title\" content=\"Fin troppo d&#039;amore &quot;P\u0159\u00edli\u0161 mnoho l\u00e1sky; POP&quot; - ART GALLERY PASSAGE\" \/>\n<meta property=\"og:description\" content=\"Autor: D\u00e1\u0161a Kr\u010dm\u00e1rikov\u00e1 Velikost: 70x70 Typ: olej na pl\u00e1tn\u011b\" \/>\n<meta property=\"og:url\" content=\"https:\/\/artgallery-passage.com\/cs\/d\u00edlo\/fin-troppo-damore-drivela-lasky-pop\/\" \/>\n<meta property=\"og:site_name\" content=\"ART GALLERY PASSAGE\" \/>\n<meta property=\"article:modified_time\" content=\"2023-10-09T08:13:57+00:00\" \/>\n<meta property=\"og:image\" content=\"https:\/\/artgallery-passage.com\/wp-content\/uploads\/2023\/10\/Fintroppo-damore_-POP.-70x70cm.jpg\" \/>\n\t<meta property=\"og:image:width\" content=\"801\" \/>\n\t<meta property=\"og:image:height\" content=\"800\" \/>\n\t<meta property=\"og:image:type\" content=\"image\/jpeg\" \/>\n<meta name=\"twitter:card\" content=\"summary_large_image\" \/>\n<meta name=\"twitter:label1\" content=\"Est. reading time\" \/>\n\t<meta name=\"twitter:data1\" content=\"1 minuta\" \/>\n<script type=\"application\/ld+json\" class=\"yoast-schema-graph\">{\"@context\":\"https:\/\/schema.org\",\"@graph\":[{\"@type\":\"WebPage\",\"@id\":\"https:\/\/artgallery-passage.com\/cs\/d\u00edlo\/fin-troppo-damore-drivela-lasky-pop\/\",\"url\":\"https:\/\/artgallery-passage.com\/cs\/d\u00edlo\/fin-troppo-damore-drivela-lasky-pop\/\",\"name\":\"Fin troppo d'amore \\\"P\u0159\u00edli\u0161 mnoho l\u00e1sky; POP\\\" - ART GALLERY PASSAGE\",\"isPartOf\":{\"@id\":\"https:\/\/artgallery-passage.com\/cs\/#website\"},\"datePublished\":\"2023-10-02T10:50:04+00:00\",\"dateModified\":\"2023-10-09T08:13:57+00:00\",\"breadcrumb\":{\"@id\":\"https:\/\/artgallery-passage.com\/cs\/d\u00edlo\/fin-troppo-damore-drivela-lasky-pop\/#breadcrumb\"},\"inLanguage\":\"cs\",\"potentialAction\":[{\"@type\":\"ReadAction\",\"target\":[\"https:\/\/artgallery-passage.com\/cs\/d\u00edlo\/fin-troppo-damore-drivela-lasky-pop\/\"]}]},{\"@type\":\"BreadcrumbList\",\"@id\":\"https:\/\/artgallery-passage.com\/cs\/d\u00edlo\/fin-troppo-damore-drivela-lasky-pop\/#breadcrumb\",\"itemListElement\":[{\"@type\":\"ListItem\",\"position\":1,\"name\":\"Domovsk\u00e1 str\u00e1nka\",\"item\":\"https:\/\/artgallery-passage.com\/cs\/\"},{\"@type\":\"ListItem\",\"position\":2,\"name\":\"Obrazy\",\"item\":\"https:\/\/artgallery-passage.com\/cs\/obrazy\/\"},{\"@type\":\"ListItem\",\"position\":3,\"name\":\"Fin troppo d&#8217;amore &#8222;P\u0159\u00edli\u0161 mnoho l\u00e1sky; POP&#8220;\"}]},{\"@type\":\"WebSite\",\"@id\":\"https:\/\/artgallery-passage.com\/cs\/#website\",\"url\":\"https:\/\/artgallery-passage.com\/cs\/\",\"name\":\"ART GALLERY PASSAGE\",\"description\":\"Ru\u010dne ma\u013eovan\u00e9 obrazy\",\"potentialAction\":[{\"@type\":\"SearchAction\",\"target\":{\"@type\":\"EntryPoint\",\"urlTemplate\":\"https:\/\/artgallery-passage.com\/cs\/?s={search_term_string}\"},\"query-input\":\"required name=search_term_string\"}],\"inLanguage\":\"cs\"}]}<\/script>\n<!-- \/ Yoast SEO plugin. -->","yoast_head_json":{"title":"Fin troppo d'amore \"P\u0159\u00edli\u0161 mnoho l\u00e1sky; POP\" - ART GALLERY PASSAGE","robots":{"index":"index","follow":"follow","max-snippet":"max-snippet:-1","max-image-preview":"max-image-preview:large","max-video-preview":"max-video-preview:-1"},"canonical":"https:\/\/artgallery-passage.com\/cs\/d\u00edlo\/fin-troppo-damore-drivela-lasky-pop\/","og_locale":"cs_CZ","og_type":"article","og_title":"Fin troppo d'amore \"P\u0159\u00edli\u0161 mnoho l\u00e1sky; POP\" - ART GALLERY PASSAGE","og_description":"Autor: D\u00e1\u0161a Kr\u010dm\u00e1rikov\u00e1 Velikost: 70x70 Typ: olej na pl\u00e1tn\u011b","og_url":"https:\/\/artgallery-passage.com\/cs\/d\u00edlo\/fin-troppo-damore-drivela-lasky-pop\/","og_site_name":"ART GALLERY PASSAGE","article_modified_time":"2023-10-09T08:13:57+00:00","og_image":[{"width":801,"height":800,"url":"https:\/\/artgallery-passage.com\/wp-content\/uploads\/2023\/10\/Fintroppo-damore_-POP.-70x70cm.jpg","type":"image\/jpeg"}],"twitter_card":"summary_large_image","twitter_misc":{"Est. reading time":"1 minuta"},"schema":{"@context":"https:\/\/schema.org","@graph":[{"@type":"WebPage","@id":"https:\/\/artgallery-passage.com\/cs\/d\u00edlo\/fin-troppo-damore-drivela-lasky-pop\/","url":"https:\/\/artgallery-passage.com\/cs\/d\u00edlo\/fin-troppo-damore-drivela-lasky-pop\/","name":"Fin troppo d'amore \"P\u0159\u00edli\u0161 mnoho l\u00e1sky; POP\" - ART GALLERY PASSAGE","isPartOf":{"@id":"https:\/\/artgallery-passage.com\/cs\/#website"},"datePublished":"2023-10-02T10:50:04+00:00","dateModified":"2023-10-09T08:13:57+00:00","breadcrumb":{"@id":"https:\/\/artgallery-passage.com\/cs\/d\u00edlo\/fin-troppo-damore-drivela-lasky-pop\/#breadcrumb"},"inLanguage":"cs","potentialAction":[{"@type":"ReadAction","target":["https:\/\/artgallery-passage.com\/cs\/d\u00edlo\/fin-troppo-damore-drivela-lasky-pop\/"]}]},{"@type":"BreadcrumbList","@id":"https:\/\/artgallery-passage.com\/cs\/d\u00edlo\/fin-troppo-damore-drivela-lasky-pop\/#breadcrumb","itemListElement":[{"@type":"ListItem","position":1,"name":"Domovsk\u00e1 str\u00e1nka","item":"https:\/\/artgallery-passage.com\/cs\/"},{"@type":"ListItem","position":2,"name":"Obrazy","item":"https:\/\/artgallery-passage.com\/cs\/obrazy\/"},{"@type":"ListItem","position":3,"name":"Fin troppo d&#8217;amore &#8222;P\u0159\u00edli\u0161 mnoho l\u00e1sky; POP&#8220;"}]},{"@type":"WebSite","@id":"https:\/\/artgallery-passage.com\/cs\/#website","url":"https:\/\/artgallery-passage.com\/cs\/","name":"ART GALLERY PASSAGE","description":"Ru\u010dne ma\u013eovan\u00e9 obrazy","potentialAction":[{"@type":"SearchAction","target":{"@type":"EntryPoint","urlTemplate":"https:\/\/artgallery-passage.com\/cs\/?s={search_term_string}"},"query-input":"required name=search_term_string"}],"inLanguage":"cs"}]}},"_links":{"self":[{"href":"https:\/\/artgallery-passage.com\/cs\/wp-json\/wp\/v2\/product\/1783"}],"collection":[{"href":"https:\/\/artgallery-passage.com\/cs\/wp-json\/wp\/v2\/product"}],"about":[{"href":"https:\/\/artgallery-passage.com\/cs\/wp-json\/wp\/v2\/types\/product"}],"wp:featuredmedia":[{"embeddable":true,"href":"https:\/\/artgallery-passage.com\/cs\/wp-json\/wp\/v2\/media\/1773"}],"wp:attachment":[{"href":"https:\/\/artgallery-passage.com\/cs\/wp-json\/wp\/v2\/media?parent=1783"}],"wp:term":[{"taxonomy":"product_cat","embeddable":true,"href":"https:\/\/artgallery-passage.com\/cs\/wp-json\/wp\/v2\/product_cat?post=1783"},{"taxonomy":"product_tag","embeddable":true,"href":"https:\/\/artgallery-passage.com\/cs\/wp-json\/wp\/v2\/product_tag?post=1783"}],"curies":[{"name":"wp","href":"https:\/\/api.w.org\/{rel}","templated":true}]}}