{"id":1799,"date":"2023-09-25T19:26:44","date_gmt":"2023-09-25T17:26:44","guid":{"rendered":"https:\/\/artgallery-passage.com\/dielo\/gejsa\/"},"modified":"2023-10-02T13:06:51","modified_gmt":"2023-10-02T11:06:51","slug":"gay","status":"publish","type":"product","link":"https:\/\/artgallery-passage.com\/cs\/d\u00edlo\/gay\/","title":{"rendered":"Gej\u0161a"},"content":{"rendered":"<p><strong>Autor: IGOR NAVROTSKYI<br \/>\nN\u00e1zev: Olejomalba Gej\u0161a<br \/>\nRok: 2023<br \/>\nRozm\u011bry: 90 x 60 cm.<br \/>\nZna\u010den\u00ed: ru\u010dn\u011b dol\u016f<br \/>\nR\u00e1m: ne<br \/>\nMotiv: \u017e\u00e1nrov\u00fd portr\u00e9t<br \/>\nTechnika: olej na pl\u00e1tn\u011b<\/strong><\/p>\n","protected":false},"excerpt":{"rendered":"<p>Autor: IGOR NAVROTSKYI N\u00e1zev: Olejomalba Gej\u0161a Rok: 2023 Rozm\u011bry: 90 x 60 cm. Zna\u010den\u00ed: ru\u010dn\u011b dol\u016f R\u00e1m: ne Motiv: \u017e\u00e1nrov\u00fd portr\u00e9t Technika: olej na pl\u00e1tn\u011b<\/p>\n","protected":false},"featured_media":1764,"template":"","meta":[],"product_cat":[105,140],"product_tag":[141],"yoast_head":"<!-- This site is optimized with the Yoast SEO plugin v20.3 - https:\/\/yoast.com\/wordpress\/plugins\/seo\/ -->\n<title>Gej\u0161a - ART GALLERY PASSAGE<\/title>\n<meta name=\"description\" content=\"Olejomalba &quot;Gej\u0161a&quot; - olejomalba, krajiny, portr\u00e9ty a surrealismus, ru\u010dn\u011b malovan\u00e9 obrazy. Osv\u011bd\u010den\u00ed o p\u016fvodnosti. Rychl\u00e9 dod\u00e1n\u00ed.kr\u00e1sn\u00e9 olejomalby\" \/>\n<meta name=\"robots\" content=\"index, follow, max-snippet:-1, max-image-preview:large, max-video-preview:-1\" \/>\n<link rel=\"canonical\" href=\"https:\/\/artgallery-passage.com\/cs\/d\u00edlo\/gay\/\" \/>\n<meta property=\"og:locale\" content=\"cs_CZ\" \/>\n<meta property=\"og:type\" content=\"article\" \/>\n<meta property=\"og:title\" content=\"Gej\u0161a - ART GALLERY PASSAGE\" \/>\n<meta property=\"og:description\" content=\"Olejomalba &quot;Gej\u0161a&quot; - olejomalba, krajiny, portr\u00e9ty a surrealismus, ru\u010dn\u011b malovan\u00e9 obrazy. Osv\u011bd\u010den\u00ed o p\u016fvodnosti. Rychl\u00e9 dod\u00e1n\u00ed.kr\u00e1sn\u00e9 olejomalby\" \/>\n<meta property=\"og:url\" content=\"https:\/\/artgallery-passage.com\/cs\/d\u00edlo\/gay\/\" \/>\n<meta property=\"og:site_name\" content=\"ART GALLERY PASSAGE\" \/>\n<meta property=\"article:modified_time\" content=\"2023-10-02T11:06:51+00:00\" \/>\n<meta property=\"og:image\" content=\"https:\/\/artgallery-passage.com\/wp-content\/uploads\/2023\/09\/DSCF6059.jpg\" \/>\n\t<meta property=\"og:image:width\" content=\"1300\" \/>\n\t<meta property=\"og:image:height\" content=\"1992\" \/>\n\t<meta property=\"og:image:type\" content=\"image\/jpeg\" \/>\n<meta name=\"twitter:card\" content=\"summary_large_image\" \/>\n<script type=\"application\/ld+json\" class=\"yoast-schema-graph\">{\"@context\":\"https:\/\/schema.org\",\"@graph\":[{\"@type\":\"WebPage\",\"@id\":\"https:\/\/artgallery-passage.com\/cs\/d\u00edlo\/gay\/\",\"url\":\"https:\/\/artgallery-passage.com\/cs\/d\u00edlo\/gay\/\",\"name\":\"Gej\u0161a - ART GALLERY PASSAGE\",\"isPartOf\":{\"@id\":\"https:\/\/artgallery-passage.com\/cs\/#website\"},\"datePublished\":\"2023-09-25T17:26:44+00:00\",\"dateModified\":\"2023-10-02T11:06:51+00:00\",\"description\":\"Olejomalba \\\"Gej\u0161a\\\" - olejomalba, krajiny, portr\u00e9ty a surrealismus, ru\u010dn\u011b malovan\u00e9 obrazy. Osv\u011bd\u010den\u00ed o p\u016fvodnosti. Rychl\u00e9 dod\u00e1n\u00ed.kr\u00e1sn\u00e9 olejomalby\",\"breadcrumb\":{\"@id\":\"https:\/\/artgallery-passage.com\/cs\/d\u00edlo\/gay\/#breadcrumb\"},\"inLanguage\":\"cs\",\"potentialAction\":[{\"@type\":\"ReadAction\",\"target\":[\"https:\/\/artgallery-passage.com\/cs\/d\u00edlo\/gay\/\"]}]},{\"@type\":\"BreadcrumbList\",\"@id\":\"https:\/\/artgallery-passage.com\/cs\/d\u00edlo\/gay\/#breadcrumb\",\"itemListElement\":[{\"@type\":\"ListItem\",\"position\":1,\"name\":\"Domovsk\u00e1 str\u00e1nka\",\"item\":\"https:\/\/artgallery-passage.com\/cs\/\"},{\"@type\":\"ListItem\",\"position\":2,\"name\":\"Obrazy\",\"item\":\"https:\/\/artgallery-passage.com\/cs\/obrazy\/\"},{\"@type\":\"ListItem\",\"position\":3,\"name\":\"Gej\u0161a\"}]},{\"@type\":\"WebSite\",\"@id\":\"https:\/\/artgallery-passage.com\/cs\/#website\",\"url\":\"https:\/\/artgallery-passage.com\/cs\/\",\"name\":\"ART GALLERY PASSAGE\",\"description\":\"Ru\u010dne ma\u013eovan\u00e9 obrazy\",\"potentialAction\":[{\"@type\":\"SearchAction\",\"target\":{\"@type\":\"EntryPoint\",\"urlTemplate\":\"https:\/\/artgallery-passage.com\/cs\/?s={search_term_string}\"},\"query-input\":\"required name=search_term_string\"}],\"inLanguage\":\"cs\"}]}<\/script>\n<!-- \/ Yoast SEO plugin. -->","yoast_head_json":{"title":"Gej\u0161a - ART GALLERY PASSAGE","description":"Olejomalba \"Gej\u0161a\" - olejomalba, krajiny, portr\u00e9ty a surrealismus, ru\u010dn\u011b malovan\u00e9 obrazy. Osv\u011bd\u010den\u00ed o p\u016fvodnosti. Rychl\u00e9 dod\u00e1n\u00ed.kr\u00e1sn\u00e9 olejomalby","robots":{"index":"index","follow":"follow","max-snippet":"max-snippet:-1","max-image-preview":"max-image-preview:large","max-video-preview":"max-video-preview:-1"},"canonical":"https:\/\/artgallery-passage.com\/cs\/d\u00edlo\/gay\/","og_locale":"cs_CZ","og_type":"article","og_title":"Gej\u0161a - ART GALLERY PASSAGE","og_description":"Olejomalba \"Gej\u0161a\" - olejomalba, krajiny, portr\u00e9ty a surrealismus, ru\u010dn\u011b malovan\u00e9 obrazy. Osv\u011bd\u010den\u00ed o p\u016fvodnosti. Rychl\u00e9 dod\u00e1n\u00ed.kr\u00e1sn\u00e9 olejomalby","og_url":"https:\/\/artgallery-passage.com\/cs\/d\u00edlo\/gay\/","og_site_name":"ART GALLERY PASSAGE","article_modified_time":"2023-10-02T11:06:51+00:00","og_image":[{"width":1300,"height":1992,"url":"https:\/\/artgallery-passage.com\/wp-content\/uploads\/2023\/09\/DSCF6059.jpg","type":"image\/jpeg"}],"twitter_card":"summary_large_image","schema":{"@context":"https:\/\/schema.org","@graph":[{"@type":"WebPage","@id":"https:\/\/artgallery-passage.com\/cs\/d\u00edlo\/gay\/","url":"https:\/\/artgallery-passage.com\/cs\/d\u00edlo\/gay\/","name":"Gej\u0161a - ART GALLERY PASSAGE","isPartOf":{"@id":"https:\/\/artgallery-passage.com\/cs\/#website"},"datePublished":"2023-09-25T17:26:44+00:00","dateModified":"2023-10-02T11:06:51+00:00","description":"Olejomalba \"Gej\u0161a\" - olejomalba, krajiny, portr\u00e9ty a surrealismus, ru\u010dn\u011b malovan\u00e9 obrazy. Osv\u011bd\u010den\u00ed o p\u016fvodnosti. Rychl\u00e9 dod\u00e1n\u00ed.kr\u00e1sn\u00e9 olejomalby","breadcrumb":{"@id":"https:\/\/artgallery-passage.com\/cs\/d\u00edlo\/gay\/#breadcrumb"},"inLanguage":"cs","potentialAction":[{"@type":"ReadAction","target":["https:\/\/artgallery-passage.com\/cs\/d\u00edlo\/gay\/"]}]},{"@type":"BreadcrumbList","@id":"https:\/\/artgallery-passage.com\/cs\/d\u00edlo\/gay\/#breadcrumb","itemListElement":[{"@type":"ListItem","position":1,"name":"Domovsk\u00e1 str\u00e1nka","item":"https:\/\/artgallery-passage.com\/cs\/"},{"@type":"ListItem","position":2,"name":"Obrazy","item":"https:\/\/artgallery-passage.com\/cs\/obrazy\/"},{"@type":"ListItem","position":3,"name":"Gej\u0161a"}]},{"@type":"WebSite","@id":"https:\/\/artgallery-passage.com\/cs\/#website","url":"https:\/\/artgallery-passage.com\/cs\/","name":"ART GALLERY PASSAGE","description":"Ru\u010dne ma\u013eovan\u00e9 obrazy","potentialAction":[{"@type":"SearchAction","target":{"@type":"EntryPoint","urlTemplate":"https:\/\/artgallery-passage.com\/cs\/?s={search_term_string}"},"query-input":"required name=search_term_string"}],"inLanguage":"cs"}]}},"_links":{"self":[{"href":"https:\/\/artgallery-passage.com\/cs\/wp-json\/wp\/v2\/product\/1799"}],"collection":[{"href":"https:\/\/artgallery-passage.com\/cs\/wp-json\/wp\/v2\/product"}],"about":[{"href":"https:\/\/artgallery-passage.com\/cs\/wp-json\/wp\/v2\/types\/product"}],"wp:featuredmedia":[{"embeddable":true,"href":"https:\/\/artgallery-passage.com\/cs\/wp-json\/wp\/v2\/media\/1764"}],"wp:attachment":[{"href":"https:\/\/artgallery-passage.com\/cs\/wp-json\/wp\/v2\/media?parent=1799"}],"wp:term":[{"taxonomy":"product_cat","embeddable":true,"href":"https:\/\/artgallery-passage.com\/cs\/wp-json\/wp\/v2\/product_cat?post=1799"},{"taxonomy":"product_tag","embeddable":true,"href":"https:\/\/artgallery-passage.com\/cs\/wp-json\/wp\/v2\/product_tag?post=1799"}],"curies":[{"name":"wp","href":"https:\/\/api.w.org\/{rel}","templated":true}]}}