{"id":1868,"date":"2023-10-18T12:14:36","date_gmt":"2023-10-18T10:14:36","guid":{"rendered":"https:\/\/artgallery-passage.com\/?post_type=product&#038;p=1868"},"modified":"2023-10-18T12:38:36","modified_gmt":"2023-10-18T10:38:36","slug":"prvy-sneh","status":"publish","type":"product","link":"https:\/\/artgallery-passage.com\/cs\/d\u00edlo\/prvy-sneh\/","title":{"rendered":"Prvn\u00ed sn\u00edh"},"content":{"rendered":"<p><strong>Autor<\/strong> Tanja Frost<br \/>\n<strong>Velikost: <\/strong>70&#215;80<br \/>\n<strong>Typ:<\/strong><br \/>\n<strong>Rok vytvo\u0159en\u00ed:<\/strong><\/p>\n<p><strong>Popis:<\/strong><br \/>\nPrvn\u00ed sn\u00edh je jako p\u0159\u00edslib, \u017ee v\u0161e teprve p\u0159ijde. Bude v po\u0159\u00e1dku. Zasn\u011b\u017een\u00fd les na obraze navozuje pocit \u010derstv\u00e9ho vzduchu a zimy.Stromy jsou pokryty vrstvou b\u00edl\u00e9ho sn\u011bhu a jejich v\u011btve se pod jeho t\u00edhou vln\u00ed a vytv\u00e1\u0159ej\u00ed m\u011bkk\u00e9 a kr\u00e1sn\u00e9 oblouky. Lesn\u00ed cesta vede hluboko do zasn\u011b\u017een\u00e9ho lesa a dod\u00e1v\u00e1 obrazu dojem klidu a pohody.<\/p>\n","protected":false},"excerpt":{"rendered":"<p><strong>Autor<\/strong> Tanja Frost<br \/>\n<strong>Velikost: <\/strong>70&#215;80<\/p>\n","protected":false},"featured_media":1854,"template":"","meta":[],"product_cat":[148],"product_tag":[],"yoast_head":"<!-- This site is optimized with the Yoast SEO plugin v20.3 - https:\/\/yoast.com\/wordpress\/plugins\/seo\/ -->\n<title>Prvn\u00ed sn\u00edh - ART GALLERY PASSAGE<\/title>\n<meta name=\"robots\" content=\"index, follow, max-snippet:-1, max-image-preview:large, max-video-preview:-1\" \/>\n<link rel=\"canonical\" href=\"https:\/\/artgallery-passage.com\/cs\/d\u00edlo\/prvy-sneh\/\" \/>\n<meta property=\"og:locale\" content=\"cs_CZ\" \/>\n<meta property=\"og:type\" content=\"article\" \/>\n<meta property=\"og:title\" content=\"Prvn\u00ed sn\u00edh - ART GALLERY PASSAGE\" \/>\n<meta property=\"og:description\" content=\"Autor Tanja Frost Velikost: 70x80\" \/>\n<meta property=\"og:url\" content=\"https:\/\/artgallery-passage.com\/cs\/d\u00edlo\/prvy-sneh\/\" \/>\n<meta property=\"og:site_name\" content=\"ART GALLERY PASSAGE\" \/>\n<meta property=\"article:modified_time\" content=\"2023-10-18T10:38:36+00:00\" \/>\n<meta property=\"og:image\" content=\"https:\/\/artgallery-passage.com\/wp-content\/uploads\/2023\/10\/3.jpg\" \/>\n\t<meta property=\"og:image:width\" content=\"696\" \/>\n\t<meta property=\"og:image:height\" content=\"800\" \/>\n\t<meta property=\"og:image:type\" content=\"image\/jpeg\" \/>\n<meta name=\"twitter:card\" content=\"summary_large_image\" \/>\n<meta name=\"twitter:label1\" content=\"Est. reading time\" \/>\n\t<meta name=\"twitter:data1\" content=\"1 minuta\" \/>\n<script type=\"application\/ld+json\" class=\"yoast-schema-graph\">{\"@context\":\"https:\/\/schema.org\",\"@graph\":[{\"@type\":\"WebPage\",\"@id\":\"https:\/\/artgallery-passage.com\/cs\/d\u00edlo\/prvy-sneh\/\",\"url\":\"https:\/\/artgallery-passage.com\/cs\/d\u00edlo\/prvy-sneh\/\",\"name\":\"Prvn\u00ed sn\u00edh - ART GALLERY PASSAGE\",\"isPartOf\":{\"@id\":\"https:\/\/artgallery-passage.com\/cs\/#website\"},\"datePublished\":\"2023-10-18T10:14:36+00:00\",\"dateModified\":\"2023-10-18T10:38:36+00:00\",\"breadcrumb\":{\"@id\":\"https:\/\/artgallery-passage.com\/cs\/d\u00edlo\/prvy-sneh\/#breadcrumb\"},\"inLanguage\":\"cs\",\"potentialAction\":[{\"@type\":\"ReadAction\",\"target\":[\"https:\/\/artgallery-passage.com\/cs\/d\u00edlo\/prvy-sneh\/\"]}]},{\"@type\":\"BreadcrumbList\",\"@id\":\"https:\/\/artgallery-passage.com\/cs\/d\u00edlo\/prvy-sneh\/#breadcrumb\",\"itemListElement\":[{\"@type\":\"ListItem\",\"position\":1,\"name\":\"Domovsk\u00e1 str\u00e1nka\",\"item\":\"https:\/\/artgallery-passage.com\/cs\/\"},{\"@type\":\"ListItem\",\"position\":2,\"name\":\"Obrazy\",\"item\":\"https:\/\/artgallery-passage.com\/cs\/obrazy\/\"},{\"@type\":\"ListItem\",\"position\":3,\"name\":\"Prvn\u00ed sn\u00edh\"}]},{\"@type\":\"WebSite\",\"@id\":\"https:\/\/artgallery-passage.com\/cs\/#website\",\"url\":\"https:\/\/artgallery-passage.com\/cs\/\",\"name\":\"ART GALLERY PASSAGE\",\"description\":\"Ru\u010dne ma\u013eovan\u00e9 obrazy\",\"potentialAction\":[{\"@type\":\"SearchAction\",\"target\":{\"@type\":\"EntryPoint\",\"urlTemplate\":\"https:\/\/artgallery-passage.com\/cs\/?s={search_term_string}\"},\"query-input\":\"required name=search_term_string\"}],\"inLanguage\":\"cs\"}]}<\/script>\n<!-- \/ Yoast SEO plugin. -->","yoast_head_json":{"title":"Prvn\u00ed sn\u00edh - ART GALLERY PASSAGE","robots":{"index":"index","follow":"follow","max-snippet":"max-snippet:-1","max-image-preview":"max-image-preview:large","max-video-preview":"max-video-preview:-1"},"canonical":"https:\/\/artgallery-passage.com\/cs\/d\u00edlo\/prvy-sneh\/","og_locale":"cs_CZ","og_type":"article","og_title":"Prvn\u00ed sn\u00edh - ART GALLERY PASSAGE","og_description":"Autor Tanja Frost Velikost: 70x80","og_url":"https:\/\/artgallery-passage.com\/cs\/d\u00edlo\/prvy-sneh\/","og_site_name":"ART GALLERY PASSAGE","article_modified_time":"2023-10-18T10:38:36+00:00","og_image":[{"width":696,"height":800,"url":"https:\/\/artgallery-passage.com\/wp-content\/uploads\/2023\/10\/3.jpg","type":"image\/jpeg"}],"twitter_card":"summary_large_image","twitter_misc":{"Est. reading time":"1 minuta"},"schema":{"@context":"https:\/\/schema.org","@graph":[{"@type":"WebPage","@id":"https:\/\/artgallery-passage.com\/cs\/d\u00edlo\/prvy-sneh\/","url":"https:\/\/artgallery-passage.com\/cs\/d\u00edlo\/prvy-sneh\/","name":"Prvn\u00ed sn\u00edh - ART GALLERY PASSAGE","isPartOf":{"@id":"https:\/\/artgallery-passage.com\/cs\/#website"},"datePublished":"2023-10-18T10:14:36+00:00","dateModified":"2023-10-18T10:38:36+00:00","breadcrumb":{"@id":"https:\/\/artgallery-passage.com\/cs\/d\u00edlo\/prvy-sneh\/#breadcrumb"},"inLanguage":"cs","potentialAction":[{"@type":"ReadAction","target":["https:\/\/artgallery-passage.com\/cs\/d\u00edlo\/prvy-sneh\/"]}]},{"@type":"BreadcrumbList","@id":"https:\/\/artgallery-passage.com\/cs\/d\u00edlo\/prvy-sneh\/#breadcrumb","itemListElement":[{"@type":"ListItem","position":1,"name":"Domovsk\u00e1 str\u00e1nka","item":"https:\/\/artgallery-passage.com\/cs\/"},{"@type":"ListItem","position":2,"name":"Obrazy","item":"https:\/\/artgallery-passage.com\/cs\/obrazy\/"},{"@type":"ListItem","position":3,"name":"Prvn\u00ed sn\u00edh"}]},{"@type":"WebSite","@id":"https:\/\/artgallery-passage.com\/cs\/#website","url":"https:\/\/artgallery-passage.com\/cs\/","name":"ART GALLERY PASSAGE","description":"Ru\u010dne ma\u013eovan\u00e9 obrazy","potentialAction":[{"@type":"SearchAction","target":{"@type":"EntryPoint","urlTemplate":"https:\/\/artgallery-passage.com\/cs\/?s={search_term_string}"},"query-input":"required name=search_term_string"}],"inLanguage":"cs"}]}},"_links":{"self":[{"href":"https:\/\/artgallery-passage.com\/cs\/wp-json\/wp\/v2\/product\/1868"}],"collection":[{"href":"https:\/\/artgallery-passage.com\/cs\/wp-json\/wp\/v2\/product"}],"about":[{"href":"https:\/\/artgallery-passage.com\/cs\/wp-json\/wp\/v2\/types\/product"}],"wp:featuredmedia":[{"embeddable":true,"href":"https:\/\/artgallery-passage.com\/cs\/wp-json\/wp\/v2\/media\/1854"}],"wp:attachment":[{"href":"https:\/\/artgallery-passage.com\/cs\/wp-json\/wp\/v2\/media?parent=1868"}],"wp:term":[{"taxonomy":"product_cat","embeddable":true,"href":"https:\/\/artgallery-passage.com\/cs\/wp-json\/wp\/v2\/product_cat?post=1868"},{"taxonomy":"product_tag","embeddable":true,"href":"https:\/\/artgallery-passage.com\/cs\/wp-json\/wp\/v2\/product_tag?post=1868"}],"curies":[{"name":"wp","href":"https:\/\/api.w.org\/{rel}","templated":true}]}}