{"id":1870,"date":"2023-10-18T12:16:46","date_gmt":"2023-10-18T10:16:46","guid":{"rendered":"https:\/\/artgallery-passage.com\/?post_type=product&#038;p=1870"},"modified":"2023-10-18T12:38:38","modified_gmt":"2023-10-18T10:38:38","slug":"vasen-a-neha","status":"publish","type":"product","link":"https:\/\/artgallery-passage.com\/cs\/d\u00edlo\/vasen-a-neha\/","title":{"rendered":"V\u00e1\u0161e\u0148 a n\u011bha"},"content":{"rendered":"<p><strong>Autor<\/strong> Tanja Frost<br \/>\n<strong>Velikost: <\/strong>80&#215;100<br \/>\n<strong>Typ:<\/strong><br \/>\n<strong>Rok vytvo\u0159en\u00ed:<\/strong><\/p>\n<p><strong>Popis:<\/strong><br \/>\nNamalovala jsem v\u0161echny barvy sv\u00fdch emoc\u00ed, proto\u017ee jsou pravdiv\u00e9 a siln\u00e9.Miluji divok\u00e9 kv\u011btiny! Pot\u011b\u0161\u00ed n\u00e1s v\u0161emi barvami duhy, dodaj\u00ed n\u00e1m v\u016fni a zvl\u00e1\u0161tn\u00ed letn\u00ed teplo. I kdy\u017e te\u010f nekvetou &#8211; podrobn\u011b si je pamatuji a vymyslela jsem tento obraz. Je skute\u010dn\u00fd a fantaskn\u00ed z\u00e1rove\u0148. Kv\u011btinov\u00e9 kouzlo na pl\u00e1tn\u011b. Pou\u017eila jsem v\u00edcevrstvou techniku, tento obraz je neopakovateln\u00fdm skvostem pro v\u00e1\u0161 domov.<\/p>\n","protected":false},"excerpt":{"rendered":"<p><strong>Autor<\/strong> Tanja Frost<br \/>\n<strong>Velikost: <\/strong>80&#215;100<\/p>\n","protected":false},"featured_media":1856,"template":"","meta":[],"product_cat":[148],"product_tag":[],"yoast_head":"<!-- This site is optimized with the Yoast SEO plugin v20.3 - https:\/\/yoast.com\/wordpress\/plugins\/seo\/ -->\n<title>V\u00e1\u0161e\u0148 a n\u011bha - ART GALLERY PASSAGE<\/title>\n<meta name=\"robots\" content=\"index, follow, max-snippet:-1, max-image-preview:large, max-video-preview:-1\" \/>\n<link rel=\"canonical\" href=\"https:\/\/artgallery-passage.com\/cs\/d\u00edlo\/vasen-a-neha\/\" \/>\n<meta property=\"og:locale\" content=\"cs_CZ\" \/>\n<meta property=\"og:type\" content=\"article\" \/>\n<meta property=\"og:title\" content=\"V\u00e1\u0161e\u0148 a n\u011bha - ART GALLERY PASSAGE\" \/>\n<meta property=\"og:description\" content=\"Autor Tanja Frost Velikost: 80x100\" \/>\n<meta property=\"og:url\" content=\"https:\/\/artgallery-passage.com\/cs\/d\u00edlo\/vasen-a-neha\/\" \/>\n<meta property=\"og:site_name\" content=\"ART GALLERY PASSAGE\" \/>\n<meta property=\"article:modified_time\" content=\"2023-10-18T10:38:38+00:00\" \/>\n<meta property=\"og:image\" content=\"https:\/\/artgallery-passage.com\/wp-content\/uploads\/2023\/10\/4.jpg\" \/>\n\t<meta property=\"og:image:width\" content=\"1049\" \/>\n\t<meta property=\"og:image:height\" content=\"800\" \/>\n\t<meta property=\"og:image:type\" content=\"image\/jpeg\" \/>\n<meta name=\"twitter:card\" content=\"summary_large_image\" \/>\n<meta name=\"twitter:label1\" content=\"Est. reading time\" \/>\n\t<meta name=\"twitter:data1\" content=\"1 minuta\" \/>\n<script type=\"application\/ld+json\" class=\"yoast-schema-graph\">{\"@context\":\"https:\/\/schema.org\",\"@graph\":[{\"@type\":\"WebPage\",\"@id\":\"https:\/\/artgallery-passage.com\/cs\/d\u00edlo\/vasen-a-neha\/\",\"url\":\"https:\/\/artgallery-passage.com\/cs\/d\u00edlo\/vasen-a-neha\/\",\"name\":\"V\u00e1\u0161e\u0148 a n\u011bha - ART GALLERY PASSAGE\",\"isPartOf\":{\"@id\":\"https:\/\/artgallery-passage.com\/cs\/#website\"},\"datePublished\":\"2023-10-18T10:16:46+00:00\",\"dateModified\":\"2023-10-18T10:38:38+00:00\",\"breadcrumb\":{\"@id\":\"https:\/\/artgallery-passage.com\/cs\/d\u00edlo\/vasen-a-neha\/#breadcrumb\"},\"inLanguage\":\"cs\",\"potentialAction\":[{\"@type\":\"ReadAction\",\"target\":[\"https:\/\/artgallery-passage.com\/cs\/d\u00edlo\/vasen-a-neha\/\"]}]},{\"@type\":\"BreadcrumbList\",\"@id\":\"https:\/\/artgallery-passage.com\/cs\/d\u00edlo\/vasen-a-neha\/#breadcrumb\",\"itemListElement\":[{\"@type\":\"ListItem\",\"position\":1,\"name\":\"Domovsk\u00e1 str\u00e1nka\",\"item\":\"https:\/\/artgallery-passage.com\/cs\/\"},{\"@type\":\"ListItem\",\"position\":2,\"name\":\"Obrazy\",\"item\":\"https:\/\/artgallery-passage.com\/cs\/obrazy\/\"},{\"@type\":\"ListItem\",\"position\":3,\"name\":\"V\u00e1\u0161e\u0148 a n\u011bha\"}]},{\"@type\":\"WebSite\",\"@id\":\"https:\/\/artgallery-passage.com\/cs\/#website\",\"url\":\"https:\/\/artgallery-passage.com\/cs\/\",\"name\":\"ART GALLERY PASSAGE\",\"description\":\"Ru\u010dne ma\u013eovan\u00e9 obrazy\",\"potentialAction\":[{\"@type\":\"SearchAction\",\"target\":{\"@type\":\"EntryPoint\",\"urlTemplate\":\"https:\/\/artgallery-passage.com\/cs\/?s={search_term_string}\"},\"query-input\":\"required name=search_term_string\"}],\"inLanguage\":\"cs\"}]}<\/script>\n<!-- \/ Yoast SEO plugin. -->","yoast_head_json":{"title":"V\u00e1\u0161e\u0148 a n\u011bha - ART GALLERY PASSAGE","robots":{"index":"index","follow":"follow","max-snippet":"max-snippet:-1","max-image-preview":"max-image-preview:large","max-video-preview":"max-video-preview:-1"},"canonical":"https:\/\/artgallery-passage.com\/cs\/d\u00edlo\/vasen-a-neha\/","og_locale":"cs_CZ","og_type":"article","og_title":"V\u00e1\u0161e\u0148 a n\u011bha - ART GALLERY PASSAGE","og_description":"Autor Tanja Frost Velikost: 80x100","og_url":"https:\/\/artgallery-passage.com\/cs\/d\u00edlo\/vasen-a-neha\/","og_site_name":"ART GALLERY PASSAGE","article_modified_time":"2023-10-18T10:38:38+00:00","og_image":[{"width":1049,"height":800,"url":"https:\/\/artgallery-passage.com\/wp-content\/uploads\/2023\/10\/4.jpg","type":"image\/jpeg"}],"twitter_card":"summary_large_image","twitter_misc":{"Est. reading time":"1 minuta"},"schema":{"@context":"https:\/\/schema.org","@graph":[{"@type":"WebPage","@id":"https:\/\/artgallery-passage.com\/cs\/d\u00edlo\/vasen-a-neha\/","url":"https:\/\/artgallery-passage.com\/cs\/d\u00edlo\/vasen-a-neha\/","name":"V\u00e1\u0161e\u0148 a n\u011bha - ART GALLERY PASSAGE","isPartOf":{"@id":"https:\/\/artgallery-passage.com\/cs\/#website"},"datePublished":"2023-10-18T10:16:46+00:00","dateModified":"2023-10-18T10:38:38+00:00","breadcrumb":{"@id":"https:\/\/artgallery-passage.com\/cs\/d\u00edlo\/vasen-a-neha\/#breadcrumb"},"inLanguage":"cs","potentialAction":[{"@type":"ReadAction","target":["https:\/\/artgallery-passage.com\/cs\/d\u00edlo\/vasen-a-neha\/"]}]},{"@type":"BreadcrumbList","@id":"https:\/\/artgallery-passage.com\/cs\/d\u00edlo\/vasen-a-neha\/#breadcrumb","itemListElement":[{"@type":"ListItem","position":1,"name":"Domovsk\u00e1 str\u00e1nka","item":"https:\/\/artgallery-passage.com\/cs\/"},{"@type":"ListItem","position":2,"name":"Obrazy","item":"https:\/\/artgallery-passage.com\/cs\/obrazy\/"},{"@type":"ListItem","position":3,"name":"V\u00e1\u0161e\u0148 a n\u011bha"}]},{"@type":"WebSite","@id":"https:\/\/artgallery-passage.com\/cs\/#website","url":"https:\/\/artgallery-passage.com\/cs\/","name":"ART GALLERY PASSAGE","description":"Ru\u010dne ma\u013eovan\u00e9 obrazy","potentialAction":[{"@type":"SearchAction","target":{"@type":"EntryPoint","urlTemplate":"https:\/\/artgallery-passage.com\/cs\/?s={search_term_string}"},"query-input":"required name=search_term_string"}],"inLanguage":"cs"}]}},"_links":{"self":[{"href":"https:\/\/artgallery-passage.com\/cs\/wp-json\/wp\/v2\/product\/1870"}],"collection":[{"href":"https:\/\/artgallery-passage.com\/cs\/wp-json\/wp\/v2\/product"}],"about":[{"href":"https:\/\/artgallery-passage.com\/cs\/wp-json\/wp\/v2\/types\/product"}],"wp:featuredmedia":[{"embeddable":true,"href":"https:\/\/artgallery-passage.com\/cs\/wp-json\/wp\/v2\/media\/1856"}],"wp:attachment":[{"href":"https:\/\/artgallery-passage.com\/cs\/wp-json\/wp\/v2\/media?parent=1870"}],"wp:term":[{"taxonomy":"product_cat","embeddable":true,"href":"https:\/\/artgallery-passage.com\/cs\/wp-json\/wp\/v2\/product_cat?post=1870"},{"taxonomy":"product_tag","embeddable":true,"href":"https:\/\/artgallery-passage.com\/cs\/wp-json\/wp\/v2\/product_tag?post=1870"}],"curies":[{"name":"wp","href":"https:\/\/api.w.org\/{rel}","templated":true}]}}