{"id":1872,"date":"2023-10-18T12:18:31","date_gmt":"2023-10-18T10:18:31","guid":{"rendered":"https:\/\/artgallery-passage.com\/?post_type=product&#038;p=1872"},"modified":"2023-10-18T12:38:40","modified_gmt":"2023-10-18T10:38:40","slug":"rajska-zahrada","status":"publish","type":"product","link":"https:\/\/artgallery-passage.com\/cs\/d\u00edlo\/rajska-zahrada\/","title":{"rendered":"Rajsk\u00e1 zahrada"},"content":{"rendered":"<p><strong>Autor<\/strong> Tanja Frost<br \/>\n<strong>Velikost: <\/strong>90&#215;70<br \/>\n<strong>Typ:<\/strong><br \/>\n<strong>Rok vytvo\u0159en\u00ed:<\/strong><\/p>\n<p><strong>Popis:<\/strong><br \/>\nTento obraz navozuje pocit klidu a harmonie, lu\u010dn\u00ed kv\u011bty vytv\u00e1\u0159ej\u00ed nezapomenuteln\u00fd okam\u017eik k\u0159ehk\u00e9ho \u017eivota. Jemn\u00e1 paleta n\u00e1dhern\u00fdch barev okouzl\u00ed svou kr\u00e1sou a eleganc\u00ed. V t\u00e9to rajsk\u00e9 zahrad\u011b se m\u016f\u017eete ztratit v kr\u00e1se p\u0159\u00edrody a naj\u00edt vnit\u0159n\u00ed klid. Je to um\u011bleck\u00e9 d\u00edlo, kter\u00e9 v n\u00e1s zanech\u00e1 nesmazateln\u00fd dojem svou jedine\u010dnou kr\u00e1sou.<\/p>\n","protected":false},"excerpt":{"rendered":"<p><strong>Autor<\/strong> Tanja Frost<br \/>\n<strong>Velikost: <\/strong>90&#215;70<\/p>\n","protected":false},"featured_media":1858,"template":"","meta":[],"product_cat":[148],"product_tag":[],"yoast_head":"<!-- This site is optimized with the Yoast SEO plugin v20.3 - https:\/\/yoast.com\/wordpress\/plugins\/seo\/ -->\n<title>Rajsk\u00e1 zahrada - ART GALLERY PASSAGE<\/title>\n<meta name=\"robots\" content=\"index, follow, max-snippet:-1, max-image-preview:large, max-video-preview:-1\" \/>\n<link rel=\"canonical\" href=\"https:\/\/artgallery-passage.com\/cs\/d\u00edlo\/rajska-zahrada\/\" \/>\n<meta property=\"og:locale\" content=\"cs_CZ\" \/>\n<meta property=\"og:type\" content=\"article\" \/>\n<meta property=\"og:title\" content=\"Rajsk\u00e1 zahrada - ART GALLERY PASSAGE\" \/>\n<meta property=\"og:description\" content=\"Autor Tanja Frost Velikost: 90x70\" \/>\n<meta property=\"og:url\" content=\"https:\/\/artgallery-passage.com\/cs\/d\u00edlo\/rajska-zahrada\/\" \/>\n<meta property=\"og:site_name\" content=\"ART GALLERY PASSAGE\" \/>\n<meta property=\"article:modified_time\" content=\"2023-10-18T10:38:40+00:00\" \/>\n<meta property=\"og:image\" content=\"https:\/\/artgallery-passage.com\/wp-content\/uploads\/2023\/10\/5.jpg\" \/>\n\t<meta property=\"og:image:width\" content=\"1033\" \/>\n\t<meta property=\"og:image:height\" content=\"800\" \/>\n\t<meta property=\"og:image:type\" content=\"image\/jpeg\" \/>\n<meta name=\"twitter:card\" content=\"summary_large_image\" \/>\n<meta name=\"twitter:label1\" content=\"Est. reading time\" \/>\n\t<meta name=\"twitter:data1\" content=\"1 minuta\" \/>\n<script type=\"application\/ld+json\" class=\"yoast-schema-graph\">{\"@context\":\"https:\/\/schema.org\",\"@graph\":[{\"@type\":\"WebPage\",\"@id\":\"https:\/\/artgallery-passage.com\/cs\/d\u00edlo\/rajska-zahrada\/\",\"url\":\"https:\/\/artgallery-passage.com\/cs\/d\u00edlo\/rajska-zahrada\/\",\"name\":\"Rajsk\u00e1 zahrada - ART GALLERY PASSAGE\",\"isPartOf\":{\"@id\":\"https:\/\/artgallery-passage.com\/cs\/#website\"},\"datePublished\":\"2023-10-18T10:18:31+00:00\",\"dateModified\":\"2023-10-18T10:38:40+00:00\",\"breadcrumb\":{\"@id\":\"https:\/\/artgallery-passage.com\/cs\/d\u00edlo\/rajska-zahrada\/#breadcrumb\"},\"inLanguage\":\"cs\",\"potentialAction\":[{\"@type\":\"ReadAction\",\"target\":[\"https:\/\/artgallery-passage.com\/cs\/d\u00edlo\/rajska-zahrada\/\"]}]},{\"@type\":\"BreadcrumbList\",\"@id\":\"https:\/\/artgallery-passage.com\/cs\/d\u00edlo\/rajska-zahrada\/#breadcrumb\",\"itemListElement\":[{\"@type\":\"ListItem\",\"position\":1,\"name\":\"Domovsk\u00e1 str\u00e1nka\",\"item\":\"https:\/\/artgallery-passage.com\/cs\/\"},{\"@type\":\"ListItem\",\"position\":2,\"name\":\"Obrazy\",\"item\":\"https:\/\/artgallery-passage.com\/cs\/obrazy\/\"},{\"@type\":\"ListItem\",\"position\":3,\"name\":\"Rajsk\u00e1 zahrada\"}]},{\"@type\":\"WebSite\",\"@id\":\"https:\/\/artgallery-passage.com\/cs\/#website\",\"url\":\"https:\/\/artgallery-passage.com\/cs\/\",\"name\":\"ART GALLERY PASSAGE\",\"description\":\"Ru\u010dne ma\u013eovan\u00e9 obrazy\",\"potentialAction\":[{\"@type\":\"SearchAction\",\"target\":{\"@type\":\"EntryPoint\",\"urlTemplate\":\"https:\/\/artgallery-passage.com\/cs\/?s={search_term_string}\"},\"query-input\":\"required name=search_term_string\"}],\"inLanguage\":\"cs\"}]}<\/script>\n<!-- \/ Yoast SEO plugin. -->","yoast_head_json":{"title":"Rajsk\u00e1 zahrada - ART GALLERY PASSAGE","robots":{"index":"index","follow":"follow","max-snippet":"max-snippet:-1","max-image-preview":"max-image-preview:large","max-video-preview":"max-video-preview:-1"},"canonical":"https:\/\/artgallery-passage.com\/cs\/d\u00edlo\/rajska-zahrada\/","og_locale":"cs_CZ","og_type":"article","og_title":"Rajsk\u00e1 zahrada - ART GALLERY PASSAGE","og_description":"Autor Tanja Frost Velikost: 90x70","og_url":"https:\/\/artgallery-passage.com\/cs\/d\u00edlo\/rajska-zahrada\/","og_site_name":"ART GALLERY PASSAGE","article_modified_time":"2023-10-18T10:38:40+00:00","og_image":[{"width":1033,"height":800,"url":"https:\/\/artgallery-passage.com\/wp-content\/uploads\/2023\/10\/5.jpg","type":"image\/jpeg"}],"twitter_card":"summary_large_image","twitter_misc":{"Est. reading time":"1 minuta"},"schema":{"@context":"https:\/\/schema.org","@graph":[{"@type":"WebPage","@id":"https:\/\/artgallery-passage.com\/cs\/d\u00edlo\/rajska-zahrada\/","url":"https:\/\/artgallery-passage.com\/cs\/d\u00edlo\/rajska-zahrada\/","name":"Rajsk\u00e1 zahrada - ART GALLERY PASSAGE","isPartOf":{"@id":"https:\/\/artgallery-passage.com\/cs\/#website"},"datePublished":"2023-10-18T10:18:31+00:00","dateModified":"2023-10-18T10:38:40+00:00","breadcrumb":{"@id":"https:\/\/artgallery-passage.com\/cs\/d\u00edlo\/rajska-zahrada\/#breadcrumb"},"inLanguage":"cs","potentialAction":[{"@type":"ReadAction","target":["https:\/\/artgallery-passage.com\/cs\/d\u00edlo\/rajska-zahrada\/"]}]},{"@type":"BreadcrumbList","@id":"https:\/\/artgallery-passage.com\/cs\/d\u00edlo\/rajska-zahrada\/#breadcrumb","itemListElement":[{"@type":"ListItem","position":1,"name":"Domovsk\u00e1 str\u00e1nka","item":"https:\/\/artgallery-passage.com\/cs\/"},{"@type":"ListItem","position":2,"name":"Obrazy","item":"https:\/\/artgallery-passage.com\/cs\/obrazy\/"},{"@type":"ListItem","position":3,"name":"Rajsk\u00e1 zahrada"}]},{"@type":"WebSite","@id":"https:\/\/artgallery-passage.com\/cs\/#website","url":"https:\/\/artgallery-passage.com\/cs\/","name":"ART GALLERY PASSAGE","description":"Ru\u010dne ma\u013eovan\u00e9 obrazy","potentialAction":[{"@type":"SearchAction","target":{"@type":"EntryPoint","urlTemplate":"https:\/\/artgallery-passage.com\/cs\/?s={search_term_string}"},"query-input":"required name=search_term_string"}],"inLanguage":"cs"}]}},"_links":{"self":[{"href":"https:\/\/artgallery-passage.com\/cs\/wp-json\/wp\/v2\/product\/1872"}],"collection":[{"href":"https:\/\/artgallery-passage.com\/cs\/wp-json\/wp\/v2\/product"}],"about":[{"href":"https:\/\/artgallery-passage.com\/cs\/wp-json\/wp\/v2\/types\/product"}],"wp:featuredmedia":[{"embeddable":true,"href":"https:\/\/artgallery-passage.com\/cs\/wp-json\/wp\/v2\/media\/1858"}],"wp:attachment":[{"href":"https:\/\/artgallery-passage.com\/cs\/wp-json\/wp\/v2\/media?parent=1872"}],"wp:term":[{"taxonomy":"product_cat","embeddable":true,"href":"https:\/\/artgallery-passage.com\/cs\/wp-json\/wp\/v2\/product_cat?post=1872"},{"taxonomy":"product_tag","embeddable":true,"href":"https:\/\/artgallery-passage.com\/cs\/wp-json\/wp\/v2\/product_tag?post=1872"}],"curies":[{"name":"wp","href":"https:\/\/api.w.org\/{rel}","templated":true}]}}