{"id":1880,"date":"2023-10-18T12:24:47","date_gmt":"2023-10-18T10:24:47","guid":{"rendered":"https:\/\/artgallery-passage.com\/?post_type=product&#038;p=1880"},"modified":"2023-10-18T12:38:48","modified_gmt":"2023-10-18T10:38:48","slug":"energie-priroda","status":"publish","type":"product","link":"https:\/\/artgallery-passage.com\/cs\/d\u00edlo\/energie-priroda\/","title":{"rendered":"Energie p\u0159\u00edrody"},"content":{"rendered":"<p><strong>Autor<\/strong> Tanja Frost<br \/>\n<strong>Velikost: <\/strong>73&#215;92<br \/>\n<strong>Typ:<\/strong><br \/>\n<strong>Rok vytvo\u0159en\u00ed:<\/strong><\/p>\n<p><strong>Popis:<\/strong><br \/>\nZn\u00e1te ten pocit lehkosti a pru\u017enosti, kdy v\u00e1m nic nep\u0159ek\u00e1\u017e\u00ed a energie neub\u00fdv\u00e1? Samoz\u0159ejm\u011b ano. Jen n\u011bkdy nen\u00ed snadn\u00e9 ji p\u0159ivolat. Zn\u00e1m v\u0161ak osv\u011bd\u010den\u00fd zp\u016fsob &#8211; vr\u00e1tit se dom\u016f, kde na v\u00e1s \u010dek\u00e1 jedine\u010dn\u00e1 atmosf\u00e9ra a neopakovateln\u00fd interi\u00e9r. M\u016fj nov\u00fd v\u00edcevrstv\u00fd obraz je pln\u00fd energie p\u0159\u00edmo z p\u0159\u00edrody a bude skv\u011bl\u00fdm dopl\u0148kem va\u0161eho interi\u00e9ru.<\/p>\n","protected":false},"excerpt":{"rendered":"<p><strong>Autor<\/strong> Tanja Frost<br \/>\n<strong>Velikost: <\/strong>73&#215;92<\/p>\n","protected":false},"featured_media":1864,"template":"","meta":[],"product_cat":[148],"product_tag":[],"yoast_head":"<!-- This site is optimized with the Yoast SEO plugin v20.3 - https:\/\/yoast.com\/wordpress\/plugins\/seo\/ -->\n<title>Energie p\u0159\u00edrody - ART GALLERY PASSAGE<\/title>\n<meta name=\"robots\" content=\"index, follow, max-snippet:-1, max-image-preview:large, max-video-preview:-1\" \/>\n<link rel=\"canonical\" href=\"https:\/\/artgallery-passage.com\/cs\/d\u00edlo\/energie-priroda\/\" \/>\n<meta property=\"og:locale\" content=\"cs_CZ\" \/>\n<meta property=\"og:type\" content=\"article\" \/>\n<meta property=\"og:title\" content=\"Energie p\u0159\u00edrody - ART GALLERY PASSAGE\" \/>\n<meta property=\"og:description\" content=\"Autor Tanja Frost Velikost: 73x92\" \/>\n<meta property=\"og:url\" content=\"https:\/\/artgallery-passage.com\/cs\/d\u00edlo\/energie-priroda\/\" \/>\n<meta property=\"og:site_name\" content=\"ART GALLERY PASSAGE\" \/>\n<meta property=\"article:modified_time\" content=\"2023-10-18T10:38:48+00:00\" \/>\n<meta property=\"og:image\" content=\"https:\/\/artgallery-passage.com\/wp-content\/uploads\/2023\/10\/8.jpg\" \/>\n\t<meta property=\"og:image:width\" content=\"1019\" \/>\n\t<meta property=\"og:image:height\" content=\"800\" \/>\n\t<meta property=\"og:image:type\" content=\"image\/jpeg\" \/>\n<meta name=\"twitter:card\" content=\"summary_large_image\" \/>\n<meta name=\"twitter:label1\" content=\"Est. reading time\" \/>\n\t<meta name=\"twitter:data1\" content=\"1 minuta\" \/>\n<script type=\"application\/ld+json\" class=\"yoast-schema-graph\">{\"@context\":\"https:\/\/schema.org\",\"@graph\":[{\"@type\":\"WebPage\",\"@id\":\"https:\/\/artgallery-passage.com\/cs\/d\u00edlo\/energie-priroda\/\",\"url\":\"https:\/\/artgallery-passage.com\/cs\/d\u00edlo\/energie-priroda\/\",\"name\":\"Energie p\u0159\u00edrody - ART GALLERY PASSAGE\",\"isPartOf\":{\"@id\":\"https:\/\/artgallery-passage.com\/cs\/#website\"},\"datePublished\":\"2023-10-18T10:24:47+00:00\",\"dateModified\":\"2023-10-18T10:38:48+00:00\",\"breadcrumb\":{\"@id\":\"https:\/\/artgallery-passage.com\/cs\/d\u00edlo\/energie-priroda\/#breadcrumb\"},\"inLanguage\":\"cs\",\"potentialAction\":[{\"@type\":\"ReadAction\",\"target\":[\"https:\/\/artgallery-passage.com\/cs\/d\u00edlo\/energie-priroda\/\"]}]},{\"@type\":\"BreadcrumbList\",\"@id\":\"https:\/\/artgallery-passage.com\/cs\/d\u00edlo\/energie-priroda\/#breadcrumb\",\"itemListElement\":[{\"@type\":\"ListItem\",\"position\":1,\"name\":\"Domovsk\u00e1 str\u00e1nka\",\"item\":\"https:\/\/artgallery-passage.com\/cs\/\"},{\"@type\":\"ListItem\",\"position\":2,\"name\":\"Obrazy\",\"item\":\"https:\/\/artgallery-passage.com\/cs\/obrazy\/\"},{\"@type\":\"ListItem\",\"position\":3,\"name\":\"Energie p\u0159\u00edrody\"}]},{\"@type\":\"WebSite\",\"@id\":\"https:\/\/artgallery-passage.com\/cs\/#website\",\"url\":\"https:\/\/artgallery-passage.com\/cs\/\",\"name\":\"ART GALLERY PASSAGE\",\"description\":\"Ru\u010dne ma\u013eovan\u00e9 obrazy\",\"potentialAction\":[{\"@type\":\"SearchAction\",\"target\":{\"@type\":\"EntryPoint\",\"urlTemplate\":\"https:\/\/artgallery-passage.com\/cs\/?s={search_term_string}\"},\"query-input\":\"required name=search_term_string\"}],\"inLanguage\":\"cs\"}]}<\/script>\n<!-- \/ Yoast SEO plugin. -->","yoast_head_json":{"title":"Energie p\u0159\u00edrody - ART GALLERY PASSAGE","robots":{"index":"index","follow":"follow","max-snippet":"max-snippet:-1","max-image-preview":"max-image-preview:large","max-video-preview":"max-video-preview:-1"},"canonical":"https:\/\/artgallery-passage.com\/cs\/d\u00edlo\/energie-priroda\/","og_locale":"cs_CZ","og_type":"article","og_title":"Energie p\u0159\u00edrody - ART GALLERY PASSAGE","og_description":"Autor Tanja Frost Velikost: 73x92","og_url":"https:\/\/artgallery-passage.com\/cs\/d\u00edlo\/energie-priroda\/","og_site_name":"ART GALLERY PASSAGE","article_modified_time":"2023-10-18T10:38:48+00:00","og_image":[{"width":1019,"height":800,"url":"https:\/\/artgallery-passage.com\/wp-content\/uploads\/2023\/10\/8.jpg","type":"image\/jpeg"}],"twitter_card":"summary_large_image","twitter_misc":{"Est. reading time":"1 minuta"},"schema":{"@context":"https:\/\/schema.org","@graph":[{"@type":"WebPage","@id":"https:\/\/artgallery-passage.com\/cs\/d\u00edlo\/energie-priroda\/","url":"https:\/\/artgallery-passage.com\/cs\/d\u00edlo\/energie-priroda\/","name":"Energie p\u0159\u00edrody - ART GALLERY PASSAGE","isPartOf":{"@id":"https:\/\/artgallery-passage.com\/cs\/#website"},"datePublished":"2023-10-18T10:24:47+00:00","dateModified":"2023-10-18T10:38:48+00:00","breadcrumb":{"@id":"https:\/\/artgallery-passage.com\/cs\/d\u00edlo\/energie-priroda\/#breadcrumb"},"inLanguage":"cs","potentialAction":[{"@type":"ReadAction","target":["https:\/\/artgallery-passage.com\/cs\/d\u00edlo\/energie-priroda\/"]}]},{"@type":"BreadcrumbList","@id":"https:\/\/artgallery-passage.com\/cs\/d\u00edlo\/energie-priroda\/#breadcrumb","itemListElement":[{"@type":"ListItem","position":1,"name":"Domovsk\u00e1 str\u00e1nka","item":"https:\/\/artgallery-passage.com\/cs\/"},{"@type":"ListItem","position":2,"name":"Obrazy","item":"https:\/\/artgallery-passage.com\/cs\/obrazy\/"},{"@type":"ListItem","position":3,"name":"Energie p\u0159\u00edrody"}]},{"@type":"WebSite","@id":"https:\/\/artgallery-passage.com\/cs\/#website","url":"https:\/\/artgallery-passage.com\/cs\/","name":"ART GALLERY PASSAGE","description":"Ru\u010dne ma\u013eovan\u00e9 obrazy","potentialAction":[{"@type":"SearchAction","target":{"@type":"EntryPoint","urlTemplate":"https:\/\/artgallery-passage.com\/cs\/?s={search_term_string}"},"query-input":"required name=search_term_string"}],"inLanguage":"cs"}]}},"_links":{"self":[{"href":"https:\/\/artgallery-passage.com\/cs\/wp-json\/wp\/v2\/product\/1880"}],"collection":[{"href":"https:\/\/artgallery-passage.com\/cs\/wp-json\/wp\/v2\/product"}],"about":[{"href":"https:\/\/artgallery-passage.com\/cs\/wp-json\/wp\/v2\/types\/product"}],"wp:featuredmedia":[{"embeddable":true,"href":"https:\/\/artgallery-passage.com\/cs\/wp-json\/wp\/v2\/media\/1864"}],"wp:attachment":[{"href":"https:\/\/artgallery-passage.com\/cs\/wp-json\/wp\/v2\/media?parent=1880"}],"wp:term":[{"taxonomy":"product_cat","embeddable":true,"href":"https:\/\/artgallery-passage.com\/cs\/wp-json\/wp\/v2\/product_cat?post=1880"},{"taxonomy":"product_tag","embeddable":true,"href":"https:\/\/artgallery-passage.com\/cs\/wp-json\/wp\/v2\/product_tag?post=1880"}],"curies":[{"name":"wp","href":"https:\/\/api.w.org\/{rel}","templated":true}]}}