{"id":1977,"date":"2021-10-31T11:10:53","date_gmt":"2021-10-31T10:10:53","guid":{"rendered":"https:\/\/artgallery-passage.com\/dielo\/balicek-jednotlive\/"},"modified":"2021-10-31T11:10:53","modified_gmt":"2021-10-31T10:10:53","slug":"balicek-individual","status":"publish","type":"product","link":"https:\/\/artgallery-passage.com\/cs\/d\u00edlo\/balicek-individual\/","title":{"rendered":"Bal\u00ed\u010dek jednotliv\u011b"},"content":{"rendered":"<p><strong>Individu\u00e1ln\u00ed bal\u00ed\u010dek obsahuje<\/strong><\/p>\n<ul>\n<li>Um\u00edst\u011bn\u00ed va\u0161eho portfolia do samostatn\u00e9ho portfolia &#8222;Kur\u00e1torsk\u00fd v\u00fdb\u011br&#8220;.<\/li>\n<li>str\u00e1nka jednotliv\u00fdch um\u011blc\u016f, um\u00edst\u011bn\u00ed 20 d\u011bl v internetov\u00e9m obchod\u011b.<\/li>\n<li>Osobn\u00ed nab\u00eddka d\u011bl um\u011blce pro n\u00e1\u0161 zaveden\u00fd okruh klient\u016f<\/li>\n<li>Individu\u00e1ln\u011b i kolektivn\u011b, v r\u00e1mci galerie, reklamy na Googlu a soci\u00e1ln\u00edch s\u00edt\u00edch.<\/li>\n<\/ul>\n","protected":false},"excerpt":{"rendered":"<p>Individu\u00e1ln\u00ed bal\u00ed\u010dek obsahuje Um\u00edst\u011bn\u00ed va\u0161eho portfolia do samostatn\u00e9ho portfolia &#8222;Kur\u00e1torsk\u00fd v\u00fdb\u011br&#8220;. str\u00e1nka jednotliv\u00fdch um\u011blc\u016f, um\u00edst\u011bn\u00ed 20 d\u011bl v internetov\u00e9m obchod\u011b. Osobn\u00ed nab\u00eddka d\u011bl um\u011blce pro n\u00e1\u0161 zaveden\u00fd okruh klient\u016f Individu\u00e1ln\u011b i kolektivn\u011b, v r\u00e1mci galerie, reklamy na Googlu a soci\u00e1ln\u00edch s\u00edt\u00edch.<\/p>\n","protected":false},"featured_media":1030,"template":"","meta":[],"product_cat":[169],"product_tag":[],"yoast_head":"<!-- This site is optimized with the Yoast SEO plugin v20.3 - https:\/\/yoast.com\/wordpress\/plugins\/seo\/ -->\n<title>Bal\u00ed\u010dek jednotliv\u011b - ART GALLERY PASSAGE<\/title>\n<meta name=\"robots\" content=\"index, follow, max-snippet:-1, max-image-preview:large, max-video-preview:-1\" \/>\n<link rel=\"canonical\" href=\"https:\/\/artgallery-passage.com\/cs\/d\u00edlo\/balicek-individual\/\" \/>\n<meta property=\"og:locale\" content=\"cs_CZ\" \/>\n<meta property=\"og:type\" content=\"article\" \/>\n<meta property=\"og:title\" content=\"Bal\u00ed\u010dek jednotliv\u011b - ART GALLERY PASSAGE\" \/>\n<meta property=\"og:description\" content=\"Individu\u00e1ln\u00ed bal\u00ed\u010dek obsahuje Um\u00edst\u011bn\u00ed va\u0161eho portfolia do samostatn\u00e9ho portfolia &#8222;Kur\u00e1torsk\u00fd v\u00fdb\u011br&#8220;. str\u00e1nka jednotliv\u00fdch um\u011blc\u016f, um\u00edst\u011bn\u00ed 20 d\u011bl v internetov\u00e9m obchod\u011b. Osobn\u00ed nab\u00eddka d\u011bl um\u011blce pro n\u00e1\u0161 zaveden\u00fd okruh klient\u016f Individu\u00e1ln\u011b i kolektivn\u011b, v r\u00e1mci galerie, reklamy na Googlu a soci\u00e1ln\u00edch s\u00edt\u00edch.\" \/>\n<meta property=\"og:url\" content=\"https:\/\/artgallery-passage.com\/cs\/d\u00edlo\/balicek-individual\/\" \/>\n<meta property=\"og:site_name\" content=\"ART GALLERY PASSAGE\" \/>\n<meta property=\"og:image\" content=\"https:\/\/artgallery-passage.com\/wp-content\/uploads\/2023\/02\/sys_logo.png\" \/>\n\t<meta property=\"og:image:width\" content=\"300\" \/>\n\t<meta property=\"og:image:height\" content=\"200\" \/>\n\t<meta property=\"og:image:type\" content=\"image\/png\" \/>\n<meta name=\"twitter:card\" content=\"summary_large_image\" \/>\n<script type=\"application\/ld+json\" class=\"yoast-schema-graph\">{\"@context\":\"https:\/\/schema.org\",\"@graph\":[{\"@type\":\"WebPage\",\"@id\":\"https:\/\/artgallery-passage.com\/cs\/d\u00edlo\/balicek-individual\/\",\"url\":\"https:\/\/artgallery-passage.com\/cs\/d\u00edlo\/balicek-individual\/\",\"name\":\"Bal\u00ed\u010dek jednotliv\u011b - ART GALLERY PASSAGE\",\"isPartOf\":{\"@id\":\"https:\/\/artgallery-passage.com\/cs\/#website\"},\"datePublished\":\"2021-10-31T10:10:53+00:00\",\"dateModified\":\"2021-10-31T10:10:53+00:00\",\"breadcrumb\":{\"@id\":\"https:\/\/artgallery-passage.com\/cs\/d\u00edlo\/balicek-individual\/#breadcrumb\"},\"inLanguage\":\"cs\",\"potentialAction\":[{\"@type\":\"ReadAction\",\"target\":[\"https:\/\/artgallery-passage.com\/cs\/d\u00edlo\/balicek-individual\/\"]}]},{\"@type\":\"BreadcrumbList\",\"@id\":\"https:\/\/artgallery-passage.com\/cs\/d\u00edlo\/balicek-individual\/#breadcrumb\",\"itemListElement\":[{\"@type\":\"ListItem\",\"position\":1,\"name\":\"Domovsk\u00e1 str\u00e1nka\",\"item\":\"https:\/\/artgallery-passage.com\/cs\/\"},{\"@type\":\"ListItem\",\"position\":2,\"name\":\"Obrazy\",\"item\":\"https:\/\/artgallery-passage.com\/cs\/obrazy\/\"},{\"@type\":\"ListItem\",\"position\":3,\"name\":\"Bal\u00ed\u010dek jednotliv\u011b\"}]},{\"@type\":\"WebSite\",\"@id\":\"https:\/\/artgallery-passage.com\/cs\/#website\",\"url\":\"https:\/\/artgallery-passage.com\/cs\/\",\"name\":\"ART GALLERY PASSAGE\",\"description\":\"Ru\u010dne ma\u013eovan\u00e9 obrazy\",\"potentialAction\":[{\"@type\":\"SearchAction\",\"target\":{\"@type\":\"EntryPoint\",\"urlTemplate\":\"https:\/\/artgallery-passage.com\/cs\/?s={search_term_string}\"},\"query-input\":\"required name=search_term_string\"}],\"inLanguage\":\"cs\"}]}<\/script>\n<!-- \/ Yoast SEO plugin. -->","yoast_head_json":{"title":"Bal\u00ed\u010dek jednotliv\u011b - ART GALLERY PASSAGE","robots":{"index":"index","follow":"follow","max-snippet":"max-snippet:-1","max-image-preview":"max-image-preview:large","max-video-preview":"max-video-preview:-1"},"canonical":"https:\/\/artgallery-passage.com\/cs\/d\u00edlo\/balicek-individual\/","og_locale":"cs_CZ","og_type":"article","og_title":"Bal\u00ed\u010dek jednotliv\u011b - ART GALLERY PASSAGE","og_description":"Individu\u00e1ln\u00ed bal\u00ed\u010dek obsahuje Um\u00edst\u011bn\u00ed va\u0161eho portfolia do samostatn\u00e9ho portfolia &#8222;Kur\u00e1torsk\u00fd v\u00fdb\u011br&#8220;. str\u00e1nka jednotliv\u00fdch um\u011blc\u016f, um\u00edst\u011bn\u00ed 20 d\u011bl v internetov\u00e9m obchod\u011b. Osobn\u00ed nab\u00eddka d\u011bl um\u011blce pro n\u00e1\u0161 zaveden\u00fd okruh klient\u016f Individu\u00e1ln\u011b i kolektivn\u011b, v r\u00e1mci galerie, reklamy na Googlu a soci\u00e1ln\u00edch s\u00edt\u00edch.","og_url":"https:\/\/artgallery-passage.com\/cs\/d\u00edlo\/balicek-individual\/","og_site_name":"ART GALLERY PASSAGE","og_image":[{"width":300,"height":200,"url":"https:\/\/artgallery-passage.com\/wp-content\/uploads\/2023\/02\/sys_logo.png","type":"image\/png"}],"twitter_card":"summary_large_image","schema":{"@context":"https:\/\/schema.org","@graph":[{"@type":"WebPage","@id":"https:\/\/artgallery-passage.com\/cs\/d\u00edlo\/balicek-individual\/","url":"https:\/\/artgallery-passage.com\/cs\/d\u00edlo\/balicek-individual\/","name":"Bal\u00ed\u010dek jednotliv\u011b - ART GALLERY PASSAGE","isPartOf":{"@id":"https:\/\/artgallery-passage.com\/cs\/#website"},"datePublished":"2021-10-31T10:10:53+00:00","dateModified":"2021-10-31T10:10:53+00:00","breadcrumb":{"@id":"https:\/\/artgallery-passage.com\/cs\/d\u00edlo\/balicek-individual\/#breadcrumb"},"inLanguage":"cs","potentialAction":[{"@type":"ReadAction","target":["https:\/\/artgallery-passage.com\/cs\/d\u00edlo\/balicek-individual\/"]}]},{"@type":"BreadcrumbList","@id":"https:\/\/artgallery-passage.com\/cs\/d\u00edlo\/balicek-individual\/#breadcrumb","itemListElement":[{"@type":"ListItem","position":1,"name":"Domovsk\u00e1 str\u00e1nka","item":"https:\/\/artgallery-passage.com\/cs\/"},{"@type":"ListItem","position":2,"name":"Obrazy","item":"https:\/\/artgallery-passage.com\/cs\/obrazy\/"},{"@type":"ListItem","position":3,"name":"Bal\u00ed\u010dek jednotliv\u011b"}]},{"@type":"WebSite","@id":"https:\/\/artgallery-passage.com\/cs\/#website","url":"https:\/\/artgallery-passage.com\/cs\/","name":"ART GALLERY PASSAGE","description":"Ru\u010dne ma\u013eovan\u00e9 obrazy","potentialAction":[{"@type":"SearchAction","target":{"@type":"EntryPoint","urlTemplate":"https:\/\/artgallery-passage.com\/cs\/?s={search_term_string}"},"query-input":"required name=search_term_string"}],"inLanguage":"cs"}]}},"_links":{"self":[{"href":"https:\/\/artgallery-passage.com\/cs\/wp-json\/wp\/v2\/product\/1977"}],"collection":[{"href":"https:\/\/artgallery-passage.com\/cs\/wp-json\/wp\/v2\/product"}],"about":[{"href":"https:\/\/artgallery-passage.com\/cs\/wp-json\/wp\/v2\/types\/product"}],"wp:featuredmedia":[{"embeddable":true,"href":"https:\/\/artgallery-passage.com\/cs\/wp-json\/wp\/v2\/media\/1030"}],"wp:attachment":[{"href":"https:\/\/artgallery-passage.com\/cs\/wp-json\/wp\/v2\/media?parent=1977"}],"wp:term":[{"taxonomy":"product_cat","embeddable":true,"href":"https:\/\/artgallery-passage.com\/cs\/wp-json\/wp\/v2\/product_cat?post=1977"},{"taxonomy":"product_tag","embeddable":true,"href":"https:\/\/artgallery-passage.com\/cs\/wp-json\/wp\/v2\/product_tag?post=1977"}],"curies":[{"name":"wp","href":"https:\/\/api.w.org\/{rel}","templated":true}]}}