{"id":2064,"date":"2023-11-25T20:04:27","date_gmt":"2023-11-25T19:04:27","guid":{"rendered":"https:\/\/artgallery-passage.com\/dielo\/olejomalba-letni-nadvori\/"},"modified":"2023-11-26T15:26:17","modified_gmt":"2023-11-26T14:26:17","slug":"olejomalba-leto-styl-na-podlaze-olejomalba-profesionalni-olejomalba-designer-olejomalba","status":"publish","type":"product","link":"https:\/\/artgallery-passage.com\/cs\/d\u00edlo\/olejomalba-leto-styl-na-podlaze-olejomalba-profesionalni-olejomalba-designer-olejomalba\/","title":{"rendered":"Olejomalba Letn\u00ed n\u00e1dvo\u0159\u00ed"},"content":{"rendered":"<p><strong>Autor: <\/strong>IGOR NAVROTSKYI<strong><br \/>\nN\u00e1zev: <\/strong>Olejomalba Letn\u00ed n\u00e1dvo\u0159\u00ed<strong><br \/>\nOlejomalba : <\/strong>ru\u010dn\u00ed pr\u00e1ce : rok 2023<strong><br \/>\nRozm\u011br: <\/strong>50 x 40 cm.<strong><br \/>\nZna\u010den\u00ed: <\/strong>ru\u010dn\u011b dole<strong><br \/>\nR\u00e1m <\/strong><strong>: <\/strong>ne<strong><br \/>\nMotiv: <\/strong>Krajiny<strong><br \/>\nTechnika: <\/strong>olej na pl\u00e1tn\u011b.<\/p>\n","protected":false},"excerpt":{"rendered":"<p><strong>Autor: IGOR NAVROTSKYI Rozm\u011bry: 50 x 40 cm.<\/strong><\/p>\n","protected":false},"featured_media":2061,"template":"","meta":[],"product_cat":[140,106],"product_tag":[365,359,355,360,358,362,361,364,363,356,357],"yoast_head":"<!-- This site is optimized with the Yoast SEO plugin v20.3 - https:\/\/yoast.com\/wordpress\/plugins\/seo\/ -->\n<title>Olejomalba Letn\u00ed n\u00e1dvo\u0159\u00ed - ART GALLERY PASSAGE<\/title>\n<meta name=\"description\" content=\"olejomalba o m\u011bst\u011b olejomalba o zahrad\u011b olejomalba o kv\u011btin\u00e1ch olejomalba o ulic\u00edch olejomalba o m\u011bstech olejomalba o Bratislav\u011b olejomalba o Ko\u0161ic\u00edch\" \/>\n<meta name=\"robots\" content=\"index, follow, max-snippet:-1, max-image-preview:large, max-video-preview:-1\" \/>\n<link rel=\"canonical\" href=\"https:\/\/artgallery-passage.com\/cs\/d\u00edlo\/olejomalba-leto-styl-na-podlaze-olejomalba-profesionalni-olejomalba-designer-olejomalba\/\" \/>\n<meta property=\"og:locale\" content=\"cs_CZ\" \/>\n<meta property=\"og:type\" content=\"article\" \/>\n<meta property=\"og:title\" content=\"Olejomalba Letn\u00ed n\u00e1dvo\u0159\u00ed - ART GALLERY PASSAGE\" \/>\n<meta property=\"og:description\" content=\"olejomalba o m\u011bst\u011b olejomalba o zahrad\u011b olejomalba o kv\u011btin\u00e1ch olejomalba o ulic\u00edch olejomalba o m\u011bstech olejomalba o Bratislav\u011b olejomalba o Ko\u0161ic\u00edch\" \/>\n<meta property=\"og:url\" content=\"https:\/\/artgallery-passage.com\/cs\/d\u00edlo\/olejomalba-leto-styl-na-podlaze-olejomalba-profesionalni-olejomalba-designer-olejomalba\/\" \/>\n<meta property=\"og:site_name\" content=\"ART GALLERY PASSAGE\" \/>\n<meta property=\"article:modified_time\" content=\"2023-11-26T14:26:17+00:00\" \/>\n<meta property=\"og:image\" content=\"https:\/\/artgallery-passage.com\/wp-content\/uploads\/2023\/11\/DSCF6480-\u2014-\u043a\u043e\u043f\u0438\u044f.jpg\" \/>\n\t<meta property=\"og:image:width\" content=\"900\" \/>\n\t<meta property=\"og:image:height\" content=\"1101\" \/>\n\t<meta property=\"og:image:type\" content=\"image\/jpeg\" \/>\n<meta name=\"twitter:card\" content=\"summary_large_image\" \/>\n<script type=\"application\/ld+json\" class=\"yoast-schema-graph\">{\"@context\":\"https:\/\/schema.org\",\"@graph\":[{\"@type\":\"WebPage\",\"@id\":\"https:\/\/artgallery-passage.com\/cs\/d\u00edlo\/olejomalba-leto-styl-na-podlaze-olejomalba-profesionalni-olejomalba-designer-olejomalba\/\",\"url\":\"https:\/\/artgallery-passage.com\/cs\/d\u00edlo\/olejomalba-leto-styl-na-podlaze-olejomalba-profesionalni-olejomalba-designer-olejomalba\/\",\"name\":\"Olejomalba Letn\u00ed n\u00e1dvo\u0159\u00ed - ART GALLERY PASSAGE\",\"isPartOf\":{\"@id\":\"https:\/\/artgallery-passage.com\/cs\/#website\"},\"datePublished\":\"2023-11-25T19:04:27+00:00\",\"dateModified\":\"2023-11-26T14:26:17+00:00\",\"description\":\"olejomalba o m\u011bst\u011b olejomalba o zahrad\u011b olejomalba o kv\u011btin\u00e1ch olejomalba o ulic\u00edch olejomalba o m\u011bstech olejomalba o Bratislav\u011b olejomalba o Ko\u0161ic\u00edch\",\"breadcrumb\":{\"@id\":\"https:\/\/artgallery-passage.com\/cs\/d\u00edlo\/olejomalba-leto-styl-na-podlaze-olejomalba-profesionalni-olejomalba-designer-olejomalba\/#breadcrumb\"},\"inLanguage\":\"cs\",\"potentialAction\":[{\"@type\":\"ReadAction\",\"target\":[\"https:\/\/artgallery-passage.com\/cs\/d\u00edlo\/olejomalba-leto-styl-na-podlaze-olejomalba-profesionalni-olejomalba-designer-olejomalba\/\"]}]},{\"@type\":\"BreadcrumbList\",\"@id\":\"https:\/\/artgallery-passage.com\/cs\/d\u00edlo\/olejomalba-leto-styl-na-podlaze-olejomalba-profesionalni-olejomalba-designer-olejomalba\/#breadcrumb\",\"itemListElement\":[{\"@type\":\"ListItem\",\"position\":1,\"name\":\"Domovsk\u00e1 str\u00e1nka\",\"item\":\"https:\/\/artgallery-passage.com\/cs\/\"},{\"@type\":\"ListItem\",\"position\":2,\"name\":\"Obrazy\",\"item\":\"https:\/\/artgallery-passage.com\/cs\/obrazy\/\"},{\"@type\":\"ListItem\",\"position\":3,\"name\":\"Olejomalba Letn\u00ed n\u00e1dvo\u0159\u00ed\"}]},{\"@type\":\"WebSite\",\"@id\":\"https:\/\/artgallery-passage.com\/cs\/#website\",\"url\":\"https:\/\/artgallery-passage.com\/cs\/\",\"name\":\"ART GALLERY PASSAGE\",\"description\":\"Ru\u010dne ma\u013eovan\u00e9 obrazy\",\"potentialAction\":[{\"@type\":\"SearchAction\",\"target\":{\"@type\":\"EntryPoint\",\"urlTemplate\":\"https:\/\/artgallery-passage.com\/cs\/?s={search_term_string}\"},\"query-input\":\"required name=search_term_string\"}],\"inLanguage\":\"cs\"}]}<\/script>\n<!-- \/ Yoast SEO plugin. -->","yoast_head_json":{"title":"Olejomalba Letn\u00ed n\u00e1dvo\u0159\u00ed - ART GALLERY PASSAGE","description":"olejomalba o m\u011bst\u011b olejomalba o zahrad\u011b olejomalba o kv\u011btin\u00e1ch olejomalba o ulic\u00edch olejomalba o m\u011bstech olejomalba o Bratislav\u011b olejomalba o Ko\u0161ic\u00edch","robots":{"index":"index","follow":"follow","max-snippet":"max-snippet:-1","max-image-preview":"max-image-preview:large","max-video-preview":"max-video-preview:-1"},"canonical":"https:\/\/artgallery-passage.com\/cs\/d\u00edlo\/olejomalba-leto-styl-na-podlaze-olejomalba-profesionalni-olejomalba-designer-olejomalba\/","og_locale":"cs_CZ","og_type":"article","og_title":"Olejomalba Letn\u00ed n\u00e1dvo\u0159\u00ed - ART GALLERY PASSAGE","og_description":"olejomalba o m\u011bst\u011b olejomalba o zahrad\u011b olejomalba o kv\u011btin\u00e1ch olejomalba o ulic\u00edch olejomalba o m\u011bstech olejomalba o Bratislav\u011b olejomalba o Ko\u0161ic\u00edch","og_url":"https:\/\/artgallery-passage.com\/cs\/d\u00edlo\/olejomalba-leto-styl-na-podlaze-olejomalba-profesionalni-olejomalba-designer-olejomalba\/","og_site_name":"ART GALLERY PASSAGE","article_modified_time":"2023-11-26T14:26:17+00:00","og_image":[{"width":900,"height":1101,"url":"https:\/\/artgallery-passage.com\/wp-content\/uploads\/2023\/11\/DSCF6480-\u2014-\u043a\u043e\u043f\u0438\u044f.jpg","type":"image\/jpeg"}],"twitter_card":"summary_large_image","schema":{"@context":"https:\/\/schema.org","@graph":[{"@type":"WebPage","@id":"https:\/\/artgallery-passage.com\/cs\/d\u00edlo\/olejomalba-leto-styl-na-podlaze-olejomalba-profesionalni-olejomalba-designer-olejomalba\/","url":"https:\/\/artgallery-passage.com\/cs\/d\u00edlo\/olejomalba-leto-styl-na-podlaze-olejomalba-profesionalni-olejomalba-designer-olejomalba\/","name":"Olejomalba Letn\u00ed n\u00e1dvo\u0159\u00ed - ART GALLERY PASSAGE","isPartOf":{"@id":"https:\/\/artgallery-passage.com\/cs\/#website"},"datePublished":"2023-11-25T19:04:27+00:00","dateModified":"2023-11-26T14:26:17+00:00","description":"olejomalba o m\u011bst\u011b olejomalba o zahrad\u011b olejomalba o kv\u011btin\u00e1ch olejomalba o ulic\u00edch olejomalba o m\u011bstech olejomalba o Bratislav\u011b olejomalba o Ko\u0161ic\u00edch","breadcrumb":{"@id":"https:\/\/artgallery-passage.com\/cs\/d\u00edlo\/olejomalba-leto-styl-na-podlaze-olejomalba-profesionalni-olejomalba-designer-olejomalba\/#breadcrumb"},"inLanguage":"cs","potentialAction":[{"@type":"ReadAction","target":["https:\/\/artgallery-passage.com\/cs\/d\u00edlo\/olejomalba-leto-styl-na-podlaze-olejomalba-profesionalni-olejomalba-designer-olejomalba\/"]}]},{"@type":"BreadcrumbList","@id":"https:\/\/artgallery-passage.com\/cs\/d\u00edlo\/olejomalba-leto-styl-na-podlaze-olejomalba-profesionalni-olejomalba-designer-olejomalba\/#breadcrumb","itemListElement":[{"@type":"ListItem","position":1,"name":"Domovsk\u00e1 str\u00e1nka","item":"https:\/\/artgallery-passage.com\/cs\/"},{"@type":"ListItem","position":2,"name":"Obrazy","item":"https:\/\/artgallery-passage.com\/cs\/obrazy\/"},{"@type":"ListItem","position":3,"name":"Olejomalba Letn\u00ed n\u00e1dvo\u0159\u00ed"}]},{"@type":"WebSite","@id":"https:\/\/artgallery-passage.com\/cs\/#website","url":"https:\/\/artgallery-passage.com\/cs\/","name":"ART GALLERY PASSAGE","description":"Ru\u010dne ma\u013eovan\u00e9 obrazy","potentialAction":[{"@type":"SearchAction","target":{"@type":"EntryPoint","urlTemplate":"https:\/\/artgallery-passage.com\/cs\/?s={search_term_string}"},"query-input":"required name=search_term_string"}],"inLanguage":"cs"}]}},"_links":{"self":[{"href":"https:\/\/artgallery-passage.com\/cs\/wp-json\/wp\/v2\/product\/2064"}],"collection":[{"href":"https:\/\/artgallery-passage.com\/cs\/wp-json\/wp\/v2\/product"}],"about":[{"href":"https:\/\/artgallery-passage.com\/cs\/wp-json\/wp\/v2\/types\/product"}],"wp:featuredmedia":[{"embeddable":true,"href":"https:\/\/artgallery-passage.com\/cs\/wp-json\/wp\/v2\/media\/2061"}],"wp:attachment":[{"href":"https:\/\/artgallery-passage.com\/cs\/wp-json\/wp\/v2\/media?parent=2064"}],"wp:term":[{"taxonomy":"product_cat","embeddable":true,"href":"https:\/\/artgallery-passage.com\/cs\/wp-json\/wp\/v2\/product_cat?post=2064"},{"taxonomy":"product_tag","embeddable":true,"href":"https:\/\/artgallery-passage.com\/cs\/wp-json\/wp\/v2\/product_tag?post=2064"}],"curies":[{"name":"wp","href":"https:\/\/api.w.org\/{rel}","templated":true}]}}