{"id":2123,"date":"2023-12-14T14:38:27","date_gmt":"2023-12-14T13:38:27","guid":{"rendered":"https:\/\/artgallery-passage.com\/?post_type=product&#038;p=2123"},"modified":"2023-12-14T14:47:00","modified_gmt":"2023-12-14T13:47:00","slug":"vesna-or-welcome-jari","status":"publish","type":"product","link":"https:\/\/artgallery-passage.com\/cs\/d\u00edlo\/vesna-or-welcome-jari\/","title":{"rendered":"Vesna neboli v\u00edt\u00e1n\u00ed jara"},"content":{"rendered":"<p><strong>Autor <\/strong>Milan Hric<br \/>\n<strong>Velikost: <\/strong>100&#215;70<br \/>\n<strong>Typ: <\/strong>sm\u00ed\u0161en\u00e9 m\u00e9dium<br \/>\n<strong>Rok vytvo\u0159en\u00ed:<\/strong><\/p>\n<p>&nbsp;<\/p>\n","protected":false},"excerpt":{"rendered":"<p><strong>Autor<\/strong> Milan Hric<br \/>\n<strong>Velikost: <\/strong>100&#215;70<\/p>\n","protected":false},"featured_media":2115,"template":"","meta":[],"product_cat":[162,148],"product_tag":[],"yoast_head":"<!-- This site is optimized with the Yoast SEO plugin v20.3 - https:\/\/yoast.com\/wordpress\/plugins\/seo\/ -->\n<title>Vesna neboli v\u00edt\u00e1n\u00ed jara - ART GALLERY PASSAGE<\/title>\n<meta name=\"robots\" content=\"index, follow, max-snippet:-1, max-image-preview:large, max-video-preview:-1\" \/>\n<link rel=\"canonical\" href=\"https:\/\/artgallery-passage.com\/cs\/d\u00edlo\/vesna-or-welcome-jari\/\" \/>\n<meta property=\"og:locale\" content=\"cs_CZ\" \/>\n<meta property=\"og:type\" content=\"article\" \/>\n<meta property=\"og:title\" content=\"Vesna neboli v\u00edt\u00e1n\u00ed jara - ART GALLERY PASSAGE\" \/>\n<meta property=\"og:description\" content=\"Autor Milan Hric Velikost: 100x70\" \/>\n<meta property=\"og:url\" content=\"https:\/\/artgallery-passage.com\/cs\/d\u00edlo\/vesna-or-welcome-jari\/\" \/>\n<meta property=\"og:site_name\" content=\"ART GALLERY PASSAGE\" \/>\n<meta property=\"article:modified_time\" content=\"2023-12-14T13:47:00+00:00\" \/>\n<meta property=\"og:image\" content=\"https:\/\/artgallery-passage.com\/wp-content\/uploads\/2023\/12\/3.-Vesna-alebo-vitanie-jari-100x70-mixed-medium-cena-800-Eur.jpg\" \/>\n\t<meta property=\"og:image:width\" content=\"556\" \/>\n\t<meta property=\"og:image:height\" content=\"800\" \/>\n\t<meta property=\"og:image:type\" content=\"image\/jpeg\" \/>\n<meta name=\"twitter:card\" content=\"summary_large_image\" \/>\n<meta name=\"twitter:label1\" content=\"Est. reading time\" \/>\n\t<meta name=\"twitter:data1\" content=\"1 minuta\" \/>\n<script type=\"application\/ld+json\" class=\"yoast-schema-graph\">{\"@context\":\"https:\/\/schema.org\",\"@graph\":[{\"@type\":\"WebPage\",\"@id\":\"https:\/\/artgallery-passage.com\/cs\/d\u00edlo\/vesna-or-welcome-jari\/\",\"url\":\"https:\/\/artgallery-passage.com\/cs\/d\u00edlo\/vesna-or-welcome-jari\/\",\"name\":\"Vesna neboli v\u00edt\u00e1n\u00ed jara - ART GALLERY PASSAGE\",\"isPartOf\":{\"@id\":\"https:\/\/artgallery-passage.com\/cs\/#website\"},\"datePublished\":\"2023-12-14T13:38:27+00:00\",\"dateModified\":\"2023-12-14T13:47:00+00:00\",\"breadcrumb\":{\"@id\":\"https:\/\/artgallery-passage.com\/cs\/d\u00edlo\/vesna-or-welcome-jari\/#breadcrumb\"},\"inLanguage\":\"cs\",\"potentialAction\":[{\"@type\":\"ReadAction\",\"target\":[\"https:\/\/artgallery-passage.com\/cs\/d\u00edlo\/vesna-or-welcome-jari\/\"]}]},{\"@type\":\"BreadcrumbList\",\"@id\":\"https:\/\/artgallery-passage.com\/cs\/d\u00edlo\/vesna-or-welcome-jari\/#breadcrumb\",\"itemListElement\":[{\"@type\":\"ListItem\",\"position\":1,\"name\":\"Domovsk\u00e1 str\u00e1nka\",\"item\":\"https:\/\/artgallery-passage.com\/cs\/\"},{\"@type\":\"ListItem\",\"position\":2,\"name\":\"Obrazy\",\"item\":\"https:\/\/artgallery-passage.com\/cs\/obrazy\/\"},{\"@type\":\"ListItem\",\"position\":3,\"name\":\"Vesna neboli v\u00edt\u00e1n\u00ed jara\"}]},{\"@type\":\"WebSite\",\"@id\":\"https:\/\/artgallery-passage.com\/cs\/#website\",\"url\":\"https:\/\/artgallery-passage.com\/cs\/\",\"name\":\"ART GALLERY PASSAGE\",\"description\":\"Ru\u010dne ma\u013eovan\u00e9 obrazy\",\"potentialAction\":[{\"@type\":\"SearchAction\",\"target\":{\"@type\":\"EntryPoint\",\"urlTemplate\":\"https:\/\/artgallery-passage.com\/cs\/?s={search_term_string}\"},\"query-input\":\"required name=search_term_string\"}],\"inLanguage\":\"cs\"}]}<\/script>\n<!-- \/ Yoast SEO plugin. -->","yoast_head_json":{"title":"Vesna neboli v\u00edt\u00e1n\u00ed jara - ART GALLERY PASSAGE","robots":{"index":"index","follow":"follow","max-snippet":"max-snippet:-1","max-image-preview":"max-image-preview:large","max-video-preview":"max-video-preview:-1"},"canonical":"https:\/\/artgallery-passage.com\/cs\/d\u00edlo\/vesna-or-welcome-jari\/","og_locale":"cs_CZ","og_type":"article","og_title":"Vesna neboli v\u00edt\u00e1n\u00ed jara - ART GALLERY PASSAGE","og_description":"Autor Milan Hric Velikost: 100x70","og_url":"https:\/\/artgallery-passage.com\/cs\/d\u00edlo\/vesna-or-welcome-jari\/","og_site_name":"ART GALLERY PASSAGE","article_modified_time":"2023-12-14T13:47:00+00:00","og_image":[{"width":556,"height":800,"url":"https:\/\/artgallery-passage.com\/wp-content\/uploads\/2023\/12\/3.-Vesna-alebo-vitanie-jari-100x70-mixed-medium-cena-800-Eur.jpg","type":"image\/jpeg"}],"twitter_card":"summary_large_image","twitter_misc":{"Est. reading time":"1 minuta"},"schema":{"@context":"https:\/\/schema.org","@graph":[{"@type":"WebPage","@id":"https:\/\/artgallery-passage.com\/cs\/d\u00edlo\/vesna-or-welcome-jari\/","url":"https:\/\/artgallery-passage.com\/cs\/d\u00edlo\/vesna-or-welcome-jari\/","name":"Vesna neboli v\u00edt\u00e1n\u00ed jara - ART GALLERY PASSAGE","isPartOf":{"@id":"https:\/\/artgallery-passage.com\/cs\/#website"},"datePublished":"2023-12-14T13:38:27+00:00","dateModified":"2023-12-14T13:47:00+00:00","breadcrumb":{"@id":"https:\/\/artgallery-passage.com\/cs\/d\u00edlo\/vesna-or-welcome-jari\/#breadcrumb"},"inLanguage":"cs","potentialAction":[{"@type":"ReadAction","target":["https:\/\/artgallery-passage.com\/cs\/d\u00edlo\/vesna-or-welcome-jari\/"]}]},{"@type":"BreadcrumbList","@id":"https:\/\/artgallery-passage.com\/cs\/d\u00edlo\/vesna-or-welcome-jari\/#breadcrumb","itemListElement":[{"@type":"ListItem","position":1,"name":"Domovsk\u00e1 str\u00e1nka","item":"https:\/\/artgallery-passage.com\/cs\/"},{"@type":"ListItem","position":2,"name":"Obrazy","item":"https:\/\/artgallery-passage.com\/cs\/obrazy\/"},{"@type":"ListItem","position":3,"name":"Vesna neboli v\u00edt\u00e1n\u00ed jara"}]},{"@type":"WebSite","@id":"https:\/\/artgallery-passage.com\/cs\/#website","url":"https:\/\/artgallery-passage.com\/cs\/","name":"ART GALLERY PASSAGE","description":"Ru\u010dne ma\u013eovan\u00e9 obrazy","potentialAction":[{"@type":"SearchAction","target":{"@type":"EntryPoint","urlTemplate":"https:\/\/artgallery-passage.com\/cs\/?s={search_term_string}"},"query-input":"required name=search_term_string"}],"inLanguage":"cs"}]}},"_links":{"self":[{"href":"https:\/\/artgallery-passage.com\/cs\/wp-json\/wp\/v2\/product\/2123"}],"collection":[{"href":"https:\/\/artgallery-passage.com\/cs\/wp-json\/wp\/v2\/product"}],"about":[{"href":"https:\/\/artgallery-passage.com\/cs\/wp-json\/wp\/v2\/types\/product"}],"wp:featuredmedia":[{"embeddable":true,"href":"https:\/\/artgallery-passage.com\/cs\/wp-json\/wp\/v2\/media\/2115"}],"wp:attachment":[{"href":"https:\/\/artgallery-passage.com\/cs\/wp-json\/wp\/v2\/media?parent=2123"}],"wp:term":[{"taxonomy":"product_cat","embeddable":true,"href":"https:\/\/artgallery-passage.com\/cs\/wp-json\/wp\/v2\/product_cat?post=2123"},{"taxonomy":"product_tag","embeddable":true,"href":"https:\/\/artgallery-passage.com\/cs\/wp-json\/wp\/v2\/product_tag?post=2123"}],"curies":[{"name":"wp","href":"https:\/\/api.w.org\/{rel}","templated":true}]}}