{"id":2209,"date":"2022-01-01T23:29:36","date_gmt":"2022-01-01T22:29:36","guid":{"rendered":"https:\/\/artgallery-passage.com\/?post_type=product&#038;p=2209"},"modified":"2024-01-02T11:39:06","modified_gmt":"2024-01-02T10:39:06","slug":"olejomalba-prirodni-kvetiny-kopia-kopia-kopia","status":"publish","type":"product","link":"https:\/\/artgallery-passage.com\/cs\/d\u00edlo\/olejomalba-prirodni-kvetiny-kopia-kopia-kopia\/","title":{"rendered":"Olejomalba &#8222;P\u0159\u00edrodn\u00ed kv\u011btiny&#8220;. (K\u00f3pia) (K\u00f3pia) (K\u00f3pia)"},"content":{"rendered":"<p><strong>Autor: IGOR NAVROTSKYI<br \/>\nN\u00e1zev: Olejomalba &#8222;P\u0159\u00edrodn\u00ed kv\u011btiny&#8220;.<br \/>\nRok: 2023<br \/>\nRozm\u011bry: 60 \u00d7 60 cm.<br \/>\nZna\u010den\u00ed: ru\u010dn\u011b dol\u016f<br \/>\nR\u00e1m: ne<br \/>\nMotiv: krajina<br \/>\nTechnika: olej na pl\u00e1tn\u011b<br \/>\n<\/strong><\/p>\n","protected":false},"excerpt":{"rendered":"<div class=\"productListFGridText\">\n<div class=\"productListFGridTegfkxt\">\n<p class=\"productListFGridDescription\"><strong>Rozm\u011bry:<\/strong> 60&#215;60 cm. <strong>Technika:<\/strong> olej na pl\u00e1tn\u011b.<\/p>\n<\/div>\n<\/div>\n","protected":false},"featured_media":2207,"template":"","meta":[],"product_cat":[140,167],"product_tag":[],"yoast_head":"<!-- This site is optimized with the Yoast SEO plugin v20.3 - https:\/\/yoast.com\/wordpress\/plugins\/seo\/ -->\n<title>Olejomalba &quot;P\u0159\u00edrodn\u00ed kv\u011btiny&quot;. (K\u00f3pia) (K\u00f3pia) (K\u00f3pia) - ART GALLERY PASSAGE<\/title>\n<meta name=\"description\" content=\"Olejomalba &quot;P\u0159\u00edrodn\u00ed kv\u011btiny&quot; - olejomalba, krajiny, portr\u00e9ty a surrealismus, ru\u010dn\u011b malovan\u00e9 obrazy. Osv\u011bd\u010den\u00ed o p\u016fvodnosti. Rychl\u00e9 dod\u00e1n\u00ed.\" \/>\n<meta name=\"robots\" content=\"index, follow, max-snippet:-1, max-image-preview:large, max-video-preview:-1\" \/>\n<link rel=\"canonical\" href=\"https:\/\/artgallery-passage.com\/cs\/d\u00edlo\/olejomalba-prirodni-kvetiny-kopia-kopia-kopia\/\" \/>\n<meta property=\"og:locale\" content=\"cs_CZ\" \/>\n<meta property=\"og:type\" content=\"article\" \/>\n<meta property=\"og:title\" content=\"Olejomalba &quot;P\u0159\u00edrodn\u00ed kv\u011btiny&quot;. (K\u00f3pia) (K\u00f3pia) (K\u00f3pia) - ART GALLERY PASSAGE\" \/>\n<meta property=\"og:description\" content=\"Olejomalba &quot;P\u0159\u00edrodn\u00ed kv\u011btiny&quot; - olejomalba, krajiny, portr\u00e9ty a surrealismus, ru\u010dn\u011b malovan\u00e9 obrazy. Osv\u011bd\u010den\u00ed o p\u016fvodnosti. Rychl\u00e9 dod\u00e1n\u00ed.\" \/>\n<meta property=\"og:url\" content=\"https:\/\/artgallery-passage.com\/cs\/d\u00edlo\/olejomalba-prirodni-kvetiny-kopia-kopia-kopia\/\" \/>\n<meta property=\"og:site_name\" content=\"ART GALLERY PASSAGE\" \/>\n<meta property=\"article:modified_time\" content=\"2024-01-02T10:39:06+00:00\" \/>\n<meta property=\"og:image\" content=\"https:\/\/artgallery-passage.com\/wp-content\/uploads\/2024\/01\/portret2.jpg\" \/>\n\t<meta property=\"og:image:width\" content=\"539\" \/>\n\t<meta property=\"og:image:height\" content=\"800\" \/>\n\t<meta property=\"og:image:type\" content=\"image\/jpeg\" \/>\n<meta name=\"twitter:card\" content=\"summary_large_image\" \/>\n<meta name=\"twitter:label1\" content=\"Est. reading time\" \/>\n\t<meta name=\"twitter:data1\" content=\"1 minuta\" \/>\n<script type=\"application\/ld+json\" class=\"yoast-schema-graph\">{\"@context\":\"https:\/\/schema.org\",\"@graph\":[{\"@type\":\"WebPage\",\"@id\":\"https:\/\/artgallery-passage.com\/cs\/d\u00edlo\/olejomalba-prirodni-kvetiny-kopia-kopia-kopia\/\",\"url\":\"https:\/\/artgallery-passage.com\/cs\/d\u00edlo\/olejomalba-prirodni-kvetiny-kopia-kopia-kopia\/\",\"name\":\"Olejomalba \\\"P\u0159\u00edrodn\u00ed kv\u011btiny\\\". (K\u00f3pia) (K\u00f3pia) (K\u00f3pia) - ART GALLERY PASSAGE\",\"isPartOf\":{\"@id\":\"https:\/\/artgallery-passage.com\/cs\/#website\"},\"datePublished\":\"2022-01-01T22:29:36+00:00\",\"dateModified\":\"2024-01-02T10:39:06+00:00\",\"description\":\"Olejomalba \\\"P\u0159\u00edrodn\u00ed kv\u011btiny\\\" - olejomalba, krajiny, portr\u00e9ty a surrealismus, ru\u010dn\u011b malovan\u00e9 obrazy. Osv\u011bd\u010den\u00ed o p\u016fvodnosti. Rychl\u00e9 dod\u00e1n\u00ed.\",\"breadcrumb\":{\"@id\":\"https:\/\/artgallery-passage.com\/cs\/d\u00edlo\/olejomalba-prirodni-kvetiny-kopia-kopia-kopia\/#breadcrumb\"},\"inLanguage\":\"cs\",\"potentialAction\":[{\"@type\":\"ReadAction\",\"target\":[\"https:\/\/artgallery-passage.com\/cs\/d\u00edlo\/olejomalba-prirodni-kvetiny-kopia-kopia-kopia\/\"]}]},{\"@type\":\"BreadcrumbList\",\"@id\":\"https:\/\/artgallery-passage.com\/cs\/d\u00edlo\/olejomalba-prirodni-kvetiny-kopia-kopia-kopia\/#breadcrumb\",\"itemListElement\":[{\"@type\":\"ListItem\",\"position\":1,\"name\":\"Domovsk\u00e1 str\u00e1nka\",\"item\":\"https:\/\/artgallery-passage.com\/cs\/\"},{\"@type\":\"ListItem\",\"position\":2,\"name\":\"Obrazy\",\"item\":\"https:\/\/artgallery-passage.com\/cs\/obrazy\/\"},{\"@type\":\"ListItem\",\"position\":3,\"name\":\"Olejomalba &#8222;P\u0159\u00edrodn\u00ed kv\u011btiny&#8220;. (K\u00f3pia) (K\u00f3pia) (K\u00f3pia)\"}]},{\"@type\":\"WebSite\",\"@id\":\"https:\/\/artgallery-passage.com\/cs\/#website\",\"url\":\"https:\/\/artgallery-passage.com\/cs\/\",\"name\":\"ART GALLERY PASSAGE\",\"description\":\"Ru\u010dne ma\u013eovan\u00e9 obrazy\",\"potentialAction\":[{\"@type\":\"SearchAction\",\"target\":{\"@type\":\"EntryPoint\",\"urlTemplate\":\"https:\/\/artgallery-passage.com\/cs\/?s={search_term_string}\"},\"query-input\":\"required name=search_term_string\"}],\"inLanguage\":\"cs\"}]}<\/script>\n<!-- \/ Yoast SEO plugin. -->","yoast_head_json":{"title":"Olejomalba \"P\u0159\u00edrodn\u00ed kv\u011btiny\". (K\u00f3pia) (K\u00f3pia) (K\u00f3pia) - ART GALLERY PASSAGE","description":"Olejomalba \"P\u0159\u00edrodn\u00ed kv\u011btiny\" - olejomalba, krajiny, portr\u00e9ty a surrealismus, ru\u010dn\u011b malovan\u00e9 obrazy. Osv\u011bd\u010den\u00ed o p\u016fvodnosti. Rychl\u00e9 dod\u00e1n\u00ed.","robots":{"index":"index","follow":"follow","max-snippet":"max-snippet:-1","max-image-preview":"max-image-preview:large","max-video-preview":"max-video-preview:-1"},"canonical":"https:\/\/artgallery-passage.com\/cs\/d\u00edlo\/olejomalba-prirodni-kvetiny-kopia-kopia-kopia\/","og_locale":"cs_CZ","og_type":"article","og_title":"Olejomalba \"P\u0159\u00edrodn\u00ed kv\u011btiny\". (K\u00f3pia) (K\u00f3pia) (K\u00f3pia) - ART GALLERY PASSAGE","og_description":"Olejomalba \"P\u0159\u00edrodn\u00ed kv\u011btiny\" - olejomalba, krajiny, portr\u00e9ty a surrealismus, ru\u010dn\u011b malovan\u00e9 obrazy. Osv\u011bd\u010den\u00ed o p\u016fvodnosti. Rychl\u00e9 dod\u00e1n\u00ed.","og_url":"https:\/\/artgallery-passage.com\/cs\/d\u00edlo\/olejomalba-prirodni-kvetiny-kopia-kopia-kopia\/","og_site_name":"ART GALLERY PASSAGE","article_modified_time":"2024-01-02T10:39:06+00:00","og_image":[{"width":539,"height":800,"url":"https:\/\/artgallery-passage.com\/wp-content\/uploads\/2024\/01\/portret2.jpg","type":"image\/jpeg"}],"twitter_card":"summary_large_image","twitter_misc":{"Est. reading time":"1 minuta"},"schema":{"@context":"https:\/\/schema.org","@graph":[{"@type":"WebPage","@id":"https:\/\/artgallery-passage.com\/cs\/d\u00edlo\/olejomalba-prirodni-kvetiny-kopia-kopia-kopia\/","url":"https:\/\/artgallery-passage.com\/cs\/d\u00edlo\/olejomalba-prirodni-kvetiny-kopia-kopia-kopia\/","name":"Olejomalba \"P\u0159\u00edrodn\u00ed kv\u011btiny\". (K\u00f3pia) (K\u00f3pia) (K\u00f3pia) - ART GALLERY PASSAGE","isPartOf":{"@id":"https:\/\/artgallery-passage.com\/cs\/#website"},"datePublished":"2022-01-01T22:29:36+00:00","dateModified":"2024-01-02T10:39:06+00:00","description":"Olejomalba \"P\u0159\u00edrodn\u00ed kv\u011btiny\" - olejomalba, krajiny, portr\u00e9ty a surrealismus, ru\u010dn\u011b malovan\u00e9 obrazy. Osv\u011bd\u010den\u00ed o p\u016fvodnosti. Rychl\u00e9 dod\u00e1n\u00ed.","breadcrumb":{"@id":"https:\/\/artgallery-passage.com\/cs\/d\u00edlo\/olejomalba-prirodni-kvetiny-kopia-kopia-kopia\/#breadcrumb"},"inLanguage":"cs","potentialAction":[{"@type":"ReadAction","target":["https:\/\/artgallery-passage.com\/cs\/d\u00edlo\/olejomalba-prirodni-kvetiny-kopia-kopia-kopia\/"]}]},{"@type":"BreadcrumbList","@id":"https:\/\/artgallery-passage.com\/cs\/d\u00edlo\/olejomalba-prirodni-kvetiny-kopia-kopia-kopia\/#breadcrumb","itemListElement":[{"@type":"ListItem","position":1,"name":"Domovsk\u00e1 str\u00e1nka","item":"https:\/\/artgallery-passage.com\/cs\/"},{"@type":"ListItem","position":2,"name":"Obrazy","item":"https:\/\/artgallery-passage.com\/cs\/obrazy\/"},{"@type":"ListItem","position":3,"name":"Olejomalba &#8222;P\u0159\u00edrodn\u00ed kv\u011btiny&#8220;. (K\u00f3pia) (K\u00f3pia) (K\u00f3pia)"}]},{"@type":"WebSite","@id":"https:\/\/artgallery-passage.com\/cs\/#website","url":"https:\/\/artgallery-passage.com\/cs\/","name":"ART GALLERY PASSAGE","description":"Ru\u010dne ma\u013eovan\u00e9 obrazy","potentialAction":[{"@type":"SearchAction","target":{"@type":"EntryPoint","urlTemplate":"https:\/\/artgallery-passage.com\/cs\/?s={search_term_string}"},"query-input":"required name=search_term_string"}],"inLanguage":"cs"}]}},"_links":{"self":[{"href":"https:\/\/artgallery-passage.com\/cs\/wp-json\/wp\/v2\/product\/2209"}],"collection":[{"href":"https:\/\/artgallery-passage.com\/cs\/wp-json\/wp\/v2\/product"}],"about":[{"href":"https:\/\/artgallery-passage.com\/cs\/wp-json\/wp\/v2\/types\/product"}],"wp:featuredmedia":[{"embeddable":true,"href":"https:\/\/artgallery-passage.com\/cs\/wp-json\/wp\/v2\/media\/2207"}],"wp:attachment":[{"href":"https:\/\/artgallery-passage.com\/cs\/wp-json\/wp\/v2\/media?parent=2209"}],"wp:term":[{"taxonomy":"product_cat","embeddable":true,"href":"https:\/\/artgallery-passage.com\/cs\/wp-json\/wp\/v2\/product_cat?post=2209"},{"taxonomy":"product_tag","embeddable":true,"href":"https:\/\/artgallery-passage.com\/cs\/wp-json\/wp\/v2\/product_tag?post=2209"}],"curies":[{"name":"wp","href":"https:\/\/api.w.org\/{rel}","templated":true}]}}