{"id":2897,"date":"2024-02-11T21:49:55","date_gmt":"2024-02-11T20:49:55","guid":{"rendered":"https:\/\/artgallery-passage.com\/?post_type=product&#038;p=2897"},"modified":"2024-03-12T14:34:25","modified_gmt":"2024-03-12T13:34:25","slug":"obrazy-na-prodej-floral-fantasy","status":"publish","type":"product","link":"https:\/\/artgallery-passage.com\/cs\/d\u00edlo\/obrazy-na-prodej-floral-fantasy\/","title":{"rendered":"obrazy na prodej Kv\u011btinov\u00e1 fantazie"},"content":{"rendered":"<p><strong>Autor: IGOR NAVROTSKYI<br \/>\nN\u00e1zev: um\u011bleck\u00e9 obrazy Kv\u011btinov\u00e1 fantazie<br \/>\nRok: 2024<br \/>\nRozm\u011bry: 65 \u00d7 45 cm.<br \/>\nZna\u010den\u00ed: ru\u010dn\u011b dol\u016f<br \/>\nR\u00e1m: ne<br \/>\nMotiv: kv\u011btiny<br \/>\nTechnika: olej na pl\u00e1tn\u011b<br \/>\n<\/strong><\/p>\n","protected":false},"excerpt":{"rendered":"<div class=\"productListFGridText\">\n<div class=\"productListFGridTegfkxt\">\n<p class=\"productListFGridDescription\"><strong>Rozm\u011bry: 65 \u00d7 45 cm. <\/strong> <strong>Technika:<\/strong> olej na pl\u00e1tn\u011b.<\/p>\n<\/div>\n<\/div>\n","protected":false},"featured_media":2903,"template":"","meta":[],"product_cat":[165,108,140,106],"product_tag":[763,769,479,768,767,770,765,466,764,761,762,766],"yoast_head":"<!-- This site is optimized with the Yoast SEO plugin v20.3 - https:\/\/yoast.com\/wordpress\/plugins\/seo\/ -->\n<title>obrazy na prodej Kv\u011btinov\u00e1 fantazie - ART GALLERY PASSAGE<\/title>\n<meta name=\"description\" content=\"olejomalba ru\u010dn\u011b malovan\u00e1 paletov\u00fdm no\u017eem na pl\u00e1tn\u011b ve v\u00edcevrstv\u00e9m stylu impasto na z\u00e1klad\u011b vzpom\u00ednek na l\u00e9to od akademick\u00e9ho mal\u00ed\u0159e -um\u011bleck\u00e9 obrazy na prodej\" \/>\n<meta name=\"robots\" content=\"index, follow, max-snippet:-1, max-image-preview:large, max-video-preview:-1\" \/>\n<link rel=\"canonical\" href=\"https:\/\/artgallery-passage.com\/cs\/d\u00edlo\/obrazy-na-prodej-floral-fantasy\/\" \/>\n<meta property=\"og:locale\" content=\"cs_CZ\" \/>\n<meta property=\"og:type\" content=\"article\" \/>\n<meta property=\"og:title\" content=\"obrazy na prodej Kv\u011btinov\u00e1 fantazie - ART GALLERY PASSAGE\" \/>\n<meta property=\"og:description\" content=\"olejomalba ru\u010dn\u011b malovan\u00e1 paletov\u00fdm no\u017eem na pl\u00e1tn\u011b ve v\u00edcevrstv\u00e9m stylu impasto na z\u00e1klad\u011b vzpom\u00ednek na l\u00e9to od akademick\u00e9ho mal\u00ed\u0159e -um\u011bleck\u00e9 obrazy na prodej\" \/>\n<meta property=\"og:url\" content=\"https:\/\/artgallery-passage.com\/cs\/d\u00edlo\/obrazy-na-prodej-floral-fantasy\/\" \/>\n<meta property=\"og:site_name\" content=\"ART GALLERY PASSAGE\" \/>\n<meta property=\"article:modified_time\" content=\"2024-03-12T13:34:25+00:00\" \/>\n<meta property=\"og:image\" content=\"https:\/\/artgallery-passage.com\/wp-content\/uploads\/2024\/02\/Farebne-fantazie-60x45-300-eur.jpg\" \/>\n\t<meta property=\"og:image:width\" content=\"900\" \/>\n\t<meta property=\"og:image:height\" content=\"1195\" \/>\n\t<meta property=\"og:image:type\" content=\"image\/jpeg\" \/>\n<meta name=\"twitter:card\" content=\"summary_large_image\" \/>\n<meta name=\"twitter:label1\" content=\"Est. reading time\" \/>\n\t<meta name=\"twitter:data1\" content=\"1 minuta\" \/>\n<script type=\"application\/ld+json\" class=\"yoast-schema-graph\">{\"@context\":\"https:\/\/schema.org\",\"@graph\":[{\"@type\":\"WebPage\",\"@id\":\"https:\/\/artgallery-passage.com\/cs\/d\u00edlo\/obrazy-na-prodej-floral-fantasy\/\",\"url\":\"https:\/\/artgallery-passage.com\/cs\/d\u00edlo\/obrazy-na-prodej-floral-fantasy\/\",\"name\":\"obrazy na prodej Kv\u011btinov\u00e1 fantazie - ART GALLERY PASSAGE\",\"isPartOf\":{\"@id\":\"https:\/\/artgallery-passage.com\/cs\/#website\"},\"datePublished\":\"2024-02-11T20:49:55+00:00\",\"dateModified\":\"2024-03-12T13:34:25+00:00\",\"description\":\"olejomalba ru\u010dn\u011b malovan\u00e1 paletov\u00fdm no\u017eem na pl\u00e1tn\u011b ve v\u00edcevrstv\u00e9m stylu impasto na z\u00e1klad\u011b vzpom\u00ednek na l\u00e9to od akademick\u00e9ho mal\u00ed\u0159e -um\u011bleck\u00e9 obrazy na prodej\",\"breadcrumb\":{\"@id\":\"https:\/\/artgallery-passage.com\/cs\/d\u00edlo\/obrazy-na-prodej-floral-fantasy\/#breadcrumb\"},\"inLanguage\":\"cs\",\"potentialAction\":[{\"@type\":\"ReadAction\",\"target\":[\"https:\/\/artgallery-passage.com\/cs\/d\u00edlo\/obrazy-na-prodej-floral-fantasy\/\"]}]},{\"@type\":\"BreadcrumbList\",\"@id\":\"https:\/\/artgallery-passage.com\/cs\/d\u00edlo\/obrazy-na-prodej-floral-fantasy\/#breadcrumb\",\"itemListElement\":[{\"@type\":\"ListItem\",\"position\":1,\"name\":\"Domovsk\u00e1 str\u00e1nka\",\"item\":\"https:\/\/artgallery-passage.com\/cs\/\"},{\"@type\":\"ListItem\",\"position\":2,\"name\":\"Obrazy\",\"item\":\"https:\/\/artgallery-passage.com\/cs\/obrazy\/\"},{\"@type\":\"ListItem\",\"position\":3,\"name\":\"obrazy na prodej Kv\u011btinov\u00e1 fantazie\"}]},{\"@type\":\"WebSite\",\"@id\":\"https:\/\/artgallery-passage.com\/cs\/#website\",\"url\":\"https:\/\/artgallery-passage.com\/cs\/\",\"name\":\"ART GALLERY PASSAGE\",\"description\":\"Ru\u010dne ma\u013eovan\u00e9 obrazy\",\"potentialAction\":[{\"@type\":\"SearchAction\",\"target\":{\"@type\":\"EntryPoint\",\"urlTemplate\":\"https:\/\/artgallery-passage.com\/cs\/?s={search_term_string}\"},\"query-input\":\"required name=search_term_string\"}],\"inLanguage\":\"cs\"}]}<\/script>\n<!-- \/ Yoast SEO plugin. -->","yoast_head_json":{"title":"obrazy na prodej Kv\u011btinov\u00e1 fantazie - ART GALLERY PASSAGE","description":"olejomalba ru\u010dn\u011b malovan\u00e1 paletov\u00fdm no\u017eem na pl\u00e1tn\u011b ve v\u00edcevrstv\u00e9m stylu impasto na z\u00e1klad\u011b vzpom\u00ednek na l\u00e9to od akademick\u00e9ho mal\u00ed\u0159e -um\u011bleck\u00e9 obrazy na prodej","robots":{"index":"index","follow":"follow","max-snippet":"max-snippet:-1","max-image-preview":"max-image-preview:large","max-video-preview":"max-video-preview:-1"},"canonical":"https:\/\/artgallery-passage.com\/cs\/d\u00edlo\/obrazy-na-prodej-floral-fantasy\/","og_locale":"cs_CZ","og_type":"article","og_title":"obrazy na prodej Kv\u011btinov\u00e1 fantazie - ART GALLERY PASSAGE","og_description":"olejomalba ru\u010dn\u011b malovan\u00e1 paletov\u00fdm no\u017eem na pl\u00e1tn\u011b ve v\u00edcevrstv\u00e9m stylu impasto na z\u00e1klad\u011b vzpom\u00ednek na l\u00e9to od akademick\u00e9ho mal\u00ed\u0159e -um\u011bleck\u00e9 obrazy na prodej","og_url":"https:\/\/artgallery-passage.com\/cs\/d\u00edlo\/obrazy-na-prodej-floral-fantasy\/","og_site_name":"ART GALLERY PASSAGE","article_modified_time":"2024-03-12T13:34:25+00:00","og_image":[{"width":900,"height":1195,"url":"https:\/\/artgallery-passage.com\/wp-content\/uploads\/2024\/02\/Farebne-fantazie-60x45-300-eur.jpg","type":"image\/jpeg"}],"twitter_card":"summary_large_image","twitter_misc":{"Est. reading time":"1 minuta"},"schema":{"@context":"https:\/\/schema.org","@graph":[{"@type":"WebPage","@id":"https:\/\/artgallery-passage.com\/cs\/d\u00edlo\/obrazy-na-prodej-floral-fantasy\/","url":"https:\/\/artgallery-passage.com\/cs\/d\u00edlo\/obrazy-na-prodej-floral-fantasy\/","name":"obrazy na prodej Kv\u011btinov\u00e1 fantazie - ART GALLERY PASSAGE","isPartOf":{"@id":"https:\/\/artgallery-passage.com\/cs\/#website"},"datePublished":"2024-02-11T20:49:55+00:00","dateModified":"2024-03-12T13:34:25+00:00","description":"olejomalba ru\u010dn\u011b malovan\u00e1 paletov\u00fdm no\u017eem na pl\u00e1tn\u011b ve v\u00edcevrstv\u00e9m stylu impasto na z\u00e1klad\u011b vzpom\u00ednek na l\u00e9to od akademick\u00e9ho mal\u00ed\u0159e -um\u011bleck\u00e9 obrazy na prodej","breadcrumb":{"@id":"https:\/\/artgallery-passage.com\/cs\/d\u00edlo\/obrazy-na-prodej-floral-fantasy\/#breadcrumb"},"inLanguage":"cs","potentialAction":[{"@type":"ReadAction","target":["https:\/\/artgallery-passage.com\/cs\/d\u00edlo\/obrazy-na-prodej-floral-fantasy\/"]}]},{"@type":"BreadcrumbList","@id":"https:\/\/artgallery-passage.com\/cs\/d\u00edlo\/obrazy-na-prodej-floral-fantasy\/#breadcrumb","itemListElement":[{"@type":"ListItem","position":1,"name":"Domovsk\u00e1 str\u00e1nka","item":"https:\/\/artgallery-passage.com\/cs\/"},{"@type":"ListItem","position":2,"name":"Obrazy","item":"https:\/\/artgallery-passage.com\/cs\/obrazy\/"},{"@type":"ListItem","position":3,"name":"obrazy na prodej Kv\u011btinov\u00e1 fantazie"}]},{"@type":"WebSite","@id":"https:\/\/artgallery-passage.com\/cs\/#website","url":"https:\/\/artgallery-passage.com\/cs\/","name":"ART GALLERY PASSAGE","description":"Ru\u010dne ma\u013eovan\u00e9 obrazy","potentialAction":[{"@type":"SearchAction","target":{"@type":"EntryPoint","urlTemplate":"https:\/\/artgallery-passage.com\/cs\/?s={search_term_string}"},"query-input":"required name=search_term_string"}],"inLanguage":"cs"}]}},"_links":{"self":[{"href":"https:\/\/artgallery-passage.com\/cs\/wp-json\/wp\/v2\/product\/2897"}],"collection":[{"href":"https:\/\/artgallery-passage.com\/cs\/wp-json\/wp\/v2\/product"}],"about":[{"href":"https:\/\/artgallery-passage.com\/cs\/wp-json\/wp\/v2\/types\/product"}],"wp:featuredmedia":[{"embeddable":true,"href":"https:\/\/artgallery-passage.com\/cs\/wp-json\/wp\/v2\/media\/2903"}],"wp:attachment":[{"href":"https:\/\/artgallery-passage.com\/cs\/wp-json\/wp\/v2\/media?parent=2897"}],"wp:term":[{"taxonomy":"product_cat","embeddable":true,"href":"https:\/\/artgallery-passage.com\/cs\/wp-json\/wp\/v2\/product_cat?post=2897"},{"taxonomy":"product_tag","embeddable":true,"href":"https:\/\/artgallery-passage.com\/cs\/wp-json\/wp\/v2\/product_tag?post=2897"}],"curies":[{"name":"wp","href":"https:\/\/api.w.org\/{rel}","templated":true}]}}