{"id":2910,"date":"2024-03-01T21:52:56","date_gmt":"2024-03-01T20:52:56","guid":{"rendered":"https:\/\/artgallery-passage.com\/?post_type=product&#038;p=2910"},"modified":"2024-03-12T14:34:28","modified_gmt":"2024-03-12T13:34:28","slug":"obrazy-prodej-tatry-priroda-krajina-malba-reka-jesen-jarni-tok","status":"publish","type":"product","link":"https:\/\/artgallery-passage.com\/cs\/d\u00edlo\/obrazy-prodej-tatry-priroda-krajina-malba-reka-jesen-jarni-tok\/","title":{"rendered":"Obrazy na prodej."},"content":{"rendered":"<p><strong>Autor: <\/strong>IGOR NAVROTSKYI<strong><br \/>\nN\u00e1zev: Prodej obraz\u016f. tatry.<\/strong><strong><br \/>\nOlejomalba : <\/strong>ru\u010dn\u00ed pr\u00e1ce : rok 2024<strong><br \/>\nRozm\u011br: 63<\/strong> x 42 cm.<strong><br \/>\nZna\u010den\u00ed: <\/strong>ru\u010dn\u00ed pr\u00e1ce dole<strong><br \/>\nR\u00e1m <\/strong><strong>: <\/strong>ne<strong><br \/>\nMotiv: <\/strong>krajina<strong><br \/>\nTechnika: <\/strong>olej na pl\u00e1tn\u011b olejomalba krajina<\/p>\n","protected":false},"excerpt":{"rendered":"<p>Autor: Mgr. Rozm\u011bry:63&#215;42 cm. Technika: olej na pl\u00e1tn\u011b<\/p>\n","protected":false},"featured_media":2913,"template":"","meta":[],"product_cat":[140,106],"product_tag":[468,771,474,469,159,466,471,473,472,470,478,476,477,475,465,467],"yoast_head":"<!-- This site is optimized with the Yoast SEO plugin v20.3 - https:\/\/yoast.com\/wordpress\/plugins\/seo\/ -->\n<title>Obrazy na prodej. - ART GALLERY PASSAGE<\/title>\n<meta name=\"description\" content=\"olejomalba krajina kr\u00e1sn\u00e1 severn\u00ed krajina, lesn\u00ed krajina olejomalba \u0159eka olejomalba z\u00e1pad slunce kr\u00e1sn\u00e1 p\u0159\u00edroda koupit obraz koupit olejomalba zimn\u00ed krajina\" \/>\n<meta name=\"robots\" content=\"index, follow, max-snippet:-1, max-image-preview:large, max-video-preview:-1\" \/>\n<link rel=\"canonical\" href=\"https:\/\/artgallery-passage.com\/cs\/d\u00edlo\/obrazy-prodej-tatry-priroda-krajina-malba-reka-jesen-jarni-tok\/\" \/>\n<meta property=\"og:locale\" content=\"cs_CZ\" \/>\n<meta property=\"og:type\" content=\"article\" \/>\n<meta property=\"og:title\" content=\"Obrazy na prodej. - ART GALLERY PASSAGE\" \/>\n<meta property=\"og:description\" content=\"olejomalba krajina kr\u00e1sn\u00e1 severn\u00ed krajina, lesn\u00ed krajina olejomalba \u0159eka olejomalba z\u00e1pad slunce kr\u00e1sn\u00e1 p\u0159\u00edroda koupit obraz koupit olejomalba zimn\u00ed krajina\" \/>\n<meta property=\"og:url\" content=\"https:\/\/artgallery-passage.com\/cs\/d\u00edlo\/obrazy-prodej-tatry-priroda-krajina-malba-reka-jesen-jarni-tok\/\" \/>\n<meta property=\"og:site_name\" content=\"ART GALLERY PASSAGE\" \/>\n<meta property=\"article:modified_time\" content=\"2024-03-12T13:34:28+00:00\" \/>\n<meta property=\"og:image\" content=\"https:\/\/artgallery-passage.com\/wp-content\/uploads\/2024\/03\/Jar-na-horach-63x42-300-eur.jpg\" \/>\n\t<meta property=\"og:image:width\" content=\"800\" \/>\n\t<meta property=\"og:image:height\" content=\"1205\" \/>\n\t<meta property=\"og:image:type\" content=\"image\/jpeg\" \/>\n<meta name=\"twitter:card\" content=\"summary_large_image\" \/>\n<meta name=\"twitter:label1\" content=\"Est. reading time\" \/>\n\t<meta name=\"twitter:data1\" content=\"1 minuta\" \/>\n<script type=\"application\/ld+json\" class=\"yoast-schema-graph\">{\"@context\":\"https:\/\/schema.org\",\"@graph\":[{\"@type\":\"WebPage\",\"@id\":\"https:\/\/artgallery-passage.com\/cs\/d\u00edlo\/obrazy-prodej-tatry-priroda-krajina-malba-reka-jesen-jarni-tok\/\",\"url\":\"https:\/\/artgallery-passage.com\/cs\/d\u00edlo\/obrazy-prodej-tatry-priroda-krajina-malba-reka-jesen-jarni-tok\/\",\"name\":\"Obrazy na prodej. - ART GALLERY PASSAGE\",\"isPartOf\":{\"@id\":\"https:\/\/artgallery-passage.com\/cs\/#website\"},\"datePublished\":\"2024-03-01T20:52:56+00:00\",\"dateModified\":\"2024-03-12T13:34:28+00:00\",\"description\":\"olejomalba krajina kr\u00e1sn\u00e1 severn\u00ed krajina, lesn\u00ed krajina olejomalba \u0159eka olejomalba z\u00e1pad slunce kr\u00e1sn\u00e1 p\u0159\u00edroda koupit obraz koupit olejomalba zimn\u00ed krajina\",\"breadcrumb\":{\"@id\":\"https:\/\/artgallery-passage.com\/cs\/d\u00edlo\/obrazy-prodej-tatry-priroda-krajina-malba-reka-jesen-jarni-tok\/#breadcrumb\"},\"inLanguage\":\"cs\",\"potentialAction\":[{\"@type\":\"ReadAction\",\"target\":[\"https:\/\/artgallery-passage.com\/cs\/d\u00edlo\/obrazy-prodej-tatry-priroda-krajina-malba-reka-jesen-jarni-tok\/\"]}]},{\"@type\":\"BreadcrumbList\",\"@id\":\"https:\/\/artgallery-passage.com\/cs\/d\u00edlo\/obrazy-prodej-tatry-priroda-krajina-malba-reka-jesen-jarni-tok\/#breadcrumb\",\"itemListElement\":[{\"@type\":\"ListItem\",\"position\":1,\"name\":\"Domovsk\u00e1 str\u00e1nka\",\"item\":\"https:\/\/artgallery-passage.com\/cs\/\"},{\"@type\":\"ListItem\",\"position\":2,\"name\":\"Obrazy\",\"item\":\"https:\/\/artgallery-passage.com\/cs\/obrazy\/\"},{\"@type\":\"ListItem\",\"position\":3,\"name\":\"Obrazy na prodej.\"}]},{\"@type\":\"WebSite\",\"@id\":\"https:\/\/artgallery-passage.com\/cs\/#website\",\"url\":\"https:\/\/artgallery-passage.com\/cs\/\",\"name\":\"ART GALLERY PASSAGE\",\"description\":\"Ru\u010dne ma\u013eovan\u00e9 obrazy\",\"potentialAction\":[{\"@type\":\"SearchAction\",\"target\":{\"@type\":\"EntryPoint\",\"urlTemplate\":\"https:\/\/artgallery-passage.com\/cs\/?s={search_term_string}\"},\"query-input\":\"required name=search_term_string\"}],\"inLanguage\":\"cs\"}]}<\/script>\n<!-- \/ Yoast SEO plugin. -->","yoast_head_json":{"title":"Obrazy na prodej. - ART GALLERY PASSAGE","description":"olejomalba krajina kr\u00e1sn\u00e1 severn\u00ed krajina, lesn\u00ed krajina olejomalba \u0159eka olejomalba z\u00e1pad slunce kr\u00e1sn\u00e1 p\u0159\u00edroda koupit obraz koupit olejomalba zimn\u00ed krajina","robots":{"index":"index","follow":"follow","max-snippet":"max-snippet:-1","max-image-preview":"max-image-preview:large","max-video-preview":"max-video-preview:-1"},"canonical":"https:\/\/artgallery-passage.com\/cs\/d\u00edlo\/obrazy-prodej-tatry-priroda-krajina-malba-reka-jesen-jarni-tok\/","og_locale":"cs_CZ","og_type":"article","og_title":"Obrazy na prodej. - ART GALLERY PASSAGE","og_description":"olejomalba krajina kr\u00e1sn\u00e1 severn\u00ed krajina, lesn\u00ed krajina olejomalba \u0159eka olejomalba z\u00e1pad slunce kr\u00e1sn\u00e1 p\u0159\u00edroda koupit obraz koupit olejomalba zimn\u00ed krajina","og_url":"https:\/\/artgallery-passage.com\/cs\/d\u00edlo\/obrazy-prodej-tatry-priroda-krajina-malba-reka-jesen-jarni-tok\/","og_site_name":"ART GALLERY PASSAGE","article_modified_time":"2024-03-12T13:34:28+00:00","og_image":[{"width":800,"height":1205,"url":"https:\/\/artgallery-passage.com\/wp-content\/uploads\/2024\/03\/Jar-na-horach-63x42-300-eur.jpg","type":"image\/jpeg"}],"twitter_card":"summary_large_image","twitter_misc":{"Est. reading time":"1 minuta"},"schema":{"@context":"https:\/\/schema.org","@graph":[{"@type":"WebPage","@id":"https:\/\/artgallery-passage.com\/cs\/d\u00edlo\/obrazy-prodej-tatry-priroda-krajina-malba-reka-jesen-jarni-tok\/","url":"https:\/\/artgallery-passage.com\/cs\/d\u00edlo\/obrazy-prodej-tatry-priroda-krajina-malba-reka-jesen-jarni-tok\/","name":"Obrazy na prodej. - ART GALLERY PASSAGE","isPartOf":{"@id":"https:\/\/artgallery-passage.com\/cs\/#website"},"datePublished":"2024-03-01T20:52:56+00:00","dateModified":"2024-03-12T13:34:28+00:00","description":"olejomalba krajina kr\u00e1sn\u00e1 severn\u00ed krajina, lesn\u00ed krajina olejomalba \u0159eka olejomalba z\u00e1pad slunce kr\u00e1sn\u00e1 p\u0159\u00edroda koupit obraz koupit olejomalba zimn\u00ed krajina","breadcrumb":{"@id":"https:\/\/artgallery-passage.com\/cs\/d\u00edlo\/obrazy-prodej-tatry-priroda-krajina-malba-reka-jesen-jarni-tok\/#breadcrumb"},"inLanguage":"cs","potentialAction":[{"@type":"ReadAction","target":["https:\/\/artgallery-passage.com\/cs\/d\u00edlo\/obrazy-prodej-tatry-priroda-krajina-malba-reka-jesen-jarni-tok\/"]}]},{"@type":"BreadcrumbList","@id":"https:\/\/artgallery-passage.com\/cs\/d\u00edlo\/obrazy-prodej-tatry-priroda-krajina-malba-reka-jesen-jarni-tok\/#breadcrumb","itemListElement":[{"@type":"ListItem","position":1,"name":"Domovsk\u00e1 str\u00e1nka","item":"https:\/\/artgallery-passage.com\/cs\/"},{"@type":"ListItem","position":2,"name":"Obrazy","item":"https:\/\/artgallery-passage.com\/cs\/obrazy\/"},{"@type":"ListItem","position":3,"name":"Obrazy na prodej."}]},{"@type":"WebSite","@id":"https:\/\/artgallery-passage.com\/cs\/#website","url":"https:\/\/artgallery-passage.com\/cs\/","name":"ART GALLERY PASSAGE","description":"Ru\u010dne ma\u013eovan\u00e9 obrazy","potentialAction":[{"@type":"SearchAction","target":{"@type":"EntryPoint","urlTemplate":"https:\/\/artgallery-passage.com\/cs\/?s={search_term_string}"},"query-input":"required name=search_term_string"}],"inLanguage":"cs"}]}},"_links":{"self":[{"href":"https:\/\/artgallery-passage.com\/cs\/wp-json\/wp\/v2\/product\/2910"}],"collection":[{"href":"https:\/\/artgallery-passage.com\/cs\/wp-json\/wp\/v2\/product"}],"about":[{"href":"https:\/\/artgallery-passage.com\/cs\/wp-json\/wp\/v2\/types\/product"}],"wp:featuredmedia":[{"embeddable":true,"href":"https:\/\/artgallery-passage.com\/cs\/wp-json\/wp\/v2\/media\/2913"}],"wp:attachment":[{"href":"https:\/\/artgallery-passage.com\/cs\/wp-json\/wp\/v2\/media?parent=2910"}],"wp:term":[{"taxonomy":"product_cat","embeddable":true,"href":"https:\/\/artgallery-passage.com\/cs\/wp-json\/wp\/v2\/product_cat?post=2910"},{"taxonomy":"product_tag","embeddable":true,"href":"https:\/\/artgallery-passage.com\/cs\/wp-json\/wp\/v2\/product_tag?post=2910"}],"curies":[{"name":"wp","href":"https:\/\/api.w.org\/{rel}","templated":true}]}}