{"id":3042,"date":"2025-01-03T19:25:43","date_gmt":"2025-01-03T18:25:43","guid":{"rendered":"https:\/\/artgallery-passage.com\/?post_type=product&#038;p=3042"},"modified":"2025-02-14T12:14:35","modified_gmt":"2025-02-14T11:14:35","slug":"obrazy-na-prodej-olej","status":"publish","type":"product","link":"https:\/\/artgallery-passage.com\/cs\/d\u00edlo\/obrazy-na-prodej-olej\/","title":{"rendered":"Obrazy na prodej . Sn\u011bhov\u00e1 kr\u00e1lovna"},"content":{"rendered":"<p>A<strong>utor: IGOR NAVROTSKYI<\/strong><strong>N\u00e1zev: Olejomalba &#8222;Sn\u011bhov\u00e1 kr\u00e1lovna&#8220;.<\/strong><strong>Rok:<\/strong> 2025<strong>Rozm\u011bry: 80\u00d760 cm. <\/strong><br \/>\n<strong><\/p>\n<p> Z<strong>na\u010den\u00ed: ru\u010dn\u00ed pr\u00e1ce ve spodn\u00ed \u010d\u00e1sti<\/strong> R\u00e1m<strong>: ano<\/strong><strong>Motiv: figur\u00e1ln\u00ed malba, portr\u00e9t<\/strong><strong>Technika: olejomalba.<\/strong><\/strong><\/p>\n","protected":false},"excerpt":{"rendered":"<div class=\"productListFGridText\">\n<div class=\"productListFGridText\">\n<p class=\"productListFGridDescription\"><strong>Rozm\u011bry:<\/strong> 80&#215;60 cm. <strong>Technika:<\/strong> olej .<\/p>\n<\/div>\n<\/div>\n","protected":false},"featured_media":3045,"template":"","meta":[],"product_cat":[105,107,140],"product_tag":[799,805,796,469,800,798,801,803,797,804,802,467],"yoast_head":"<!-- This site is optimized with the Yoast SEO plugin v20.3 - https:\/\/yoast.com\/wordpress\/plugins\/seo\/ -->\n<title>Obrazy na prodej . Sn\u011bhov\u00e1 kr\u00e1lovna - ART GALLERY PASSAGE<\/title>\n<meta name=\"description\" content=\"Olejomalba &quot;Sn\u011bhov\u00e1 kr\u00e1lovna&quot; .art obrazy um\u011bleck\u00e1 d\u00edla um\u011bleck\u00e1 galerie bratislava ko\u0161ice olejomalba akt design olejomalba olejomalba realismus\" \/>\n<meta name=\"robots\" content=\"index, follow, max-snippet:-1, max-image-preview:large, max-video-preview:-1\" \/>\n<link rel=\"canonical\" href=\"https:\/\/artgallery-passage.com\/cs\/d\u00edlo\/obrazy-na-prodej-olej\/\" \/>\n<meta property=\"og:locale\" content=\"cs_CZ\" \/>\n<meta property=\"og:type\" content=\"article\" \/>\n<meta property=\"og:title\" content=\"Obrazy na prodej . Sn\u011bhov\u00e1 kr\u00e1lovna - ART GALLERY PASSAGE\" \/>\n<meta property=\"og:description\" content=\"Olejomalba &quot;Sn\u011bhov\u00e1 kr\u00e1lovna&quot; .art obrazy um\u011bleck\u00e1 d\u00edla um\u011bleck\u00e1 galerie bratislava ko\u0161ice olejomalba akt design olejomalba olejomalba realismus\" \/>\n<meta property=\"og:url\" content=\"https:\/\/artgallery-passage.com\/cs\/d\u00edlo\/obrazy-na-prodej-olej\/\" \/>\n<meta property=\"og:site_name\" content=\"ART GALLERY PASSAGE\" \/>\n<meta property=\"article:modified_time\" content=\"2025-02-14T11:14:35+00:00\" \/>\n<meta property=\"og:image\" content=\"https:\/\/artgallery-passage.com\/wp-content\/uploads\/2025\/01\/Snow-Queen-80x60-600-euro.jpg\" \/>\n\t<meta property=\"og:image:width\" content=\"800\" \/>\n\t<meta property=\"og:image:height\" content=\"1077\" \/>\n\t<meta property=\"og:image:type\" content=\"image\/jpeg\" \/>\n<meta name=\"twitter:card\" content=\"summary_large_image\" \/>\n<meta name=\"twitter:label1\" content=\"Est. reading time\" \/>\n\t<meta name=\"twitter:data1\" content=\"1 minuta\" \/>\n<script type=\"application\/ld+json\" class=\"yoast-schema-graph\">{\"@context\":\"https:\/\/schema.org\",\"@graph\":[{\"@type\":\"WebPage\",\"@id\":\"https:\/\/artgallery-passage.com\/cs\/d\u00edlo\/obrazy-na-prodej-olej\/\",\"url\":\"https:\/\/artgallery-passage.com\/cs\/d\u00edlo\/obrazy-na-prodej-olej\/\",\"name\":\"Obrazy na prodej . Sn\u011bhov\u00e1 kr\u00e1lovna - ART GALLERY PASSAGE\",\"isPartOf\":{\"@id\":\"https:\/\/artgallery-passage.com\/cs\/#website\"},\"datePublished\":\"2025-01-03T18:25:43+00:00\",\"dateModified\":\"2025-02-14T11:14:35+00:00\",\"description\":\"Olejomalba \\\"Sn\u011bhov\u00e1 kr\u00e1lovna\\\" .art obrazy um\u011bleck\u00e1 d\u00edla um\u011bleck\u00e1 galerie bratislava ko\u0161ice olejomalba akt design olejomalba olejomalba realismus\",\"breadcrumb\":{\"@id\":\"https:\/\/artgallery-passage.com\/cs\/d\u00edlo\/obrazy-na-prodej-olej\/#breadcrumb\"},\"inLanguage\":\"cs\",\"potentialAction\":[{\"@type\":\"ReadAction\",\"target\":[\"https:\/\/artgallery-passage.com\/cs\/d\u00edlo\/obrazy-na-prodej-olej\/\"]}]},{\"@type\":\"BreadcrumbList\",\"@id\":\"https:\/\/artgallery-passage.com\/cs\/d\u00edlo\/obrazy-na-prodej-olej\/#breadcrumb\",\"itemListElement\":[{\"@type\":\"ListItem\",\"position\":1,\"name\":\"Domovsk\u00e1 str\u00e1nka\",\"item\":\"https:\/\/artgallery-passage.com\/cs\/\"},{\"@type\":\"ListItem\",\"position\":2,\"name\":\"Obrazy\",\"item\":\"https:\/\/artgallery-passage.com\/cs\/obrazy\/\"},{\"@type\":\"ListItem\",\"position\":3,\"name\":\"Obrazy na prodej . Sn\u011bhov\u00e1 kr\u00e1lovna\"}]},{\"@type\":\"WebSite\",\"@id\":\"https:\/\/artgallery-passage.com\/cs\/#website\",\"url\":\"https:\/\/artgallery-passage.com\/cs\/\",\"name\":\"ART GALLERY PASSAGE\",\"description\":\"Ru\u010dne ma\u013eovan\u00e9 obrazy\",\"potentialAction\":[{\"@type\":\"SearchAction\",\"target\":{\"@type\":\"EntryPoint\",\"urlTemplate\":\"https:\/\/artgallery-passage.com\/cs\/?s={search_term_string}\"},\"query-input\":\"required name=search_term_string\"}],\"inLanguage\":\"cs\"}]}<\/script>\n<!-- \/ Yoast SEO plugin. -->","yoast_head_json":{"title":"Obrazy na prodej . Sn\u011bhov\u00e1 kr\u00e1lovna - ART GALLERY PASSAGE","description":"Olejomalba \"Sn\u011bhov\u00e1 kr\u00e1lovna\" .art obrazy um\u011bleck\u00e1 d\u00edla um\u011bleck\u00e1 galerie bratislava ko\u0161ice olejomalba akt design olejomalba olejomalba realismus","robots":{"index":"index","follow":"follow","max-snippet":"max-snippet:-1","max-image-preview":"max-image-preview:large","max-video-preview":"max-video-preview:-1"},"canonical":"https:\/\/artgallery-passage.com\/cs\/d\u00edlo\/obrazy-na-prodej-olej\/","og_locale":"cs_CZ","og_type":"article","og_title":"Obrazy na prodej . Sn\u011bhov\u00e1 kr\u00e1lovna - ART GALLERY PASSAGE","og_description":"Olejomalba \"Sn\u011bhov\u00e1 kr\u00e1lovna\" .art obrazy um\u011bleck\u00e1 d\u00edla um\u011bleck\u00e1 galerie bratislava ko\u0161ice olejomalba akt design olejomalba olejomalba realismus","og_url":"https:\/\/artgallery-passage.com\/cs\/d\u00edlo\/obrazy-na-prodej-olej\/","og_site_name":"ART GALLERY PASSAGE","article_modified_time":"2025-02-14T11:14:35+00:00","og_image":[{"width":800,"height":1077,"url":"https:\/\/artgallery-passage.com\/wp-content\/uploads\/2025\/01\/Snow-Queen-80x60-600-euro.jpg","type":"image\/jpeg"}],"twitter_card":"summary_large_image","twitter_misc":{"Est. reading time":"1 minuta"},"schema":{"@context":"https:\/\/schema.org","@graph":[{"@type":"WebPage","@id":"https:\/\/artgallery-passage.com\/cs\/d\u00edlo\/obrazy-na-prodej-olej\/","url":"https:\/\/artgallery-passage.com\/cs\/d\u00edlo\/obrazy-na-prodej-olej\/","name":"Obrazy na prodej . Sn\u011bhov\u00e1 kr\u00e1lovna - ART GALLERY PASSAGE","isPartOf":{"@id":"https:\/\/artgallery-passage.com\/cs\/#website"},"datePublished":"2025-01-03T18:25:43+00:00","dateModified":"2025-02-14T11:14:35+00:00","description":"Olejomalba \"Sn\u011bhov\u00e1 kr\u00e1lovna\" .art obrazy um\u011bleck\u00e1 d\u00edla um\u011bleck\u00e1 galerie bratislava ko\u0161ice olejomalba akt design olejomalba olejomalba realismus","breadcrumb":{"@id":"https:\/\/artgallery-passage.com\/cs\/d\u00edlo\/obrazy-na-prodej-olej\/#breadcrumb"},"inLanguage":"cs","potentialAction":[{"@type":"ReadAction","target":["https:\/\/artgallery-passage.com\/cs\/d\u00edlo\/obrazy-na-prodej-olej\/"]}]},{"@type":"BreadcrumbList","@id":"https:\/\/artgallery-passage.com\/cs\/d\u00edlo\/obrazy-na-prodej-olej\/#breadcrumb","itemListElement":[{"@type":"ListItem","position":1,"name":"Domovsk\u00e1 str\u00e1nka","item":"https:\/\/artgallery-passage.com\/cs\/"},{"@type":"ListItem","position":2,"name":"Obrazy","item":"https:\/\/artgallery-passage.com\/cs\/obrazy\/"},{"@type":"ListItem","position":3,"name":"Obrazy na prodej . Sn\u011bhov\u00e1 kr\u00e1lovna"}]},{"@type":"WebSite","@id":"https:\/\/artgallery-passage.com\/cs\/#website","url":"https:\/\/artgallery-passage.com\/cs\/","name":"ART GALLERY PASSAGE","description":"Ru\u010dne ma\u013eovan\u00e9 obrazy","potentialAction":[{"@type":"SearchAction","target":{"@type":"EntryPoint","urlTemplate":"https:\/\/artgallery-passage.com\/cs\/?s={search_term_string}"},"query-input":"required name=search_term_string"}],"inLanguage":"cs"}]}},"_links":{"self":[{"href":"https:\/\/artgallery-passage.com\/cs\/wp-json\/wp\/v2\/product\/3042"}],"collection":[{"href":"https:\/\/artgallery-passage.com\/cs\/wp-json\/wp\/v2\/product"}],"about":[{"href":"https:\/\/artgallery-passage.com\/cs\/wp-json\/wp\/v2\/types\/product"}],"wp:featuredmedia":[{"embeddable":true,"href":"https:\/\/artgallery-passage.com\/cs\/wp-json\/wp\/v2\/media\/3045"}],"wp:attachment":[{"href":"https:\/\/artgallery-passage.com\/cs\/wp-json\/wp\/v2\/media?parent=3042"}],"wp:term":[{"taxonomy":"product_cat","embeddable":true,"href":"https:\/\/artgallery-passage.com\/cs\/wp-json\/wp\/v2\/product_cat?post=3042"},{"taxonomy":"product_tag","embeddable":true,"href":"https:\/\/artgallery-passage.com\/cs\/wp-json\/wp\/v2\/product_tag?post=3042"}],"curies":[{"name":"wp","href":"https:\/\/api.w.org\/{rel}","templated":true}]}}