{"id":2692,"date":"2023-02-10T11:01:12","date_gmt":"2023-02-10T10:01:12","guid":{"rendered":"https:\/\/artgallery-passage.com\/versand-und-bezahlung\/"},"modified":"2024-01-29T13:21:43","modified_gmt":"2024-01-29T12:21:43","slug":"versand-und-bezahlung","status":"publish","type":"page","link":"https:\/\/artgallery-passage.com\/de\/versand-und-bezahlung\/","title":{"rendered":"Versand und Bezahlung"},"content":{"rendered":"\n\t<section class=\"section\" id=\"section_1584171021\">\n\t\t<div class=\"bg section-bg fill bg-fill  bg-loaded\" >\n\n\t\t\t\n\t\t\t\n\t\t\t\n\n\t\t<\/div>\n\n\t\t\n\n\t\t<div class=\"section-content relative\">\n\t\t\t\n\n<div class=\"row row-collapse row-dashed\"  id=\"row-1639190007\">\n\n\n\t<div id=\"col-1543140896\" class=\"col small-12 large-12\"  >\n\t\t\t\t<div class=\"col-inner\"  >\n\t\t\t\n\t\t\t\n\n<div class=\"container section-title-container\" ><h3 class=\"section-title section-title-bold-center\"><b><\/b><span class=\"section-title-main\" >Transportm\u00f6glichkeiten<\/span><b><\/b><\/h3><\/div>\n\n<div class=\"row row-dashed\"  id=\"row-1335052010\">\n\n\n\t<div id=\"col-1550040926\" class=\"col medium-6 small-12 large-6\"  >\n\t\t\t\t<div class=\"col-inner\"  >\n\t\t\t\n\t\t\t\n\n\n\t\t<div class=\"icon-box featured-box icon-box-center text-center\"  >\n\t\t\t\t\t<div class=\"icon-box-img\" style=\"width: 99px\">\n\t\t\t\t<div class=\"icon\">\n\t\t\t\t\t<div class=\"icon-inner\" >\n\t\t\t\t\t\t<img width=\"400\" height=\"400\" src=\"https:\/\/artgallery-passage.com\/wp-content\/uploads\/2023\/02\/box-400x400.png\" class=\"attachment-medium size-medium\" alt=\"\" decoding=\"async\" loading=\"lazy\" srcset=\"https:\/\/artgallery-passage.com\/wp-content\/uploads\/2023\/02\/box-400x400.png 400w, https:\/\/artgallery-passage.com\/wp-content\/uploads\/2023\/02\/box-280x280.png 280w, https:\/\/artgallery-passage.com\/wp-content\/uploads\/2023\/02\/box-500x500.png 500w, https:\/\/artgallery-passage.com\/wp-content\/uploads\/2023\/02\/box-100x100.png 100w, https:\/\/artgallery-passage.com\/wp-content\/uploads\/2023\/02\/box.png 512w\" sizes=\"(max-width: 400px) 100vw, 400px\" \/>\t\t\t\t\t<\/div>\n\t\t\t\t<\/div>\n\t\t\t<\/div>\n\t\t\t\t<div class=\"icon-box-text last-reset\">\n\t\t\t\t\t\t\t\t\t\n\n<h3>Paket auf die Post<\/h3>\n<p>Wir schicken Ihre Gem\u00e4lde \u00fcber die Slowakische Post.<\/p>\n<p>.<\/p>\n\n\t\t<\/div>\n\t<\/div>\n\t\n\t\n\n\t\t<\/div>\n\t\t\t\t\t<\/div>\n\n\t\n\n\t<div id=\"col-1614849951\" class=\"col medium-6 small-12 large-6\"  >\n\t\t\t\t<div class=\"col-inner\"  >\n\t\t\t\n\t\t\t\n\n\n\t\t<div class=\"icon-box featured-box icon-box-center text-center\"  >\n\t\t\t\t\t<div class=\"icon-box-img\" style=\"width: 99px\">\n\t\t\t\t<div class=\"icon\">\n\t\t\t\t\t<div class=\"icon-inner\" >\n\t\t\t\t\t\t<img width=\"400\" height=\"400\" src=\"https:\/\/artgallery-passage.com\/wp-content\/uploads\/2023\/02\/box-400x400.png\" class=\"attachment-medium size-medium\" alt=\"\" decoding=\"async\" loading=\"lazy\" srcset=\"https:\/\/artgallery-passage.com\/wp-content\/uploads\/2023\/02\/box-400x400.png 400w, https:\/\/artgallery-passage.com\/wp-content\/uploads\/2023\/02\/box-280x280.png 280w, https:\/\/artgallery-passage.com\/wp-content\/uploads\/2023\/02\/box-500x500.png 500w, https:\/\/artgallery-passage.com\/wp-content\/uploads\/2023\/02\/box-100x100.png 100w, https:\/\/artgallery-passage.com\/wp-content\/uploads\/2023\/02\/box.png 512w\" sizes=\"(max-width: 400px) 100vw, 400px\" \/>\t\t\t\t\t<\/div>\n\t\t\t\t<\/div>\n\t\t\t<\/div>\n\t\t\t\t<div class=\"icon-box-text last-reset\">\n\t\t\t\t\t\t\t\t\t\n\n<h3>Kurier<\/h3>\n<p>Ihr Gem\u00e4lde wird vom ausgew\u00e4hlten Kurierdienst direkt an Ihre Adresse abgeschickt. Den gesamten Prozess der Lieferung k\u00f6nnen Sie online verfolgen.<\/p>\n\n\t\t<\/div>\n\t<\/div>\n\t\n\t\n\n\t\t<\/div>\n\t\t\t\t\t<\/div>\n\n\t\n\n<\/div>\n\n\t\t<\/div>\n\t\t\t\t\t<\/div>\n\n\t\n\n<\/div>\n\n\t\t<\/div>\n\n\t\t\n<style>\n#section_1584171021 {\n  padding-top: 30px;\n  padding-bottom: 30px;\n}\n#section_1584171021 .ux-shape-divider--top svg {\n  height: 150px;\n  --divider-top-width: 100%;\n}\n#section_1584171021 .ux-shape-divider--bottom svg {\n  height: 150px;\n  --divider-width: 100%;\n}\n<\/style>\n\t<\/section>\n\t\n\t<section class=\"section\" id=\"section_1557350651\">\n\t\t<div class=\"bg section-bg fill bg-fill  bg-loaded\" >\n\n\t\t\t\n\t\t\t\n\t\t\t\n\n\t\t<\/div>\n\n\t\t\n\n\t\t<div class=\"section-content relative\">\n\t\t\t\n\n<div class=\"row row-dashed\"  id=\"row-390571880\">\n\n\n\t<div id=\"col-1592241095\" class=\"col small-12 large-12\"  >\n\t\t\t\t<div class=\"col-inner\"  >\n\t\t\t\n\t\t\t\n\n<div class=\"container section-title-container\" ><h3 class=\"section-title section-title-bold-center\"><b><\/b><span class=\"section-title-main\" >Zahlungsm\u00f6glichkeiten<\/span><b><\/b><\/h3><\/div>\n\n<div class=\"row\"  id=\"row-635342836\">\n\n\n\t<div id=\"col-198798696\" class=\"col medium-4 small-12 large-4\"  >\n\t\t\t\t<div class=\"col-inner\"  >\n\t\t\t\n\t\t\t\n\n\n\t\t<div class=\"icon-box featured-box icon-box-center text-center\"  >\n\t\t\t\t\t<div class=\"icon-box-img\" style=\"width: 99px\">\n\t\t\t\t<div class=\"icon\">\n\t\t\t\t\t<div class=\"icon-inner\" >\n\t\t\t\t\t\t<img width=\"400\" height=\"400\" src=\"https:\/\/artgallery-passage.com\/wp-content\/uploads\/2023\/02\/money-400x400.png\" class=\"attachment-medium size-medium\" alt=\"\" decoding=\"async\" loading=\"lazy\" srcset=\"https:\/\/artgallery-passage.com\/wp-content\/uploads\/2023\/02\/money-400x400.png 400w, https:\/\/artgallery-passage.com\/wp-content\/uploads\/2023\/02\/money-280x280.png 280w, https:\/\/artgallery-passage.com\/wp-content\/uploads\/2023\/02\/money-500x500.png 500w, https:\/\/artgallery-passage.com\/wp-content\/uploads\/2023\/02\/money-100x100.png 100w, https:\/\/artgallery-passage.com\/wp-content\/uploads\/2023\/02\/money.png 512w\" sizes=\"(max-width: 400px) 100vw, 400px\" \/>\t\t\t\t\t<\/div>\n\t\t\t\t<\/div>\n\t\t\t<\/div>\n\t\t\t\t<div class=\"icon-box-text last-reset\">\n\t\t\t\t\t\t\t\t\t\n\n<h3>Zahlung per Bank\u00fcberweisung<\/h3>\n<p style=\"text-align: center;\">Zahlung per Bank\u00fcberweisung auf das Konto des E-Shops. Verwenden Sie, bitte, die Bestellnummer zur Identifizierung Ihrer Zahlung.<\/p>\n<p>.<\/p>\n\n\t\t<\/div>\n\t<\/div>\n\t\n\t\n\n\t\t<\/div>\n\t\t\t\t\t<\/div>\n\n\t\n\n\t<div id=\"col-1189219495\" class=\"col medium-4 small-12 large-4\"  >\n\t\t\t\t<div class=\"col-inner\"  >\n\t\t\t\n\t\t\t\n\n\n\t\t<div class=\"icon-box featured-box icon-box-center text-center\"  >\n\t\t\t\t\t<div class=\"icon-box-img\" style=\"width: 99px\">\n\t\t\t\t<div class=\"icon\">\n\t\t\t\t\t<div class=\"icon-inner\" >\n\t\t\t\t\t\t<img width=\"400\" height=\"400\" src=\"https:\/\/artgallery-passage.com\/wp-content\/uploads\/2023\/02\/money-400x400.png\" class=\"attachment-medium size-medium\" alt=\"\" decoding=\"async\" loading=\"lazy\" srcset=\"https:\/\/artgallery-passage.com\/wp-content\/uploads\/2023\/02\/money-400x400.png 400w, https:\/\/artgallery-passage.com\/wp-content\/uploads\/2023\/02\/money-280x280.png 280w, https:\/\/artgallery-passage.com\/wp-content\/uploads\/2023\/02\/money-500x500.png 500w, https:\/\/artgallery-passage.com\/wp-content\/uploads\/2023\/02\/money-100x100.png 100w, https:\/\/artgallery-passage.com\/wp-content\/uploads\/2023\/02\/money.png 512w\" sizes=\"(max-width: 400px) 100vw, 400px\" \/>\t\t\t\t\t<\/div>\n\t\t\t\t<\/div>\n\t\t\t<\/div>\n\t\t\t\t<div class=\"icon-box-text last-reset\">\n\t\t\t\t\t\t\t\t\t\n\n<h3>Zahlung per Nachnahme\/mit der Karte<\/h3>\n<p>Zahlung bei \u00dcbernahme der Ware per Nachnahme in bar \u00fcber den von Ihnen ausgew\u00e4hlten Transport.<\/p>\n<p>.<\/p>\n\n\t\t<\/div>\n\t<\/div>\n\t\n\t\n\n\t\t<\/div>\n\t\t\t\t\t<\/div>\n\n\t\n\n<\/div>\n\n\t\t<\/div>\n\t\t\t\t\n<style>\n#col-1592241095 > .col-inner {\n  padding: 0px 0px 0px 0px;\n  margin: 30px 0px 0px 0px;\n}\n<\/style>\n\t<\/div>\n\n\t\n\n\n<style>\n#row-390571880 > .col > .col-inner {\n  padding: 0px 0px 0px 0px;\n}\n<\/style>\n<\/div>\n\n\t\t<\/div>\n\n\t\t\n<style>\n#section_1557350651 {\n  padding-top: 30px;\n  padding-bottom: 30px;\n  background-color: rgb(247, 247, 247);\n}\n#section_1557350651 .ux-shape-divider--top svg {\n  height: 150px;\n  --divider-top-width: 100%;\n}\n#section_1557350651 .ux-shape-divider--bottom svg {\n  height: 150px;\n  --divider-width: 100%;\n}\n<\/style>\n\t<\/section>\n\t\n\n  <div class=\"banner has-hover has-parallax\" id=\"banner-798853784\">\n          <div class=\"banner-inner fill\">\n        <div class=\"banner-bg fill\" data-parallax=\"-6\" data-parallax-container=\".banner\" data-parallax-background>\n            <div class=\"bg fill bg-fill \"><\/div>\n                        <div class=\"overlay\"><\/div>            \n\t<div class=\"is-border is-dashed\"\n\t\tstyle=\"border-color:rgba(255, 255, 255, 0.22);border-radius:undefinedpx;border-width:2px 0px 2px 0px;margin:10px 0px 10px 0px;\">\n\t<\/div>\n                    <\/div>\n\t\t\n        <div class=\"banner-layers container\">\n            <div class=\"fill banner-link\"><\/div>            \n\n   <div id=\"text-box-395619399\" class=\"text-box banner-layer x50 md-x50 lg-x50 y50 md-y50 lg-y50 res-text\">\n                                <div class=\"text-box-content text dark\">\n              \n              <div class=\"text-inner text-center\">\n                  \n\n<h2 class=\"uppercase\"><strong>wenn Sie Fragen haben<\/strong><\/h2>\n<h3 class=\"thin-font\">Sie k\u00f6nnen uns gerne schreiben<\/h3>\n\t<div id=\"gap-82784897\" class=\"gap-element clearfix\" style=\"display:block; height:auto;\">\n\t\t\n<style>\n#gap-82784897 {\n  padding-top: 32px;\n}\n<\/style>\n\t<\/div>\n\t\n\n<a href=\"https:\/\/artgallery-passage.com\/de\/kontakt\/\" target=\"_self\" class=\"button primary is-shade is-larger box-shadow-4 box-shadow-5-hover\"  style=\"border-radius:5px;\">\n    <span>Kontaktieren Sie uns<\/span>\n  <\/a>\n\n\n\n              <\/div>\n           <\/div>\n                            \n<style>\n#text-box-395619399 {\n  width: 47%;\n}\n#text-box-395619399 .text-box-content {\n  font-size: 100%;\n}\n<\/style>\n    <\/div>\n \n\n        <\/div>\n      <\/div>\n\n            \n<style>\n#banner-798853784 {\n  padding-top: 407px;\n  background-color: rgb(18, 18, 18);\n}\n#banner-798853784 .bg.bg-loaded {\n  background-image: url(https:\/\/artgallery-passage.com\/wp-content\/uploads\/2023\/02\/Salvador-Dali.-Gala-After.-100x90-cm.-cena-850-1-scaled.jpg);\n}\n#banner-798853784 .overlay {\n  background-color: rgba(0, 0, 0, 0.436);\n}\n#banner-798853784 .bg {\n  background-position: 65% 12%;\n}\n#banner-798853784 .ux-shape-divider--top svg {\n  height: 150px;\n  --divider-top-width: 100%;\n}\n#banner-798853784 .ux-shape-divider--bottom svg {\n  height: 150px;\n  --divider-width: 100%;\n}\n<\/style>\n  <\/div>\n\n\n\n","protected":false},"excerpt":{"rendered":"","protected":false},"author":1,"featured_media":0,"parent":0,"menu_order":0,"comment_status":"closed","ping_status":"closed","template":"page-blank.php","meta":[],"yoast_head":"<!-- This site is optimized with the Yoast SEO plugin v20.3 - https:\/\/yoast.com\/wordpress\/plugins\/seo\/ -->\n<title>Versand und Bezahlung - ART PASSAGE GALLERY<\/title>\n<meta name=\"robots\" content=\"index, follow, max-snippet:-1, max-image-preview:large, max-video-preview:-1\" \/>\n<link rel=\"canonical\" href=\"https:\/\/artgallery-passage.com\/de\/versand-und-bezahlung\/\" \/>\n<meta property=\"og:locale\" content=\"de_DE\" \/>\n<meta property=\"og:type\" content=\"article\" \/>\n<meta property=\"og:title\" content=\"Versand und Bezahlung - ART PASSAGE GALLERY\" \/>\n<meta property=\"og:url\" content=\"https:\/\/artgallery-passage.com\/de\/versand-und-bezahlung\/\" \/>\n<meta property=\"og:site_name\" content=\"ART PASSAGE GALLERY\" \/>\n<meta property=\"article:modified_time\" content=\"2024-01-29T12:21:43+00:00\" \/>\n<meta name=\"twitter:card\" content=\"summary_large_image\" \/>\n<meta name=\"twitter:label1\" content=\"Est. reading time\" \/>\n\t<meta name=\"twitter:data1\" content=\"1 Minute\" \/>\n<script type=\"application\/ld+json\" class=\"yoast-schema-graph\">{\"@context\":\"https:\/\/schema.org\",\"@graph\":[{\"@type\":\"WebPage\",\"@id\":\"https:\/\/artgallery-passage.com\/de\/versand-und-bezahlung\/\",\"url\":\"https:\/\/artgallery-passage.com\/de\/versand-und-bezahlung\/\",\"name\":\"Versand und Bezahlung - ART PASSAGE GALLERY\",\"isPartOf\":{\"@id\":\"https:\/\/artgallery-passage.com\/de\/#website\"},\"datePublished\":\"2023-02-10T10:01:12+00:00\",\"dateModified\":\"2024-01-29T12:21:43+00:00\",\"breadcrumb\":{\"@id\":\"https:\/\/artgallery-passage.com\/de\/versand-und-bezahlung\/#breadcrumb\"},\"inLanguage\":\"de-DE\",\"potentialAction\":[{\"@type\":\"ReadAction\",\"target\":[\"https:\/\/artgallery-passage.com\/de\/versand-und-bezahlung\/\"]}]},{\"@type\":\"BreadcrumbList\",\"@id\":\"https:\/\/artgallery-passage.com\/de\/versand-und-bezahlung\/#breadcrumb\",\"itemListElement\":[{\"@type\":\"ListItem\",\"position\":1,\"name\":\"Domovsk\u00e1 str\u00e1nka\",\"item\":\"https:\/\/artgallery-passage.com\/de\/\"},{\"@type\":\"ListItem\",\"position\":2,\"name\":\"Versand und Bezahlung\"}]},{\"@type\":\"WebSite\",\"@id\":\"https:\/\/artgallery-passage.com\/de\/#website\",\"url\":\"https:\/\/artgallery-passage.com\/de\/\",\"name\":\"ART PASSAGE GALLERY\",\"description\":\"Ru\u010dne ma\u013eovan\u00e9 obrazy\",\"potentialAction\":[{\"@type\":\"SearchAction\",\"target\":{\"@type\":\"EntryPoint\",\"urlTemplate\":\"https:\/\/artgallery-passage.com\/de\/?s={search_term_string}\"},\"query-input\":\"required name=search_term_string\"}],\"inLanguage\":\"de-DE\"}]}<\/script>\n<!-- \/ Yoast SEO plugin. -->","yoast_head_json":{"title":"Versand und Bezahlung - ART PASSAGE GALLERY","robots":{"index":"index","follow":"follow","max-snippet":"max-snippet:-1","max-image-preview":"max-image-preview:large","max-video-preview":"max-video-preview:-1"},"canonical":"https:\/\/artgallery-passage.com\/de\/versand-und-bezahlung\/","og_locale":"de_DE","og_type":"article","og_title":"Versand und Bezahlung - ART PASSAGE GALLERY","og_url":"https:\/\/artgallery-passage.com\/de\/versand-und-bezahlung\/","og_site_name":"ART PASSAGE GALLERY","article_modified_time":"2024-01-29T12:21:43+00:00","twitter_card":"summary_large_image","twitter_misc":{"Est. reading time":"1 Minute"},"schema":{"@context":"https:\/\/schema.org","@graph":[{"@type":"WebPage","@id":"https:\/\/artgallery-passage.com\/de\/versand-und-bezahlung\/","url":"https:\/\/artgallery-passage.com\/de\/versand-und-bezahlung\/","name":"Versand und Bezahlung - ART PASSAGE GALLERY","isPartOf":{"@id":"https:\/\/artgallery-passage.com\/de\/#website"},"datePublished":"2023-02-10T10:01:12+00:00","dateModified":"2024-01-29T12:21:43+00:00","breadcrumb":{"@id":"https:\/\/artgallery-passage.com\/de\/versand-und-bezahlung\/#breadcrumb"},"inLanguage":"de-DE","potentialAction":[{"@type":"ReadAction","target":["https:\/\/artgallery-passage.com\/de\/versand-und-bezahlung\/"]}]},{"@type":"BreadcrumbList","@id":"https:\/\/artgallery-passage.com\/de\/versand-und-bezahlung\/#breadcrumb","itemListElement":[{"@type":"ListItem","position":1,"name":"Domovsk\u00e1 str\u00e1nka","item":"https:\/\/artgallery-passage.com\/de\/"},{"@type":"ListItem","position":2,"name":"Versand und Bezahlung"}]},{"@type":"WebSite","@id":"https:\/\/artgallery-passage.com\/de\/#website","url":"https:\/\/artgallery-passage.com\/de\/","name":"ART PASSAGE GALLERY","description":"Ru\u010dne ma\u013eovan\u00e9 obrazy","potentialAction":[{"@type":"SearchAction","target":{"@type":"EntryPoint","urlTemplate":"https:\/\/artgallery-passage.com\/de\/?s={search_term_string}"},"query-input":"required name=search_term_string"}],"inLanguage":"de-DE"}]}},"_links":{"self":[{"href":"https:\/\/artgallery-passage.com\/de\/wp-json\/wp\/v2\/pages\/2692"}],"collection":[{"href":"https:\/\/artgallery-passage.com\/de\/wp-json\/wp\/v2\/pages"}],"about":[{"href":"https:\/\/artgallery-passage.com\/de\/wp-json\/wp\/v2\/types\/page"}],"author":[{"embeddable":true,"href":"https:\/\/artgallery-passage.com\/de\/wp-json\/wp\/v2\/users\/1"}],"replies":[{"embeddable":true,"href":"https:\/\/artgallery-passage.com\/de\/wp-json\/wp\/v2\/comments?post=2692"}],"version-history":[{"count":2,"href":"https:\/\/artgallery-passage.com\/de\/wp-json\/wp\/v2\/pages\/2692\/revisions"}],"predecessor-version":[{"id":2883,"href":"https:\/\/artgallery-passage.com\/de\/wp-json\/wp\/v2\/pages\/2692\/revisions\/2883"}],"wp:attachment":[{"href":"https:\/\/artgallery-passage.com\/de\/wp-json\/wp\/v2\/media?parent=2692"}],"curies":[{"name":"wp","href":"https:\/\/api.w.org\/{rel}","templated":true}]}}