{"id":2701,"date":"2023-10-31T10:53:12","date_gmt":"2023-10-31T09:53:12","guid":{"rendered":"https:\/\/artgallery-passage.com\/ueber-uns\/"},"modified":"2024-01-29T13:10:30","modified_gmt":"2024-01-29T12:10:30","slug":"ueber-uns","status":"publish","type":"page","link":"https:\/\/artgallery-passage.com\/de\/ueber-uns\/","title":{"rendered":"\u00dcber uns"},"content":{"rendered":"\n<div class=\"row\"  id=\"row-447847053\">\n\n\n\t<div id=\"col-1969758576\" class=\"col small-12 large-12\"  >\n\t\t\t\t<div class=\"col-inner\"  >\n\t\t\t\n\t\t\t\n\n<div class=\"container section-title-container\" ><h3 class=\"section-title section-title-bold-center\"><b><\/b><span class=\"section-title-main\" >\u00dcber uns<\/span><b><\/b><\/h3><\/div>\n\n\t<div id=\"text-224088973\" class=\"text\">\n\t\t\n\n<h2 style=\"text-align: center;\">Galerie, die von K\u00fcnstlern f\u00fcr die Kunstliebhaber geschaffen wurde<\/h2>\n<p style=\"text-align: center;\">Dank langj\u00e4hriger Erfahrung und Zusammenarbeit mit den k\u00fcnstlerischen Webseiten, Kunstagenturen und H\u00e4ndlern wissen wir, was zu der jeweiligen Zeit auf dem Kunstmarkt nachgefragt ist, und wir w\u00e4hlen die K\u00fcnstler nach diesem Kriterium aus.<\/p>\n<p style=\"text-align: center;\">Wenn Sie ein Kunstkenner sind und ein Gem\u00e4lde f\u00fcr sich oder als Geschenk kaufen, bzw. ein Portr\u00e4t bestellen m\u00f6chten, dann m\u00fcssen Sie wissen, dass wir die K\u00fcnstler sorgf\u00e4ltig ausw\u00e4hlen, bevor wir ihre Gem\u00e4lde in der Galerie platzieren, damit sie hohes Niveau erf\u00fcllen. Unter den bildenden K\u00fcnstlern der Galerie gibt es Meister mit akademischer Ausbildung, aus verschiedenen Schulen und L\u00e4ndern. Hier finden Sie Gem\u00e4lde von kreativen Menschen, die ihren eigenen Stil und jahrelange Erfahrung im Bereich Schaffen von Gem\u00e4lden haben.\u00a0<strong>Wenn Sie Fragen haben, bzw. wenn Sie sich beraten m\u00f6chten, k\u00f6nnen Sie uns schreiben.<\/strong><\/p>\n<p><strong>Wenn Sie ein K\u00fcnstler sind und Ihre Kunst auf internationaler Ebene erfolgreich verkaufen m\u00f6chten, schlie\u00dfen Sie sich uns an, indem Sie f\u00fcnf Ihre Gem\u00e4lde und Ihr Portfolio kostenlos per E-Mail schicken, um es zu bewerten, oder Sie k\u00f6nnen eines der Werbepakete ausw\u00e4hlen und es direkt auf der Webseite bestellen.<\/strong><\/p>\n<p style=\"text-align: center;\"><strong>Wie und wo man \u00d6lgem\u00e4lde richtig kauft.<\/strong><br \/>Der Kauf eines Gem\u00e4ldes kann eine Leidenschaft f\u00fcr Kunst f\u00fcr das ganze Leben ausl\u00f6sen.<br \/>\u00d6Ein \u00d6lgem\u00e4lde ist nicht nur ein Gegenstand, sondern ein Kunstwerk, das positive Emotionen vermittelt, Sie zum Denken zwingt, Assoziationen und Erinnerungen ausl\u00f6st. Es erweitert den Raum unserer \u00fcblichen Alltagswelt, macht sie heller und mit tiefer Bedeutung erf\u00fcllt.<\/p>\n<p style=\"text-align: center;\">Einkauf moderner \u00d6lgem\u00e4lde kann eine g\u00fcnstige Investition sein, genauso ist Sammeln von Gem\u00e4lden ein Gl\u00fccksspiel, bei dem Intuition von gro\u00dfer Bedeutung ist. Die Auswahl eines Kunstwerkes ist eine kreative Handlung genauso wie seine Sch\u00f6pfung, aber es ist sehr wichtig zu lernen, wie man Kunst von Konsumg\u00fctern unterscheidet, die keinen Wert haben, nicht jetzt und auch nicht in ferner Zukunft.<\/p>\n<p style=\"text-align: left;\">Und wie macht man das? Wenn Sie uns schreiben, k\u00f6nnen Sie sich mit unseren Experten beraten, die \u00fcber eine k\u00fcnstlerische Ausbildung verf\u00fcgen und Ihnen dabei helfen, ein Gem\u00e4lde nach Ihren Anforderungen auszuw\u00e4hlen als auch Ihren eigenen k\u00fcnstlerischen Geschmack zu entwickeln (was erforderlich ist sowohl f\u00fcr die Gem\u00e4ldesammler als auch f\u00fcr jemanden, der sich entschieden hat, sich auf ein oder zwei \u00d6lgem\u00e4lde zu beschr\u00e4nken.<\/p>\n<p style=\"text-align: center;\"><strong>Ein paar Worte \u00fcber den Bilderrahmen<\/strong><\/p>\n<p style=\"text-align: center;\">Es ist besser, ein \u00d6lgem\u00e4lde, das Ihnen gef\u00e4llt, in einer Kunstgalerie in ungerahmter Form, ohne Rahmen zu kaufen. Ein gerahmtes \u00d6lgem\u00e4lde ist auf jeden Fall teurer, und es besteht eine gro\u00dfe Chance, dass Sie einen v\u00f6llig anderen Rahmen f\u00fcr Ihr neues Gem\u00e4lde ausw\u00e4hlen m\u00f6chten.<\/p>\n<p><strong>Wie unterscheidet man ein Gem\u00e4lde, das mit \u00d6lfarben gemalt ist, von Acrylfarben?<\/strong><\/p>\n<p>Beachten Sie die Textur der Farbe, die beim \u00d6lgem\u00e4lde deutlicher ist. Ergreifen Sie das Gem\u00e4lde und halten Sie es im Winkel. In dieser Position k\u00f6nnen Sie die Textur der Farbe auf Leinwand sehen. Wenn das Design texturiert ist und mehrschichtig aussieht, ist das Gem\u00e4lde mit h\u00f6chster Wahrscheinlichkeit in \u00d6l ausgef\u00fchrt. Acrylfarbe trocknet glatt und erinnert an Gummi, sofern keine Additive verwendet wurden, damit die Farbe eine gr\u00f6bere Textur erh\u00e4lt. Ein \u00d6lgem\u00e4lde sieht in der Regel auch gl\u00e4nzender aus, weil sie Lackierung erfordert, im Gegensatz zu Acryl, das oft nicht lackiert wird, sofern wir nat\u00fcrlich nicht von einem professionellen Gem\u00e4lde sprechen.<\/p>\n<p style=\"text-align: center;\"><strong>Vorteile eines \u00d6lgem\u00e4ldes<\/strong><\/p>\n<p>Die mit \u00d6lfarben gemalten Gem\u00e4lde werden \u00fcber Jahrzehnte oder sogar Jahrhunderte gelagert.<\/p>\n<p>\u00d6lfarben verblassen im Laufe der Zeit nicht. \u00d6lgem\u00e4lde sind von Temperaturschwankungen nicht beeinflusst. \u00d6lgem\u00e4lde wirken lebendiger und nat\u00fcrlicher. Komplexe Gem\u00e4lde sind mit \u00d6lfarben gemalt.<\/p>\n\t\t\n<style>\n#text-224088973 {\n  text-align: center;\n}\n<\/style>\n\t<\/div>\n\t\n\n\t\t<\/div>\n\t\t\t\t\t<\/div>\n\n\t\n\n\n<style>\n#row-447847053 > .col > .col-inner {\n  padding: 40px 0px 0px 0px;\n}\n<\/style>\n<\/div>\n\n<div class=\"row\"  id=\"row-1962058522\">\n\n\n\t<div id=\"col-578038002\" class=\"col small-12 large-12\"  >\n\t\t\t\t<div class=\"col-inner\"  >\n\t\t\t\n\t\t\t\n\n<div class=\"container section-title-container\" style=\"margin-top:20px;\"><h3 class=\"section-title section-title-bold-center\"><b><\/b><span class=\"section-title-main\" >was wir anbieten?<\/span><b><\/b><\/h3><\/div>\n\n\n\t\t<\/div>\n\t\t\t\t\t<\/div>\n\n\t\n\n\t<div id=\"col-501777891\" class=\"col medium-6 small-12 large-6\"  >\n\t\t\t\t<div class=\"col-inner\"  >\n\t\t\t\n\t\t\t\n\n<div class=\"pricing-table-wrapper\">\n  <div class=\"pricing-table ux_price_table text-center box-shadow-3-hover featured-table\">\n    <div class=\"pricing-table-header\">\n      <div class=\"title uppercase strong\">Paket Standard<\/div>\n      <div class=\"price is-xxlarge\">100 \u20ac<\/div>\n          <\/div>\n    <div class=\"pricing-table-items items\">\n      \n\n<div class=\"bullet-item\" title=\"\"><span class=\"text\">Platzierung von 10 Werken im Online-Shop<\/span><\/div>\n\n<div class=\"bullet-item\" title=\"\"><span class=\"text\">vollst\u00e4ndige Informationen \u00fcber den Autor im Blog unserer Webseite<\/span><\/div>\n\n<div class=\"bullet-item\" title=\"\"><span class=\"text\">Werbung f\u00fcr Ihr Schaffen auf Google und auf sozialen Netzwerken im Rahmen unserer Galerie<\/span><\/div>\n\n<a href=\"https:\/\/artgallery-passage.com\/de\/dielo\/paket-standard\/\" target=\"_self\" class=\"button primary is-shade is-larger box-shadow-4 box-shadow-5-hover\"  style=\"border-radius:10px;\">\n    <span>Ich bin interessiert<\/span>\n  <\/a>\n\n\n\n    <\/div>\n      <\/div>\n<\/div>\n\n\n\n\t\t<\/div>\n\t\t\t\t\t<\/div>\n\n\t\n\n\t<div id=\"col-1129272517\" class=\"col medium-6 small-12 large-6\"  >\n\t\t\t\t<div class=\"col-inner\"  >\n\t\t\t\n\t\t\t\n\n<div class=\"pricing-table-wrapper\">\n  <div class=\"pricing-table ux_price_table text-center box-shadow-3-hover featured-table\">\n    <div class=\"pricing-table-header\">\n      <div class=\"title uppercase strong\">Paket Individuell<\/div>\n      <div class=\"price is-xxlarge\">160 \u20ac<\/div>\n          <\/div>\n    <div class=\"pricing-table-items items\">\n      \n\n<div class=\"bullet-item\" title=\"\"><span class=\"text\">Platzierung Ihres Portfolios in ein separates Portfolio \u201eKuratorenauswahl<\/span><\/div>\n\n<div class=\"bullet-item\" title=\"\"><span class=\"text\">Webseite der einzelnen K\u00fcnstler, Platzierung von 20 Werken im Online-Shop<\/span><\/div>\n\n<div class=\"bullet-item\" title=\"\"><span class=\"text\">Ein pers\u00f6nliches Angebot von Werken des K\u00fcnstlers f\u00fcr unseren etablierten Kundenkreis<\/span><\/div>\n\n<div class=\"bullet-item\" title=\"\"><span class=\"text\">Individuell als auch kollektiv, im Rahmen der Galerie, Werbung auf Google und auf sozialen Netzwerken<\/span><\/div>\n\n<a href=\"https:\/\/artgallery-passage.com\/de\/dielo\/balicek-individuell\/\" target=\"_self\" class=\"button primary is-shade is-larger box-shadow-4 box-shadow-5-hover\"  style=\"border-radius:10px;\">\n    <span>Ich bin interessiert<\/span>\n  <\/a>\n\n\n\n    <\/div>\n      <\/div>\n<\/div>\n\n\n\n\t\t<\/div>\n\t\t\t\t\t<\/div>\n\n\t\n\n<\/div>\n\n  <div class=\"banner has-hover\" id=\"banner-1512671686\">\n          <div class=\"banner-inner fill\">\n        <div class=\"banner-bg fill\" >\n            <div class=\"bg fill bg-fill \"><\/div>\n                                    \n                    <\/div>\n\t\t\n        <div class=\"banner-layers container\">\n            <div class=\"fill banner-link\"><\/div>            \n\n   <div id=\"text-box-797732805\" class=\"text-box banner-layer x50 md-x50 lg-x50 y50 md-y50 lg-y50 res-text\">\n                                <div class=\"text-box-content text dark\">\n              \n              <div class=\"text-inner text-center\">\n                  \n\n<p><img decoding=\"async\" loading=\"lazy\" class=\"alignnone size-medium wp-image-8\" src=\"https:\/\/artgallery-passage.com\/wp-content\/uploads\/2023\/02\/logobielevelke-300x268.png\" alt=\"\" width=\"300\" height=\"268\" srcset=\"https:\/\/artgallery-passage.com\/wp-content\/uploads\/2023\/02\/logobielevelke-300x268.png 300w, https:\/\/artgallery-passage.com\/wp-content\/uploads\/2023\/02\/logobielevelke-500x447.png 500w, https:\/\/artgallery-passage.com\/wp-content\/uploads\/2023\/02\/logobielevelke-600x536.png 600w, https:\/\/artgallery-passage.com\/wp-content\/uploads\/2023\/02\/logobielevelke-768x687.png 768w, https:\/\/artgallery-passage.com\/wp-content\/uploads\/2023\/02\/logobielevelke.png 1010w\" sizes=\"(max-width: 300px) 100vw, 300px\" \/><\/p>\n\n              <\/div>\n           <\/div>\n                            \n<style>\n#text-box-797732805 {\n  width: 60%;\n}\n#text-box-797732805 .text-box-content {\n  font-size: 100%;\n}\n<\/style>\n    <\/div>\n \n\n        <\/div>\n      <\/div>\n\n            \n<style>\n#banner-1512671686 {\n  padding-top: 300px;\n}\n#banner-1512671686 .ux-shape-divider--top svg {\n  height: 150px;\n  --divider-top-width: 100%;\n}\n#banner-1512671686 .ux-shape-divider--bottom svg {\n  height: 150px;\n  --divider-width: 100%;\n}\n<\/style>\n  <\/div>\n\n\n\n","protected":false},"excerpt":{"rendered":"","protected":false},"author":1,"featured_media":0,"parent":0,"menu_order":0,"comment_status":"closed","ping_status":"closed","template":"page-blank.php","meta":[],"yoast_head":"<!-- This site is optimized with the Yoast SEO plugin v20.3 - https:\/\/yoast.com\/wordpress\/plugins\/seo\/ -->\n<title>Kunstwerk - ART PASSAGE GALLERY<\/title>\n<meta name=\"description\" content=\"Kunstwerke - Wenn Sie ein K\u00fcnstler sind und Ihre Kunst erfolgreich verkaufen wollen, machen Sie mit. Gem\u00e4lde zu verkaufen. Gemalte Bilder.\" \/>\n<meta name=\"robots\" content=\"index, follow, max-snippet:-1, max-image-preview:large, max-video-preview:-1\" \/>\n<link rel=\"canonical\" href=\"https:\/\/artgallery-passage.com\/de\/ueber-uns\/\" \/>\n<meta property=\"og:locale\" content=\"de_DE\" \/>\n<meta property=\"og:type\" content=\"article\" \/>\n<meta property=\"og:title\" content=\"Kunstwerk - ART PASSAGE GALLERY\" \/>\n<meta property=\"og:description\" content=\"Kunstwerke - Wenn Sie ein K\u00fcnstler sind und Ihre Kunst erfolgreich verkaufen wollen, machen Sie mit. Gem\u00e4lde zu verkaufen. Gemalte Bilder.\" \/>\n<meta property=\"og:url\" content=\"https:\/\/artgallery-passage.com\/de\/ueber-uns\/\" \/>\n<meta property=\"og:site_name\" content=\"ART PASSAGE GALLERY\" \/>\n<meta property=\"article:modified_time\" content=\"2024-01-29T12:10:30+00:00\" \/>\n<meta property=\"og:image\" content=\"https:\/\/artgallery-passage.com\/wp-content\/uploads\/2023\/02\/logobielevelke-300x268.png\" \/>\n<meta name=\"twitter:card\" content=\"summary_large_image\" \/>\n<meta name=\"twitter:label1\" content=\"Est. reading time\" \/>\n\t<meta name=\"twitter:data1\" content=\"9 Minuten\" \/>\n<script type=\"application\/ld+json\" class=\"yoast-schema-graph\">{\"@context\":\"https:\/\/schema.org\",\"@graph\":[{\"@type\":\"WebPage\",\"@id\":\"https:\/\/artgallery-passage.com\/de\/ueber-uns\/\",\"url\":\"https:\/\/artgallery-passage.com\/de\/ueber-uns\/\",\"name\":\"Kunstwerk - ART PASSAGE GALLERY\",\"isPartOf\":{\"@id\":\"https:\/\/artgallery-passage.com\/de\/#website\"},\"datePublished\":\"2023-10-31T09:53:12+00:00\",\"dateModified\":\"2024-01-29T12:10:30+00:00\",\"description\":\"Kunstwerke - Wenn Sie ein K\u00fcnstler sind und Ihre Kunst erfolgreich verkaufen wollen, machen Sie mit. Gem\u00e4lde zu verkaufen. Gemalte Bilder.\",\"breadcrumb\":{\"@id\":\"https:\/\/artgallery-passage.com\/de\/ueber-uns\/#breadcrumb\"},\"inLanguage\":\"de-DE\",\"potentialAction\":[{\"@type\":\"ReadAction\",\"target\":[\"https:\/\/artgallery-passage.com\/de\/ueber-uns\/\"]}]},{\"@type\":\"BreadcrumbList\",\"@id\":\"https:\/\/artgallery-passage.com\/de\/ueber-uns\/#breadcrumb\",\"itemListElement\":[{\"@type\":\"ListItem\",\"position\":1,\"name\":\"Domovsk\u00e1 str\u00e1nka\",\"item\":\"https:\/\/artgallery-passage.com\/de\/\"},{\"@type\":\"ListItem\",\"position\":2,\"name\":\"\u00dcber uns\"}]},{\"@type\":\"WebSite\",\"@id\":\"https:\/\/artgallery-passage.com\/de\/#website\",\"url\":\"https:\/\/artgallery-passage.com\/de\/\",\"name\":\"ART PASSAGE GALLERY\",\"description\":\"Ru\u010dne ma\u013eovan\u00e9 obrazy\",\"potentialAction\":[{\"@type\":\"SearchAction\",\"target\":{\"@type\":\"EntryPoint\",\"urlTemplate\":\"https:\/\/artgallery-passage.com\/de\/?s={search_term_string}\"},\"query-input\":\"required name=search_term_string\"}],\"inLanguage\":\"de-DE\"}]}<\/script>\n<!-- \/ Yoast SEO plugin. -->","yoast_head_json":{"title":"Kunstwerk - ART PASSAGE GALLERY","description":"Kunstwerke - Wenn Sie ein K\u00fcnstler sind und Ihre Kunst erfolgreich verkaufen wollen, machen Sie mit. Gem\u00e4lde zu verkaufen. Gemalte Bilder.","robots":{"index":"index","follow":"follow","max-snippet":"max-snippet:-1","max-image-preview":"max-image-preview:large","max-video-preview":"max-video-preview:-1"},"canonical":"https:\/\/artgallery-passage.com\/de\/ueber-uns\/","og_locale":"de_DE","og_type":"article","og_title":"Kunstwerk - ART PASSAGE GALLERY","og_description":"Kunstwerke - Wenn Sie ein K\u00fcnstler sind und Ihre Kunst erfolgreich verkaufen wollen, machen Sie mit. Gem\u00e4lde zu verkaufen. Gemalte Bilder.","og_url":"https:\/\/artgallery-passage.com\/de\/ueber-uns\/","og_site_name":"ART PASSAGE GALLERY","article_modified_time":"2024-01-29T12:10:30+00:00","og_image":[{"url":"https:\/\/artgallery-passage.com\/wp-content\/uploads\/2023\/02\/logobielevelke-300x268.png"}],"twitter_card":"summary_large_image","twitter_misc":{"Est. reading time":"9 Minuten"},"schema":{"@context":"https:\/\/schema.org","@graph":[{"@type":"WebPage","@id":"https:\/\/artgallery-passage.com\/de\/ueber-uns\/","url":"https:\/\/artgallery-passage.com\/de\/ueber-uns\/","name":"Kunstwerk - ART PASSAGE GALLERY","isPartOf":{"@id":"https:\/\/artgallery-passage.com\/de\/#website"},"datePublished":"2023-10-31T09:53:12+00:00","dateModified":"2024-01-29T12:10:30+00:00","description":"Kunstwerke - Wenn Sie ein K\u00fcnstler sind und Ihre Kunst erfolgreich verkaufen wollen, machen Sie mit. Gem\u00e4lde zu verkaufen. Gemalte Bilder.","breadcrumb":{"@id":"https:\/\/artgallery-passage.com\/de\/ueber-uns\/#breadcrumb"},"inLanguage":"de-DE","potentialAction":[{"@type":"ReadAction","target":["https:\/\/artgallery-passage.com\/de\/ueber-uns\/"]}]},{"@type":"BreadcrumbList","@id":"https:\/\/artgallery-passage.com\/de\/ueber-uns\/#breadcrumb","itemListElement":[{"@type":"ListItem","position":1,"name":"Domovsk\u00e1 str\u00e1nka","item":"https:\/\/artgallery-passage.com\/de\/"},{"@type":"ListItem","position":2,"name":"\u00dcber uns"}]},{"@type":"WebSite","@id":"https:\/\/artgallery-passage.com\/de\/#website","url":"https:\/\/artgallery-passage.com\/de\/","name":"ART PASSAGE GALLERY","description":"Ru\u010dne ma\u013eovan\u00e9 obrazy","potentialAction":[{"@type":"SearchAction","target":{"@type":"EntryPoint","urlTemplate":"https:\/\/artgallery-passage.com\/de\/?s={search_term_string}"},"query-input":"required name=search_term_string"}],"inLanguage":"de-DE"}]}},"_links":{"self":[{"href":"https:\/\/artgallery-passage.com\/de\/wp-json\/wp\/v2\/pages\/2701"}],"collection":[{"href":"https:\/\/artgallery-passage.com\/de\/wp-json\/wp\/v2\/pages"}],"about":[{"href":"https:\/\/artgallery-passage.com\/de\/wp-json\/wp\/v2\/types\/page"}],"author":[{"embeddable":true,"href":"https:\/\/artgallery-passage.com\/de\/wp-json\/wp\/v2\/users\/1"}],"replies":[{"embeddable":true,"href":"https:\/\/artgallery-passage.com\/de\/wp-json\/wp\/v2\/comments?post=2701"}],"version-history":[{"count":3,"href":"https:\/\/artgallery-passage.com\/de\/wp-json\/wp\/v2\/pages\/2701\/revisions"}],"predecessor-version":[{"id":2879,"href":"https:\/\/artgallery-passage.com\/de\/wp-json\/wp\/v2\/pages\/2701\/revisions\/2879"}],"wp:attachment":[{"href":"https:\/\/artgallery-passage.com\/de\/wp-json\/wp\/v2\/media?parent=2701"}],"curies":[{"name":"wp","href":"https:\/\/api.w.org\/{rel}","templated":true}]}}