{"id":1499,"date":"2023-07-09T20:22:35","date_gmt":"2023-07-09T18:22:35","guid":{"rendered":"https:\/\/artgallery-passage.com\/?post_type=product&#038;p=1499"},"modified":"2023-12-02T21:22:06","modified_gmt":"2023-12-02T20:22:06","slug":"olejomalba-zimna-rieka-kupit-obrazy-umelcov","status":"publish","type":"product","link":"https:\/\/artgallery-passage.com\/de\/dielo\/olejomalba-zimna-rieka-kupit-obrazy-umelcov\/","title":{"rendered":"Olejomalba Zimn\u00e1 rieka"},"content":{"rendered":"<p><strong>AutAutor: IGOR NAVROTSKYI<br \/>\nN\u00e1zov: Olejomalba &#8222;Zimn\u00e1 rieka&#8220;.<br \/>\nRok: 2023<br \/>\nRozmery: 60\u00d745 cm.<br \/>\nZna\u010denie: ru\u010dne dole<br \/>\nR\u00e1m: nie<br \/>\nMot\u00edv: krajina<br \/>\nTechnika: olej na platne<br \/>\n<\/strong><\/p>\n","protected":false},"excerpt":{"rendered":"<div class=\"productListFGridText\">\n<div class=\"productListFGridTegfkxt\">\n<p class=\"productListFGridDescription\"><strong>Rozmer:<\/strong> 45&#215;60 cm. <strong>Technika:<\/strong> olej na pl\u00e1tne.<\/p>\n<\/div>\n<\/div>\n","protected":false},"featured_media":1501,"template":"","meta":[],"product_cat":[69,139],"product_tag":[226,201,392,209,229,227,228],"yoast_head":"<!-- This site is optimized with the Yoast SEO plugin v20.3 - https:\/\/yoast.com\/wordpress\/plugins\/seo\/ -->\n<title>Olejomalba Zimn\u00e1 rieka - ART PASSAGE GALLERY<\/title>\n<meta name=\"description\" content=\"Olejomalba &quot;Zimn\u00e1 rieka&quot; - olejoma\u013eba, krajiny, portr\u00e9ty a surrealizmus, ru\u010dne malovan\u00e9 obrazy. Certifik\u00e1cia originality. . abstraktn\u00e1 olejoma\u013eba krajinna\" \/>\n<meta name=\"robots\" content=\"index, follow, max-snippet:-1, max-image-preview:large, max-video-preview:-1\" \/>\n<link rel=\"canonical\" href=\"https:\/\/artgallery-passage.com\/de\/dielo\/olejomalba-zimna-rieka-kupit-obrazy-umelcov\/\" \/>\n<meta property=\"og:locale\" content=\"de_DE\" \/>\n<meta property=\"og:type\" content=\"article\" \/>\n<meta property=\"og:title\" content=\"Olejomalba Zimn\u00e1 rieka - ART PASSAGE GALLERY\" \/>\n<meta property=\"og:description\" content=\"Olejomalba &quot;Zimn\u00e1 rieka&quot; - olejoma\u013eba, krajiny, portr\u00e9ty a surrealizmus, ru\u010dne malovan\u00e9 obrazy. Certifik\u00e1cia originality. . abstraktn\u00e1 olejoma\u013eba krajinna\" \/>\n<meta property=\"og:url\" content=\"https:\/\/artgallery-passage.com\/de\/dielo\/olejomalba-zimna-rieka-kupit-obrazy-umelcov\/\" \/>\n<meta property=\"og:site_name\" content=\"ART PASSAGE GALLERY\" \/>\n<meta property=\"article:modified_time\" content=\"2023-12-02T20:22:06+00:00\" \/>\n<meta property=\"og:image\" content=\"https:\/\/artgallery-passage.com\/wp-content\/uploads\/2023\/07\/zimna-rieka-45x60-400-eur.jpg\" \/>\n\t<meta property=\"og:image:width\" content=\"650\" \/>\n\t<meta property=\"og:image:height\" content=\"481\" \/>\n\t<meta property=\"og:image:type\" content=\"image\/jpeg\" \/>\n<meta name=\"twitter:card\" content=\"summary_large_image\" \/>\n<meta name=\"twitter:label1\" content=\"Est. reading time\" \/>\n\t<meta name=\"twitter:data1\" content=\"1 Minute\" \/>\n<script type=\"application\/ld+json\" class=\"yoast-schema-graph\">{\"@context\":\"https:\/\/schema.org\",\"@graph\":[{\"@type\":\"WebPage\",\"@id\":\"https:\/\/artgallery-passage.com\/de\/dielo\/olejomalba-zimna-rieka-kupit-obrazy-umelcov\/\",\"url\":\"https:\/\/artgallery-passage.com\/de\/dielo\/olejomalba-zimna-rieka-kupit-obrazy-umelcov\/\",\"name\":\"Olejomalba Zimn\u00e1 rieka - ART PASSAGE GALLERY\",\"isPartOf\":{\"@id\":\"https:\/\/artgallery-passage.com\/de\/#website\"},\"datePublished\":\"2023-07-09T18:22:35+00:00\",\"dateModified\":\"2023-12-02T20:22:06+00:00\",\"description\":\"Olejomalba \\\"Zimn\u00e1 rieka\\\" - olejoma\u013eba, krajiny, portr\u00e9ty a surrealizmus, ru\u010dne malovan\u00e9 obrazy. Certifik\u00e1cia originality. . abstraktn\u00e1 olejoma\u013eba krajinna\",\"breadcrumb\":{\"@id\":\"https:\/\/artgallery-passage.com\/de\/dielo\/olejomalba-zimna-rieka-kupit-obrazy-umelcov\/#breadcrumb\"},\"inLanguage\":\"de-DE\",\"potentialAction\":[{\"@type\":\"ReadAction\",\"target\":[\"https:\/\/artgallery-passage.com\/de\/dielo\/olejomalba-zimna-rieka-kupit-obrazy-umelcov\/\"]}]},{\"@type\":\"BreadcrumbList\",\"@id\":\"https:\/\/artgallery-passage.com\/de\/dielo\/olejomalba-zimna-rieka-kupit-obrazy-umelcov\/#breadcrumb\",\"itemListElement\":[{\"@type\":\"ListItem\",\"position\":1,\"name\":\"Domovsk\u00e1 str\u00e1nka\",\"item\":\"https:\/\/artgallery-passage.com\/de\/\"},{\"@type\":\"ListItem\",\"position\":2,\"name\":\"Werke\",\"item\":\"https:\/\/artgallery-passage.com\/de\/werke\/\"},{\"@type\":\"ListItem\",\"position\":3,\"name\":\"Olejomalba Zimn\u00e1 rieka\"}]},{\"@type\":\"WebSite\",\"@id\":\"https:\/\/artgallery-passage.com\/de\/#website\",\"url\":\"https:\/\/artgallery-passage.com\/de\/\",\"name\":\"ART PASSAGE GALLERY\",\"description\":\"Ru\u010dne ma\u013eovan\u00e9 obrazy\",\"potentialAction\":[{\"@type\":\"SearchAction\",\"target\":{\"@type\":\"EntryPoint\",\"urlTemplate\":\"https:\/\/artgallery-passage.com\/de\/?s={search_term_string}\"},\"query-input\":\"required name=search_term_string\"}],\"inLanguage\":\"de-DE\"}]}<\/script>\n<!-- \/ Yoast SEO plugin. -->","yoast_head_json":{"title":"Olejomalba Zimn\u00e1 rieka - ART PASSAGE GALLERY","description":"Olejomalba \"Zimn\u00e1 rieka\" - olejoma\u013eba, krajiny, portr\u00e9ty a surrealizmus, ru\u010dne malovan\u00e9 obrazy. Certifik\u00e1cia originality. . abstraktn\u00e1 olejoma\u013eba krajinna","robots":{"index":"index","follow":"follow","max-snippet":"max-snippet:-1","max-image-preview":"max-image-preview:large","max-video-preview":"max-video-preview:-1"},"canonical":"https:\/\/artgallery-passage.com\/de\/dielo\/olejomalba-zimna-rieka-kupit-obrazy-umelcov\/","og_locale":"de_DE","og_type":"article","og_title":"Olejomalba Zimn\u00e1 rieka - ART PASSAGE GALLERY","og_description":"Olejomalba \"Zimn\u00e1 rieka\" - olejoma\u013eba, krajiny, portr\u00e9ty a surrealizmus, ru\u010dne malovan\u00e9 obrazy. Certifik\u00e1cia originality. . abstraktn\u00e1 olejoma\u013eba krajinna","og_url":"https:\/\/artgallery-passage.com\/de\/dielo\/olejomalba-zimna-rieka-kupit-obrazy-umelcov\/","og_site_name":"ART PASSAGE GALLERY","article_modified_time":"2023-12-02T20:22:06+00:00","og_image":[{"width":650,"height":481,"url":"https:\/\/artgallery-passage.com\/wp-content\/uploads\/2023\/07\/zimna-rieka-45x60-400-eur.jpg","type":"image\/jpeg"}],"twitter_card":"summary_large_image","twitter_misc":{"Est. reading time":"1 Minute"},"schema":{"@context":"https:\/\/schema.org","@graph":[{"@type":"WebPage","@id":"https:\/\/artgallery-passage.com\/de\/dielo\/olejomalba-zimna-rieka-kupit-obrazy-umelcov\/","url":"https:\/\/artgallery-passage.com\/de\/dielo\/olejomalba-zimna-rieka-kupit-obrazy-umelcov\/","name":"Olejomalba Zimn\u00e1 rieka - ART PASSAGE GALLERY","isPartOf":{"@id":"https:\/\/artgallery-passage.com\/de\/#website"},"datePublished":"2023-07-09T18:22:35+00:00","dateModified":"2023-12-02T20:22:06+00:00","description":"Olejomalba \"Zimn\u00e1 rieka\" - olejoma\u013eba, krajiny, portr\u00e9ty a surrealizmus, ru\u010dne malovan\u00e9 obrazy. Certifik\u00e1cia originality. . abstraktn\u00e1 olejoma\u013eba krajinna","breadcrumb":{"@id":"https:\/\/artgallery-passage.com\/de\/dielo\/olejomalba-zimna-rieka-kupit-obrazy-umelcov\/#breadcrumb"},"inLanguage":"de-DE","potentialAction":[{"@type":"ReadAction","target":["https:\/\/artgallery-passage.com\/de\/dielo\/olejomalba-zimna-rieka-kupit-obrazy-umelcov\/"]}]},{"@type":"BreadcrumbList","@id":"https:\/\/artgallery-passage.com\/de\/dielo\/olejomalba-zimna-rieka-kupit-obrazy-umelcov\/#breadcrumb","itemListElement":[{"@type":"ListItem","position":1,"name":"Domovsk\u00e1 str\u00e1nka","item":"https:\/\/artgallery-passage.com\/de\/"},{"@type":"ListItem","position":2,"name":"Werke","item":"https:\/\/artgallery-passage.com\/de\/werke\/"},{"@type":"ListItem","position":3,"name":"Olejomalba Zimn\u00e1 rieka"}]},{"@type":"WebSite","@id":"https:\/\/artgallery-passage.com\/de\/#website","url":"https:\/\/artgallery-passage.com\/de\/","name":"ART PASSAGE GALLERY","description":"Ru\u010dne ma\u013eovan\u00e9 obrazy","potentialAction":[{"@type":"SearchAction","target":{"@type":"EntryPoint","urlTemplate":"https:\/\/artgallery-passage.com\/de\/?s={search_term_string}"},"query-input":"required name=search_term_string"}],"inLanguage":"de-DE"}]}},"_links":{"self":[{"href":"https:\/\/artgallery-passage.com\/de\/wp-json\/wp\/v2\/product\/1499"}],"collection":[{"href":"https:\/\/artgallery-passage.com\/de\/wp-json\/wp\/v2\/product"}],"about":[{"href":"https:\/\/artgallery-passage.com\/de\/wp-json\/wp\/v2\/types\/product"}],"wp:featuredmedia":[{"embeddable":true,"href":"https:\/\/artgallery-passage.com\/de\/wp-json\/wp\/v2\/media\/1501"}],"wp:attachment":[{"href":"https:\/\/artgallery-passage.com\/de\/wp-json\/wp\/v2\/media?parent=1499"}],"wp:term":[{"taxonomy":"product_cat","embeddable":true,"href":"https:\/\/artgallery-passage.com\/de\/wp-json\/wp\/v2\/product_cat?post=1499"},{"taxonomy":"product_tag","embeddable":true,"href":"https:\/\/artgallery-passage.com\/de\/wp-json\/wp\/v2\/product_tag?post=1499"}],"curies":[{"name":"wp","href":"https:\/\/api.w.org\/{rel}","templated":true}]}}