{"id":1988,"date":"2023-11-06T08:00:19","date_gmt":"2023-11-06T07:00:19","guid":{"rendered":"https:\/\/artgallery-passage.com\/?post_type=product&#038;p=1988"},"modified":"2026-03-09T17:36:21","modified_gmt":"2026-03-09T16:36:21","slug":"olejomalba-zapad-slnka-olejomalba-v-online-obchode-olejomalba-v-galerii-olejomalba-v-jasnych-farbach","status":"publish","type":"product","link":"https:\/\/artgallery-passage.com\/de\/dielo\/olejomalba-zapad-slnka-olejomalba-v-online-obchode-olejomalba-v-galerii-olejomalba-v-jasnych-farbach\/","title":{"rendered":"Olejoma\u013eba krajina z\u00e1pad slnka"},"content":{"rendered":"<p><strong>Autor: IGOR NAVROTSKYI<br \/>\nN\u00e1zov: Olejomalba z\u00e1pad slnka<br \/>\nRok: 2023<br \/>\nRozmery: 56\u00d737 cm.<br \/>\nZna\u010denie: ru\u010dne dole<br \/>\nR\u00e1m: nie<br \/>\nMot\u00edv: krajina<br \/>\nTechnika: olej na platne<\/strong><\/p>\n","protected":false},"excerpt":{"rendered":"<p><strong>Autor: IGOR NAVROTSKYI\u00a0 Rozmery: 56\u00d737 cm.<\/strong><\/p>\n","protected":false},"featured_media":1990,"template":"","meta":[],"product_cat":[139,70],"product_tag":[265,459,260,264,258,282,266,257,259,255,239,267,263,262,261,217,220],"yoast_head":"<!-- This site is optimized with the Yoast SEO plugin v20.3 - https:\/\/yoast.com\/wordpress\/plugins\/seo\/ -->\n<title>Olejoma\u013eba krajina z\u00e1pad slnka - ART PASSAGE GALLERY<\/title>\n<meta name=\"description\" content=\"olejoma\u013eba krajinky-olejoma\u013eba h\u00f4r-olejoma\u013eba zasne\u017een\u00fdch h\u00f4r-rozpr\u00e1vkov\u00e1 - kr\u00e1sna olejoma\u013eba -olejoma\u013eba realizmus--olejoma\u013eba od akademick\u00fdch umelcov\" \/>\n<meta name=\"robots\" content=\"index, follow, max-snippet:-1, max-image-preview:large, max-video-preview:-1\" \/>\n<link rel=\"canonical\" href=\"https:\/\/artgallery-passage.com\/de\/dielo\/olejomalba-zapad-slnka-olejomalba-v-online-obchode-olejomalba-v-galerii-olejomalba-v-jasnych-farbach\/\" \/>\n<meta property=\"og:locale\" content=\"de_DE\" \/>\n<meta property=\"og:type\" content=\"article\" \/>\n<meta property=\"og:title\" content=\"Olejoma\u013eba krajina z\u00e1pad slnka - ART PASSAGE GALLERY\" \/>\n<meta property=\"og:description\" content=\"olejoma\u013eba krajinky-olejoma\u013eba h\u00f4r-olejoma\u013eba zasne\u017een\u00fdch h\u00f4r-rozpr\u00e1vkov\u00e1 - kr\u00e1sna olejoma\u013eba -olejoma\u013eba realizmus--olejoma\u013eba od akademick\u00fdch umelcov\" \/>\n<meta property=\"og:url\" content=\"https:\/\/artgallery-passage.com\/de\/dielo\/olejomalba-zapad-slnka-olejomalba-v-online-obchode-olejomalba-v-galerii-olejomalba-v-jasnych-farbach\/\" \/>\n<meta property=\"og:site_name\" content=\"ART PASSAGE GALLERY\" \/>\n<meta property=\"article:modified_time\" content=\"2026-03-09T16:36:21+00:00\" \/>\n<meta property=\"og:image\" content=\"https:\/\/artgallery-passage.com\/wp-content\/uploads\/2023\/11\/Zapad-slnka-56x37-200-eur-2.jpg\" \/>\n\t<meta property=\"og:image:width\" content=\"900\" \/>\n\t<meta property=\"og:image:height\" content=\"1345\" \/>\n\t<meta property=\"og:image:type\" content=\"image\/jpeg\" \/>\n<meta name=\"twitter:card\" content=\"summary_large_image\" \/>\n<meta name=\"twitter:label1\" content=\"Est. reading time\" \/>\n\t<meta name=\"twitter:data1\" content=\"1 Minute\" \/>\n<script type=\"application\/ld+json\" class=\"yoast-schema-graph\">{\"@context\":\"https:\/\/schema.org\",\"@graph\":[{\"@type\":\"WebPage\",\"@id\":\"https:\/\/artgallery-passage.com\/de\/dielo\/olejomalba-zapad-slnka-olejomalba-v-online-obchode-olejomalba-v-galerii-olejomalba-v-jasnych-farbach\/\",\"url\":\"https:\/\/artgallery-passage.com\/de\/dielo\/olejomalba-zapad-slnka-olejomalba-v-online-obchode-olejomalba-v-galerii-olejomalba-v-jasnych-farbach\/\",\"name\":\"Olejoma\u013eba krajina z\u00e1pad slnka - ART PASSAGE GALLERY\",\"isPartOf\":{\"@id\":\"https:\/\/artgallery-passage.com\/de\/#website\"},\"datePublished\":\"2023-11-06T07:00:19+00:00\",\"dateModified\":\"2026-03-09T16:36:21+00:00\",\"description\":\"olejoma\u013eba krajinky-olejoma\u013eba h\u00f4r-olejoma\u013eba zasne\u017een\u00fdch h\u00f4r-rozpr\u00e1vkov\u00e1 - kr\u00e1sna olejoma\u013eba -olejoma\u013eba realizmus--olejoma\u013eba od akademick\u00fdch umelcov\",\"breadcrumb\":{\"@id\":\"https:\/\/artgallery-passage.com\/de\/dielo\/olejomalba-zapad-slnka-olejomalba-v-online-obchode-olejomalba-v-galerii-olejomalba-v-jasnych-farbach\/#breadcrumb\"},\"inLanguage\":\"de-DE\",\"potentialAction\":[{\"@type\":\"ReadAction\",\"target\":[\"https:\/\/artgallery-passage.com\/de\/dielo\/olejomalba-zapad-slnka-olejomalba-v-online-obchode-olejomalba-v-galerii-olejomalba-v-jasnych-farbach\/\"]}]},{\"@type\":\"BreadcrumbList\",\"@id\":\"https:\/\/artgallery-passage.com\/de\/dielo\/olejomalba-zapad-slnka-olejomalba-v-online-obchode-olejomalba-v-galerii-olejomalba-v-jasnych-farbach\/#breadcrumb\",\"itemListElement\":[{\"@type\":\"ListItem\",\"position\":1,\"name\":\"Domovsk\u00e1 str\u00e1nka\",\"item\":\"https:\/\/artgallery-passage.com\/de\/\"},{\"@type\":\"ListItem\",\"position\":2,\"name\":\"Werke\",\"item\":\"https:\/\/artgallery-passage.com\/de\/werke\/\"},{\"@type\":\"ListItem\",\"position\":3,\"name\":\"Olejoma\u013eba krajina z\u00e1pad slnka\"}]},{\"@type\":\"WebSite\",\"@id\":\"https:\/\/artgallery-passage.com\/de\/#website\",\"url\":\"https:\/\/artgallery-passage.com\/de\/\",\"name\":\"ART PASSAGE GALLERY\",\"description\":\"Ru\u010dne ma\u013eovan\u00e9 obrazy\",\"potentialAction\":[{\"@type\":\"SearchAction\",\"target\":{\"@type\":\"EntryPoint\",\"urlTemplate\":\"https:\/\/artgallery-passage.com\/de\/?s={search_term_string}\"},\"query-input\":\"required name=search_term_string\"}],\"inLanguage\":\"de-DE\"}]}<\/script>\n<!-- \/ Yoast SEO plugin. -->","yoast_head_json":{"title":"Olejoma\u013eba krajina z\u00e1pad slnka - ART PASSAGE GALLERY","description":"olejoma\u013eba krajinky-olejoma\u013eba h\u00f4r-olejoma\u013eba zasne\u017een\u00fdch h\u00f4r-rozpr\u00e1vkov\u00e1 - kr\u00e1sna olejoma\u013eba -olejoma\u013eba realizmus--olejoma\u013eba od akademick\u00fdch umelcov","robots":{"index":"index","follow":"follow","max-snippet":"max-snippet:-1","max-image-preview":"max-image-preview:large","max-video-preview":"max-video-preview:-1"},"canonical":"https:\/\/artgallery-passage.com\/de\/dielo\/olejomalba-zapad-slnka-olejomalba-v-online-obchode-olejomalba-v-galerii-olejomalba-v-jasnych-farbach\/","og_locale":"de_DE","og_type":"article","og_title":"Olejoma\u013eba krajina z\u00e1pad slnka - ART PASSAGE GALLERY","og_description":"olejoma\u013eba krajinky-olejoma\u013eba h\u00f4r-olejoma\u013eba zasne\u017een\u00fdch h\u00f4r-rozpr\u00e1vkov\u00e1 - kr\u00e1sna olejoma\u013eba -olejoma\u013eba realizmus--olejoma\u013eba od akademick\u00fdch umelcov","og_url":"https:\/\/artgallery-passage.com\/de\/dielo\/olejomalba-zapad-slnka-olejomalba-v-online-obchode-olejomalba-v-galerii-olejomalba-v-jasnych-farbach\/","og_site_name":"ART PASSAGE GALLERY","article_modified_time":"2026-03-09T16:36:21+00:00","og_image":[{"width":900,"height":1345,"url":"https:\/\/artgallery-passage.com\/wp-content\/uploads\/2023\/11\/Zapad-slnka-56x37-200-eur-2.jpg","type":"image\/jpeg"}],"twitter_card":"summary_large_image","twitter_misc":{"Est. reading time":"1 Minute"},"schema":{"@context":"https:\/\/schema.org","@graph":[{"@type":"WebPage","@id":"https:\/\/artgallery-passage.com\/de\/dielo\/olejomalba-zapad-slnka-olejomalba-v-online-obchode-olejomalba-v-galerii-olejomalba-v-jasnych-farbach\/","url":"https:\/\/artgallery-passage.com\/de\/dielo\/olejomalba-zapad-slnka-olejomalba-v-online-obchode-olejomalba-v-galerii-olejomalba-v-jasnych-farbach\/","name":"Olejoma\u013eba krajina z\u00e1pad slnka - ART PASSAGE GALLERY","isPartOf":{"@id":"https:\/\/artgallery-passage.com\/de\/#website"},"datePublished":"2023-11-06T07:00:19+00:00","dateModified":"2026-03-09T16:36:21+00:00","description":"olejoma\u013eba krajinky-olejoma\u013eba h\u00f4r-olejoma\u013eba zasne\u017een\u00fdch h\u00f4r-rozpr\u00e1vkov\u00e1 - kr\u00e1sna olejoma\u013eba -olejoma\u013eba realizmus--olejoma\u013eba od akademick\u00fdch umelcov","breadcrumb":{"@id":"https:\/\/artgallery-passage.com\/de\/dielo\/olejomalba-zapad-slnka-olejomalba-v-online-obchode-olejomalba-v-galerii-olejomalba-v-jasnych-farbach\/#breadcrumb"},"inLanguage":"de-DE","potentialAction":[{"@type":"ReadAction","target":["https:\/\/artgallery-passage.com\/de\/dielo\/olejomalba-zapad-slnka-olejomalba-v-online-obchode-olejomalba-v-galerii-olejomalba-v-jasnych-farbach\/"]}]},{"@type":"BreadcrumbList","@id":"https:\/\/artgallery-passage.com\/de\/dielo\/olejomalba-zapad-slnka-olejomalba-v-online-obchode-olejomalba-v-galerii-olejomalba-v-jasnych-farbach\/#breadcrumb","itemListElement":[{"@type":"ListItem","position":1,"name":"Domovsk\u00e1 str\u00e1nka","item":"https:\/\/artgallery-passage.com\/de\/"},{"@type":"ListItem","position":2,"name":"Werke","item":"https:\/\/artgallery-passage.com\/de\/werke\/"},{"@type":"ListItem","position":3,"name":"Olejoma\u013eba krajina z\u00e1pad slnka"}]},{"@type":"WebSite","@id":"https:\/\/artgallery-passage.com\/de\/#website","url":"https:\/\/artgallery-passage.com\/de\/","name":"ART PASSAGE GALLERY","description":"Ru\u010dne ma\u013eovan\u00e9 obrazy","potentialAction":[{"@type":"SearchAction","target":{"@type":"EntryPoint","urlTemplate":"https:\/\/artgallery-passage.com\/de\/?s={search_term_string}"},"query-input":"required name=search_term_string"}],"inLanguage":"de-DE"}]}},"_links":{"self":[{"href":"https:\/\/artgallery-passage.com\/de\/wp-json\/wp\/v2\/product\/1988"}],"collection":[{"href":"https:\/\/artgallery-passage.com\/de\/wp-json\/wp\/v2\/product"}],"about":[{"href":"https:\/\/artgallery-passage.com\/de\/wp-json\/wp\/v2\/types\/product"}],"wp:featuredmedia":[{"embeddable":true,"href":"https:\/\/artgallery-passage.com\/de\/wp-json\/wp\/v2\/media\/1990"}],"wp:attachment":[{"href":"https:\/\/artgallery-passage.com\/de\/wp-json\/wp\/v2\/media?parent=1988"}],"wp:term":[{"taxonomy":"product_cat","embeddable":true,"href":"https:\/\/artgallery-passage.com\/de\/wp-json\/wp\/v2\/product_cat?post=1988"},{"taxonomy":"product_tag","embeddable":true,"href":"https:\/\/artgallery-passage.com\/de\/wp-json\/wp\/v2\/product_tag?post=1988"}],"curies":[{"name":"wp","href":"https:\/\/api.w.org\/{rel}","templated":true}]}}