{"id":2034,"date":"2023-11-15T19:52:48","date_gmt":"2023-11-15T18:52:48","guid":{"rendered":"https:\/\/artgallery-passage.com\/?post_type=product&#038;p=2034"},"modified":"2026-03-29T14:10:53","modified_gmt":"2026-03-29T12:10:53","slug":"olejomalba-jazero-v-jesennom-lese-obraz","status":"publish","type":"product","link":"https:\/\/artgallery-passage.com\/de\/dielo\/olejomalba-jazero-v-jesennom-lese-obraz\/","title":{"rendered":"pr\u00edroda  krajina Jazero v jesennom lese"},"content":{"rendered":"<p><strong>Autor:<\/strong> IGOR NAVROTSKYi.\u00a0 \u00a0 \u00a0 \u00a0 \u00a0 \u00a0 \u00a0 \u00a0 \u00a0 \u00a0 \u00a0 \u00a0 \u00a0 \u00a0 \u00a0 \u00a0 \u00a0 \u00a0 \u00a0 \u00a0 \u00a0 \u00a0 \u00a0 \u00a0 \u00a0 \u00a0 \u00a0 \u00a0 \u00a0 \u00a0 \u00a0 \u00a0 \u00a0 \u00a0 \u00a0 \u00a0 \u00a0 \u00a0 \u00a0 \u00a0 \u00a0 \u00a0 \u00a0 \u00a0 \u00a0 \u00a0 \u00a0 \u00a0 \u00a0 \u00a0 \u00a0 \u00a0 \u00a0 \u00a0 \u00a0 \u00a0 \u00a0 \u00a0 \u00a0 \u00a0 \u00a0 \u00a0 \u00a0 \u00a0 \u00a0 \u00a0 \u00a0 \u00a0 \u00a0 \u00a0 \u00a0 \u00a0 \u00a0 \u00a0 \u00a0 \u00a0 \u00a0 \u00a0 \u00a0 \u00a0 \u00a0 \u00a0 \u00a0 \u00a0 \u00a0 \u00a0 \u00a0 \u00a0 \u00a0 \u00a0 \u00a0 \u00a0 \u00a0 \u00a0 \u00a0 \u00a0 \u00a0 \u00a0 \u00a0 \u00a0 \u00a0 \u00a0 \u00a0 \u00a0 \u00a0 \u00a0 \u00a0 \u00a0 \u00a0 \u00a0 \u00a0 \u00a0 \u00a0 \u00a0 \u00a0 \u00a0 \u00a0 \u00a0 \u00a0 \u00a0 \u00a0 \u00a0 \u00a0 \u00a0 \u00a0 \u00a0 \u00a0 \u00a0 \u00a0 \u00a0 \u00a0 \u00a0 \u00a0 \u00a0 \u00a0 \u00a0 \u00a0 \u00a0 \u00a0 \u00a0 \u00a0 \u00a0 \u00a0 \u00a0 \u00a0 <strong>N\u00e1zov:<\/strong> Olejoma\u013eba Jazero v jesennom lese.\u00a0 \u00a0 \u00a0 \u00a0 \u00a0 \u00a0 \u00a0 \u00a0 \u00a0 \u00a0 \u00a0 \u00a0 \u00a0 \u00a0 \u00a0 \u00a0 \u00a0 \u00a0 \u00a0 \u00a0 \u00a0 \u00a0 \u00a0 \u00a0 \u00a0 \u00a0 \u00a0 \u00a0 \u00a0 \u00a0 \u00a0 \u00a0 \u00a0 \u00a0 \u00a0 \u00a0 \u00a0 \u00a0 \u00a0 \u00a0 \u00a0 \u00a0 \u00a0 \u00a0 \u00a0 \u00a0 \u00a0 \u00a0 \u00a0 \u00a0 \u00a0 \u00a0 \u00a0 \u00a0 \u00a0 \u00a0 \u00a0 \u00a0 \u00a0 \u00a0 \u00a0 \u00a0 \u00a0 \u00a0 \u00a0 \u00a0 \u00a0 \u00a0 \u00a0 \u00a0 \u00a0 \u00a0 \u00a0 \u00a0 \u00a0 \u00a0 \u00a0 \u00a0 \u00a0 \u00a0 \u00a0 \u00a0 \u00a0 \u00a0 \u00a0 \u00a0 \u00a0 \u00a0 \u00a0 \u00a0 \u00a0 \u00a0 \u00a0 \u00a0 \u00a0 \u00a0 \u00a0 \u00a0 \u00a0 \u00a0 \u00a0 \u00a0 \u00a0 \u00a0 \u00a0 \u00a0 \u00a0 \u00a0 \u00a0 \u00a0 \u00a0 \u00a0 \u00a0 \u00a0 \u00a0 \u00a0 \u00a0 \u00a0 \u00a0 \u00a0 \u00a0 \u00a0 \u00a0 \u00a0 \u00a0 \u00a0 \u00a0 \u00a0 \u00a0 \u00a0 \u00a0 \u00a0 \u00a0 \u00a0 <strong>Rok:<\/strong> 2023.\u00a0 \u00a0 \u00a0 \u00a0 \u00a0 \u00a0 \u00a0 \u00a0 \u00a0 \u00a0 \u00a0 \u00a0 \u00a0 \u00a0 \u00a0 \u00a0 \u00a0 \u00a0 \u00a0 \u00a0 \u00a0 \u00a0 \u00a0 \u00a0 \u00a0 \u00a0 \u00a0 \u00a0 \u00a0 \u00a0 \u00a0 \u00a0 \u00a0 \u00a0 \u00a0 \u00a0 \u00a0 \u00a0 \u00a0 \u00a0 \u00a0 \u00a0 \u00a0 \u00a0 \u00a0 \u00a0 \u00a0 \u00a0 \u00a0 \u00a0 \u00a0 \u00a0 \u00a0 \u00a0 \u00a0 \u00a0 \u00a0 \u00a0 \u00a0 \u00a0 \u00a0 \u00a0 \u00a0 \u00a0 \u00a0 \u00a0 \u00a0 \u00a0 \u00a0 \u00a0 \u00a0 \u00a0 \u00a0 \u00a0 \u00a0 \u00a0 \u00a0 \u00a0 \u00a0 \u00a0 \u00a0 \u00a0 \u00a0 \u00a0 \u00a0 \u00a0 \u00a0 \u00a0 \u00a0 \u00a0 \u00a0 \u00a0 \u00a0 \u00a0 \u00a0 \u00a0 \u00a0 \u00a0 \u00a0 \u00a0 \u00a0 \u00a0 \u00a0 \u00a0 \u00a0 \u00a0 \u00a0 \u00a0 \u00a0 \u00a0 \u00a0 \u00a0 \u00a0 \u00a0 \u00a0 \u00a0 \u00a0 \u00a0 \u00a0 \u00a0 \u00a0 \u00a0 \u00a0 \u00a0 \u00a0 \u00a0 \u00a0 \u00a0 \u00a0 \u00a0 \u00a0 \u00a0 \u00a0 \u00a0 \u00a0 \u00a0 \u00a0 \u00a0 \u00a0 \u00a0 \u00a0 \u00a0 \u00a0 \u00a0 \u00a0 \u00a0 \u00a0 \u00a0 \u00a0 \u00a0 \u00a0 \u00a0 \u00a0 \u00a0 \u00a0 \u00a0 \u00a0 \u00a0 \u00a0 <strong>Rozmery:<\/strong> 54 x 45 cm.\u00a0 \u00a0 \u00a0 \u00a0 \u00a0 \u00a0 \u00a0 \u00a0 \u00a0 \u00a0 \u00a0 \u00a0 \u00a0 \u00a0 \u00a0 \u00a0 \u00a0 \u00a0 \u00a0 \u00a0 \u00a0 \u00a0 \u00a0 \u00a0 \u00a0 \u00a0 \u00a0 \u00a0 \u00a0 \u00a0 \u00a0 \u00a0 \u00a0 \u00a0 \u00a0 \u00a0 \u00a0 \u00a0 \u00a0 \u00a0 \u00a0 \u00a0 \u00a0 \u00a0 \u00a0 \u00a0 \u00a0 \u00a0 \u00a0 \u00a0 \u00a0 \u00a0 \u00a0 \u00a0 \u00a0 \u00a0 \u00a0 \u00a0 \u00a0 \u00a0 \u00a0 \u00a0 \u00a0 \u00a0 \u00a0 \u00a0 \u00a0 \u00a0 \u00a0 \u00a0 \u00a0 \u00a0 \u00a0 \u00a0 \u00a0 \u00a0 \u00a0 \u00a0 \u00a0 \u00a0 \u00a0 \u00a0 \u00a0 \u00a0 \u00a0 \u00a0 \u00a0 \u00a0 \u00a0 \u00a0 \u00a0 \u00a0 \u00a0 \u00a0 \u00a0 \u00a0 \u00a0 \u00a0 \u00a0 \u00a0 \u00a0 \u00a0 \u00a0 \u00a0 \u00a0 \u00a0 \u00a0 \u00a0 \u00a0 \u00a0 \u00a0 \u00a0 \u00a0 \u00a0 \u00a0 \u00a0 \u00a0 \u00a0 \u00a0 \u00a0 \u00a0 \u00a0 \u00a0 \u00a0 \u00a0 \u00a0 \u00a0 \u00a0 \u00a0 \u00a0 \u00a0 \u00a0 \u00a0 \u00a0 \u00a0 \u00a0 \u00a0 \u00a0 \u00a0 \u00a0 \u00a0 \u00a0 \u00a0 \u00a0 \u00a0 \u00a0 \u00a0 \u00a0 \u00a0 \u00a0 \u00a0 <strong>Olejoma\u013eba :<\/strong> ru\u010dn\u00e1 pr\u00e1ca\u00a0 \u00a0 \u00a0 \u00a0 \u00a0 \u00a0 \u00a0 \u00a0 \u00a0 \u00a0 \u00a0 \u00a0 \u00a0 \u00a0 \u00a0 \u00a0 \u00a0 \u00a0 \u00a0 \u00a0 \u00a0 \u00a0 \u00a0 \u00a0 \u00a0 \u00a0 \u00a0 \u00a0 \u00a0 \u00a0 \u00a0 \u00a0 \u00a0 \u00a0 \u00a0 \u00a0 \u00a0 \u00a0 \u00a0 \u00a0 \u00a0 \u00a0 \u00a0 \u00a0 \u00a0 \u00a0 \u00a0 \u00a0 \u00a0 \u00a0 \u00a0 \u00a0 \u00a0 \u00a0 \u00a0 \u00a0 \u00a0 \u00a0 \u00a0 \u00a0 \u00a0 \u00a0 \u00a0 \u00a0 \u00a0 \u00a0 \u00a0 \u00a0 \u00a0 \u00a0 \u00a0 \u00a0 \u00a0 \u00a0 \u00a0 \u00a0 \u00a0 \u00a0 \u00a0 \u00a0 \u00a0 \u00a0 \u00a0 \u00a0 \u00a0 \u00a0 \u00a0 \u00a0 \u00a0 \u00a0 \u00a0 \u00a0 \u00a0 \u00a0 \u00a0 \u00a0 \u00a0 \u00a0 \u00a0 \u00a0 \u00a0 \u00a0 \u00a0 \u00a0 \u00a0 \u00a0 \u00a0 \u00a0 \u00a0 \u00a0 \u00a0 \u00a0 \u00a0 \u00a0 \u00a0 \u00a0 \u00a0 \u00a0 \u00a0 \u00a0 \u00a0 \u00a0 \u00a0 \u00a0 \u00a0 \u00a0 \u00a0 \u00a0 \u00a0 \u00a0 \u00a0 \u00a0 \u00a0 \u00a0 \u00a0 \u00a0 \u00a0 \u00a0 \u00a0 \u00a0 \u00a0 \u00a0 \u00a0 \u00a0 \u00a0 \u00a0 \u00a0 \u00a0 <strong>Mot\u00edv:<\/strong> Krajiny .\u00a0 \u00a0 \u00a0 \u00a0 \u00a0 \u00a0 \u00a0 \u00a0 \u00a0 \u00a0 \u00a0 \u00a0 \u00a0 \u00a0 \u00a0 \u00a0 \u00a0 \u00a0 \u00a0 \u00a0 \u00a0 \u00a0 \u00a0 \u00a0 \u00a0 \u00a0 \u00a0 \u00a0 \u00a0 \u00a0 \u00a0 \u00a0 \u00a0 \u00a0 \u00a0 \u00a0 \u00a0 \u00a0 \u00a0 \u00a0 \u00a0 \u00a0 \u00a0 \u00a0 \u00a0 \u00a0 \u00a0 \u00a0 \u00a0 \u00a0 \u00a0 \u00a0 \u00a0 \u00a0 \u00a0 \u00a0 \u00a0 \u00a0 \u00a0 \u00a0 \u00a0 \u00a0 \u00a0 \u00a0 \u00a0 \u00a0 \u00a0 \u00a0 \u00a0 \u00a0 \u00a0 \u00a0 \u00a0 \u00a0 \u00a0 \u00a0 \u00a0 \u00a0 \u00a0 \u00a0 \u00a0 \u00a0 \u00a0 \u00a0 \u00a0 \u00a0 \u00a0 \u00a0 \u00a0 \u00a0 \u00a0 \u00a0 \u00a0 \u00a0 \u00a0 \u00a0 \u00a0 \u00a0 \u00a0 \u00a0 \u00a0 \u00a0 \u00a0 \u00a0 \u00a0 \u00a0 \u00a0 \u00a0 \u00a0 \u00a0 \u00a0 \u00a0 \u00a0 \u00a0 \u00a0 \u00a0 \u00a0 \u00a0 \u00a0 \u00a0 \u00a0 \u00a0 \u00a0 \u00a0 \u00a0 \u00a0 \u00a0 \u00a0 \u00a0 \u00a0 \u00a0 \u00a0 \u00a0 \u00a0 \u00a0 \u00a0 \u00a0 \u00a0 \u00a0 \u00a0 \u00a0 \u00a0 \u00a0 \u00a0 \u00a0 \u00a0 \u00a0 \u00a0 \u00a0 \u00a0 \u00a0 \u00a0 \u00a0 \u00a0 \u00a0 \u00a0 \u00a0 <strong>R\u00e1m:<\/strong> nie .\u00a0 \u00a0 \u00a0 \u00a0 \u00a0 \u00a0 \u00a0 \u00a0 \u00a0 \u00a0 \u00a0 \u00a0 \u00a0 \u00a0 \u00a0 \u00a0 \u00a0 \u00a0 \u00a0 \u00a0 \u00a0 \u00a0 \u00a0 \u00a0 \u00a0 \u00a0 \u00a0 \u00a0 \u00a0 \u00a0 \u00a0 \u00a0 \u00a0 \u00a0 \u00a0 \u00a0 \u00a0 \u00a0 \u00a0 \u00a0 \u00a0 \u00a0 \u00a0 \u00a0 \u00a0 \u00a0 \u00a0 \u00a0 \u00a0 \u00a0 \u00a0 \u00a0 \u00a0 \u00a0 \u00a0 \u00a0 \u00a0 \u00a0 \u00a0 \u00a0 \u00a0 \u00a0 \u00a0 \u00a0 \u00a0 \u00a0 \u00a0 \u00a0 \u00a0 \u00a0 \u00a0 \u00a0 \u00a0 \u00a0 \u00a0 \u00a0 \u00a0 \u00a0 \u00a0 \u00a0 \u00a0 \u00a0 \u00a0 \u00a0 \u00a0 \u00a0 \u00a0 \u00a0 \u00a0 \u00a0 \u00a0 \u00a0 \u00a0 \u00a0 \u00a0 \u00a0 \u00a0 \u00a0 \u00a0 \u00a0 \u00a0 \u00a0 \u00a0 \u00a0 \u00a0 \u00a0 \u00a0 \u00a0 \u00a0 \u00a0 \u00a0 \u00a0 \u00a0 \u00a0 \u00a0 \u00a0 \u00a0 \u00a0 \u00a0 \u00a0 \u00a0 \u00a0 \u00a0 \u00a0 \u00a0 \u00a0 \u00a0 \u00a0 \u00a0 \u00a0 \u00a0 \u00a0 \u00a0 \u00a0 \u00a0 \u00a0 \u00a0 \u00a0 \u00a0 \u00a0 \u00a0 \u00a0 \u00a0 \u00a0 \u00a0 \u00a0 \u00a0 \u00a0 \u00a0 \u00a0 \u00a0 \u00a0 \u00a0 \u00a0 \u00a0 \u00a0 \u00a0 \u00a0 \u00a0 <strong>Technika:<\/strong> olej, pl\u00e1tno.<\/p>\n","protected":false},"excerpt":{"rendered":"<p>Autor: IGOR NAVROTSKYi. Rozmer:70&#215;50 cm. Technika: olej na pl\u00e1tne<\/p>\n","protected":false},"featured_media":2037,"template":"","meta":[],"product_cat":[139,70],"product_tag":[208,95,282,207,212,214,215,210,213,211,225,216,209,220],"yoast_head":"<!-- This site is optimized with the Yoast SEO plugin v20.3 - https:\/\/yoast.com\/wordpress\/plugins\/seo\/ -->\n<title>pr\u00edroda krajina Jazero v jesennom lese - ART PASSAGE GALLERY<\/title>\n<meta name=\"description\" content=\"Olejoma\u013eba &quot;Jazero v jesennom lese&quot; - krajiny, ru\u010dne malovan\u00e9 obrazy, obr\u00e1zok h\u00f4r , les ma\u013eba, obraz pr\u00edroda ,obrazy kvety na predaj,predaj obrazov, z\u00e1ti\u0161ie\" \/>\n<meta name=\"robots\" content=\"index, follow, max-snippet:-1, max-image-preview:large, max-video-preview:-1\" \/>\n<link rel=\"canonical\" href=\"https:\/\/artgallery-passage.com\/de\/dielo\/olejomalba-jazero-v-jesennom-lese-obraz\/\" \/>\n<meta property=\"og:locale\" content=\"de_DE\" \/>\n<meta property=\"og:type\" content=\"article\" \/>\n<meta property=\"og:title\" content=\"pr\u00edroda krajina Jazero v jesennom lese - ART PASSAGE GALLERY\" \/>\n<meta property=\"og:description\" content=\"Olejoma\u013eba &quot;Jazero v jesennom lese&quot; - krajiny, ru\u010dne malovan\u00e9 obrazy, obr\u00e1zok h\u00f4r , les ma\u013eba, obraz pr\u00edroda ,obrazy kvety na predaj,predaj obrazov, z\u00e1ti\u0161ie\" \/>\n<meta property=\"og:url\" content=\"https:\/\/artgallery-passage.com\/de\/dielo\/olejomalba-jazero-v-jesennom-lese-obraz\/\" \/>\n<meta property=\"og:site_name\" content=\"ART PASSAGE GALLERY\" \/>\n<meta property=\"article:modified_time\" content=\"2026-03-29T12:10:53+00:00\" \/>\n<meta property=\"og:image\" content=\"https:\/\/artgallery-passage.com\/wp-content\/uploads\/2023\/11\/54x45-300-eur.Jesen-na-lesnom-jazierku.-\u2014-\u043a\u043e\u043f\u0438\u044f.jpg\" \/>\n\t<meta property=\"og:image:width\" content=\"1000\" \/>\n\t<meta property=\"og:image:height\" content=\"1174\" \/>\n\t<meta property=\"og:image:type\" content=\"image\/jpeg\" \/>\n<meta name=\"twitter:card\" content=\"summary_large_image\" \/>\n<meta name=\"twitter:label1\" content=\"Est. reading time\" \/>\n\t<meta name=\"twitter:data1\" content=\"1 Minute\" \/>\n<script type=\"application\/ld+json\" class=\"yoast-schema-graph\">{\"@context\":\"https:\/\/schema.org\",\"@graph\":[{\"@type\":\"WebPage\",\"@id\":\"https:\/\/artgallery-passage.com\/de\/dielo\/olejomalba-jazero-v-jesennom-lese-obraz\/\",\"url\":\"https:\/\/artgallery-passage.com\/de\/dielo\/olejomalba-jazero-v-jesennom-lese-obraz\/\",\"name\":\"pr\u00edroda krajina Jazero v jesennom lese - ART PASSAGE GALLERY\",\"isPartOf\":{\"@id\":\"https:\/\/artgallery-passage.com\/de\/#website\"},\"datePublished\":\"2023-11-15T18:52:48+00:00\",\"dateModified\":\"2026-03-29T12:10:53+00:00\",\"description\":\"Olejoma\u013eba \\\"Jazero v jesennom lese\\\" - krajiny, ru\u010dne malovan\u00e9 obrazy, obr\u00e1zok h\u00f4r , les ma\u013eba, obraz pr\u00edroda ,obrazy kvety na predaj,predaj obrazov, z\u00e1ti\u0161ie\",\"breadcrumb\":{\"@id\":\"https:\/\/artgallery-passage.com\/de\/dielo\/olejomalba-jazero-v-jesennom-lese-obraz\/#breadcrumb\"},\"inLanguage\":\"de-DE\",\"potentialAction\":[{\"@type\":\"ReadAction\",\"target\":[\"https:\/\/artgallery-passage.com\/de\/dielo\/olejomalba-jazero-v-jesennom-lese-obraz\/\"]}]},{\"@type\":\"BreadcrumbList\",\"@id\":\"https:\/\/artgallery-passage.com\/de\/dielo\/olejomalba-jazero-v-jesennom-lese-obraz\/#breadcrumb\",\"itemListElement\":[{\"@type\":\"ListItem\",\"position\":1,\"name\":\"Domovsk\u00e1 str\u00e1nka\",\"item\":\"https:\/\/artgallery-passage.com\/de\/\"},{\"@type\":\"ListItem\",\"position\":2,\"name\":\"Werke\",\"item\":\"https:\/\/artgallery-passage.com\/de\/werke\/\"},{\"@type\":\"ListItem\",\"position\":3,\"name\":\"pr\u00edroda krajina Jazero v jesennom lese\"}]},{\"@type\":\"WebSite\",\"@id\":\"https:\/\/artgallery-passage.com\/de\/#website\",\"url\":\"https:\/\/artgallery-passage.com\/de\/\",\"name\":\"ART PASSAGE GALLERY\",\"description\":\"Ru\u010dne ma\u013eovan\u00e9 obrazy\",\"potentialAction\":[{\"@type\":\"SearchAction\",\"target\":{\"@type\":\"EntryPoint\",\"urlTemplate\":\"https:\/\/artgallery-passage.com\/de\/?s={search_term_string}\"},\"query-input\":\"required name=search_term_string\"}],\"inLanguage\":\"de-DE\"}]}<\/script>\n<!-- \/ Yoast SEO plugin. -->","yoast_head_json":{"title":"pr\u00edroda krajina Jazero v jesennom lese - ART PASSAGE GALLERY","description":"Olejoma\u013eba \"Jazero v jesennom lese\" - krajiny, ru\u010dne malovan\u00e9 obrazy, obr\u00e1zok h\u00f4r , les ma\u013eba, obraz pr\u00edroda ,obrazy kvety na predaj,predaj obrazov, z\u00e1ti\u0161ie","robots":{"index":"index","follow":"follow","max-snippet":"max-snippet:-1","max-image-preview":"max-image-preview:large","max-video-preview":"max-video-preview:-1"},"canonical":"https:\/\/artgallery-passage.com\/de\/dielo\/olejomalba-jazero-v-jesennom-lese-obraz\/","og_locale":"de_DE","og_type":"article","og_title":"pr\u00edroda krajina Jazero v jesennom lese - ART PASSAGE GALLERY","og_description":"Olejoma\u013eba \"Jazero v jesennom lese\" - krajiny, ru\u010dne malovan\u00e9 obrazy, obr\u00e1zok h\u00f4r , les ma\u013eba, obraz pr\u00edroda ,obrazy kvety na predaj,predaj obrazov, z\u00e1ti\u0161ie","og_url":"https:\/\/artgallery-passage.com\/de\/dielo\/olejomalba-jazero-v-jesennom-lese-obraz\/","og_site_name":"ART PASSAGE GALLERY","article_modified_time":"2026-03-29T12:10:53+00:00","og_image":[{"width":1000,"height":1174,"url":"https:\/\/artgallery-passage.com\/wp-content\/uploads\/2023\/11\/54x45-300-eur.Jesen-na-lesnom-jazierku.-\u2014-\u043a\u043e\u043f\u0438\u044f.jpg","type":"image\/jpeg"}],"twitter_card":"summary_large_image","twitter_misc":{"Est. reading time":"1 Minute"},"schema":{"@context":"https:\/\/schema.org","@graph":[{"@type":"WebPage","@id":"https:\/\/artgallery-passage.com\/de\/dielo\/olejomalba-jazero-v-jesennom-lese-obraz\/","url":"https:\/\/artgallery-passage.com\/de\/dielo\/olejomalba-jazero-v-jesennom-lese-obraz\/","name":"pr\u00edroda krajina Jazero v jesennom lese - ART PASSAGE GALLERY","isPartOf":{"@id":"https:\/\/artgallery-passage.com\/de\/#website"},"datePublished":"2023-11-15T18:52:48+00:00","dateModified":"2026-03-29T12:10:53+00:00","description":"Olejoma\u013eba \"Jazero v jesennom lese\" - krajiny, ru\u010dne malovan\u00e9 obrazy, obr\u00e1zok h\u00f4r , les ma\u013eba, obraz pr\u00edroda ,obrazy kvety na predaj,predaj obrazov, z\u00e1ti\u0161ie","breadcrumb":{"@id":"https:\/\/artgallery-passage.com\/de\/dielo\/olejomalba-jazero-v-jesennom-lese-obraz\/#breadcrumb"},"inLanguage":"de-DE","potentialAction":[{"@type":"ReadAction","target":["https:\/\/artgallery-passage.com\/de\/dielo\/olejomalba-jazero-v-jesennom-lese-obraz\/"]}]},{"@type":"BreadcrumbList","@id":"https:\/\/artgallery-passage.com\/de\/dielo\/olejomalba-jazero-v-jesennom-lese-obraz\/#breadcrumb","itemListElement":[{"@type":"ListItem","position":1,"name":"Domovsk\u00e1 str\u00e1nka","item":"https:\/\/artgallery-passage.com\/de\/"},{"@type":"ListItem","position":2,"name":"Werke","item":"https:\/\/artgallery-passage.com\/de\/werke\/"},{"@type":"ListItem","position":3,"name":"pr\u00edroda krajina Jazero v jesennom lese"}]},{"@type":"WebSite","@id":"https:\/\/artgallery-passage.com\/de\/#website","url":"https:\/\/artgallery-passage.com\/de\/","name":"ART PASSAGE GALLERY","description":"Ru\u010dne ma\u013eovan\u00e9 obrazy","potentialAction":[{"@type":"SearchAction","target":{"@type":"EntryPoint","urlTemplate":"https:\/\/artgallery-passage.com\/de\/?s={search_term_string}"},"query-input":"required name=search_term_string"}],"inLanguage":"de-DE"}]}},"_links":{"self":[{"href":"https:\/\/artgallery-passage.com\/de\/wp-json\/wp\/v2\/product\/2034"}],"collection":[{"href":"https:\/\/artgallery-passage.com\/de\/wp-json\/wp\/v2\/product"}],"about":[{"href":"https:\/\/artgallery-passage.com\/de\/wp-json\/wp\/v2\/types\/product"}],"wp:featuredmedia":[{"embeddable":true,"href":"https:\/\/artgallery-passage.com\/de\/wp-json\/wp\/v2\/media\/2037"}],"wp:attachment":[{"href":"https:\/\/artgallery-passage.com\/de\/wp-json\/wp\/v2\/media?parent=2034"}],"wp:term":[{"taxonomy":"product_cat","embeddable":true,"href":"https:\/\/artgallery-passage.com\/de\/wp-json\/wp\/v2\/product_cat?post=2034"},{"taxonomy":"product_tag","embeddable":true,"href":"https:\/\/artgallery-passage.com\/de\/wp-json\/wp\/v2\/product_tag?post=2034"}],"curies":[{"name":"wp","href":"https:\/\/api.w.org\/{rel}","templated":true}]}}