{"id":2717,"date":"2024-01-18T21:37:07","date_gmt":"2024-01-18T20:37:07","guid":{"rendered":"https:\/\/artgallery-passage.com\/dielo\/oelgemaelde-iris-in-einer-vase\/"},"modified":"2024-01-18T21:37:07","modified_gmt":"2024-01-18T20:37:07","slug":"olmalerei-im-raum-in-raum-verbund","status":"publish","type":"product","link":"https:\/\/artgallery-passage.com\/de\/dielo\/olmalerei-im-raum-in-raum-verbund\/","title":{"rendered":"\u00d6lgem\u00e4lde Iris in einer Vase"},"content":{"rendered":"<p><strong>Autor: IGOR NAVROTSKYI<br \/>\nTitel: \u00d6lgem\u00e4lde Iris in einer Vase<br \/>\nJahr: 2023<br \/>\nAbmessungen: 60\u00d740cm.<br \/>\nMarkierung: manuell nach unten<br \/>\nRahmen: nein<br \/>\nMotiv: Landschaft<br \/>\nTechnik: \u00d6l auf Leinwand<br \/>\n<\/strong><\/p>\n","protected":false},"excerpt":{"rendered":"<div class=\"productListFGridText\">\n<div class=\"productListFGridTegfkxt\">\n<p class=\"productListFGridDescription\"><strong>Ma\u00dfe: 60&#215;40<\/strong>cm. <strong>Technik:<\/strong> \u00d6l auf Leinwand.<\/p>\n<\/div>\n<\/div>\n","protected":false},"featured_media":2680,"template":"","meta":[],"product_cat":[496,489,490,493],"product_tag":[519,512,514,527,522,520,525,509,507,521,524,513,511,523,508,515,510,526],"yoast_head":"<!-- This site is optimized with the Yoast SEO plugin v20.3 - https:\/\/yoast.com\/wordpress\/plugins\/seo\/ -->\n<title>\u00d6lgem\u00e4lde Iris in einer Vase - ART PASSAGE GALLERY<\/title>\n<meta name=\"description\" content=\"\u00d6lgem\u00e4lde, handgemalt mit einem Spachtel auf Leinwand in einem mehrschichtigen und pastosen Stil, basierend auf Erinnerungen an den Sommer des akademischen K\u00fcnstlers Gartenblumen\" \/>\n<meta name=\"robots\" content=\"index, follow, max-snippet:-1, max-image-preview:large, max-video-preview:-1\" \/>\n<link rel=\"canonical\" href=\"https:\/\/artgallery-passage.com\/de\/dielo\/olmalerei-im-raum-in-raum-verbund\/\" \/>\n<meta property=\"og:locale\" content=\"de_DE\" \/>\n<meta property=\"og:type\" content=\"article\" \/>\n<meta property=\"og:title\" content=\"\u00d6lgem\u00e4lde Iris in einer Vase - ART PASSAGE GALLERY\" \/>\n<meta property=\"og:description\" content=\"\u00d6lgem\u00e4lde, handgemalt mit einem Spachtel auf Leinwand in einem mehrschichtigen und pastosen Stil, basierend auf Erinnerungen an den Sommer des akademischen K\u00fcnstlers Gartenblumen\" \/>\n<meta property=\"og:url\" content=\"https:\/\/artgallery-passage.com\/de\/dielo\/olmalerei-im-raum-in-raum-verbund\/\" \/>\n<meta property=\"og:site_name\" content=\"ART PASSAGE GALLERY\" \/>\n<meta property=\"og:image\" content=\"https:\/\/artgallery-passage.com\/wp-content\/uploads\/2024\/01\/Kosatce-vo-vaze-60x40-280-eur.jpg\" \/>\n\t<meta property=\"og:image:width\" content=\"900\" \/>\n\t<meta property=\"og:image:height\" content=\"1368\" \/>\n\t<meta property=\"og:image:type\" content=\"image\/jpeg\" \/>\n<meta name=\"twitter:card\" content=\"summary_large_image\" \/>\n<script type=\"application\/ld+json\" class=\"yoast-schema-graph\">{\"@context\":\"https:\/\/schema.org\",\"@graph\":[{\"@type\":\"WebPage\",\"@id\":\"https:\/\/artgallery-passage.com\/de\/dielo\/olmalerei-im-raum-in-raum-verbund\/\",\"url\":\"https:\/\/artgallery-passage.com\/de\/dielo\/olmalerei-im-raum-in-raum-verbund\/\",\"name\":\"\u00d6lgem\u00e4lde Iris in einer Vase - ART PASSAGE GALLERY\",\"isPartOf\":{\"@id\":\"https:\/\/artgallery-passage.com\/de\/#website\"},\"datePublished\":\"2024-01-18T20:37:07+00:00\",\"dateModified\":\"2024-01-18T20:37:07+00:00\",\"description\":\"\u00d6lgem\u00e4lde, handgemalt mit einem Spachtel auf Leinwand in einem mehrschichtigen und pastosen Stil, basierend auf Erinnerungen an den Sommer des akademischen K\u00fcnstlers Gartenblumen\",\"breadcrumb\":{\"@id\":\"https:\/\/artgallery-passage.com\/de\/dielo\/olmalerei-im-raum-in-raum-verbund\/#breadcrumb\"},\"inLanguage\":\"de-DE\",\"potentialAction\":[{\"@type\":\"ReadAction\",\"target\":[\"https:\/\/artgallery-passage.com\/de\/dielo\/olmalerei-im-raum-in-raum-verbund\/\"]}]},{\"@type\":\"BreadcrumbList\",\"@id\":\"https:\/\/artgallery-passage.com\/de\/dielo\/olmalerei-im-raum-in-raum-verbund\/#breadcrumb\",\"itemListElement\":[{\"@type\":\"ListItem\",\"position\":1,\"name\":\"Domovsk\u00e1 str\u00e1nka\",\"item\":\"https:\/\/artgallery-passage.com\/de\/\"},{\"@type\":\"ListItem\",\"position\":2,\"name\":\"Werke\",\"item\":\"https:\/\/artgallery-passage.com\/de\/werke\/\"},{\"@type\":\"ListItem\",\"position\":3,\"name\":\"\u00d6lgem\u00e4lde Iris in einer Vase\"}]},{\"@type\":\"WebSite\",\"@id\":\"https:\/\/artgallery-passage.com\/de\/#website\",\"url\":\"https:\/\/artgallery-passage.com\/de\/\",\"name\":\"ART PASSAGE GALLERY\",\"description\":\"Ru\u010dne ma\u013eovan\u00e9 obrazy\",\"potentialAction\":[{\"@type\":\"SearchAction\",\"target\":{\"@type\":\"EntryPoint\",\"urlTemplate\":\"https:\/\/artgallery-passage.com\/de\/?s={search_term_string}\"},\"query-input\":\"required name=search_term_string\"}],\"inLanguage\":\"de-DE\"}]}<\/script>\n<!-- \/ Yoast SEO plugin. -->","yoast_head_json":{"title":"\u00d6lgem\u00e4lde Iris in einer Vase - ART PASSAGE GALLERY","description":"\u00d6lgem\u00e4lde, handgemalt mit einem Spachtel auf Leinwand in einem mehrschichtigen und pastosen Stil, basierend auf Erinnerungen an den Sommer des akademischen K\u00fcnstlers Gartenblumen","robots":{"index":"index","follow":"follow","max-snippet":"max-snippet:-1","max-image-preview":"max-image-preview:large","max-video-preview":"max-video-preview:-1"},"canonical":"https:\/\/artgallery-passage.com\/de\/dielo\/olmalerei-im-raum-in-raum-verbund\/","og_locale":"de_DE","og_type":"article","og_title":"\u00d6lgem\u00e4lde Iris in einer Vase - ART PASSAGE GALLERY","og_description":"\u00d6lgem\u00e4lde, handgemalt mit einem Spachtel auf Leinwand in einem mehrschichtigen und pastosen Stil, basierend auf Erinnerungen an den Sommer des akademischen K\u00fcnstlers Gartenblumen","og_url":"https:\/\/artgallery-passage.com\/de\/dielo\/olmalerei-im-raum-in-raum-verbund\/","og_site_name":"ART PASSAGE GALLERY","og_image":[{"width":900,"height":1368,"url":"https:\/\/artgallery-passage.com\/wp-content\/uploads\/2024\/01\/Kosatce-vo-vaze-60x40-280-eur.jpg","type":"image\/jpeg"}],"twitter_card":"summary_large_image","schema":{"@context":"https:\/\/schema.org","@graph":[{"@type":"WebPage","@id":"https:\/\/artgallery-passage.com\/de\/dielo\/olmalerei-im-raum-in-raum-verbund\/","url":"https:\/\/artgallery-passage.com\/de\/dielo\/olmalerei-im-raum-in-raum-verbund\/","name":"\u00d6lgem\u00e4lde Iris in einer Vase - ART PASSAGE GALLERY","isPartOf":{"@id":"https:\/\/artgallery-passage.com\/de\/#website"},"datePublished":"2024-01-18T20:37:07+00:00","dateModified":"2024-01-18T20:37:07+00:00","description":"\u00d6lgem\u00e4lde, handgemalt mit einem Spachtel auf Leinwand in einem mehrschichtigen und pastosen Stil, basierend auf Erinnerungen an den Sommer des akademischen K\u00fcnstlers Gartenblumen","breadcrumb":{"@id":"https:\/\/artgallery-passage.com\/de\/dielo\/olmalerei-im-raum-in-raum-verbund\/#breadcrumb"},"inLanguage":"de-DE","potentialAction":[{"@type":"ReadAction","target":["https:\/\/artgallery-passage.com\/de\/dielo\/olmalerei-im-raum-in-raum-verbund\/"]}]},{"@type":"BreadcrumbList","@id":"https:\/\/artgallery-passage.com\/de\/dielo\/olmalerei-im-raum-in-raum-verbund\/#breadcrumb","itemListElement":[{"@type":"ListItem","position":1,"name":"Domovsk\u00e1 str\u00e1nka","item":"https:\/\/artgallery-passage.com\/de\/"},{"@type":"ListItem","position":2,"name":"Werke","item":"https:\/\/artgallery-passage.com\/de\/werke\/"},{"@type":"ListItem","position":3,"name":"\u00d6lgem\u00e4lde Iris in einer Vase"}]},{"@type":"WebSite","@id":"https:\/\/artgallery-passage.com\/de\/#website","url":"https:\/\/artgallery-passage.com\/de\/","name":"ART PASSAGE GALLERY","description":"Ru\u010dne ma\u013eovan\u00e9 obrazy","potentialAction":[{"@type":"SearchAction","target":{"@type":"EntryPoint","urlTemplate":"https:\/\/artgallery-passage.com\/de\/?s={search_term_string}"},"query-input":"required name=search_term_string"}],"inLanguage":"de-DE"}]}},"_links":{"self":[{"href":"https:\/\/artgallery-passage.com\/de\/wp-json\/wp\/v2\/product\/2717"}],"collection":[{"href":"https:\/\/artgallery-passage.com\/de\/wp-json\/wp\/v2\/product"}],"about":[{"href":"https:\/\/artgallery-passage.com\/de\/wp-json\/wp\/v2\/types\/product"}],"wp:featuredmedia":[{"embeddable":true,"href":"https:\/\/artgallery-passage.com\/de\/wp-json\/wp\/v2\/media\/2680"}],"wp:attachment":[{"href":"https:\/\/artgallery-passage.com\/de\/wp-json\/wp\/v2\/media?parent=2717"}],"wp:term":[{"taxonomy":"product_cat","embeddable":true,"href":"https:\/\/artgallery-passage.com\/de\/wp-json\/wp\/v2\/product_cat?post=2717"},{"taxonomy":"product_tag","embeddable":true,"href":"https:\/\/artgallery-passage.com\/de\/wp-json\/wp\/v2\/product_tag?post=2717"}],"curies":[{"name":"wp","href":"https:\/\/api.w.org\/{rel}","templated":true}]}}