{"id":2725,"date":"2022-01-01T23:34:25","date_gmt":"2022-01-01T22:34:25","guid":{"rendered":"https:\/\/artgallery-passage.com\/dielo\/abstraktion-der-ordnung-2\/"},"modified":"2022-01-01T23:34:25","modified_gmt":"2022-01-01T22:34:25","slug":"abstraktion-per-bestellung-2","status":"publish","type":"product","link":"https:\/\/artgallery-passage.com\/de\/dielo\/abstraktion-per-bestellung-2\/","title":{"rendered":"Abstraktion der Ordnung 2"},"content":{"rendered":"<p><strong>Autor.<br \/>\nTitel:<br \/>\nJahr: 2023<br \/>\nAbmessungen: je nach Bestellung<br \/>\nMarkierung: manuell nach unten<br \/>\nRahmen:<br \/>\nMotiv:<br \/>\nTechnik: \u00d6l auf Leinwand<br \/>\n<\/strong><\/p>\n","protected":false},"excerpt":{"rendered":"<div class=\"productListFGridText\">\n<div class=\"productListFGridTegfkxt\">\n<p class=\"productListFGridDescription\"><strong>Gr\u00f6\u00dfe: <\/strong>auf Bestellung <strong>Technik:<\/strong> \u00d6l auf Leinwand<\/p>\n<\/div>\n<\/div>\n","protected":false},"featured_media":2669,"template":"","meta":[],"product_cat":[496,490],"product_tag":[],"yoast_head":"<!-- This site is optimized with the Yoast SEO plugin v20.3 - https:\/\/yoast.com\/wordpress\/plugins\/seo\/ -->\n<title>Abstraktion der Ordnung 2 - ART PASSAGE GALLERY<\/title>\n<meta name=\"robots\" content=\"index, follow, max-snippet:-1, max-image-preview:large, max-video-preview:-1\" \/>\n<link rel=\"canonical\" href=\"https:\/\/artgallery-passage.com\/de\/dielo\/abstraktion-per-bestellung-2\/\" \/>\n<meta property=\"og:locale\" content=\"de_DE\" \/>\n<meta property=\"og:type\" content=\"article\" \/>\n<meta property=\"og:title\" content=\"Abstraktion der Ordnung 2 - ART PASSAGE GALLERY\" \/>\n<meta property=\"og:description\" content=\"Gr\u00f6\u00dfe: auf Bestellung Technik: \u00d6l auf Leinwand\" \/>\n<meta property=\"og:url\" content=\"https:\/\/artgallery-passage.com\/de\/dielo\/abstraktion-per-bestellung-2\/\" \/>\n<meta property=\"og:site_name\" content=\"ART PASSAGE GALLERY\" \/>\n<meta property=\"og:image\" content=\"https:\/\/artgallery-passage.com\/wp-content\/uploads\/2024\/01\/obraz1.jpg\" \/>\n\t<meta property=\"og:image:width\" content=\"645\" \/>\n\t<meta property=\"og:image:height\" content=\"800\" \/>\n\t<meta property=\"og:image:type\" content=\"image\/jpeg\" \/>\n<meta name=\"twitter:card\" content=\"summary_large_image\" \/>\n<script type=\"application\/ld+json\" class=\"yoast-schema-graph\">{\"@context\":\"https:\/\/schema.org\",\"@graph\":[{\"@type\":\"WebPage\",\"@id\":\"https:\/\/artgallery-passage.com\/de\/dielo\/abstraktion-per-bestellung-2\/\",\"url\":\"https:\/\/artgallery-passage.com\/de\/dielo\/abstraktion-per-bestellung-2\/\",\"name\":\"Abstraktion der Ordnung 2 - ART PASSAGE GALLERY\",\"isPartOf\":{\"@id\":\"https:\/\/artgallery-passage.com\/de\/#website\"},\"datePublished\":\"2022-01-01T22:34:25+00:00\",\"dateModified\":\"2022-01-01T22:34:25+00:00\",\"breadcrumb\":{\"@id\":\"https:\/\/artgallery-passage.com\/de\/dielo\/abstraktion-per-bestellung-2\/#breadcrumb\"},\"inLanguage\":\"de-DE\",\"potentialAction\":[{\"@type\":\"ReadAction\",\"target\":[\"https:\/\/artgallery-passage.com\/de\/dielo\/abstraktion-per-bestellung-2\/\"]}]},{\"@type\":\"BreadcrumbList\",\"@id\":\"https:\/\/artgallery-passage.com\/de\/dielo\/abstraktion-per-bestellung-2\/#breadcrumb\",\"itemListElement\":[{\"@type\":\"ListItem\",\"position\":1,\"name\":\"Domovsk\u00e1 str\u00e1nka\",\"item\":\"https:\/\/artgallery-passage.com\/de\/\"},{\"@type\":\"ListItem\",\"position\":2,\"name\":\"Werke\",\"item\":\"https:\/\/artgallery-passage.com\/de\/werke\/\"},{\"@type\":\"ListItem\",\"position\":3,\"name\":\"Abstraktion der Ordnung 2\"}]},{\"@type\":\"WebSite\",\"@id\":\"https:\/\/artgallery-passage.com\/de\/#website\",\"url\":\"https:\/\/artgallery-passage.com\/de\/\",\"name\":\"ART PASSAGE GALLERY\",\"description\":\"Ru\u010dne ma\u013eovan\u00e9 obrazy\",\"potentialAction\":[{\"@type\":\"SearchAction\",\"target\":{\"@type\":\"EntryPoint\",\"urlTemplate\":\"https:\/\/artgallery-passage.com\/de\/?s={search_term_string}\"},\"query-input\":\"required name=search_term_string\"}],\"inLanguage\":\"de-DE\"}]}<\/script>\n<!-- \/ Yoast SEO plugin. -->","yoast_head_json":{"title":"Abstraktion der Ordnung 2 - ART PASSAGE GALLERY","robots":{"index":"index","follow":"follow","max-snippet":"max-snippet:-1","max-image-preview":"max-image-preview:large","max-video-preview":"max-video-preview:-1"},"canonical":"https:\/\/artgallery-passage.com\/de\/dielo\/abstraktion-per-bestellung-2\/","og_locale":"de_DE","og_type":"article","og_title":"Abstraktion der Ordnung 2 - ART PASSAGE GALLERY","og_description":"Gr\u00f6\u00dfe: auf Bestellung Technik: \u00d6l auf Leinwand","og_url":"https:\/\/artgallery-passage.com\/de\/dielo\/abstraktion-per-bestellung-2\/","og_site_name":"ART PASSAGE GALLERY","og_image":[{"width":645,"height":800,"url":"https:\/\/artgallery-passage.com\/wp-content\/uploads\/2024\/01\/obraz1.jpg","type":"image\/jpeg"}],"twitter_card":"summary_large_image","schema":{"@context":"https:\/\/schema.org","@graph":[{"@type":"WebPage","@id":"https:\/\/artgallery-passage.com\/de\/dielo\/abstraktion-per-bestellung-2\/","url":"https:\/\/artgallery-passage.com\/de\/dielo\/abstraktion-per-bestellung-2\/","name":"Abstraktion der Ordnung 2 - ART PASSAGE GALLERY","isPartOf":{"@id":"https:\/\/artgallery-passage.com\/de\/#website"},"datePublished":"2022-01-01T22:34:25+00:00","dateModified":"2022-01-01T22:34:25+00:00","breadcrumb":{"@id":"https:\/\/artgallery-passage.com\/de\/dielo\/abstraktion-per-bestellung-2\/#breadcrumb"},"inLanguage":"de-DE","potentialAction":[{"@type":"ReadAction","target":["https:\/\/artgallery-passage.com\/de\/dielo\/abstraktion-per-bestellung-2\/"]}]},{"@type":"BreadcrumbList","@id":"https:\/\/artgallery-passage.com\/de\/dielo\/abstraktion-per-bestellung-2\/#breadcrumb","itemListElement":[{"@type":"ListItem","position":1,"name":"Domovsk\u00e1 str\u00e1nka","item":"https:\/\/artgallery-passage.com\/de\/"},{"@type":"ListItem","position":2,"name":"Werke","item":"https:\/\/artgallery-passage.com\/de\/werke\/"},{"@type":"ListItem","position":3,"name":"Abstraktion der Ordnung 2"}]},{"@type":"WebSite","@id":"https:\/\/artgallery-passage.com\/de\/#website","url":"https:\/\/artgallery-passage.com\/de\/","name":"ART PASSAGE GALLERY","description":"Ru\u010dne ma\u013eovan\u00e9 obrazy","potentialAction":[{"@type":"SearchAction","target":{"@type":"EntryPoint","urlTemplate":"https:\/\/artgallery-passage.com\/de\/?s={search_term_string}"},"query-input":"required name=search_term_string"}],"inLanguage":"de-DE"}]}},"_links":{"self":[{"href":"https:\/\/artgallery-passage.com\/de\/wp-json\/wp\/v2\/product\/2725"}],"collection":[{"href":"https:\/\/artgallery-passage.com\/de\/wp-json\/wp\/v2\/product"}],"about":[{"href":"https:\/\/artgallery-passage.com\/de\/wp-json\/wp\/v2\/types\/product"}],"wp:featuredmedia":[{"embeddable":true,"href":"https:\/\/artgallery-passage.com\/de\/wp-json\/wp\/v2\/media\/2669"}],"wp:attachment":[{"href":"https:\/\/artgallery-passage.com\/de\/wp-json\/wp\/v2\/media?parent=2725"}],"wp:term":[{"taxonomy":"product_cat","embeddable":true,"href":"https:\/\/artgallery-passage.com\/de\/wp-json\/wp\/v2\/product_cat?post=2725"},{"taxonomy":"product_tag","embeddable":true,"href":"https:\/\/artgallery-passage.com\/de\/wp-json\/wp\/v2\/product_tag?post=2725"}],"curies":[{"name":"wp","href":"https:\/\/api.w.org\/{rel}","templated":true}]}}