{"id":2736,"date":"2023-12-10T11:30:59","date_gmt":"2023-12-10T10:30:59","guid":{"rendered":"https:\/\/artgallery-passage.com\/dielo\/oelgemaelde-winterlandschaft-winterreise\/"},"modified":"2023-12-10T11:30:59","modified_gmt":"2023-12-10T10:30:59","slug":"oelgemaelde-kalte-landschaft-kalte-strasse-kaufen-gemaelde-in-galerie","status":"publish","type":"product","link":"https:\/\/artgallery-passage.com\/de\/dielo\/oelgemaelde-kalte-landschaft-kalte-strasse-kaufen-gemaelde-in-galerie\/","title":{"rendered":"\u00d6lgem\u00e4lde Winterlandschaft Winterreise"},"content":{"rendered":"<p><strong>Autor: <\/strong>IGOR NAVROTSKYI<strong><br \/>\nTitel: \u00d6lgem\u00e4lde Winterreise<\/strong><strong><br \/>\n\u00d6lgem\u00e4lde : <\/strong>handgemacht : Jahr 2023<strong><br \/>\nGr\u00f6\u00dfe: 55<\/strong> x 445 cm.<strong><br \/>\nBeschriftung: <\/strong>handgemacht<strong><br \/>\nRahmen <\/strong><strong>: <\/strong>nein<strong><br \/>\nMotiv: <\/strong>Landschaften<strong><br \/>\nTechnik: <\/strong>\u00d6l auf Leinwand \u00d6lgem\u00e4lde Winterlandschaft<\/p>\n","protected":false},"excerpt":{"rendered":"<p>Autor. Abmessungen: 55&#215;45 cm. Technik: \u00d6l auf Leinwand<\/p>\n","protected":false},"featured_media":2653,"template":"","meta":[],"product_cat":[490,493],"product_tag":[527,532,517,530,538,531,536,534,537,533,535,542,540,541,539,529],"yoast_head":"<!-- This site is optimized with the Yoast SEO plugin v20.3 - https:\/\/yoast.com\/wordpress\/plugins\/seo\/ -->\n<title>\u00d6lgem\u00e4lde Winterlandschaft Winterreise - ART PASSAGE GALLERY<\/title>\n<meta name=\"description\" content=\"\u00d6lgem\u00e4lde Landschaft sch\u00f6ne n\u00f6rdliche Landschaft, Waldlandschaft \u00d6lgem\u00e4lde Fluss \u00d6lgem\u00e4lde Sonnenuntergang sch\u00f6ne Natur kaufen Bild kaufen \u00d6lgem\u00e4lde Winterlandschaft\" \/>\n<meta name=\"robots\" content=\"index, follow, max-snippet:-1, max-image-preview:large, max-video-preview:-1\" \/>\n<link rel=\"canonical\" href=\"https:\/\/artgallery-passage.com\/de\/dielo\/oelgemaelde-kalte-landschaft-kalte-strasse-kaufen-gemaelde-in-galerie\/\" \/>\n<meta property=\"og:locale\" content=\"de_DE\" \/>\n<meta property=\"og:type\" content=\"article\" \/>\n<meta property=\"og:title\" content=\"\u00d6lgem\u00e4lde Winterlandschaft Winterreise - ART PASSAGE GALLERY\" \/>\n<meta property=\"og:description\" content=\"\u00d6lgem\u00e4lde Landschaft sch\u00f6ne n\u00f6rdliche Landschaft, Waldlandschaft \u00d6lgem\u00e4lde Fluss \u00d6lgem\u00e4lde Sonnenuntergang sch\u00f6ne Natur kaufen Bild kaufen \u00d6lgem\u00e4lde Winterlandschaft\" \/>\n<meta property=\"og:url\" content=\"https:\/\/artgallery-passage.com\/de\/dielo\/oelgemaelde-kalte-landschaft-kalte-strasse-kaufen-gemaelde-in-galerie\/\" \/>\n<meta property=\"og:site_name\" content=\"ART PASSAGE GALLERY\" \/>\n<meta property=\"og:image\" content=\"https:\/\/artgallery-passage.com\/wp-content\/uploads\/2023\/12\/Zimna-cesta-55x45-280-eur-\u2014-\u043a\u043e\u043f\u0438\u044f.jpg\" \/>\n\t<meta property=\"og:image:width\" content=\"900\" \/>\n\t<meta property=\"og:image:height\" content=\"1094\" \/>\n\t<meta property=\"og:image:type\" content=\"image\/jpeg\" \/>\n<meta name=\"twitter:card\" content=\"summary_large_image\" \/>\n<script type=\"application\/ld+json\" class=\"yoast-schema-graph\">{\"@context\":\"https:\/\/schema.org\",\"@graph\":[{\"@type\":\"WebPage\",\"@id\":\"https:\/\/artgallery-passage.com\/de\/dielo\/oelgemaelde-kalte-landschaft-kalte-strasse-kaufen-gemaelde-in-galerie\/\",\"url\":\"https:\/\/artgallery-passage.com\/de\/dielo\/oelgemaelde-kalte-landschaft-kalte-strasse-kaufen-gemaelde-in-galerie\/\",\"name\":\"\u00d6lgem\u00e4lde Winterlandschaft Winterreise - ART PASSAGE GALLERY\",\"isPartOf\":{\"@id\":\"https:\/\/artgallery-passage.com\/de\/#website\"},\"datePublished\":\"2023-12-10T10:30:59+00:00\",\"dateModified\":\"2023-12-10T10:30:59+00:00\",\"description\":\"\u00d6lgem\u00e4lde Landschaft sch\u00f6ne n\u00f6rdliche Landschaft, Waldlandschaft \u00d6lgem\u00e4lde Fluss \u00d6lgem\u00e4lde Sonnenuntergang sch\u00f6ne Natur kaufen Bild kaufen \u00d6lgem\u00e4lde Winterlandschaft\",\"breadcrumb\":{\"@id\":\"https:\/\/artgallery-passage.com\/de\/dielo\/oelgemaelde-kalte-landschaft-kalte-strasse-kaufen-gemaelde-in-galerie\/#breadcrumb\"},\"inLanguage\":\"de-DE\",\"potentialAction\":[{\"@type\":\"ReadAction\",\"target\":[\"https:\/\/artgallery-passage.com\/de\/dielo\/oelgemaelde-kalte-landschaft-kalte-strasse-kaufen-gemaelde-in-galerie\/\"]}]},{\"@type\":\"BreadcrumbList\",\"@id\":\"https:\/\/artgallery-passage.com\/de\/dielo\/oelgemaelde-kalte-landschaft-kalte-strasse-kaufen-gemaelde-in-galerie\/#breadcrumb\",\"itemListElement\":[{\"@type\":\"ListItem\",\"position\":1,\"name\":\"Domovsk\u00e1 str\u00e1nka\",\"item\":\"https:\/\/artgallery-passage.com\/de\/\"},{\"@type\":\"ListItem\",\"position\":2,\"name\":\"Werke\",\"item\":\"https:\/\/artgallery-passage.com\/de\/werke\/\"},{\"@type\":\"ListItem\",\"position\":3,\"name\":\"\u00d6lgem\u00e4lde Winterlandschaft Winterreise\"}]},{\"@type\":\"WebSite\",\"@id\":\"https:\/\/artgallery-passage.com\/de\/#website\",\"url\":\"https:\/\/artgallery-passage.com\/de\/\",\"name\":\"ART PASSAGE GALLERY\",\"description\":\"Ru\u010dne ma\u013eovan\u00e9 obrazy\",\"potentialAction\":[{\"@type\":\"SearchAction\",\"target\":{\"@type\":\"EntryPoint\",\"urlTemplate\":\"https:\/\/artgallery-passage.com\/de\/?s={search_term_string}\"},\"query-input\":\"required name=search_term_string\"}],\"inLanguage\":\"de-DE\"}]}<\/script>\n<!-- \/ Yoast SEO plugin. -->","yoast_head_json":{"title":"\u00d6lgem\u00e4lde Winterlandschaft Winterreise - ART PASSAGE GALLERY","description":"\u00d6lgem\u00e4lde Landschaft sch\u00f6ne n\u00f6rdliche Landschaft, Waldlandschaft \u00d6lgem\u00e4lde Fluss \u00d6lgem\u00e4lde Sonnenuntergang sch\u00f6ne Natur kaufen Bild kaufen \u00d6lgem\u00e4lde Winterlandschaft","robots":{"index":"index","follow":"follow","max-snippet":"max-snippet:-1","max-image-preview":"max-image-preview:large","max-video-preview":"max-video-preview:-1"},"canonical":"https:\/\/artgallery-passage.com\/de\/dielo\/oelgemaelde-kalte-landschaft-kalte-strasse-kaufen-gemaelde-in-galerie\/","og_locale":"de_DE","og_type":"article","og_title":"\u00d6lgem\u00e4lde Winterlandschaft Winterreise - ART PASSAGE GALLERY","og_description":"\u00d6lgem\u00e4lde Landschaft sch\u00f6ne n\u00f6rdliche Landschaft, Waldlandschaft \u00d6lgem\u00e4lde Fluss \u00d6lgem\u00e4lde Sonnenuntergang sch\u00f6ne Natur kaufen Bild kaufen \u00d6lgem\u00e4lde Winterlandschaft","og_url":"https:\/\/artgallery-passage.com\/de\/dielo\/oelgemaelde-kalte-landschaft-kalte-strasse-kaufen-gemaelde-in-galerie\/","og_site_name":"ART PASSAGE GALLERY","og_image":[{"width":900,"height":1094,"url":"https:\/\/artgallery-passage.com\/wp-content\/uploads\/2023\/12\/Zimna-cesta-55x45-280-eur-\u2014-\u043a\u043e\u043f\u0438\u044f.jpg","type":"image\/jpeg"}],"twitter_card":"summary_large_image","schema":{"@context":"https:\/\/schema.org","@graph":[{"@type":"WebPage","@id":"https:\/\/artgallery-passage.com\/de\/dielo\/oelgemaelde-kalte-landschaft-kalte-strasse-kaufen-gemaelde-in-galerie\/","url":"https:\/\/artgallery-passage.com\/de\/dielo\/oelgemaelde-kalte-landschaft-kalte-strasse-kaufen-gemaelde-in-galerie\/","name":"\u00d6lgem\u00e4lde Winterlandschaft Winterreise - ART PASSAGE GALLERY","isPartOf":{"@id":"https:\/\/artgallery-passage.com\/de\/#website"},"datePublished":"2023-12-10T10:30:59+00:00","dateModified":"2023-12-10T10:30:59+00:00","description":"\u00d6lgem\u00e4lde Landschaft sch\u00f6ne n\u00f6rdliche Landschaft, Waldlandschaft \u00d6lgem\u00e4lde Fluss \u00d6lgem\u00e4lde Sonnenuntergang sch\u00f6ne Natur kaufen Bild kaufen \u00d6lgem\u00e4lde Winterlandschaft","breadcrumb":{"@id":"https:\/\/artgallery-passage.com\/de\/dielo\/oelgemaelde-kalte-landschaft-kalte-strasse-kaufen-gemaelde-in-galerie\/#breadcrumb"},"inLanguage":"de-DE","potentialAction":[{"@type":"ReadAction","target":["https:\/\/artgallery-passage.com\/de\/dielo\/oelgemaelde-kalte-landschaft-kalte-strasse-kaufen-gemaelde-in-galerie\/"]}]},{"@type":"BreadcrumbList","@id":"https:\/\/artgallery-passage.com\/de\/dielo\/oelgemaelde-kalte-landschaft-kalte-strasse-kaufen-gemaelde-in-galerie\/#breadcrumb","itemListElement":[{"@type":"ListItem","position":1,"name":"Domovsk\u00e1 str\u00e1nka","item":"https:\/\/artgallery-passage.com\/de\/"},{"@type":"ListItem","position":2,"name":"Werke","item":"https:\/\/artgallery-passage.com\/de\/werke\/"},{"@type":"ListItem","position":3,"name":"\u00d6lgem\u00e4lde Winterlandschaft Winterreise"}]},{"@type":"WebSite","@id":"https:\/\/artgallery-passage.com\/de\/#website","url":"https:\/\/artgallery-passage.com\/de\/","name":"ART PASSAGE GALLERY","description":"Ru\u010dne ma\u013eovan\u00e9 obrazy","potentialAction":[{"@type":"SearchAction","target":{"@type":"EntryPoint","urlTemplate":"https:\/\/artgallery-passage.com\/de\/?s={search_term_string}"},"query-input":"required name=search_term_string"}],"inLanguage":"de-DE"}]}},"_links":{"self":[{"href":"https:\/\/artgallery-passage.com\/de\/wp-json\/wp\/v2\/product\/2736"}],"collection":[{"href":"https:\/\/artgallery-passage.com\/de\/wp-json\/wp\/v2\/product"}],"about":[{"href":"https:\/\/artgallery-passage.com\/de\/wp-json\/wp\/v2\/types\/product"}],"wp:featuredmedia":[{"embeddable":true,"href":"https:\/\/artgallery-passage.com\/de\/wp-json\/wp\/v2\/media\/2653"}],"wp:attachment":[{"href":"https:\/\/artgallery-passage.com\/de\/wp-json\/wp\/v2\/media?parent=2736"}],"wp:term":[{"taxonomy":"product_cat","embeddable":true,"href":"https:\/\/artgallery-passage.com\/de\/wp-json\/wp\/v2\/product_cat?post=2736"},{"taxonomy":"product_tag","embeddable":true,"href":"https:\/\/artgallery-passage.com\/de\/wp-json\/wp\/v2\/product_tag?post=2736"}],"curies":[{"name":"wp","href":"https:\/\/api.w.org\/{rel}","templated":true}]}}