{"id":2743,"date":"2023-11-07T10:09:59","date_gmt":"2023-11-07T09:09:59","guid":{"rendered":"https:\/\/artgallery-passage.com\/dielo\/nachtspaziergang-burg-bratislava\/"},"modified":"2023-11-07T10:09:59","modified_gmt":"2023-11-07T09:09:59","slug":"nachtwanderung-bratisslavsky-schloss","status":"publish","type":"product","link":"https:\/\/artgallery-passage.com\/de\/dielo\/nachtwanderung-bratisslavsky-schloss\/","title":{"rendered":"Nachtspaziergang &#8211; Burg Bratislava"},"content":{"rendered":"<p><strong>Autorin <\/strong>Henrieta Rojkov\u00e1<br \/>\n<strong>Gr\u00f6\u00dfe: <\/strong>140&#215;90<br \/>\n<strong>Typ: <\/strong>23,75 Karat Gold, \u00d6l und Mischtechnik<br \/>\n<strong>Jahr der Gr\u00fcndung:<\/strong><\/p>\n<p>&nbsp;<\/p>\n","protected":false},"excerpt":{"rendered":"<p><strong>Autorin<\/strong> Henrieta Rojkov\u00e1<br \/>\n<strong>Gr\u00f6\u00dfe: <\/strong>140&#215;90<\/p>\n","protected":false},"featured_media":2638,"template":"","meta":[],"product_cat":[566,488],"product_tag":[],"yoast_head":"<!-- This site is optimized with the Yoast SEO plugin v20.3 - https:\/\/yoast.com\/wordpress\/plugins\/seo\/ -->\n<title>Nachtspaziergang - Burg Bratislava - ART PASSAGE GALLERY<\/title>\n<meta name=\"description\" content=\"Gem\u00e4lde der Burg Bratislava - 23,75 Karat Gold, \u00d6l und Mischtechnik\" \/>\n<meta name=\"robots\" content=\"index, follow, max-snippet:-1, max-image-preview:large, max-video-preview:-1\" \/>\n<link rel=\"canonical\" href=\"https:\/\/artgallery-passage.com\/de\/dielo\/nachtwanderung-bratisslavsky-schloss\/\" \/>\n<meta property=\"og:locale\" content=\"de_DE\" \/>\n<meta property=\"og:type\" content=\"article\" \/>\n<meta property=\"og:title\" content=\"Nachtspaziergang - Burg Bratislava - ART PASSAGE GALLERY\" \/>\n<meta property=\"og:description\" content=\"Gem\u00e4lde der Burg Bratislava - 23,75 Karat Gold, \u00d6l und Mischtechnik\" \/>\n<meta property=\"og:url\" content=\"https:\/\/artgallery-passage.com\/de\/dielo\/nachtwanderung-bratisslavsky-schloss\/\" \/>\n<meta property=\"og:site_name\" content=\"ART PASSAGE GALLERY\" \/>\n<meta property=\"og:image\" content=\"https:\/\/artgallery-passage.com\/wp-content\/uploads\/2023\/11\/01.jpg\" \/>\n\t<meta property=\"og:image:width\" content=\"1200\" \/>\n\t<meta property=\"og:image:height\" content=\"786\" \/>\n\t<meta property=\"og:image:type\" content=\"image\/jpeg\" \/>\n<meta name=\"twitter:card\" content=\"summary_large_image\" \/>\n<script type=\"application\/ld+json\" class=\"yoast-schema-graph\">{\"@context\":\"https:\/\/schema.org\",\"@graph\":[{\"@type\":\"WebPage\",\"@id\":\"https:\/\/artgallery-passage.com\/de\/dielo\/nachtwanderung-bratisslavsky-schloss\/\",\"url\":\"https:\/\/artgallery-passage.com\/de\/dielo\/nachtwanderung-bratisslavsky-schloss\/\",\"name\":\"Nachtspaziergang - Burg Bratislava - ART PASSAGE GALLERY\",\"isPartOf\":{\"@id\":\"https:\/\/artgallery-passage.com\/de\/#website\"},\"datePublished\":\"2023-11-07T09:09:59+00:00\",\"dateModified\":\"2023-11-07T09:09:59+00:00\",\"description\":\"Gem\u00e4lde der Burg Bratislava - 23,75 Karat Gold, \u00d6l und Mischtechnik\",\"breadcrumb\":{\"@id\":\"https:\/\/artgallery-passage.com\/de\/dielo\/nachtwanderung-bratisslavsky-schloss\/#breadcrumb\"},\"inLanguage\":\"de-DE\",\"potentialAction\":[{\"@type\":\"ReadAction\",\"target\":[\"https:\/\/artgallery-passage.com\/de\/dielo\/nachtwanderung-bratisslavsky-schloss\/\"]}]},{\"@type\":\"BreadcrumbList\",\"@id\":\"https:\/\/artgallery-passage.com\/de\/dielo\/nachtwanderung-bratisslavsky-schloss\/#breadcrumb\",\"itemListElement\":[{\"@type\":\"ListItem\",\"position\":1,\"name\":\"Domovsk\u00e1 str\u00e1nka\",\"item\":\"https:\/\/artgallery-passage.com\/de\/\"},{\"@type\":\"ListItem\",\"position\":2,\"name\":\"Werke\",\"item\":\"https:\/\/artgallery-passage.com\/de\/werke\/\"},{\"@type\":\"ListItem\",\"position\":3,\"name\":\"Nachtspaziergang &#8211; Burg Bratislava\"}]},{\"@type\":\"WebSite\",\"@id\":\"https:\/\/artgallery-passage.com\/de\/#website\",\"url\":\"https:\/\/artgallery-passage.com\/de\/\",\"name\":\"ART PASSAGE GALLERY\",\"description\":\"Ru\u010dne ma\u013eovan\u00e9 obrazy\",\"potentialAction\":[{\"@type\":\"SearchAction\",\"target\":{\"@type\":\"EntryPoint\",\"urlTemplate\":\"https:\/\/artgallery-passage.com\/de\/?s={search_term_string}\"},\"query-input\":\"required name=search_term_string\"}],\"inLanguage\":\"de-DE\"}]}<\/script>\n<!-- \/ Yoast SEO plugin. -->","yoast_head_json":{"title":"Nachtspaziergang - Burg Bratislava - ART PASSAGE GALLERY","description":"Gem\u00e4lde der Burg Bratislava - 23,75 Karat Gold, \u00d6l und Mischtechnik","robots":{"index":"index","follow":"follow","max-snippet":"max-snippet:-1","max-image-preview":"max-image-preview:large","max-video-preview":"max-video-preview:-1"},"canonical":"https:\/\/artgallery-passage.com\/de\/dielo\/nachtwanderung-bratisslavsky-schloss\/","og_locale":"de_DE","og_type":"article","og_title":"Nachtspaziergang - Burg Bratislava - ART PASSAGE GALLERY","og_description":"Gem\u00e4lde der Burg Bratislava - 23,75 Karat Gold, \u00d6l und Mischtechnik","og_url":"https:\/\/artgallery-passage.com\/de\/dielo\/nachtwanderung-bratisslavsky-schloss\/","og_site_name":"ART PASSAGE GALLERY","og_image":[{"width":1200,"height":786,"url":"https:\/\/artgallery-passage.com\/wp-content\/uploads\/2023\/11\/01.jpg","type":"image\/jpeg"}],"twitter_card":"summary_large_image","schema":{"@context":"https:\/\/schema.org","@graph":[{"@type":"WebPage","@id":"https:\/\/artgallery-passage.com\/de\/dielo\/nachtwanderung-bratisslavsky-schloss\/","url":"https:\/\/artgallery-passage.com\/de\/dielo\/nachtwanderung-bratisslavsky-schloss\/","name":"Nachtspaziergang - Burg Bratislava - ART PASSAGE GALLERY","isPartOf":{"@id":"https:\/\/artgallery-passage.com\/de\/#website"},"datePublished":"2023-11-07T09:09:59+00:00","dateModified":"2023-11-07T09:09:59+00:00","description":"Gem\u00e4lde der Burg Bratislava - 23,75 Karat Gold, \u00d6l und Mischtechnik","breadcrumb":{"@id":"https:\/\/artgallery-passage.com\/de\/dielo\/nachtwanderung-bratisslavsky-schloss\/#breadcrumb"},"inLanguage":"de-DE","potentialAction":[{"@type":"ReadAction","target":["https:\/\/artgallery-passage.com\/de\/dielo\/nachtwanderung-bratisslavsky-schloss\/"]}]},{"@type":"BreadcrumbList","@id":"https:\/\/artgallery-passage.com\/de\/dielo\/nachtwanderung-bratisslavsky-schloss\/#breadcrumb","itemListElement":[{"@type":"ListItem","position":1,"name":"Domovsk\u00e1 str\u00e1nka","item":"https:\/\/artgallery-passage.com\/de\/"},{"@type":"ListItem","position":2,"name":"Werke","item":"https:\/\/artgallery-passage.com\/de\/werke\/"},{"@type":"ListItem","position":3,"name":"Nachtspaziergang &#8211; Burg Bratislava"}]},{"@type":"WebSite","@id":"https:\/\/artgallery-passage.com\/de\/#website","url":"https:\/\/artgallery-passage.com\/de\/","name":"ART PASSAGE GALLERY","description":"Ru\u010dne ma\u013eovan\u00e9 obrazy","potentialAction":[{"@type":"SearchAction","target":{"@type":"EntryPoint","urlTemplate":"https:\/\/artgallery-passage.com\/de\/?s={search_term_string}"},"query-input":"required name=search_term_string"}],"inLanguage":"de-DE"}]}},"_links":{"self":[{"href":"https:\/\/artgallery-passage.com\/de\/wp-json\/wp\/v2\/product\/2743"}],"collection":[{"href":"https:\/\/artgallery-passage.com\/de\/wp-json\/wp\/v2\/product"}],"about":[{"href":"https:\/\/artgallery-passage.com\/de\/wp-json\/wp\/v2\/types\/product"}],"wp:featuredmedia":[{"embeddable":true,"href":"https:\/\/artgallery-passage.com\/de\/wp-json\/wp\/v2\/media\/2638"}],"wp:attachment":[{"href":"https:\/\/artgallery-passage.com\/de\/wp-json\/wp\/v2\/media?parent=2743"}],"wp:term":[{"taxonomy":"product_cat","embeddable":true,"href":"https:\/\/artgallery-passage.com\/de\/wp-json\/wp\/v2\/product_cat?post=2743"},{"taxonomy":"product_tag","embeddable":true,"href":"https:\/\/artgallery-passage.com\/de\/wp-json\/wp\/v2\/product_tag?post=2743"}],"curies":[{"name":"wp","href":"https:\/\/api.w.org\/{rel}","templated":true}]}}