{"id":2747,"date":"2021-10-31T11:10:53","date_gmt":"2021-10-31T10:10:53","guid":{"rendered":"https:\/\/artgallery-passage.com\/dielo\/paket-individuell\/"},"modified":"2021-10-31T11:10:53","modified_gmt":"2021-10-31T10:10:53","slug":"balicek-individuell","status":"publish","type":"product","link":"https:\/\/artgallery-passage.com\/de\/dielo\/balicek-individuell\/","title":{"rendered":"Paket individuell"},"content":{"rendered":"<p><strong>Das individuelle Paket umfasst<\/strong><\/p>\n<ul>\n<li>Platzierung Ihres Portfolios in einem separaten &#8222;Curator&#8217;s Choice&#8220;-Portfolio<\/li>\n<li>individuelle K\u00fcnstlerseite, Platzierung von 20 Werken im Online-Shop<\/li>\n<li>Pers\u00f6nliches Angebot der Werke des K\u00fcnstlers f\u00fcr unseren festen Kundenkreis<\/li>\n<li>Individuell und kollektiv, innerhalb der Galerie, Werbung auf Google und in sozialen Netzwerken<\/li>\n<\/ul>\n","protected":false},"excerpt":{"rendered":"<p>Das individuelle Paket umfasst Platzierung Ihres Portfolios in einem separaten &#8222;Curator&#8217;s Choice&#8220;-Portfolio individuelle K\u00fcnstlerseite, Platzierung von 20 Werken im Online-Shop Pers\u00f6nliches Angebot der Werke des K\u00fcnstlers f\u00fcr unseren festen Kundenkreis Individuell und kollektiv, innerhalb der Galerie, Werbung auf Google und in sozialen Netzwerken<\/p>\n","protected":false},"featured_media":2294,"template":"","meta":[],"product_cat":[491],"product_tag":[],"yoast_head":"<!-- This site is optimized with the Yoast SEO plugin v20.3 - https:\/\/yoast.com\/wordpress\/plugins\/seo\/ -->\n<title>Paket individuell - ART PASSAGE GALLERY<\/title>\n<meta name=\"robots\" content=\"index, follow, max-snippet:-1, max-image-preview:large, max-video-preview:-1\" \/>\n<link rel=\"canonical\" href=\"https:\/\/artgallery-passage.com\/de\/dielo\/balicek-individuell\/\" \/>\n<meta property=\"og:locale\" content=\"de_DE\" \/>\n<meta property=\"og:type\" content=\"article\" \/>\n<meta property=\"og:title\" content=\"Paket individuell - ART PASSAGE GALLERY\" \/>\n<meta property=\"og:description\" content=\"Das individuelle Paket umfasst Platzierung Ihres Portfolios in einem separaten &#8222;Curator&#8217;s Choice&#8220;-Portfolio individuelle K\u00fcnstlerseite, Platzierung von 20 Werken im Online-Shop Pers\u00f6nliches Angebot der Werke des K\u00fcnstlers f\u00fcr unseren festen Kundenkreis Individuell und kollektiv, innerhalb der Galerie, Werbung auf Google und in sozialen Netzwerken\" \/>\n<meta property=\"og:url\" content=\"https:\/\/artgallery-passage.com\/de\/dielo\/balicek-individuell\/\" \/>\n<meta property=\"og:site_name\" content=\"ART PASSAGE GALLERY\" \/>\n<meta property=\"og:image\" content=\"https:\/\/artgallery-passage.com\/wp-content\/uploads\/2023\/02\/sys_logo.png\" \/>\n\t<meta property=\"og:image:width\" content=\"300\" \/>\n\t<meta property=\"og:image:height\" content=\"200\" \/>\n\t<meta property=\"og:image:type\" content=\"image\/png\" \/>\n<meta name=\"twitter:card\" content=\"summary_large_image\" \/>\n<script type=\"application\/ld+json\" class=\"yoast-schema-graph\">{\"@context\":\"https:\/\/schema.org\",\"@graph\":[{\"@type\":\"WebPage\",\"@id\":\"https:\/\/artgallery-passage.com\/de\/dielo\/balicek-individuell\/\",\"url\":\"https:\/\/artgallery-passage.com\/de\/dielo\/balicek-individuell\/\",\"name\":\"Paket individuell - ART PASSAGE GALLERY\",\"isPartOf\":{\"@id\":\"https:\/\/artgallery-passage.com\/de\/#website\"},\"datePublished\":\"2021-10-31T10:10:53+00:00\",\"dateModified\":\"2021-10-31T10:10:53+00:00\",\"breadcrumb\":{\"@id\":\"https:\/\/artgallery-passage.com\/de\/dielo\/balicek-individuell\/#breadcrumb\"},\"inLanguage\":\"de-DE\",\"potentialAction\":[{\"@type\":\"ReadAction\",\"target\":[\"https:\/\/artgallery-passage.com\/de\/dielo\/balicek-individuell\/\"]}]},{\"@type\":\"BreadcrumbList\",\"@id\":\"https:\/\/artgallery-passage.com\/de\/dielo\/balicek-individuell\/#breadcrumb\",\"itemListElement\":[{\"@type\":\"ListItem\",\"position\":1,\"name\":\"Domovsk\u00e1 str\u00e1nka\",\"item\":\"https:\/\/artgallery-passage.com\/de\/\"},{\"@type\":\"ListItem\",\"position\":2,\"name\":\"Werke\",\"item\":\"https:\/\/artgallery-passage.com\/de\/werke\/\"},{\"@type\":\"ListItem\",\"position\":3,\"name\":\"Paket individuell\"}]},{\"@type\":\"WebSite\",\"@id\":\"https:\/\/artgallery-passage.com\/de\/#website\",\"url\":\"https:\/\/artgallery-passage.com\/de\/\",\"name\":\"ART PASSAGE GALLERY\",\"description\":\"Ru\u010dne ma\u013eovan\u00e9 obrazy\",\"potentialAction\":[{\"@type\":\"SearchAction\",\"target\":{\"@type\":\"EntryPoint\",\"urlTemplate\":\"https:\/\/artgallery-passage.com\/de\/?s={search_term_string}\"},\"query-input\":\"required name=search_term_string\"}],\"inLanguage\":\"de-DE\"}]}<\/script>\n<!-- \/ Yoast SEO plugin. -->","yoast_head_json":{"title":"Paket individuell - ART PASSAGE GALLERY","robots":{"index":"index","follow":"follow","max-snippet":"max-snippet:-1","max-image-preview":"max-image-preview:large","max-video-preview":"max-video-preview:-1"},"canonical":"https:\/\/artgallery-passage.com\/de\/dielo\/balicek-individuell\/","og_locale":"de_DE","og_type":"article","og_title":"Paket individuell - ART PASSAGE GALLERY","og_description":"Das individuelle Paket umfasst Platzierung Ihres Portfolios in einem separaten &#8222;Curator&#8217;s Choice&#8220;-Portfolio individuelle K\u00fcnstlerseite, Platzierung von 20 Werken im Online-Shop Pers\u00f6nliches Angebot der Werke des K\u00fcnstlers f\u00fcr unseren festen Kundenkreis Individuell und kollektiv, innerhalb der Galerie, Werbung auf Google und in sozialen Netzwerken","og_url":"https:\/\/artgallery-passage.com\/de\/dielo\/balicek-individuell\/","og_site_name":"ART PASSAGE GALLERY","og_image":[{"width":300,"height":200,"url":"https:\/\/artgallery-passage.com\/wp-content\/uploads\/2023\/02\/sys_logo.png","type":"image\/png"}],"twitter_card":"summary_large_image","schema":{"@context":"https:\/\/schema.org","@graph":[{"@type":"WebPage","@id":"https:\/\/artgallery-passage.com\/de\/dielo\/balicek-individuell\/","url":"https:\/\/artgallery-passage.com\/de\/dielo\/balicek-individuell\/","name":"Paket individuell - ART PASSAGE GALLERY","isPartOf":{"@id":"https:\/\/artgallery-passage.com\/de\/#website"},"datePublished":"2021-10-31T10:10:53+00:00","dateModified":"2021-10-31T10:10:53+00:00","breadcrumb":{"@id":"https:\/\/artgallery-passage.com\/de\/dielo\/balicek-individuell\/#breadcrumb"},"inLanguage":"de-DE","potentialAction":[{"@type":"ReadAction","target":["https:\/\/artgallery-passage.com\/de\/dielo\/balicek-individuell\/"]}]},{"@type":"BreadcrumbList","@id":"https:\/\/artgallery-passage.com\/de\/dielo\/balicek-individuell\/#breadcrumb","itemListElement":[{"@type":"ListItem","position":1,"name":"Domovsk\u00e1 str\u00e1nka","item":"https:\/\/artgallery-passage.com\/de\/"},{"@type":"ListItem","position":2,"name":"Werke","item":"https:\/\/artgallery-passage.com\/de\/werke\/"},{"@type":"ListItem","position":3,"name":"Paket individuell"}]},{"@type":"WebSite","@id":"https:\/\/artgallery-passage.com\/de\/#website","url":"https:\/\/artgallery-passage.com\/de\/","name":"ART PASSAGE GALLERY","description":"Ru\u010dne ma\u013eovan\u00e9 obrazy","potentialAction":[{"@type":"SearchAction","target":{"@type":"EntryPoint","urlTemplate":"https:\/\/artgallery-passage.com\/de\/?s={search_term_string}"},"query-input":"required name=search_term_string"}],"inLanguage":"de-DE"}]}},"_links":{"self":[{"href":"https:\/\/artgallery-passage.com\/de\/wp-json\/wp\/v2\/product\/2747"}],"collection":[{"href":"https:\/\/artgallery-passage.com\/de\/wp-json\/wp\/v2\/product"}],"about":[{"href":"https:\/\/artgallery-passage.com\/de\/wp-json\/wp\/v2\/types\/product"}],"wp:featuredmedia":[{"embeddable":true,"href":"https:\/\/artgallery-passage.com\/de\/wp-json\/wp\/v2\/media\/2294"}],"wp:attachment":[{"href":"https:\/\/artgallery-passage.com\/de\/wp-json\/wp\/v2\/media?parent=2747"}],"wp:term":[{"taxonomy":"product_cat","embeddable":true,"href":"https:\/\/artgallery-passage.com\/de\/wp-json\/wp\/v2\/product_cat?post=2747"},{"taxonomy":"product_tag","embeddable":true,"href":"https:\/\/artgallery-passage.com\/de\/wp-json\/wp\/v2\/product_tag?post=2747"}],"curies":[{"name":"wp","href":"https:\/\/api.w.org\/{rel}","templated":true}]}}