{"id":2748,"date":"2021-10-31T11:09:59","date_gmt":"2021-10-31T10:09:59","guid":{"rendered":"https:\/\/artgallery-passage.com\/dielo\/standard-paket\/"},"modified":"2021-10-31T11:09:59","modified_gmt":"2021-10-31T10:09:59","slug":"paket-standard","status":"publish","type":"product","link":"https:\/\/artgallery-passage.com\/de\/dielo\/paket-standard\/","title":{"rendered":"Standard-Paket"},"content":{"rendered":"<p><strong>Das internationale Standardpaket umfasst:<\/strong><\/p>\n<ul>\n<li>Einstellung von 10 Werken in den Online-Shop,<\/li>\n<li>vollst\u00e4ndige Informationen \u00fcber den Autor auf dem Blog unserer Website,<\/li>\n<li>Werbung f\u00fcr Ihre Arbeiten auf Google und in den sozialen Netzwerken innerhalb unserer Galerie.<\/li>\n<\/ul>\n","protected":false},"excerpt":{"rendered":"<p>Das internationale Standardpaket umfasst: Einstellung von 10 Werken in den Online-Shop, vollst\u00e4ndige Informationen \u00fcber den Autor auf dem Blog unserer Website, Werbung f\u00fcr Ihre Arbeiten auf Google und in den sozialen Netzwerken innerhalb unserer Galerie.<\/p>\n","protected":false},"featured_media":2294,"template":"","meta":[],"product_cat":[491],"product_tag":[],"yoast_head":"<!-- This site is optimized with the Yoast SEO plugin v20.3 - https:\/\/yoast.com\/wordpress\/plugins\/seo\/ -->\n<title>Standard-Paket - ART PASSAGE GALLERY<\/title>\n<meta name=\"robots\" content=\"index, follow, max-snippet:-1, max-image-preview:large, max-video-preview:-1\" \/>\n<link rel=\"canonical\" href=\"https:\/\/artgallery-passage.com\/de\/dielo\/paket-standard\/\" \/>\n<meta property=\"og:locale\" content=\"de_DE\" \/>\n<meta property=\"og:type\" content=\"article\" \/>\n<meta property=\"og:title\" content=\"Standard-Paket - ART PASSAGE GALLERY\" \/>\n<meta property=\"og:description\" content=\"Das internationale Standardpaket umfasst: Einstellung von 10 Werken in den Online-Shop, vollst\u00e4ndige Informationen \u00fcber den Autor auf dem Blog unserer Website, Werbung f\u00fcr Ihre Arbeiten auf Google und in den sozialen Netzwerken innerhalb unserer Galerie.\" \/>\n<meta property=\"og:url\" content=\"https:\/\/artgallery-passage.com\/de\/dielo\/paket-standard\/\" \/>\n<meta property=\"og:site_name\" content=\"ART PASSAGE GALLERY\" \/>\n<meta property=\"og:image\" content=\"https:\/\/artgallery-passage.com\/wp-content\/uploads\/2023\/02\/sys_logo.png\" \/>\n\t<meta property=\"og:image:width\" content=\"300\" \/>\n\t<meta property=\"og:image:height\" content=\"200\" \/>\n\t<meta property=\"og:image:type\" content=\"image\/png\" \/>\n<meta name=\"twitter:card\" content=\"summary_large_image\" \/>\n<script type=\"application\/ld+json\" class=\"yoast-schema-graph\">{\"@context\":\"https:\/\/schema.org\",\"@graph\":[{\"@type\":\"WebPage\",\"@id\":\"https:\/\/artgallery-passage.com\/de\/dielo\/paket-standard\/\",\"url\":\"https:\/\/artgallery-passage.com\/de\/dielo\/paket-standard\/\",\"name\":\"Standard-Paket - ART PASSAGE GALLERY\",\"isPartOf\":{\"@id\":\"https:\/\/artgallery-passage.com\/de\/#website\"},\"datePublished\":\"2021-10-31T10:09:59+00:00\",\"dateModified\":\"2021-10-31T10:09:59+00:00\",\"breadcrumb\":{\"@id\":\"https:\/\/artgallery-passage.com\/de\/dielo\/paket-standard\/#breadcrumb\"},\"inLanguage\":\"de-DE\",\"potentialAction\":[{\"@type\":\"ReadAction\",\"target\":[\"https:\/\/artgallery-passage.com\/de\/dielo\/paket-standard\/\"]}]},{\"@type\":\"BreadcrumbList\",\"@id\":\"https:\/\/artgallery-passage.com\/de\/dielo\/paket-standard\/#breadcrumb\",\"itemListElement\":[{\"@type\":\"ListItem\",\"position\":1,\"name\":\"Domovsk\u00e1 str\u00e1nka\",\"item\":\"https:\/\/artgallery-passage.com\/de\/\"},{\"@type\":\"ListItem\",\"position\":2,\"name\":\"Werke\",\"item\":\"https:\/\/artgallery-passage.com\/de\/werke\/\"},{\"@type\":\"ListItem\",\"position\":3,\"name\":\"Standard-Paket\"}]},{\"@type\":\"WebSite\",\"@id\":\"https:\/\/artgallery-passage.com\/de\/#website\",\"url\":\"https:\/\/artgallery-passage.com\/de\/\",\"name\":\"ART PASSAGE GALLERY\",\"description\":\"Ru\u010dne ma\u013eovan\u00e9 obrazy\",\"potentialAction\":[{\"@type\":\"SearchAction\",\"target\":{\"@type\":\"EntryPoint\",\"urlTemplate\":\"https:\/\/artgallery-passage.com\/de\/?s={search_term_string}\"},\"query-input\":\"required name=search_term_string\"}],\"inLanguage\":\"de-DE\"}]}<\/script>\n<!-- \/ Yoast SEO plugin. -->","yoast_head_json":{"title":"Standard-Paket - ART PASSAGE GALLERY","robots":{"index":"index","follow":"follow","max-snippet":"max-snippet:-1","max-image-preview":"max-image-preview:large","max-video-preview":"max-video-preview:-1"},"canonical":"https:\/\/artgallery-passage.com\/de\/dielo\/paket-standard\/","og_locale":"de_DE","og_type":"article","og_title":"Standard-Paket - ART PASSAGE GALLERY","og_description":"Das internationale Standardpaket umfasst: Einstellung von 10 Werken in den Online-Shop, vollst\u00e4ndige Informationen \u00fcber den Autor auf dem Blog unserer Website, Werbung f\u00fcr Ihre Arbeiten auf Google und in den sozialen Netzwerken innerhalb unserer Galerie.","og_url":"https:\/\/artgallery-passage.com\/de\/dielo\/paket-standard\/","og_site_name":"ART PASSAGE GALLERY","og_image":[{"width":300,"height":200,"url":"https:\/\/artgallery-passage.com\/wp-content\/uploads\/2023\/02\/sys_logo.png","type":"image\/png"}],"twitter_card":"summary_large_image","schema":{"@context":"https:\/\/schema.org","@graph":[{"@type":"WebPage","@id":"https:\/\/artgallery-passage.com\/de\/dielo\/paket-standard\/","url":"https:\/\/artgallery-passage.com\/de\/dielo\/paket-standard\/","name":"Standard-Paket - ART PASSAGE GALLERY","isPartOf":{"@id":"https:\/\/artgallery-passage.com\/de\/#website"},"datePublished":"2021-10-31T10:09:59+00:00","dateModified":"2021-10-31T10:09:59+00:00","breadcrumb":{"@id":"https:\/\/artgallery-passage.com\/de\/dielo\/paket-standard\/#breadcrumb"},"inLanguage":"de-DE","potentialAction":[{"@type":"ReadAction","target":["https:\/\/artgallery-passage.com\/de\/dielo\/paket-standard\/"]}]},{"@type":"BreadcrumbList","@id":"https:\/\/artgallery-passage.com\/de\/dielo\/paket-standard\/#breadcrumb","itemListElement":[{"@type":"ListItem","position":1,"name":"Domovsk\u00e1 str\u00e1nka","item":"https:\/\/artgallery-passage.com\/de\/"},{"@type":"ListItem","position":2,"name":"Werke","item":"https:\/\/artgallery-passage.com\/de\/werke\/"},{"@type":"ListItem","position":3,"name":"Standard-Paket"}]},{"@type":"WebSite","@id":"https:\/\/artgallery-passage.com\/de\/#website","url":"https:\/\/artgallery-passage.com\/de\/","name":"ART PASSAGE GALLERY","description":"Ru\u010dne ma\u013eovan\u00e9 obrazy","potentialAction":[{"@type":"SearchAction","target":{"@type":"EntryPoint","urlTemplate":"https:\/\/artgallery-passage.com\/de\/?s={search_term_string}"},"query-input":"required name=search_term_string"}],"inLanguage":"de-DE"}]}},"_links":{"self":[{"href":"https:\/\/artgallery-passage.com\/de\/wp-json\/wp\/v2\/product\/2748"}],"collection":[{"href":"https:\/\/artgallery-passage.com\/de\/wp-json\/wp\/v2\/product"}],"about":[{"href":"https:\/\/artgallery-passage.com\/de\/wp-json\/wp\/v2\/types\/product"}],"wp:featuredmedia":[{"embeddable":true,"href":"https:\/\/artgallery-passage.com\/de\/wp-json\/wp\/v2\/media\/2294"}],"wp:attachment":[{"href":"https:\/\/artgallery-passage.com\/de\/wp-json\/wp\/v2\/media?parent=2748"}],"wp:term":[{"taxonomy":"product_cat","embeddable":true,"href":"https:\/\/artgallery-passage.com\/de\/wp-json\/wp\/v2\/product_cat?post=2748"},{"taxonomy":"product_tag","embeddable":true,"href":"https:\/\/artgallery-passage.com\/de\/wp-json\/wp\/v2\/product_tag?post=2748"}],"curies":[{"name":"wp","href":"https:\/\/api.w.org\/{rel}","templated":true}]}}