{"id":2750,"date":"2023-10-22T19:02:10","date_gmt":"2023-10-22T17:02:10","guid":{"rendered":"https:\/\/artgallery-passage.com\/dielo\/oelgemaelde-auf-leinwand-der-braeutigam\/"},"modified":"2023-10-22T19:02:10","modified_gmt":"2023-10-22T17:02:10","slug":"oelgemaelde-schoenes-pferdebild-oelgemaelde-eines-pferdes-braunes-pferd-bild-eines-schoenen-pferdes","status":"publish","type":"product","link":"https:\/\/artgallery-passage.com\/de\/dielo\/oelgemaelde-schoenes-pferdebild-oelgemaelde-eines-pferdes-braunes-pferd-bild-eines-schoenen-pferdes\/","title":{"rendered":"\u00d6lgem\u00e4lde auf Leinwand Der Br\u00e4utigam"},"content":{"rendered":"<p><strong>Autor: IGOR NAVROTSKYI<br \/>\nTitel: \u00d6lgem\u00e4lde des Br\u00e4utigams<br \/>\nJahr: 2023<br \/>\nAbmessungen: 80\u00d760 cm.<br \/>\nMarkierung: manuell nach unten<br \/>\nRahmen: nein<br \/>\nMotiv: Genrebildnis<br \/>\nTechnik: \u00d6l auf Leinwand \u00d6lmalerei figurativ<\/strong><\/p>\n","protected":false},"excerpt":{"rendered":"<p><strong>Autor: IGOR NAVROTSKYI Ma\u00dfe: 80\u00d760 cm.<\/strong><\/p>\n","protected":false},"featured_media":2626,"template":"","meta":[],"product_cat":[489,495,490],"product_tag":[596,588,589,538,597,586,592,595,594,591,587,593,590],"yoast_head":"<!-- This site is optimized with the Yoast SEO plugin v20.3 - https:\/\/yoast.com\/wordpress\/plugins\/seo\/ -->\n<title>\u00d6lgem\u00e4lde auf Leinwand Der Br\u00e4utigam - ART PASSAGE GALLERY<\/title>\n<meta name=\"description\" content=\"\u00d6lgem\u00e4lde Pferde handgemalte Gem\u00e4lde Zertifizierung der Originalit\u00e4t. Schnelle Lieferung.sch\u00f6ne \u00d6lgem\u00e4lde Acryl \u00d6lgem\u00e4lde wei\u00dfes Pferd \u00d6lgem\u00e4lde Abstraktion\" \/>\n<meta name=\"robots\" content=\"index, follow, max-snippet:-1, max-image-preview:large, max-video-preview:-1\" \/>\n<link rel=\"canonical\" href=\"https:\/\/artgallery-passage.com\/de\/dielo\/oelgemaelde-schoenes-pferdebild-oelgemaelde-eines-pferdes-braunes-pferd-bild-eines-schoenen-pferdes\/\" \/>\n<meta property=\"og:locale\" content=\"de_DE\" \/>\n<meta property=\"og:type\" content=\"article\" \/>\n<meta property=\"og:title\" content=\"\u00d6lgem\u00e4lde auf Leinwand Der Br\u00e4utigam - ART PASSAGE GALLERY\" \/>\n<meta property=\"og:description\" content=\"\u00d6lgem\u00e4lde Pferde handgemalte Gem\u00e4lde Zertifizierung der Originalit\u00e4t. Schnelle Lieferung.sch\u00f6ne \u00d6lgem\u00e4lde Acryl \u00d6lgem\u00e4lde wei\u00dfes Pferd \u00d6lgem\u00e4lde Abstraktion\" \/>\n<meta property=\"og:url\" content=\"https:\/\/artgallery-passage.com\/de\/dielo\/oelgemaelde-schoenes-pferdebild-oelgemaelde-eines-pferdes-braunes-pferd-bild-eines-schoenen-pferdes\/\" \/>\n<meta property=\"og:site_name\" content=\"ART PASSAGE GALLERY\" \/>\n<meta property=\"og:image\" content=\"https:\/\/artgallery-passage.com\/wp-content\/uploads\/2023\/10\/Zenich-80x60-500-eur.jpg\" \/>\n\t<meta property=\"og:image:width\" content=\"1100\" \/>\n\t<meta property=\"og:image:height\" content=\"1500\" \/>\n\t<meta property=\"og:image:type\" content=\"image\/jpeg\" \/>\n<meta name=\"twitter:card\" content=\"summary_large_image\" \/>\n<script type=\"application\/ld+json\" class=\"yoast-schema-graph\">{\"@context\":\"https:\/\/schema.org\",\"@graph\":[{\"@type\":\"WebPage\",\"@id\":\"https:\/\/artgallery-passage.com\/de\/dielo\/oelgemaelde-schoenes-pferdebild-oelgemaelde-eines-pferdes-braunes-pferd-bild-eines-schoenen-pferdes\/\",\"url\":\"https:\/\/artgallery-passage.com\/de\/dielo\/oelgemaelde-schoenes-pferdebild-oelgemaelde-eines-pferdes-braunes-pferd-bild-eines-schoenen-pferdes\/\",\"name\":\"\u00d6lgem\u00e4lde auf Leinwand Der Br\u00e4utigam - ART PASSAGE GALLERY\",\"isPartOf\":{\"@id\":\"https:\/\/artgallery-passage.com\/de\/#website\"},\"datePublished\":\"2023-10-22T17:02:10+00:00\",\"dateModified\":\"2023-10-22T17:02:10+00:00\",\"description\":\"\u00d6lgem\u00e4lde Pferde handgemalte Gem\u00e4lde Zertifizierung der Originalit\u00e4t. Schnelle Lieferung.sch\u00f6ne \u00d6lgem\u00e4lde Acryl \u00d6lgem\u00e4lde wei\u00dfes Pferd \u00d6lgem\u00e4lde Abstraktion\",\"breadcrumb\":{\"@id\":\"https:\/\/artgallery-passage.com\/de\/dielo\/oelgemaelde-schoenes-pferdebild-oelgemaelde-eines-pferdes-braunes-pferd-bild-eines-schoenen-pferdes\/#breadcrumb\"},\"inLanguage\":\"de-DE\",\"potentialAction\":[{\"@type\":\"ReadAction\",\"target\":[\"https:\/\/artgallery-passage.com\/de\/dielo\/oelgemaelde-schoenes-pferdebild-oelgemaelde-eines-pferdes-braunes-pferd-bild-eines-schoenen-pferdes\/\"]}]},{\"@type\":\"BreadcrumbList\",\"@id\":\"https:\/\/artgallery-passage.com\/de\/dielo\/oelgemaelde-schoenes-pferdebild-oelgemaelde-eines-pferdes-braunes-pferd-bild-eines-schoenen-pferdes\/#breadcrumb\",\"itemListElement\":[{\"@type\":\"ListItem\",\"position\":1,\"name\":\"Domovsk\u00e1 str\u00e1nka\",\"item\":\"https:\/\/artgallery-passage.com\/de\/\"},{\"@type\":\"ListItem\",\"position\":2,\"name\":\"Werke\",\"item\":\"https:\/\/artgallery-passage.com\/de\/werke\/\"},{\"@type\":\"ListItem\",\"position\":3,\"name\":\"\u00d6lgem\u00e4lde auf Leinwand Der Br\u00e4utigam\"}]},{\"@type\":\"WebSite\",\"@id\":\"https:\/\/artgallery-passage.com\/de\/#website\",\"url\":\"https:\/\/artgallery-passage.com\/de\/\",\"name\":\"ART PASSAGE GALLERY\",\"description\":\"Ru\u010dne ma\u013eovan\u00e9 obrazy\",\"potentialAction\":[{\"@type\":\"SearchAction\",\"target\":{\"@type\":\"EntryPoint\",\"urlTemplate\":\"https:\/\/artgallery-passage.com\/de\/?s={search_term_string}\"},\"query-input\":\"required name=search_term_string\"}],\"inLanguage\":\"de-DE\"}]}<\/script>\n<!-- \/ Yoast SEO plugin. -->","yoast_head_json":{"title":"\u00d6lgem\u00e4lde auf Leinwand Der Br\u00e4utigam - ART PASSAGE GALLERY","description":"\u00d6lgem\u00e4lde Pferde handgemalte Gem\u00e4lde Zertifizierung der Originalit\u00e4t. Schnelle Lieferung.sch\u00f6ne \u00d6lgem\u00e4lde Acryl \u00d6lgem\u00e4lde wei\u00dfes Pferd \u00d6lgem\u00e4lde Abstraktion","robots":{"index":"index","follow":"follow","max-snippet":"max-snippet:-1","max-image-preview":"max-image-preview:large","max-video-preview":"max-video-preview:-1"},"canonical":"https:\/\/artgallery-passage.com\/de\/dielo\/oelgemaelde-schoenes-pferdebild-oelgemaelde-eines-pferdes-braunes-pferd-bild-eines-schoenen-pferdes\/","og_locale":"de_DE","og_type":"article","og_title":"\u00d6lgem\u00e4lde auf Leinwand Der Br\u00e4utigam - ART PASSAGE GALLERY","og_description":"\u00d6lgem\u00e4lde Pferde handgemalte Gem\u00e4lde Zertifizierung der Originalit\u00e4t. Schnelle Lieferung.sch\u00f6ne \u00d6lgem\u00e4lde Acryl \u00d6lgem\u00e4lde wei\u00dfes Pferd \u00d6lgem\u00e4lde Abstraktion","og_url":"https:\/\/artgallery-passage.com\/de\/dielo\/oelgemaelde-schoenes-pferdebild-oelgemaelde-eines-pferdes-braunes-pferd-bild-eines-schoenen-pferdes\/","og_site_name":"ART PASSAGE GALLERY","og_image":[{"width":1100,"height":1500,"url":"https:\/\/artgallery-passage.com\/wp-content\/uploads\/2023\/10\/Zenich-80x60-500-eur.jpg","type":"image\/jpeg"}],"twitter_card":"summary_large_image","schema":{"@context":"https:\/\/schema.org","@graph":[{"@type":"WebPage","@id":"https:\/\/artgallery-passage.com\/de\/dielo\/oelgemaelde-schoenes-pferdebild-oelgemaelde-eines-pferdes-braunes-pferd-bild-eines-schoenen-pferdes\/","url":"https:\/\/artgallery-passage.com\/de\/dielo\/oelgemaelde-schoenes-pferdebild-oelgemaelde-eines-pferdes-braunes-pferd-bild-eines-schoenen-pferdes\/","name":"\u00d6lgem\u00e4lde auf Leinwand Der Br\u00e4utigam - ART PASSAGE GALLERY","isPartOf":{"@id":"https:\/\/artgallery-passage.com\/de\/#website"},"datePublished":"2023-10-22T17:02:10+00:00","dateModified":"2023-10-22T17:02:10+00:00","description":"\u00d6lgem\u00e4lde Pferde handgemalte Gem\u00e4lde Zertifizierung der Originalit\u00e4t. Schnelle Lieferung.sch\u00f6ne \u00d6lgem\u00e4lde Acryl \u00d6lgem\u00e4lde wei\u00dfes Pferd \u00d6lgem\u00e4lde Abstraktion","breadcrumb":{"@id":"https:\/\/artgallery-passage.com\/de\/dielo\/oelgemaelde-schoenes-pferdebild-oelgemaelde-eines-pferdes-braunes-pferd-bild-eines-schoenen-pferdes\/#breadcrumb"},"inLanguage":"de-DE","potentialAction":[{"@type":"ReadAction","target":["https:\/\/artgallery-passage.com\/de\/dielo\/oelgemaelde-schoenes-pferdebild-oelgemaelde-eines-pferdes-braunes-pferd-bild-eines-schoenen-pferdes\/"]}]},{"@type":"BreadcrumbList","@id":"https:\/\/artgallery-passage.com\/de\/dielo\/oelgemaelde-schoenes-pferdebild-oelgemaelde-eines-pferdes-braunes-pferd-bild-eines-schoenen-pferdes\/#breadcrumb","itemListElement":[{"@type":"ListItem","position":1,"name":"Domovsk\u00e1 str\u00e1nka","item":"https:\/\/artgallery-passage.com\/de\/"},{"@type":"ListItem","position":2,"name":"Werke","item":"https:\/\/artgallery-passage.com\/de\/werke\/"},{"@type":"ListItem","position":3,"name":"\u00d6lgem\u00e4lde auf Leinwand Der Br\u00e4utigam"}]},{"@type":"WebSite","@id":"https:\/\/artgallery-passage.com\/de\/#website","url":"https:\/\/artgallery-passage.com\/de\/","name":"ART PASSAGE GALLERY","description":"Ru\u010dne ma\u013eovan\u00e9 obrazy","potentialAction":[{"@type":"SearchAction","target":{"@type":"EntryPoint","urlTemplate":"https:\/\/artgallery-passage.com\/de\/?s={search_term_string}"},"query-input":"required name=search_term_string"}],"inLanguage":"de-DE"}]}},"_links":{"self":[{"href":"https:\/\/artgallery-passage.com\/de\/wp-json\/wp\/v2\/product\/2750"}],"collection":[{"href":"https:\/\/artgallery-passage.com\/de\/wp-json\/wp\/v2\/product"}],"about":[{"href":"https:\/\/artgallery-passage.com\/de\/wp-json\/wp\/v2\/types\/product"}],"wp:featuredmedia":[{"embeddable":true,"href":"https:\/\/artgallery-passage.com\/de\/wp-json\/wp\/v2\/media\/2626"}],"wp:attachment":[{"href":"https:\/\/artgallery-passage.com\/de\/wp-json\/wp\/v2\/media?parent=2750"}],"wp:term":[{"taxonomy":"product_cat","embeddable":true,"href":"https:\/\/artgallery-passage.com\/de\/wp-json\/wp\/v2\/product_cat?post=2750"},{"taxonomy":"product_tag","embeddable":true,"href":"https:\/\/artgallery-passage.com\/de\/wp-json\/wp\/v2\/product_tag?post=2750"}],"curies":[{"name":"wp","href":"https:\/\/api.w.org\/{rel}","templated":true}]}}