{"id":2751,"date":"2023-10-18T12:24:47","date_gmt":"2023-10-18T10:24:47","guid":{"rendered":"https:\/\/artgallery-passage.com\/dielo\/die-energie-der-natur\/"},"modified":"2023-10-18T12:24:47","modified_gmt":"2023-10-18T10:24:47","slug":"energie-natur","status":"publish","type":"product","link":"https:\/\/artgallery-passage.com\/de\/dielo\/energie-natur\/","title":{"rendered":"Die Energie der Natur"},"content":{"rendered":"<p><strong>Autorin<\/strong> Tanja Frost<br \/>\n<strong>Gr\u00f6\u00dfe: <\/strong>73&#215;92<br \/>\n<strong>Art:<\/strong><br \/>\n<strong>Jahr der Gr\u00fcndung:<\/strong><\/p>\n<p><strong>Beschreibung:<\/strong><br \/>\nKennen Sie das Gef\u00fchl von Leichtigkeit und Flexibilit\u00e4t, wenn nichts im Wege steht und die Energie nicht nachl\u00e4sst? Ja, nat\u00fcrlich. Es ist nur manchmal nicht leicht, sie aufzurufen. Ich kenne jedoch einen bew\u00e4hrten Weg &#8211; nach Hause zur\u00fcckzukehren, wo man eine einzigartige Atmosph\u00e4re und eine unwiederholbare Einrichtung hat. Mein neues, vielschichtiges Gem\u00e4lde ist voller Energie, die direkt aus der Natur kommt und eine gro\u00dfartige Erg\u00e4nzung f\u00fcr Ihr Interieur sein wird.<\/p>\n","protected":false},"excerpt":{"rendered":"<p><strong>Autorin<\/strong> Tanja Frost<br \/>\n<strong>Gr\u00f6\u00dfe: <\/strong>73&#215;92<\/p>\n","protected":false},"featured_media":2614,"template":"","meta":[],"product_cat":[566],"product_tag":[],"yoast_head":"<!-- This site is optimized with the Yoast SEO plugin v20.3 - https:\/\/yoast.com\/wordpress\/plugins\/seo\/ -->\n<title>Die Energie der Natur - ART PASSAGE GALLERY<\/title>\n<meta name=\"robots\" content=\"index, follow, max-snippet:-1, max-image-preview:large, max-video-preview:-1\" \/>\n<link rel=\"canonical\" href=\"https:\/\/artgallery-passage.com\/de\/dielo\/energie-natur\/\" \/>\n<meta property=\"og:locale\" content=\"de_DE\" \/>\n<meta property=\"og:type\" content=\"article\" \/>\n<meta property=\"og:title\" content=\"Die Energie der Natur - ART PASSAGE GALLERY\" \/>\n<meta property=\"og:description\" content=\"Autorin Tanja Frost Gr\u00f6\u00dfe: 73x92\" \/>\n<meta property=\"og:url\" content=\"https:\/\/artgallery-passage.com\/de\/dielo\/energie-natur\/\" \/>\n<meta property=\"og:site_name\" content=\"ART PASSAGE GALLERY\" \/>\n<meta property=\"og:image\" content=\"https:\/\/artgallery-passage.com\/wp-content\/uploads\/2023\/10\/8.jpg\" \/>\n\t<meta property=\"og:image:width\" content=\"1019\" \/>\n\t<meta property=\"og:image:height\" content=\"800\" \/>\n\t<meta property=\"og:image:type\" content=\"image\/jpeg\" \/>\n<meta name=\"twitter:card\" content=\"summary_large_image\" \/>\n<script type=\"application\/ld+json\" class=\"yoast-schema-graph\">{\"@context\":\"https:\/\/schema.org\",\"@graph\":[{\"@type\":\"WebPage\",\"@id\":\"https:\/\/artgallery-passage.com\/de\/dielo\/energie-natur\/\",\"url\":\"https:\/\/artgallery-passage.com\/de\/dielo\/energie-natur\/\",\"name\":\"Die Energie der Natur - ART PASSAGE GALLERY\",\"isPartOf\":{\"@id\":\"https:\/\/artgallery-passage.com\/de\/#website\"},\"datePublished\":\"2023-10-18T10:24:47+00:00\",\"dateModified\":\"2023-10-18T10:24:47+00:00\",\"breadcrumb\":{\"@id\":\"https:\/\/artgallery-passage.com\/de\/dielo\/energie-natur\/#breadcrumb\"},\"inLanguage\":\"de-DE\",\"potentialAction\":[{\"@type\":\"ReadAction\",\"target\":[\"https:\/\/artgallery-passage.com\/de\/dielo\/energie-natur\/\"]}]},{\"@type\":\"BreadcrumbList\",\"@id\":\"https:\/\/artgallery-passage.com\/de\/dielo\/energie-natur\/#breadcrumb\",\"itemListElement\":[{\"@type\":\"ListItem\",\"position\":1,\"name\":\"Domovsk\u00e1 str\u00e1nka\",\"item\":\"https:\/\/artgallery-passage.com\/de\/\"},{\"@type\":\"ListItem\",\"position\":2,\"name\":\"Werke\",\"item\":\"https:\/\/artgallery-passage.com\/de\/werke\/\"},{\"@type\":\"ListItem\",\"position\":3,\"name\":\"Die Energie der Natur\"}]},{\"@type\":\"WebSite\",\"@id\":\"https:\/\/artgallery-passage.com\/de\/#website\",\"url\":\"https:\/\/artgallery-passage.com\/de\/\",\"name\":\"ART PASSAGE GALLERY\",\"description\":\"Ru\u010dne ma\u013eovan\u00e9 obrazy\",\"potentialAction\":[{\"@type\":\"SearchAction\",\"target\":{\"@type\":\"EntryPoint\",\"urlTemplate\":\"https:\/\/artgallery-passage.com\/de\/?s={search_term_string}\"},\"query-input\":\"required name=search_term_string\"}],\"inLanguage\":\"de-DE\"}]}<\/script>\n<!-- \/ Yoast SEO plugin. -->","yoast_head_json":{"title":"Die Energie der Natur - ART PASSAGE GALLERY","robots":{"index":"index","follow":"follow","max-snippet":"max-snippet:-1","max-image-preview":"max-image-preview:large","max-video-preview":"max-video-preview:-1"},"canonical":"https:\/\/artgallery-passage.com\/de\/dielo\/energie-natur\/","og_locale":"de_DE","og_type":"article","og_title":"Die Energie der Natur - ART PASSAGE GALLERY","og_description":"Autorin Tanja Frost Gr\u00f6\u00dfe: 73x92","og_url":"https:\/\/artgallery-passage.com\/de\/dielo\/energie-natur\/","og_site_name":"ART PASSAGE GALLERY","og_image":[{"width":1019,"height":800,"url":"https:\/\/artgallery-passage.com\/wp-content\/uploads\/2023\/10\/8.jpg","type":"image\/jpeg"}],"twitter_card":"summary_large_image","schema":{"@context":"https:\/\/schema.org","@graph":[{"@type":"WebPage","@id":"https:\/\/artgallery-passage.com\/de\/dielo\/energie-natur\/","url":"https:\/\/artgallery-passage.com\/de\/dielo\/energie-natur\/","name":"Die Energie der Natur - ART PASSAGE GALLERY","isPartOf":{"@id":"https:\/\/artgallery-passage.com\/de\/#website"},"datePublished":"2023-10-18T10:24:47+00:00","dateModified":"2023-10-18T10:24:47+00:00","breadcrumb":{"@id":"https:\/\/artgallery-passage.com\/de\/dielo\/energie-natur\/#breadcrumb"},"inLanguage":"de-DE","potentialAction":[{"@type":"ReadAction","target":["https:\/\/artgallery-passage.com\/de\/dielo\/energie-natur\/"]}]},{"@type":"BreadcrumbList","@id":"https:\/\/artgallery-passage.com\/de\/dielo\/energie-natur\/#breadcrumb","itemListElement":[{"@type":"ListItem","position":1,"name":"Domovsk\u00e1 str\u00e1nka","item":"https:\/\/artgallery-passage.com\/de\/"},{"@type":"ListItem","position":2,"name":"Werke","item":"https:\/\/artgallery-passage.com\/de\/werke\/"},{"@type":"ListItem","position":3,"name":"Die Energie der Natur"}]},{"@type":"WebSite","@id":"https:\/\/artgallery-passage.com\/de\/#website","url":"https:\/\/artgallery-passage.com\/de\/","name":"ART PASSAGE GALLERY","description":"Ru\u010dne ma\u013eovan\u00e9 obrazy","potentialAction":[{"@type":"SearchAction","target":{"@type":"EntryPoint","urlTemplate":"https:\/\/artgallery-passage.com\/de\/?s={search_term_string}"},"query-input":"required name=search_term_string"}],"inLanguage":"de-DE"}]}},"_links":{"self":[{"href":"https:\/\/artgallery-passage.com\/de\/wp-json\/wp\/v2\/product\/2751"}],"collection":[{"href":"https:\/\/artgallery-passage.com\/de\/wp-json\/wp\/v2\/product"}],"about":[{"href":"https:\/\/artgallery-passage.com\/de\/wp-json\/wp\/v2\/types\/product"}],"wp:featuredmedia":[{"embeddable":true,"href":"https:\/\/artgallery-passage.com\/de\/wp-json\/wp\/v2\/media\/2614"}],"wp:attachment":[{"href":"https:\/\/artgallery-passage.com\/de\/wp-json\/wp\/v2\/media?parent=2751"}],"wp:term":[{"taxonomy":"product_cat","embeddable":true,"href":"https:\/\/artgallery-passage.com\/de\/wp-json\/wp\/v2\/product_cat?post=2751"},{"taxonomy":"product_tag","embeddable":true,"href":"https:\/\/artgallery-passage.com\/de\/wp-json\/wp\/v2\/product_tag?post=2751"}],"curies":[{"name":"wp","href":"https:\/\/api.w.org\/{rel}","templated":true}]}}