{"id":2752,"date":"2023-10-22T18:49:32","date_gmt":"2023-10-22T16:49:32","guid":{"rendered":"https:\/\/artgallery-passage.com\/dielo\/oelgemaelde-auf-leinwand-i-do-things\/"},"modified":"2023-10-22T18:49:32","modified_gmt":"2023-10-22T16:49:32","slug":"oelgemaelde-schoene-landschaft-oelgemaelde-sonne-himmel-himmel-oelgemaelde-doerfer-oelgemaelde-doerfer-mai-oelgemaelde-wildblumen-positiv-oelgemaelde","status":"publish","type":"product","link":"https:\/\/artgallery-passage.com\/de\/dielo\/oelgemaelde-schoene-landschaft-oelgemaelde-sonne-himmel-himmel-oelgemaelde-doerfer-oelgemaelde-doerfer-mai-oelgemaelde-wildblumen-positiv-oelgemaelde\/","title":{"rendered":"\u00d6lgem\u00e4lde auf Leinwand I Do Things"},"content":{"rendered":"<p><strong>Autor: IGOR NAVROTSKYI<br \/>\nTitel: \u00d6lgem\u00e4lde I Do Things<br \/>\nJahr: 2023<br \/>\nAbmessungen: 70\u00d760 cm.<br \/>\nMarkierung: manuell nach unten<br \/>\nRahmen: nein<br \/>\nMotiv: Genrebildnis<br \/>\nTechnik: \u00d6l auf Leinwand<\/strong><\/p>\n","protected":false},"excerpt":{"rendered":"<p><strong>Autor IGOR NAVROTSKYI Ma\u00dfe: 70\u00d760 cm.<\/strong><\/p>\n","protected":false},"featured_media":2625,"template":"","meta":[],"product_cat":[495,490],"product_tag":[600,599,598,604,602,603,576,606,605,607,601],"yoast_head":"<!-- This site is optimized with the Yoast SEO plugin v20.3 - https:\/\/yoast.com\/wordpress\/plugins\/seo\/ -->\n<title>\u00d6lgem\u00e4lde auf Leinwand I Do Things - ART PASSAGE GALLERY<\/title>\n<meta name=\"description\" content=\"Sonne Himmel Bienen Landschaft handgemaltes \u00d6lgem\u00e4lde \u00d6lgem\u00e4lde Bienen Maya \u00d6lgem\u00e4lde f\u00fcr Kind zur Motivation t\u00fcrkis gelb blau blau lila rot orange Wald\" \/>\n<meta name=\"robots\" content=\"index, follow, max-snippet:-1, max-image-preview:large, max-video-preview:-1\" \/>\n<link rel=\"canonical\" href=\"https:\/\/artgallery-passage.com\/de\/dielo\/oelgemaelde-schoene-landschaft-oelgemaelde-sonne-himmel-himmel-oelgemaelde-doerfer-oelgemaelde-doerfer-mai-oelgemaelde-wildblumen-positiv-oelgemaelde\/\" \/>\n<meta property=\"og:locale\" content=\"de_DE\" \/>\n<meta property=\"og:type\" content=\"article\" \/>\n<meta property=\"og:title\" content=\"\u00d6lgem\u00e4lde auf Leinwand I Do Things - ART PASSAGE GALLERY\" \/>\n<meta property=\"og:description\" content=\"Sonne Himmel Bienen Landschaft handgemaltes \u00d6lgem\u00e4lde \u00d6lgem\u00e4lde Bienen Maya \u00d6lgem\u00e4lde f\u00fcr Kind zur Motivation t\u00fcrkis gelb blau blau lila rot orange Wald\" \/>\n<meta property=\"og:url\" content=\"https:\/\/artgallery-passage.com\/de\/dielo\/oelgemaelde-schoene-landschaft-oelgemaelde-sonne-himmel-himmel-oelgemaelde-doerfer-oelgemaelde-doerfer-mai-oelgemaelde-wildblumen-positiv-oelgemaelde\/\" \/>\n<meta property=\"og:site_name\" content=\"ART PASSAGE GALLERY\" \/>\n<meta property=\"og:image\" content=\"https:\/\/artgallery-passage.com\/wp-content\/uploads\/2023\/10\/Robim-veci-2.-70x60-380-eur.jpg\" \/>\n\t<meta property=\"og:image:width\" content=\"850\" \/>\n\t<meta property=\"og:image:height\" content=\"1002\" \/>\n\t<meta property=\"og:image:type\" content=\"image\/jpeg\" \/>\n<meta name=\"twitter:card\" content=\"summary_large_image\" \/>\n<script type=\"application\/ld+json\" class=\"yoast-schema-graph\">{\"@context\":\"https:\/\/schema.org\",\"@graph\":[{\"@type\":\"WebPage\",\"@id\":\"https:\/\/artgallery-passage.com\/de\/dielo\/oelgemaelde-schoene-landschaft-oelgemaelde-sonne-himmel-himmel-oelgemaelde-doerfer-oelgemaelde-doerfer-mai-oelgemaelde-wildblumen-positiv-oelgemaelde\/\",\"url\":\"https:\/\/artgallery-passage.com\/de\/dielo\/oelgemaelde-schoene-landschaft-oelgemaelde-sonne-himmel-himmel-oelgemaelde-doerfer-oelgemaelde-doerfer-mai-oelgemaelde-wildblumen-positiv-oelgemaelde\/\",\"name\":\"\u00d6lgem\u00e4lde auf Leinwand I Do Things - ART PASSAGE GALLERY\",\"isPartOf\":{\"@id\":\"https:\/\/artgallery-passage.com\/de\/#website\"},\"datePublished\":\"2023-10-22T16:49:32+00:00\",\"dateModified\":\"2023-10-22T16:49:32+00:00\",\"description\":\"Sonne Himmel Bienen Landschaft handgemaltes \u00d6lgem\u00e4lde \u00d6lgem\u00e4lde Bienen Maya \u00d6lgem\u00e4lde f\u00fcr Kind zur Motivation t\u00fcrkis gelb blau blau lila rot orange Wald\",\"breadcrumb\":{\"@id\":\"https:\/\/artgallery-passage.com\/de\/dielo\/oelgemaelde-schoene-landschaft-oelgemaelde-sonne-himmel-himmel-oelgemaelde-doerfer-oelgemaelde-doerfer-mai-oelgemaelde-wildblumen-positiv-oelgemaelde\/#breadcrumb\"},\"inLanguage\":\"de-DE\",\"potentialAction\":[{\"@type\":\"ReadAction\",\"target\":[\"https:\/\/artgallery-passage.com\/de\/dielo\/oelgemaelde-schoene-landschaft-oelgemaelde-sonne-himmel-himmel-oelgemaelde-doerfer-oelgemaelde-doerfer-mai-oelgemaelde-wildblumen-positiv-oelgemaelde\/\"]}]},{\"@type\":\"BreadcrumbList\",\"@id\":\"https:\/\/artgallery-passage.com\/de\/dielo\/oelgemaelde-schoene-landschaft-oelgemaelde-sonne-himmel-himmel-oelgemaelde-doerfer-oelgemaelde-doerfer-mai-oelgemaelde-wildblumen-positiv-oelgemaelde\/#breadcrumb\",\"itemListElement\":[{\"@type\":\"ListItem\",\"position\":1,\"name\":\"Domovsk\u00e1 str\u00e1nka\",\"item\":\"https:\/\/artgallery-passage.com\/de\/\"},{\"@type\":\"ListItem\",\"position\":2,\"name\":\"Werke\",\"item\":\"https:\/\/artgallery-passage.com\/de\/werke\/\"},{\"@type\":\"ListItem\",\"position\":3,\"name\":\"\u00d6lgem\u00e4lde auf Leinwand I Do Things\"}]},{\"@type\":\"WebSite\",\"@id\":\"https:\/\/artgallery-passage.com\/de\/#website\",\"url\":\"https:\/\/artgallery-passage.com\/de\/\",\"name\":\"ART PASSAGE GALLERY\",\"description\":\"Ru\u010dne ma\u013eovan\u00e9 obrazy\",\"potentialAction\":[{\"@type\":\"SearchAction\",\"target\":{\"@type\":\"EntryPoint\",\"urlTemplate\":\"https:\/\/artgallery-passage.com\/de\/?s={search_term_string}\"},\"query-input\":\"required name=search_term_string\"}],\"inLanguage\":\"de-DE\"}]}<\/script>\n<!-- \/ Yoast SEO plugin. -->","yoast_head_json":{"title":"\u00d6lgem\u00e4lde auf Leinwand I Do Things - ART PASSAGE GALLERY","description":"Sonne Himmel Bienen Landschaft handgemaltes \u00d6lgem\u00e4lde \u00d6lgem\u00e4lde Bienen Maya \u00d6lgem\u00e4lde f\u00fcr Kind zur Motivation t\u00fcrkis gelb blau blau lila rot orange Wald","robots":{"index":"index","follow":"follow","max-snippet":"max-snippet:-1","max-image-preview":"max-image-preview:large","max-video-preview":"max-video-preview:-1"},"canonical":"https:\/\/artgallery-passage.com\/de\/dielo\/oelgemaelde-schoene-landschaft-oelgemaelde-sonne-himmel-himmel-oelgemaelde-doerfer-oelgemaelde-doerfer-mai-oelgemaelde-wildblumen-positiv-oelgemaelde\/","og_locale":"de_DE","og_type":"article","og_title":"\u00d6lgem\u00e4lde auf Leinwand I Do Things - ART PASSAGE GALLERY","og_description":"Sonne Himmel Bienen Landschaft handgemaltes \u00d6lgem\u00e4lde \u00d6lgem\u00e4lde Bienen Maya \u00d6lgem\u00e4lde f\u00fcr Kind zur Motivation t\u00fcrkis gelb blau blau lila rot orange Wald","og_url":"https:\/\/artgallery-passage.com\/de\/dielo\/oelgemaelde-schoene-landschaft-oelgemaelde-sonne-himmel-himmel-oelgemaelde-doerfer-oelgemaelde-doerfer-mai-oelgemaelde-wildblumen-positiv-oelgemaelde\/","og_site_name":"ART PASSAGE GALLERY","og_image":[{"width":850,"height":1002,"url":"https:\/\/artgallery-passage.com\/wp-content\/uploads\/2023\/10\/Robim-veci-2.-70x60-380-eur.jpg","type":"image\/jpeg"}],"twitter_card":"summary_large_image","schema":{"@context":"https:\/\/schema.org","@graph":[{"@type":"WebPage","@id":"https:\/\/artgallery-passage.com\/de\/dielo\/oelgemaelde-schoene-landschaft-oelgemaelde-sonne-himmel-himmel-oelgemaelde-doerfer-oelgemaelde-doerfer-mai-oelgemaelde-wildblumen-positiv-oelgemaelde\/","url":"https:\/\/artgallery-passage.com\/de\/dielo\/oelgemaelde-schoene-landschaft-oelgemaelde-sonne-himmel-himmel-oelgemaelde-doerfer-oelgemaelde-doerfer-mai-oelgemaelde-wildblumen-positiv-oelgemaelde\/","name":"\u00d6lgem\u00e4lde auf Leinwand I Do Things - ART PASSAGE GALLERY","isPartOf":{"@id":"https:\/\/artgallery-passage.com\/de\/#website"},"datePublished":"2023-10-22T16:49:32+00:00","dateModified":"2023-10-22T16:49:32+00:00","description":"Sonne Himmel Bienen Landschaft handgemaltes \u00d6lgem\u00e4lde \u00d6lgem\u00e4lde Bienen Maya \u00d6lgem\u00e4lde f\u00fcr Kind zur Motivation t\u00fcrkis gelb blau blau lila rot orange Wald","breadcrumb":{"@id":"https:\/\/artgallery-passage.com\/de\/dielo\/oelgemaelde-schoene-landschaft-oelgemaelde-sonne-himmel-himmel-oelgemaelde-doerfer-oelgemaelde-doerfer-mai-oelgemaelde-wildblumen-positiv-oelgemaelde\/#breadcrumb"},"inLanguage":"de-DE","potentialAction":[{"@type":"ReadAction","target":["https:\/\/artgallery-passage.com\/de\/dielo\/oelgemaelde-schoene-landschaft-oelgemaelde-sonne-himmel-himmel-oelgemaelde-doerfer-oelgemaelde-doerfer-mai-oelgemaelde-wildblumen-positiv-oelgemaelde\/"]}]},{"@type":"BreadcrumbList","@id":"https:\/\/artgallery-passage.com\/de\/dielo\/oelgemaelde-schoene-landschaft-oelgemaelde-sonne-himmel-himmel-oelgemaelde-doerfer-oelgemaelde-doerfer-mai-oelgemaelde-wildblumen-positiv-oelgemaelde\/#breadcrumb","itemListElement":[{"@type":"ListItem","position":1,"name":"Domovsk\u00e1 str\u00e1nka","item":"https:\/\/artgallery-passage.com\/de\/"},{"@type":"ListItem","position":2,"name":"Werke","item":"https:\/\/artgallery-passage.com\/de\/werke\/"},{"@type":"ListItem","position":3,"name":"\u00d6lgem\u00e4lde auf Leinwand I Do Things"}]},{"@type":"WebSite","@id":"https:\/\/artgallery-passage.com\/de\/#website","url":"https:\/\/artgallery-passage.com\/de\/","name":"ART PASSAGE GALLERY","description":"Ru\u010dne ma\u013eovan\u00e9 obrazy","potentialAction":[{"@type":"SearchAction","target":{"@type":"EntryPoint","urlTemplate":"https:\/\/artgallery-passage.com\/de\/?s={search_term_string}"},"query-input":"required name=search_term_string"}],"inLanguage":"de-DE"}]}},"_links":{"self":[{"href":"https:\/\/artgallery-passage.com\/de\/wp-json\/wp\/v2\/product\/2752"}],"collection":[{"href":"https:\/\/artgallery-passage.com\/de\/wp-json\/wp\/v2\/product"}],"about":[{"href":"https:\/\/artgallery-passage.com\/de\/wp-json\/wp\/v2\/types\/product"}],"wp:featuredmedia":[{"embeddable":true,"href":"https:\/\/artgallery-passage.com\/de\/wp-json\/wp\/v2\/media\/2625"}],"wp:attachment":[{"href":"https:\/\/artgallery-passage.com\/de\/wp-json\/wp\/v2\/media?parent=2752"}],"wp:term":[{"taxonomy":"product_cat","embeddable":true,"href":"https:\/\/artgallery-passage.com\/de\/wp-json\/wp\/v2\/product_cat?post=2752"},{"taxonomy":"product_tag","embeddable":true,"href":"https:\/\/artgallery-passage.com\/de\/wp-json\/wp\/v2\/product_tag?post=2752"}],"curies":[{"name":"wp","href":"https:\/\/api.w.org\/{rel}","templated":true}]}}