{"id":2753,"date":"2023-10-18T12:23:21","date_gmt":"2023-10-18T10:23:21","guid":{"rendered":"https:\/\/artgallery-passage.com\/dielo\/sonniger-wald\/"},"modified":"2023-10-18T12:23:21","modified_gmt":"2023-10-18T10:23:21","slug":"sonnige-waelder","status":"publish","type":"product","link":"https:\/\/artgallery-passage.com\/de\/dielo\/sonnige-waelder\/","title":{"rendered":"Sonniger Wald"},"content":{"rendered":"<p><strong>Autorin<\/strong> Tanja Frost<br \/>\n<strong>Gr\u00f6\u00dfe: <\/strong>60&#215;90<br \/>\n<strong>Art:<\/strong><br \/>\n<strong>Jahr der Gr\u00fcndung:<\/strong><\/p>\n<p><strong>Beschreibung:<\/strong><br \/>\nDieses strahlende und bezaubernde St\u00fcck ist nicht nur eine atemberaubende Bereicherung f\u00fcr Ihr Zuhause, sondern auch ein Tor zu einer Welt voller Sch\u00f6nheit und Ruhe, in der das warme Licht der Sonne durch das \u00fcppige Gr\u00fcn des Waldes dringt. Sie erinnert uns daran, die einfachen Freuden des Lebens zu sch\u00e4tzen und uns einen Moment Zeit zu nehmen, um uns in der Sch\u00f6nheit zu sonnen, die uns umgibt&#8230; Egal, ob Sie ein besonderes Geschenk f\u00fcr sich selbst oder einen lieben Menschen suchen, der &#8222;Sunny Forest&#8220; ist die perfekte Wahl. Seine leuchtenden Farben und die ruhige Komposition verwandeln jeden Raum in einen friedlichen Zufluchtsort und bringen ein Gef\u00fchl der Ruhe und Erholung in Ihren Alltag.<\/p>\n","protected":false},"excerpt":{"rendered":"<p><strong>Autorin<\/strong> Tanja Frost<br \/>\n<strong>Gr\u00f6\u00dfe: <\/strong>60&#215;90<\/p>\n","protected":false},"featured_media":2613,"template":"","meta":[],"product_cat":[566],"product_tag":[],"yoast_head":"<!-- This site is optimized with the Yoast SEO plugin v20.3 - https:\/\/yoast.com\/wordpress\/plugins\/seo\/ -->\n<title>Sonniger Wald - ART PASSAGE GALLERY<\/title>\n<meta name=\"robots\" content=\"index, follow, max-snippet:-1, max-image-preview:large, max-video-preview:-1\" \/>\n<link rel=\"canonical\" href=\"https:\/\/artgallery-passage.com\/de\/dielo\/sonnige-waelder\/\" \/>\n<meta property=\"og:locale\" content=\"de_DE\" \/>\n<meta property=\"og:type\" content=\"article\" \/>\n<meta property=\"og:title\" content=\"Sonniger Wald - ART PASSAGE GALLERY\" \/>\n<meta property=\"og:description\" content=\"Autorin Tanja Frost Gr\u00f6\u00dfe: 60x90\" \/>\n<meta property=\"og:url\" content=\"https:\/\/artgallery-passage.com\/de\/dielo\/sonnige-waelder\/\" \/>\n<meta property=\"og:site_name\" content=\"ART PASSAGE GALLERY\" \/>\n<meta property=\"og:image\" content=\"https:\/\/artgallery-passage.com\/wp-content\/uploads\/2023\/10\/7.jpg\" \/>\n\t<meta property=\"og:image:width\" content=\"1192\" \/>\n\t<meta property=\"og:image:height\" content=\"800\" \/>\n\t<meta property=\"og:image:type\" content=\"image\/jpeg\" \/>\n<meta name=\"twitter:card\" content=\"summary_large_image\" \/>\n<meta name=\"twitter:label1\" content=\"Est. reading time\" \/>\n\t<meta name=\"twitter:data1\" content=\"1 Minute\" \/>\n<script type=\"application\/ld+json\" class=\"yoast-schema-graph\">{\"@context\":\"https:\/\/schema.org\",\"@graph\":[{\"@type\":\"WebPage\",\"@id\":\"https:\/\/artgallery-passage.com\/de\/dielo\/sonnige-waelder\/\",\"url\":\"https:\/\/artgallery-passage.com\/de\/dielo\/sonnige-waelder\/\",\"name\":\"Sonniger Wald - ART PASSAGE GALLERY\",\"isPartOf\":{\"@id\":\"https:\/\/artgallery-passage.com\/de\/#website\"},\"datePublished\":\"2023-10-18T10:23:21+00:00\",\"dateModified\":\"2023-10-18T10:23:21+00:00\",\"breadcrumb\":{\"@id\":\"https:\/\/artgallery-passage.com\/de\/dielo\/sonnige-waelder\/#breadcrumb\"},\"inLanguage\":\"de-DE\",\"potentialAction\":[{\"@type\":\"ReadAction\",\"target\":[\"https:\/\/artgallery-passage.com\/de\/dielo\/sonnige-waelder\/\"]}]},{\"@type\":\"BreadcrumbList\",\"@id\":\"https:\/\/artgallery-passage.com\/de\/dielo\/sonnige-waelder\/#breadcrumb\",\"itemListElement\":[{\"@type\":\"ListItem\",\"position\":1,\"name\":\"Domovsk\u00e1 str\u00e1nka\",\"item\":\"https:\/\/artgallery-passage.com\/de\/\"},{\"@type\":\"ListItem\",\"position\":2,\"name\":\"Werke\",\"item\":\"https:\/\/artgallery-passage.com\/de\/werke\/\"},{\"@type\":\"ListItem\",\"position\":3,\"name\":\"Sonniger Wald\"}]},{\"@type\":\"WebSite\",\"@id\":\"https:\/\/artgallery-passage.com\/de\/#website\",\"url\":\"https:\/\/artgallery-passage.com\/de\/\",\"name\":\"ART PASSAGE GALLERY\",\"description\":\"Ru\u010dne ma\u013eovan\u00e9 obrazy\",\"potentialAction\":[{\"@type\":\"SearchAction\",\"target\":{\"@type\":\"EntryPoint\",\"urlTemplate\":\"https:\/\/artgallery-passage.com\/de\/?s={search_term_string}\"},\"query-input\":\"required name=search_term_string\"}],\"inLanguage\":\"de-DE\"}]}<\/script>\n<!-- \/ Yoast SEO plugin. -->","yoast_head_json":{"title":"Sonniger Wald - ART PASSAGE GALLERY","robots":{"index":"index","follow":"follow","max-snippet":"max-snippet:-1","max-image-preview":"max-image-preview:large","max-video-preview":"max-video-preview:-1"},"canonical":"https:\/\/artgallery-passage.com\/de\/dielo\/sonnige-waelder\/","og_locale":"de_DE","og_type":"article","og_title":"Sonniger Wald - ART PASSAGE GALLERY","og_description":"Autorin Tanja Frost Gr\u00f6\u00dfe: 60x90","og_url":"https:\/\/artgallery-passage.com\/de\/dielo\/sonnige-waelder\/","og_site_name":"ART PASSAGE GALLERY","og_image":[{"width":1192,"height":800,"url":"https:\/\/artgallery-passage.com\/wp-content\/uploads\/2023\/10\/7.jpg","type":"image\/jpeg"}],"twitter_card":"summary_large_image","twitter_misc":{"Est. reading time":"1 Minute"},"schema":{"@context":"https:\/\/schema.org","@graph":[{"@type":"WebPage","@id":"https:\/\/artgallery-passage.com\/de\/dielo\/sonnige-waelder\/","url":"https:\/\/artgallery-passage.com\/de\/dielo\/sonnige-waelder\/","name":"Sonniger Wald - ART PASSAGE GALLERY","isPartOf":{"@id":"https:\/\/artgallery-passage.com\/de\/#website"},"datePublished":"2023-10-18T10:23:21+00:00","dateModified":"2023-10-18T10:23:21+00:00","breadcrumb":{"@id":"https:\/\/artgallery-passage.com\/de\/dielo\/sonnige-waelder\/#breadcrumb"},"inLanguage":"de-DE","potentialAction":[{"@type":"ReadAction","target":["https:\/\/artgallery-passage.com\/de\/dielo\/sonnige-waelder\/"]}]},{"@type":"BreadcrumbList","@id":"https:\/\/artgallery-passage.com\/de\/dielo\/sonnige-waelder\/#breadcrumb","itemListElement":[{"@type":"ListItem","position":1,"name":"Domovsk\u00e1 str\u00e1nka","item":"https:\/\/artgallery-passage.com\/de\/"},{"@type":"ListItem","position":2,"name":"Werke","item":"https:\/\/artgallery-passage.com\/de\/werke\/"},{"@type":"ListItem","position":3,"name":"Sonniger Wald"}]},{"@type":"WebSite","@id":"https:\/\/artgallery-passage.com\/de\/#website","url":"https:\/\/artgallery-passage.com\/de\/","name":"ART PASSAGE GALLERY","description":"Ru\u010dne ma\u013eovan\u00e9 obrazy","potentialAction":[{"@type":"SearchAction","target":{"@type":"EntryPoint","urlTemplate":"https:\/\/artgallery-passage.com\/de\/?s={search_term_string}"},"query-input":"required name=search_term_string"}],"inLanguage":"de-DE"}]}},"_links":{"self":[{"href":"https:\/\/artgallery-passage.com\/de\/wp-json\/wp\/v2\/product\/2753"}],"collection":[{"href":"https:\/\/artgallery-passage.com\/de\/wp-json\/wp\/v2\/product"}],"about":[{"href":"https:\/\/artgallery-passage.com\/de\/wp-json\/wp\/v2\/types\/product"}],"wp:featuredmedia":[{"embeddable":true,"href":"https:\/\/artgallery-passage.com\/de\/wp-json\/wp\/v2\/media\/2613"}],"wp:attachment":[{"href":"https:\/\/artgallery-passage.com\/de\/wp-json\/wp\/v2\/media?parent=2753"}],"wp:term":[{"taxonomy":"product_cat","embeddable":true,"href":"https:\/\/artgallery-passage.com\/de\/wp-json\/wp\/v2\/product_cat?post=2753"},{"taxonomy":"product_tag","embeddable":true,"href":"https:\/\/artgallery-passage.com\/de\/wp-json\/wp\/v2\/product_tag?post=2753"}],"curies":[{"name":"wp","href":"https:\/\/api.w.org\/{rel}","templated":true}]}}