{"id":2754,"date":"2023-10-18T12:21:26","date_gmt":"2023-10-18T10:21:26","guid":{"rendered":"https:\/\/artgallery-passage.com\/dielo\/herbstzauber\/"},"modified":"2023-10-18T12:21:26","modified_gmt":"2023-10-18T10:21:26","slug":"herbstknoten","status":"publish","type":"product","link":"https:\/\/artgallery-passage.com\/de\/dielo\/herbstknoten\/","title":{"rendered":"Herbstzauber"},"content":{"rendered":"<p><strong>Autorin<\/strong> Tanja Frost<br \/>\n<strong>Gr\u00f6\u00dfe: <\/strong>60&#215;90<br \/>\n<strong>Art:<\/strong><br \/>\n<strong>Jahr der Gr\u00fcndung:<\/strong><\/p>\n<p><strong>Beschreibung:<\/strong><br \/>\nDie Leinwand f\u00e4ngt eine bezaubernde Atmosph\u00e4re mit einer perfekten Mischung aus mystischen Details ein. Das \u00e4therische Licht, das von den B\u00e4umen ausgeht, zieht Sie in den Bann und l\u00e4sst Sie in das Herz dieses zauberhaften Waldes eintauchen. Jeder Pinselstrich und jede Farbwahl tr\u00e4gt zu einem magischen Gesamteindruck bei und schafft ein wirklich fesselndes Werk. Das Gem\u00e4lde l\u00e4dt dazu ein, sich in seinen komplizierten Details zu verlieren, und offenbart mit jedem Blick einen neuen Zauber.<\/p>\n","protected":false},"excerpt":{"rendered":"<p><strong>Autorin<\/strong> Tanja Frost<br \/>\n<strong>Gr\u00f6\u00dfe: <\/strong>60&#215;90<\/p>\n","protected":false},"featured_media":2615,"template":"","meta":[],"product_cat":[566],"product_tag":[],"yoast_head":"<!-- This site is optimized with the Yoast SEO plugin v20.3 - https:\/\/yoast.com\/wordpress\/plugins\/seo\/ -->\n<title>Herbstzauber - ART PASSAGE GALLERY<\/title>\n<meta name=\"robots\" content=\"index, follow, max-snippet:-1, max-image-preview:large, max-video-preview:-1\" \/>\n<link rel=\"canonical\" href=\"https:\/\/artgallery-passage.com\/de\/dielo\/herbstknoten\/\" \/>\n<meta property=\"og:locale\" content=\"de_DE\" \/>\n<meta property=\"og:type\" content=\"article\" \/>\n<meta property=\"og:title\" content=\"Herbstzauber - ART PASSAGE GALLERY\" \/>\n<meta property=\"og:description\" content=\"Autorin Tanja Frost Gr\u00f6\u00dfe: 60x90\" \/>\n<meta property=\"og:url\" content=\"https:\/\/artgallery-passage.com\/de\/dielo\/herbstknoten\/\" \/>\n<meta property=\"og:site_name\" content=\"ART PASSAGE GALLERY\" \/>\n<meta property=\"og:image\" content=\"https:\/\/artgallery-passage.com\/wp-content\/uploads\/2023\/10\/6-1.jpg\" \/>\n\t<meta property=\"og:image:width\" content=\"1200\" \/>\n\t<meta property=\"og:image:height\" content=\"783\" \/>\n\t<meta property=\"og:image:type\" content=\"image\/jpeg\" \/>\n<meta name=\"twitter:card\" content=\"summary_large_image\" \/>\n<script type=\"application\/ld+json\" class=\"yoast-schema-graph\">{\"@context\":\"https:\/\/schema.org\",\"@graph\":[{\"@type\":\"WebPage\",\"@id\":\"https:\/\/artgallery-passage.com\/de\/dielo\/herbstknoten\/\",\"url\":\"https:\/\/artgallery-passage.com\/de\/dielo\/herbstknoten\/\",\"name\":\"Herbstzauber - ART PASSAGE GALLERY\",\"isPartOf\":{\"@id\":\"https:\/\/artgallery-passage.com\/de\/#website\"},\"datePublished\":\"2023-10-18T10:21:26+00:00\",\"dateModified\":\"2023-10-18T10:21:26+00:00\",\"breadcrumb\":{\"@id\":\"https:\/\/artgallery-passage.com\/de\/dielo\/herbstknoten\/#breadcrumb\"},\"inLanguage\":\"de-DE\",\"potentialAction\":[{\"@type\":\"ReadAction\",\"target\":[\"https:\/\/artgallery-passage.com\/de\/dielo\/herbstknoten\/\"]}]},{\"@type\":\"BreadcrumbList\",\"@id\":\"https:\/\/artgallery-passage.com\/de\/dielo\/herbstknoten\/#breadcrumb\",\"itemListElement\":[{\"@type\":\"ListItem\",\"position\":1,\"name\":\"Domovsk\u00e1 str\u00e1nka\",\"item\":\"https:\/\/artgallery-passage.com\/de\/\"},{\"@type\":\"ListItem\",\"position\":2,\"name\":\"Werke\",\"item\":\"https:\/\/artgallery-passage.com\/de\/werke\/\"},{\"@type\":\"ListItem\",\"position\":3,\"name\":\"Herbstzauber\"}]},{\"@type\":\"WebSite\",\"@id\":\"https:\/\/artgallery-passage.com\/de\/#website\",\"url\":\"https:\/\/artgallery-passage.com\/de\/\",\"name\":\"ART PASSAGE GALLERY\",\"description\":\"Ru\u010dne ma\u013eovan\u00e9 obrazy\",\"potentialAction\":[{\"@type\":\"SearchAction\",\"target\":{\"@type\":\"EntryPoint\",\"urlTemplate\":\"https:\/\/artgallery-passage.com\/de\/?s={search_term_string}\"},\"query-input\":\"required name=search_term_string\"}],\"inLanguage\":\"de-DE\"}]}<\/script>\n<!-- \/ Yoast SEO plugin. -->","yoast_head_json":{"title":"Herbstzauber - ART PASSAGE GALLERY","robots":{"index":"index","follow":"follow","max-snippet":"max-snippet:-1","max-image-preview":"max-image-preview:large","max-video-preview":"max-video-preview:-1"},"canonical":"https:\/\/artgallery-passage.com\/de\/dielo\/herbstknoten\/","og_locale":"de_DE","og_type":"article","og_title":"Herbstzauber - ART PASSAGE GALLERY","og_description":"Autorin Tanja Frost Gr\u00f6\u00dfe: 60x90","og_url":"https:\/\/artgallery-passage.com\/de\/dielo\/herbstknoten\/","og_site_name":"ART PASSAGE GALLERY","og_image":[{"width":1200,"height":783,"url":"https:\/\/artgallery-passage.com\/wp-content\/uploads\/2023\/10\/6-1.jpg","type":"image\/jpeg"}],"twitter_card":"summary_large_image","schema":{"@context":"https:\/\/schema.org","@graph":[{"@type":"WebPage","@id":"https:\/\/artgallery-passage.com\/de\/dielo\/herbstknoten\/","url":"https:\/\/artgallery-passage.com\/de\/dielo\/herbstknoten\/","name":"Herbstzauber - ART PASSAGE GALLERY","isPartOf":{"@id":"https:\/\/artgallery-passage.com\/de\/#website"},"datePublished":"2023-10-18T10:21:26+00:00","dateModified":"2023-10-18T10:21:26+00:00","breadcrumb":{"@id":"https:\/\/artgallery-passage.com\/de\/dielo\/herbstknoten\/#breadcrumb"},"inLanguage":"de-DE","potentialAction":[{"@type":"ReadAction","target":["https:\/\/artgallery-passage.com\/de\/dielo\/herbstknoten\/"]}]},{"@type":"BreadcrumbList","@id":"https:\/\/artgallery-passage.com\/de\/dielo\/herbstknoten\/#breadcrumb","itemListElement":[{"@type":"ListItem","position":1,"name":"Domovsk\u00e1 str\u00e1nka","item":"https:\/\/artgallery-passage.com\/de\/"},{"@type":"ListItem","position":2,"name":"Werke","item":"https:\/\/artgallery-passage.com\/de\/werke\/"},{"@type":"ListItem","position":3,"name":"Herbstzauber"}]},{"@type":"WebSite","@id":"https:\/\/artgallery-passage.com\/de\/#website","url":"https:\/\/artgallery-passage.com\/de\/","name":"ART PASSAGE GALLERY","description":"Ru\u010dne ma\u013eovan\u00e9 obrazy","potentialAction":[{"@type":"SearchAction","target":{"@type":"EntryPoint","urlTemplate":"https:\/\/artgallery-passage.com\/de\/?s={search_term_string}"},"query-input":"required name=search_term_string"}],"inLanguage":"de-DE"}]}},"_links":{"self":[{"href":"https:\/\/artgallery-passage.com\/de\/wp-json\/wp\/v2\/product\/2754"}],"collection":[{"href":"https:\/\/artgallery-passage.com\/de\/wp-json\/wp\/v2\/product"}],"about":[{"href":"https:\/\/artgallery-passage.com\/de\/wp-json\/wp\/v2\/types\/product"}],"wp:featuredmedia":[{"embeddable":true,"href":"https:\/\/artgallery-passage.com\/de\/wp-json\/wp\/v2\/media\/2615"}],"wp:attachment":[{"href":"https:\/\/artgallery-passage.com\/de\/wp-json\/wp\/v2\/media?parent=2754"}],"wp:term":[{"taxonomy":"product_cat","embeddable":true,"href":"https:\/\/artgallery-passage.com\/de\/wp-json\/wp\/v2\/product_cat?post=2754"},{"taxonomy":"product_tag","embeddable":true,"href":"https:\/\/artgallery-passage.com\/de\/wp-json\/wp\/v2\/product_tag?post=2754"}],"curies":[{"name":"wp","href":"https:\/\/api.w.org\/{rel}","templated":true}]}}