{"id":2755,"date":"2023-10-18T12:18:31","date_gmt":"2023-10-18T10:18:31","guid":{"rendered":"https:\/\/artgallery-passage.com\/dielo\/garten-eden\/"},"modified":"2023-10-18T12:18:31","modified_gmt":"2023-10-18T10:18:31","slug":"paradiesischer-garten","status":"publish","type":"product","link":"https:\/\/artgallery-passage.com\/de\/dielo\/paradiesischer-garten\/","title":{"rendered":"Garten Eden"},"content":{"rendered":"<p><strong>Autorin<\/strong> Tanja Frost<br \/>\n<strong>Gr\u00f6\u00dfe: <\/strong>90&#215;70<br \/>\n<strong>Art:<\/strong><br \/>\n<strong>Jahr der Gr\u00fcndung:<\/strong><\/p>\n<p><strong>Beschreibung:<\/strong><br \/>\nDieses Gem\u00e4lde erweckt ein Gef\u00fchl von Frieden und Harmonie, die Wiesenblumen schaffen einen unvergesslichen Moment des zarten Lebens. Die zarte, pr\u00e4chtige Farbpalette verzaubert durch ihre Sch\u00f6nheit und Eleganz. In diesem paradiesischen Garten k\u00f6nnen Sie sich in der Sch\u00f6nheit der Natur verlieren und innere Ruhe finden. Es ist ein Kunstwerk, das mit seiner einzigartigen Sch\u00f6nheit einen unausl\u00f6schlichen Eindruck bei uns hinterl\u00e4sst.<\/p>\n","protected":false},"excerpt":{"rendered":"<p><strong>Autorin<\/strong> Tanja Frost<br \/>\n<strong>Gr\u00f6\u00dfe: <\/strong>90&#215;70<\/p>\n","protected":false},"featured_media":2611,"template":"","meta":[],"product_cat":[566],"product_tag":[],"yoast_head":"<!-- This site is optimized with the Yoast SEO plugin v20.3 - https:\/\/yoast.com\/wordpress\/plugins\/seo\/ -->\n<title>Garten Eden - ART PASSAGE GALLERY<\/title>\n<meta name=\"robots\" content=\"index, follow, max-snippet:-1, max-image-preview:large, max-video-preview:-1\" \/>\n<link rel=\"canonical\" href=\"https:\/\/artgallery-passage.com\/de\/dielo\/paradiesischer-garten\/\" \/>\n<meta property=\"og:locale\" content=\"de_DE\" \/>\n<meta property=\"og:type\" content=\"article\" \/>\n<meta property=\"og:title\" content=\"Garten Eden - ART PASSAGE GALLERY\" \/>\n<meta property=\"og:description\" content=\"Autorin Tanja Frost Gr\u00f6\u00dfe: 90x70\" \/>\n<meta property=\"og:url\" content=\"https:\/\/artgallery-passage.com\/de\/dielo\/paradiesischer-garten\/\" \/>\n<meta property=\"og:site_name\" content=\"ART PASSAGE GALLERY\" \/>\n<meta property=\"og:image\" content=\"https:\/\/artgallery-passage.com\/wp-content\/uploads\/2023\/10\/5.jpg\" \/>\n\t<meta property=\"og:image:width\" content=\"1033\" \/>\n\t<meta property=\"og:image:height\" content=\"800\" \/>\n\t<meta property=\"og:image:type\" content=\"image\/jpeg\" \/>\n<meta name=\"twitter:card\" content=\"summary_large_image\" \/>\n<script type=\"application\/ld+json\" class=\"yoast-schema-graph\">{\"@context\":\"https:\/\/schema.org\",\"@graph\":[{\"@type\":\"WebPage\",\"@id\":\"https:\/\/artgallery-passage.com\/de\/dielo\/paradiesischer-garten\/\",\"url\":\"https:\/\/artgallery-passage.com\/de\/dielo\/paradiesischer-garten\/\",\"name\":\"Garten Eden - ART PASSAGE GALLERY\",\"isPartOf\":{\"@id\":\"https:\/\/artgallery-passage.com\/de\/#website\"},\"datePublished\":\"2023-10-18T10:18:31+00:00\",\"dateModified\":\"2023-10-18T10:18:31+00:00\",\"breadcrumb\":{\"@id\":\"https:\/\/artgallery-passage.com\/de\/dielo\/paradiesischer-garten\/#breadcrumb\"},\"inLanguage\":\"de-DE\",\"potentialAction\":[{\"@type\":\"ReadAction\",\"target\":[\"https:\/\/artgallery-passage.com\/de\/dielo\/paradiesischer-garten\/\"]}]},{\"@type\":\"BreadcrumbList\",\"@id\":\"https:\/\/artgallery-passage.com\/de\/dielo\/paradiesischer-garten\/#breadcrumb\",\"itemListElement\":[{\"@type\":\"ListItem\",\"position\":1,\"name\":\"Domovsk\u00e1 str\u00e1nka\",\"item\":\"https:\/\/artgallery-passage.com\/de\/\"},{\"@type\":\"ListItem\",\"position\":2,\"name\":\"Werke\",\"item\":\"https:\/\/artgallery-passage.com\/de\/werke\/\"},{\"@type\":\"ListItem\",\"position\":3,\"name\":\"Garten Eden\"}]},{\"@type\":\"WebSite\",\"@id\":\"https:\/\/artgallery-passage.com\/de\/#website\",\"url\":\"https:\/\/artgallery-passage.com\/de\/\",\"name\":\"ART PASSAGE GALLERY\",\"description\":\"Ru\u010dne ma\u013eovan\u00e9 obrazy\",\"potentialAction\":[{\"@type\":\"SearchAction\",\"target\":{\"@type\":\"EntryPoint\",\"urlTemplate\":\"https:\/\/artgallery-passage.com\/de\/?s={search_term_string}\"},\"query-input\":\"required name=search_term_string\"}],\"inLanguage\":\"de-DE\"}]}<\/script>\n<!-- \/ Yoast SEO plugin. -->","yoast_head_json":{"title":"Garten Eden - ART PASSAGE GALLERY","robots":{"index":"index","follow":"follow","max-snippet":"max-snippet:-1","max-image-preview":"max-image-preview:large","max-video-preview":"max-video-preview:-1"},"canonical":"https:\/\/artgallery-passage.com\/de\/dielo\/paradiesischer-garten\/","og_locale":"de_DE","og_type":"article","og_title":"Garten Eden - ART PASSAGE GALLERY","og_description":"Autorin Tanja Frost Gr\u00f6\u00dfe: 90x70","og_url":"https:\/\/artgallery-passage.com\/de\/dielo\/paradiesischer-garten\/","og_site_name":"ART PASSAGE GALLERY","og_image":[{"width":1033,"height":800,"url":"https:\/\/artgallery-passage.com\/wp-content\/uploads\/2023\/10\/5.jpg","type":"image\/jpeg"}],"twitter_card":"summary_large_image","schema":{"@context":"https:\/\/schema.org","@graph":[{"@type":"WebPage","@id":"https:\/\/artgallery-passage.com\/de\/dielo\/paradiesischer-garten\/","url":"https:\/\/artgallery-passage.com\/de\/dielo\/paradiesischer-garten\/","name":"Garten Eden - ART PASSAGE GALLERY","isPartOf":{"@id":"https:\/\/artgallery-passage.com\/de\/#website"},"datePublished":"2023-10-18T10:18:31+00:00","dateModified":"2023-10-18T10:18:31+00:00","breadcrumb":{"@id":"https:\/\/artgallery-passage.com\/de\/dielo\/paradiesischer-garten\/#breadcrumb"},"inLanguage":"de-DE","potentialAction":[{"@type":"ReadAction","target":["https:\/\/artgallery-passage.com\/de\/dielo\/paradiesischer-garten\/"]}]},{"@type":"BreadcrumbList","@id":"https:\/\/artgallery-passage.com\/de\/dielo\/paradiesischer-garten\/#breadcrumb","itemListElement":[{"@type":"ListItem","position":1,"name":"Domovsk\u00e1 str\u00e1nka","item":"https:\/\/artgallery-passage.com\/de\/"},{"@type":"ListItem","position":2,"name":"Werke","item":"https:\/\/artgallery-passage.com\/de\/werke\/"},{"@type":"ListItem","position":3,"name":"Garten Eden"}]},{"@type":"WebSite","@id":"https:\/\/artgallery-passage.com\/de\/#website","url":"https:\/\/artgallery-passage.com\/de\/","name":"ART PASSAGE GALLERY","description":"Ru\u010dne ma\u013eovan\u00e9 obrazy","potentialAction":[{"@type":"SearchAction","target":{"@type":"EntryPoint","urlTemplate":"https:\/\/artgallery-passage.com\/de\/?s={search_term_string}"},"query-input":"required name=search_term_string"}],"inLanguage":"de-DE"}]}},"_links":{"self":[{"href":"https:\/\/artgallery-passage.com\/de\/wp-json\/wp\/v2\/product\/2755"}],"collection":[{"href":"https:\/\/artgallery-passage.com\/de\/wp-json\/wp\/v2\/product"}],"about":[{"href":"https:\/\/artgallery-passage.com\/de\/wp-json\/wp\/v2\/types\/product"}],"wp:featuredmedia":[{"embeddable":true,"href":"https:\/\/artgallery-passage.com\/de\/wp-json\/wp\/v2\/media\/2611"}],"wp:attachment":[{"href":"https:\/\/artgallery-passage.com\/de\/wp-json\/wp\/v2\/media?parent=2755"}],"wp:term":[{"taxonomy":"product_cat","embeddable":true,"href":"https:\/\/artgallery-passage.com\/de\/wp-json\/wp\/v2\/product_cat?post=2755"},{"taxonomy":"product_tag","embeddable":true,"href":"https:\/\/artgallery-passage.com\/de\/wp-json\/wp\/v2\/product_tag?post=2755"}],"curies":[{"name":"wp","href":"https:\/\/api.w.org\/{rel}","templated":true}]}}