{"id":2756,"date":"2023-10-18T12:16:46","date_gmt":"2023-10-18T10:16:46","guid":{"rendered":"https:\/\/artgallery-passage.com\/dielo\/leidenschaft-und-zaertlichkeit\/"},"modified":"2023-10-18T12:16:46","modified_gmt":"2023-10-18T10:16:46","slug":"vasen-a-neha","status":"publish","type":"product","link":"https:\/\/artgallery-passage.com\/de\/dielo\/vasen-a-neha\/","title":{"rendered":"Leidenschaft und Z\u00e4rtlichkeit"},"content":{"rendered":"<p><strong>Autorin<\/strong> Tanja Frost<br \/>\n<strong>Gr\u00f6\u00dfe: <\/strong>80&#215;100<br \/>\n<strong>Art:<\/strong><br \/>\n<strong>Jahr der Gr\u00fcndung:<\/strong><\/p>\n<p><strong>Beschreibung:<\/strong><br \/>\nIch habe alle Farben meiner Gef\u00fchle gemalt, weil sie wahr und stark sind.Ich liebe Wildblumen! Sie erfreuen uns mit all den Farben des Regenbogens, f\u00fcgen Duft und besondere Sommerw\u00e4rme. Auch wenn sie jetzt nicht bl\u00fchen &#8211; ich erinnere mich genau an sie und habe dieses Bild erfunden. Es ist real und phantasievoll zugleich. Floraler Zauber auf Leinwand. Ich habe eine mehrschichtige Technik verwendet, dieses Gem\u00e4lde ist ein unwiederholbares Schmuckst\u00fcck f\u00fcr Ihr Zuhause.<\/p>\n","protected":false},"excerpt":{"rendered":"<p><strong>Autorin<\/strong> Tanja Frost<br \/>\n<strong>Gr\u00f6\u00dfe: <\/strong>80&#215;100<\/p>\n","protected":false},"featured_media":2610,"template":"","meta":[],"product_cat":[566],"product_tag":[],"yoast_head":"<!-- This site is optimized with the Yoast SEO plugin v20.3 - https:\/\/yoast.com\/wordpress\/plugins\/seo\/ -->\n<title>Leidenschaft und Z\u00e4rtlichkeit - ART PASSAGE GALLERY<\/title>\n<meta name=\"robots\" content=\"index, follow, max-snippet:-1, max-image-preview:large, max-video-preview:-1\" \/>\n<link rel=\"canonical\" href=\"https:\/\/artgallery-passage.com\/de\/dielo\/vasen-a-neha\/\" \/>\n<meta property=\"og:locale\" content=\"de_DE\" \/>\n<meta property=\"og:type\" content=\"article\" \/>\n<meta property=\"og:title\" content=\"Leidenschaft und Z\u00e4rtlichkeit - ART PASSAGE GALLERY\" \/>\n<meta property=\"og:description\" content=\"Autorin Tanja Frost Gr\u00f6\u00dfe: 80x100\" \/>\n<meta property=\"og:url\" content=\"https:\/\/artgallery-passage.com\/de\/dielo\/vasen-a-neha\/\" \/>\n<meta property=\"og:site_name\" content=\"ART PASSAGE GALLERY\" \/>\n<meta property=\"og:image\" content=\"https:\/\/artgallery-passage.com\/wp-content\/uploads\/2023\/10\/4.jpg\" \/>\n\t<meta property=\"og:image:width\" content=\"1049\" \/>\n\t<meta property=\"og:image:height\" content=\"800\" \/>\n\t<meta property=\"og:image:type\" content=\"image\/jpeg\" \/>\n<meta name=\"twitter:card\" content=\"summary_large_image\" \/>\n<script type=\"application\/ld+json\" class=\"yoast-schema-graph\">{\"@context\":\"https:\/\/schema.org\",\"@graph\":[{\"@type\":\"WebPage\",\"@id\":\"https:\/\/artgallery-passage.com\/de\/dielo\/vasen-a-neha\/\",\"url\":\"https:\/\/artgallery-passage.com\/de\/dielo\/vasen-a-neha\/\",\"name\":\"Leidenschaft und Z\u00e4rtlichkeit - ART PASSAGE GALLERY\",\"isPartOf\":{\"@id\":\"https:\/\/artgallery-passage.com\/de\/#website\"},\"datePublished\":\"2023-10-18T10:16:46+00:00\",\"dateModified\":\"2023-10-18T10:16:46+00:00\",\"breadcrumb\":{\"@id\":\"https:\/\/artgallery-passage.com\/de\/dielo\/vasen-a-neha\/#breadcrumb\"},\"inLanguage\":\"de-DE\",\"potentialAction\":[{\"@type\":\"ReadAction\",\"target\":[\"https:\/\/artgallery-passage.com\/de\/dielo\/vasen-a-neha\/\"]}]},{\"@type\":\"BreadcrumbList\",\"@id\":\"https:\/\/artgallery-passage.com\/de\/dielo\/vasen-a-neha\/#breadcrumb\",\"itemListElement\":[{\"@type\":\"ListItem\",\"position\":1,\"name\":\"Domovsk\u00e1 str\u00e1nka\",\"item\":\"https:\/\/artgallery-passage.com\/de\/\"},{\"@type\":\"ListItem\",\"position\":2,\"name\":\"Werke\",\"item\":\"https:\/\/artgallery-passage.com\/de\/werke\/\"},{\"@type\":\"ListItem\",\"position\":3,\"name\":\"Leidenschaft und Z\u00e4rtlichkeit\"}]},{\"@type\":\"WebSite\",\"@id\":\"https:\/\/artgallery-passage.com\/de\/#website\",\"url\":\"https:\/\/artgallery-passage.com\/de\/\",\"name\":\"ART PASSAGE GALLERY\",\"description\":\"Ru\u010dne ma\u013eovan\u00e9 obrazy\",\"potentialAction\":[{\"@type\":\"SearchAction\",\"target\":{\"@type\":\"EntryPoint\",\"urlTemplate\":\"https:\/\/artgallery-passage.com\/de\/?s={search_term_string}\"},\"query-input\":\"required name=search_term_string\"}],\"inLanguage\":\"de-DE\"}]}<\/script>\n<!-- \/ Yoast SEO plugin. -->","yoast_head_json":{"title":"Leidenschaft und Z\u00e4rtlichkeit - ART PASSAGE GALLERY","robots":{"index":"index","follow":"follow","max-snippet":"max-snippet:-1","max-image-preview":"max-image-preview:large","max-video-preview":"max-video-preview:-1"},"canonical":"https:\/\/artgallery-passage.com\/de\/dielo\/vasen-a-neha\/","og_locale":"de_DE","og_type":"article","og_title":"Leidenschaft und Z\u00e4rtlichkeit - ART PASSAGE GALLERY","og_description":"Autorin Tanja Frost Gr\u00f6\u00dfe: 80x100","og_url":"https:\/\/artgallery-passage.com\/de\/dielo\/vasen-a-neha\/","og_site_name":"ART PASSAGE GALLERY","og_image":[{"width":1049,"height":800,"url":"https:\/\/artgallery-passage.com\/wp-content\/uploads\/2023\/10\/4.jpg","type":"image\/jpeg"}],"twitter_card":"summary_large_image","schema":{"@context":"https:\/\/schema.org","@graph":[{"@type":"WebPage","@id":"https:\/\/artgallery-passage.com\/de\/dielo\/vasen-a-neha\/","url":"https:\/\/artgallery-passage.com\/de\/dielo\/vasen-a-neha\/","name":"Leidenschaft und Z\u00e4rtlichkeit - ART PASSAGE GALLERY","isPartOf":{"@id":"https:\/\/artgallery-passage.com\/de\/#website"},"datePublished":"2023-10-18T10:16:46+00:00","dateModified":"2023-10-18T10:16:46+00:00","breadcrumb":{"@id":"https:\/\/artgallery-passage.com\/de\/dielo\/vasen-a-neha\/#breadcrumb"},"inLanguage":"de-DE","potentialAction":[{"@type":"ReadAction","target":["https:\/\/artgallery-passage.com\/de\/dielo\/vasen-a-neha\/"]}]},{"@type":"BreadcrumbList","@id":"https:\/\/artgallery-passage.com\/de\/dielo\/vasen-a-neha\/#breadcrumb","itemListElement":[{"@type":"ListItem","position":1,"name":"Domovsk\u00e1 str\u00e1nka","item":"https:\/\/artgallery-passage.com\/de\/"},{"@type":"ListItem","position":2,"name":"Werke","item":"https:\/\/artgallery-passage.com\/de\/werke\/"},{"@type":"ListItem","position":3,"name":"Leidenschaft und Z\u00e4rtlichkeit"}]},{"@type":"WebSite","@id":"https:\/\/artgallery-passage.com\/de\/#website","url":"https:\/\/artgallery-passage.com\/de\/","name":"ART PASSAGE GALLERY","description":"Ru\u010dne ma\u013eovan\u00e9 obrazy","potentialAction":[{"@type":"SearchAction","target":{"@type":"EntryPoint","urlTemplate":"https:\/\/artgallery-passage.com\/de\/?s={search_term_string}"},"query-input":"required name=search_term_string"}],"inLanguage":"de-DE"}]}},"_links":{"self":[{"href":"https:\/\/artgallery-passage.com\/de\/wp-json\/wp\/v2\/product\/2756"}],"collection":[{"href":"https:\/\/artgallery-passage.com\/de\/wp-json\/wp\/v2\/product"}],"about":[{"href":"https:\/\/artgallery-passage.com\/de\/wp-json\/wp\/v2\/types\/product"}],"wp:featuredmedia":[{"embeddable":true,"href":"https:\/\/artgallery-passage.com\/de\/wp-json\/wp\/v2\/media\/2610"}],"wp:attachment":[{"href":"https:\/\/artgallery-passage.com\/de\/wp-json\/wp\/v2\/media?parent=2756"}],"wp:term":[{"taxonomy":"product_cat","embeddable":true,"href":"https:\/\/artgallery-passage.com\/de\/wp-json\/wp\/v2\/product_cat?post=2756"},{"taxonomy":"product_tag","embeddable":true,"href":"https:\/\/artgallery-passage.com\/de\/wp-json\/wp\/v2\/product_tag?post=2756"}],"curies":[{"name":"wp","href":"https:\/\/api.w.org\/{rel}","templated":true}]}}