{"id":2763,"date":"2023-10-02T12:50:04","date_gmt":"2023-10-02T10:50:04","guid":{"rendered":"https:\/\/artgallery-passage.com\/dielo\/fin-troppo-damore-zu-viel-liebe-pop\/"},"modified":"2023-10-02T12:50:04","modified_gmt":"2023-10-02T10:50:04","slug":"fin-troppo-damore-drivela-lasky-pop","status":"publish","type":"product","link":"https:\/\/artgallery-passage.com\/de\/dielo\/fin-troppo-damore-drivela-lasky-pop\/","title":{"rendered":"Fin troppo d&#8217;amore &#8222;Zu viel Liebe; POP&#8220;"},"content":{"rendered":"<p><strong>Autor:<\/strong> D\u00e1\u0161a Kr\u010dm\u00e1rikov\u00e1<br \/>\n<strong>Gr\u00f6\u00dfe: <\/strong>70&#215;70<br \/>\n<strong>Typ:<\/strong> \u00d6l auf Leinwand<br \/>\n<strong>Jahr der Gr\u00fcndung:<\/strong> 2013<\/p>\n<p><strong>Beschreibung:<\/strong><\/p>\n<p>Dies ist die zweite Version des Themas Gewalt. Ich verwende Licht und Gelb, um die Aufmerksamkeit auf das Zentrum eines dunklen, geheimnisvollen Raums zu lenken, in dem etwas passiert oder eine unangenehme \u00dcberraschung bevorsteht. Die Farbe Gelb wird in der Zivilisation und in der Natur oft mit einer Warnung, einem Aufruf zur Aufmerksamkeit assoziiert. Dieses Gem\u00e4lde wurde in den Katalog aufgenommen und anl\u00e4sslich der Biennale internazionale d&#8217;arte di Asolo, Asolo, Italien, ausgestellt.<\/p>\n","protected":false},"excerpt":{"rendered":"<p><strong>Autor:<\/strong> D\u00e1\u0161a Kr\u010dm\u00e1rikov\u00e1<br \/>\n<strong>Gr\u00f6\u00dfe: <\/strong>70&#215;70<br \/>\n<strong>Typ:<\/strong> \u00d6l auf Leinwand<\/p>\n","protected":false},"featured_media":2600,"template":"","meta":[],"product_cat":[566],"product_tag":[],"yoast_head":"<!-- This site is optimized with the Yoast SEO plugin v20.3 - https:\/\/yoast.com\/wordpress\/plugins\/seo\/ -->\n<title>Fin troppo d&#039;amore &quot;Zu viel Liebe; POP&quot; - ART PASSAGE GALLERY<\/title>\n<meta name=\"robots\" content=\"index, follow, max-snippet:-1, max-image-preview:large, max-video-preview:-1\" \/>\n<link rel=\"canonical\" href=\"https:\/\/artgallery-passage.com\/de\/dielo\/fin-troppo-damore-drivela-lasky-pop\/\" \/>\n<meta property=\"og:locale\" content=\"de_DE\" \/>\n<meta property=\"og:type\" content=\"article\" \/>\n<meta property=\"og:title\" content=\"Fin troppo d&#039;amore &quot;Zu viel Liebe; POP&quot; - ART PASSAGE GALLERY\" \/>\n<meta property=\"og:description\" content=\"Autor: D\u00e1\u0161a Kr\u010dm\u00e1rikov\u00e1 Gr\u00f6\u00dfe: 70x70 Typ: \u00d6l auf Leinwand\" \/>\n<meta property=\"og:url\" content=\"https:\/\/artgallery-passage.com\/de\/dielo\/fin-troppo-damore-drivela-lasky-pop\/\" \/>\n<meta property=\"og:site_name\" content=\"ART PASSAGE GALLERY\" \/>\n<meta property=\"og:image\" content=\"https:\/\/artgallery-passage.com\/wp-content\/uploads\/2023\/10\/Fintroppo-damore_-POP.-70x70cm.jpg\" \/>\n\t<meta property=\"og:image:width\" content=\"801\" \/>\n\t<meta property=\"og:image:height\" content=\"800\" \/>\n\t<meta property=\"og:image:type\" content=\"image\/jpeg\" \/>\n<meta name=\"twitter:card\" content=\"summary_large_image\" \/>\n<script type=\"application\/ld+json\" class=\"yoast-schema-graph\">{\"@context\":\"https:\/\/schema.org\",\"@graph\":[{\"@type\":\"WebPage\",\"@id\":\"https:\/\/artgallery-passage.com\/de\/dielo\/fin-troppo-damore-drivela-lasky-pop\/\",\"url\":\"https:\/\/artgallery-passage.com\/de\/dielo\/fin-troppo-damore-drivela-lasky-pop\/\",\"name\":\"Fin troppo d'amore \\\"Zu viel Liebe; POP\\\" - ART PASSAGE GALLERY\",\"isPartOf\":{\"@id\":\"https:\/\/artgallery-passage.com\/de\/#website\"},\"datePublished\":\"2023-10-02T10:50:04+00:00\",\"dateModified\":\"2023-10-02T10:50:04+00:00\",\"breadcrumb\":{\"@id\":\"https:\/\/artgallery-passage.com\/de\/dielo\/fin-troppo-damore-drivela-lasky-pop\/#breadcrumb\"},\"inLanguage\":\"de-DE\",\"potentialAction\":[{\"@type\":\"ReadAction\",\"target\":[\"https:\/\/artgallery-passage.com\/de\/dielo\/fin-troppo-damore-drivela-lasky-pop\/\"]}]},{\"@type\":\"BreadcrumbList\",\"@id\":\"https:\/\/artgallery-passage.com\/de\/dielo\/fin-troppo-damore-drivela-lasky-pop\/#breadcrumb\",\"itemListElement\":[{\"@type\":\"ListItem\",\"position\":1,\"name\":\"Domovsk\u00e1 str\u00e1nka\",\"item\":\"https:\/\/artgallery-passage.com\/de\/\"},{\"@type\":\"ListItem\",\"position\":2,\"name\":\"Werke\",\"item\":\"https:\/\/artgallery-passage.com\/de\/werke\/\"},{\"@type\":\"ListItem\",\"position\":3,\"name\":\"Fin troppo d&#8217;amore &#8222;Zu viel Liebe; POP&#8220;\"}]},{\"@type\":\"WebSite\",\"@id\":\"https:\/\/artgallery-passage.com\/de\/#website\",\"url\":\"https:\/\/artgallery-passage.com\/de\/\",\"name\":\"ART PASSAGE GALLERY\",\"description\":\"Ru\u010dne ma\u013eovan\u00e9 obrazy\",\"potentialAction\":[{\"@type\":\"SearchAction\",\"target\":{\"@type\":\"EntryPoint\",\"urlTemplate\":\"https:\/\/artgallery-passage.com\/de\/?s={search_term_string}\"},\"query-input\":\"required name=search_term_string\"}],\"inLanguage\":\"de-DE\"}]}<\/script>\n<!-- \/ Yoast SEO plugin. -->","yoast_head_json":{"title":"Fin troppo d'amore \"Zu viel Liebe; POP\" - ART PASSAGE GALLERY","robots":{"index":"index","follow":"follow","max-snippet":"max-snippet:-1","max-image-preview":"max-image-preview:large","max-video-preview":"max-video-preview:-1"},"canonical":"https:\/\/artgallery-passage.com\/de\/dielo\/fin-troppo-damore-drivela-lasky-pop\/","og_locale":"de_DE","og_type":"article","og_title":"Fin troppo d'amore \"Zu viel Liebe; POP\" - ART PASSAGE GALLERY","og_description":"Autor: D\u00e1\u0161a Kr\u010dm\u00e1rikov\u00e1 Gr\u00f6\u00dfe: 70x70 Typ: \u00d6l auf Leinwand","og_url":"https:\/\/artgallery-passage.com\/de\/dielo\/fin-troppo-damore-drivela-lasky-pop\/","og_site_name":"ART PASSAGE GALLERY","og_image":[{"width":801,"height":800,"url":"https:\/\/artgallery-passage.com\/wp-content\/uploads\/2023\/10\/Fintroppo-damore_-POP.-70x70cm.jpg","type":"image\/jpeg"}],"twitter_card":"summary_large_image","schema":{"@context":"https:\/\/schema.org","@graph":[{"@type":"WebPage","@id":"https:\/\/artgallery-passage.com\/de\/dielo\/fin-troppo-damore-drivela-lasky-pop\/","url":"https:\/\/artgallery-passage.com\/de\/dielo\/fin-troppo-damore-drivela-lasky-pop\/","name":"Fin troppo d'amore \"Zu viel Liebe; POP\" - ART PASSAGE GALLERY","isPartOf":{"@id":"https:\/\/artgallery-passage.com\/de\/#website"},"datePublished":"2023-10-02T10:50:04+00:00","dateModified":"2023-10-02T10:50:04+00:00","breadcrumb":{"@id":"https:\/\/artgallery-passage.com\/de\/dielo\/fin-troppo-damore-drivela-lasky-pop\/#breadcrumb"},"inLanguage":"de-DE","potentialAction":[{"@type":"ReadAction","target":["https:\/\/artgallery-passage.com\/de\/dielo\/fin-troppo-damore-drivela-lasky-pop\/"]}]},{"@type":"BreadcrumbList","@id":"https:\/\/artgallery-passage.com\/de\/dielo\/fin-troppo-damore-drivela-lasky-pop\/#breadcrumb","itemListElement":[{"@type":"ListItem","position":1,"name":"Domovsk\u00e1 str\u00e1nka","item":"https:\/\/artgallery-passage.com\/de\/"},{"@type":"ListItem","position":2,"name":"Werke","item":"https:\/\/artgallery-passage.com\/de\/werke\/"},{"@type":"ListItem","position":3,"name":"Fin troppo d&#8217;amore &#8222;Zu viel Liebe; POP&#8220;"}]},{"@type":"WebSite","@id":"https:\/\/artgallery-passage.com\/de\/#website","url":"https:\/\/artgallery-passage.com\/de\/","name":"ART PASSAGE GALLERY","description":"Ru\u010dne ma\u013eovan\u00e9 obrazy","potentialAction":[{"@type":"SearchAction","target":{"@type":"EntryPoint","urlTemplate":"https:\/\/artgallery-passage.com\/de\/?s={search_term_string}"},"query-input":"required name=search_term_string"}],"inLanguage":"de-DE"}]}},"_links":{"self":[{"href":"https:\/\/artgallery-passage.com\/de\/wp-json\/wp\/v2\/product\/2763"}],"collection":[{"href":"https:\/\/artgallery-passage.com\/de\/wp-json\/wp\/v2\/product"}],"about":[{"href":"https:\/\/artgallery-passage.com\/de\/wp-json\/wp\/v2\/types\/product"}],"wp:featuredmedia":[{"embeddable":true,"href":"https:\/\/artgallery-passage.com\/de\/wp-json\/wp\/v2\/media\/2600"}],"wp:attachment":[{"href":"https:\/\/artgallery-passage.com\/de\/wp-json\/wp\/v2\/media?parent=2763"}],"wp:term":[{"taxonomy":"product_cat","embeddable":true,"href":"https:\/\/artgallery-passage.com\/de\/wp-json\/wp\/v2\/product_cat?post=2763"},{"taxonomy":"product_tag","embeddable":true,"href":"https:\/\/artgallery-passage.com\/de\/wp-json\/wp\/v2\/product_tag?post=2763"}],"curies":[{"name":"wp","href":"https:\/\/api.w.org\/{rel}","templated":true}]}}