{"id":2764,"date":"2023-10-02T12:46:55","date_gmt":"2023-10-02T10:46:55","guid":{"rendered":"https:\/\/artgallery-passage.com\/dielo\/fin-troppo-damore-zu-viel-liebe\/"},"modified":"2023-10-02T12:46:55","modified_gmt":"2023-10-02T10:46:55","slug":"fin-troppo-damore-drivela-lasky","status":"publish","type":"product","link":"https:\/\/artgallery-passage.com\/de\/dielo\/fin-troppo-damore-drivela-lasky\/","title":{"rendered":"Fin troppo d&#8217;amore &#8222;Zu viel Liebe&#8220;"},"content":{"rendered":"<p><strong>Autor:<\/strong> D\u00e1\u0161a Kr\u010dm\u00e1rikov\u00e1<br \/>\n<strong>Gr\u00f6\u00dfe: <\/strong>70&#215;70<br \/>\n<strong>Typ:<\/strong> \u00d6l auf Leinwand<br \/>\n<strong>Jahr der Gr\u00fcndung:<\/strong> 2013<\/p>\n<p><strong>Beschreibung:<\/strong><\/p>\n<p>Es ist die erste von zwei Versionen des Themas Gewalt gegen Frauen. Als ich es schuf, hatte ich das Bild des leise fallenden Schnees vor Augen, der, wenn er sehr lange und in gro\u00dfen Mengen f\u00e4llt, gef\u00e4hrlich wird. Wei\u00df steht f\u00fcr Unschuld, Reinheit und andere positive Eigenschaften, die traditionell mit dem Wort Liebe als Bezeichnung f\u00fcr das h\u00f6chste und edelste Gef\u00fchl in Verbindung gebracht werden. Aus dieser H\u00fclle ragen die H\u00e4nde hervor, die ihr Opfer gefangen halten.<\/p>\n","protected":false},"excerpt":{"rendered":"<p><strong>Autor:<\/strong> D\u00e1\u0161a Kr\u010dm\u00e1rikov\u00e1<br \/>\n<strong>Gr\u00f6\u00dfe: <\/strong>70&#215;70<br \/>\n<strong>Typ:<\/strong> \u00d6l auf Leinwand<\/p>\n","protected":false},"featured_media":2599,"template":"","meta":[],"product_cat":[566],"product_tag":[],"yoast_head":"<!-- This site is optimized with the Yoast SEO plugin v20.3 - https:\/\/yoast.com\/wordpress\/plugins\/seo\/ -->\n<title>Fin troppo d&#039;amore &quot;Zu viel Liebe&quot; - ART PASSAGE GALLERY<\/title>\n<meta name=\"robots\" content=\"index, follow, max-snippet:-1, max-image-preview:large, max-video-preview:-1\" \/>\n<link rel=\"canonical\" href=\"https:\/\/artgallery-passage.com\/de\/dielo\/fin-troppo-damore-drivela-lasky\/\" \/>\n<meta property=\"og:locale\" content=\"de_DE\" \/>\n<meta property=\"og:type\" content=\"article\" \/>\n<meta property=\"og:title\" content=\"Fin troppo d&#039;amore &quot;Zu viel Liebe&quot; - ART PASSAGE GALLERY\" \/>\n<meta property=\"og:description\" content=\"Autor: D\u00e1\u0161a Kr\u010dm\u00e1rikov\u00e1 Gr\u00f6\u00dfe: 70x70 Typ: \u00d6l auf Leinwand\" \/>\n<meta property=\"og:url\" content=\"https:\/\/artgallery-passage.com\/de\/dielo\/fin-troppo-damore-drivela-lasky\/\" \/>\n<meta property=\"og:site_name\" content=\"ART PASSAGE GALLERY\" \/>\n<meta property=\"og:image\" content=\"https:\/\/artgallery-passage.com\/wp-content\/uploads\/2023\/10\/Fintroppo-damore_-Biela-smrt.70x70cm.jpg\" \/>\n\t<meta property=\"og:image:width\" content=\"801\" \/>\n\t<meta property=\"og:image:height\" content=\"800\" \/>\n\t<meta property=\"og:image:type\" content=\"image\/jpeg\" \/>\n<meta name=\"twitter:card\" content=\"summary_large_image\" \/>\n<meta name=\"twitter:label1\" content=\"Est. reading time\" \/>\n\t<meta name=\"twitter:data1\" content=\"1 Minute\" \/>\n<script type=\"application\/ld+json\" class=\"yoast-schema-graph\">{\"@context\":\"https:\/\/schema.org\",\"@graph\":[{\"@type\":\"WebPage\",\"@id\":\"https:\/\/artgallery-passage.com\/de\/dielo\/fin-troppo-damore-drivela-lasky\/\",\"url\":\"https:\/\/artgallery-passage.com\/de\/dielo\/fin-troppo-damore-drivela-lasky\/\",\"name\":\"Fin troppo d'amore \\\"Zu viel Liebe\\\" - ART PASSAGE GALLERY\",\"isPartOf\":{\"@id\":\"https:\/\/artgallery-passage.com\/de\/#website\"},\"datePublished\":\"2023-10-02T10:46:55+00:00\",\"dateModified\":\"2023-10-02T10:46:55+00:00\",\"breadcrumb\":{\"@id\":\"https:\/\/artgallery-passage.com\/de\/dielo\/fin-troppo-damore-drivela-lasky\/#breadcrumb\"},\"inLanguage\":\"de-DE\",\"potentialAction\":[{\"@type\":\"ReadAction\",\"target\":[\"https:\/\/artgallery-passage.com\/de\/dielo\/fin-troppo-damore-drivela-lasky\/\"]}]},{\"@type\":\"BreadcrumbList\",\"@id\":\"https:\/\/artgallery-passage.com\/de\/dielo\/fin-troppo-damore-drivela-lasky\/#breadcrumb\",\"itemListElement\":[{\"@type\":\"ListItem\",\"position\":1,\"name\":\"Domovsk\u00e1 str\u00e1nka\",\"item\":\"https:\/\/artgallery-passage.com\/de\/\"},{\"@type\":\"ListItem\",\"position\":2,\"name\":\"Werke\",\"item\":\"https:\/\/artgallery-passage.com\/de\/werke\/\"},{\"@type\":\"ListItem\",\"position\":3,\"name\":\"Fin troppo d&#8217;amore &#8222;Zu viel Liebe&#8220;\"}]},{\"@type\":\"WebSite\",\"@id\":\"https:\/\/artgallery-passage.com\/de\/#website\",\"url\":\"https:\/\/artgallery-passage.com\/de\/\",\"name\":\"ART PASSAGE GALLERY\",\"description\":\"Ru\u010dne ma\u013eovan\u00e9 obrazy\",\"potentialAction\":[{\"@type\":\"SearchAction\",\"target\":{\"@type\":\"EntryPoint\",\"urlTemplate\":\"https:\/\/artgallery-passage.com\/de\/?s={search_term_string}\"},\"query-input\":\"required name=search_term_string\"}],\"inLanguage\":\"de-DE\"}]}<\/script>\n<!-- \/ Yoast SEO plugin. -->","yoast_head_json":{"title":"Fin troppo d'amore \"Zu viel Liebe\" - ART PASSAGE GALLERY","robots":{"index":"index","follow":"follow","max-snippet":"max-snippet:-1","max-image-preview":"max-image-preview:large","max-video-preview":"max-video-preview:-1"},"canonical":"https:\/\/artgallery-passage.com\/de\/dielo\/fin-troppo-damore-drivela-lasky\/","og_locale":"de_DE","og_type":"article","og_title":"Fin troppo d'amore \"Zu viel Liebe\" - ART PASSAGE GALLERY","og_description":"Autor: D\u00e1\u0161a Kr\u010dm\u00e1rikov\u00e1 Gr\u00f6\u00dfe: 70x70 Typ: \u00d6l auf Leinwand","og_url":"https:\/\/artgallery-passage.com\/de\/dielo\/fin-troppo-damore-drivela-lasky\/","og_site_name":"ART PASSAGE GALLERY","og_image":[{"width":801,"height":800,"url":"https:\/\/artgallery-passage.com\/wp-content\/uploads\/2023\/10\/Fintroppo-damore_-Biela-smrt.70x70cm.jpg","type":"image\/jpeg"}],"twitter_card":"summary_large_image","twitter_misc":{"Est. reading time":"1 Minute"},"schema":{"@context":"https:\/\/schema.org","@graph":[{"@type":"WebPage","@id":"https:\/\/artgallery-passage.com\/de\/dielo\/fin-troppo-damore-drivela-lasky\/","url":"https:\/\/artgallery-passage.com\/de\/dielo\/fin-troppo-damore-drivela-lasky\/","name":"Fin troppo d'amore \"Zu viel Liebe\" - ART PASSAGE GALLERY","isPartOf":{"@id":"https:\/\/artgallery-passage.com\/de\/#website"},"datePublished":"2023-10-02T10:46:55+00:00","dateModified":"2023-10-02T10:46:55+00:00","breadcrumb":{"@id":"https:\/\/artgallery-passage.com\/de\/dielo\/fin-troppo-damore-drivela-lasky\/#breadcrumb"},"inLanguage":"de-DE","potentialAction":[{"@type":"ReadAction","target":["https:\/\/artgallery-passage.com\/de\/dielo\/fin-troppo-damore-drivela-lasky\/"]}]},{"@type":"BreadcrumbList","@id":"https:\/\/artgallery-passage.com\/de\/dielo\/fin-troppo-damore-drivela-lasky\/#breadcrumb","itemListElement":[{"@type":"ListItem","position":1,"name":"Domovsk\u00e1 str\u00e1nka","item":"https:\/\/artgallery-passage.com\/de\/"},{"@type":"ListItem","position":2,"name":"Werke","item":"https:\/\/artgallery-passage.com\/de\/werke\/"},{"@type":"ListItem","position":3,"name":"Fin troppo d&#8217;amore &#8222;Zu viel Liebe&#8220;"}]},{"@type":"WebSite","@id":"https:\/\/artgallery-passage.com\/de\/#website","url":"https:\/\/artgallery-passage.com\/de\/","name":"ART PASSAGE GALLERY","description":"Ru\u010dne ma\u013eovan\u00e9 obrazy","potentialAction":[{"@type":"SearchAction","target":{"@type":"EntryPoint","urlTemplate":"https:\/\/artgallery-passage.com\/de\/?s={search_term_string}"},"query-input":"required name=search_term_string"}],"inLanguage":"de-DE"}]}},"_links":{"self":[{"href":"https:\/\/artgallery-passage.com\/de\/wp-json\/wp\/v2\/product\/2764"}],"collection":[{"href":"https:\/\/artgallery-passage.com\/de\/wp-json\/wp\/v2\/product"}],"about":[{"href":"https:\/\/artgallery-passage.com\/de\/wp-json\/wp\/v2\/types\/product"}],"wp:featuredmedia":[{"embeddable":true,"href":"https:\/\/artgallery-passage.com\/de\/wp-json\/wp\/v2\/media\/2599"}],"wp:attachment":[{"href":"https:\/\/artgallery-passage.com\/de\/wp-json\/wp\/v2\/media?parent=2764"}],"wp:term":[{"taxonomy":"product_cat","embeddable":true,"href":"https:\/\/artgallery-passage.com\/de\/wp-json\/wp\/v2\/product_cat?post=2764"},{"taxonomy":"product_tag","embeddable":true,"href":"https:\/\/artgallery-passage.com\/de\/wp-json\/wp\/v2\/product_tag?post=2764"}],"curies":[{"name":"wp","href":"https:\/\/api.w.org\/{rel}","templated":true}]}}