{"id":2765,"date":"2023-10-02T12:45:08","date_gmt":"2023-10-02T10:45:08","guid":{"rendered":"https:\/\/artgallery-passage.com\/dielo\/le-tre-eta-die-drei-zeitalter\/"},"modified":"2023-10-02T12:45:08","modified_gmt":"2023-10-02T10:45:08","slug":"le-tre-eta-tri-veky","status":"publish","type":"product","link":"https:\/\/artgallery-passage.com\/de\/dielo\/le-tre-eta-tri-veky\/","title":{"rendered":"Le tre eta &#8222;Die drei Zeitalter&#8220;"},"content":{"rendered":"<p><strong>Autor:<\/strong> D\u00e1\u0161a Kr\u010dm\u00e1rikov\u00e1<br \/>\n<strong>Gr\u00f6\u00dfe: <\/strong>100&#215;100<br \/>\n<strong>Typ:<\/strong> \u00d6l auf Leinwand<br \/>\n<strong>Jahr der Gr\u00fcndung:<\/strong> 2020<\/p>\n<p><strong>Beschreibung:<\/strong><\/p>\n<p>Zus\u00e4tzlich zu den oben genannten Themen k\u00e4mpfe ich in diesem Gem\u00e4lde mit dem Thema der Ver\u00e4nderungen im Leben einer Frau. Diese werden dargestellt durch: eine Bl\u00fctenknospe, die f\u00fcr die Jugend steht (oben rechts), eine voll ge\u00f6ffnete Bl\u00fcte und damit eine reife Frau (Mitte links) und eine Pfingstrose, die eine reife Frau im fortgeschrittenen Alter symbolisiert (unten rechts). Der Titel des Werks wurde ebenfalls von dieser Standardunterscheidung abgeleitet. Das gro\u00dfe wei\u00dfe Feld des Gem\u00e4ldes ist so gepr\u00e4gt, dass sich je nach Lichteinfall Zeichnungen, Schattierungen von Bl\u00fctenbl\u00e4ttern aus der wei\u00dfen Fl\u00e4che abzeichnen. Das Gem\u00e4lde kommt an einem Ort am besten zur Geltung, an dem die Ver\u00e4nderung des Sonnenlichtwinkels durch die Bewegung des Schattens wahrgenommen werden kann und so dem Gem\u00e4lde &#8222;Leben&#8220; verleiht, was die Idee des Vergehens der Zeit und der anschlie\u00dfenden Ver\u00e4nderung durch diese nat\u00fcrlichen Ver\u00e4nderungen verst\u00e4rkt. Diese Arbeit wurde in einer Videorezension vorgestellt und im Katalog des Pitturiamo-Wettbewerbs, Rom, Italien, ver\u00f6ffentlicht.<\/p>\n","protected":false},"excerpt":{"rendered":"<p><strong>Autor:<\/strong> D\u00e1\u0161a Kr\u010dm\u00e1rikov\u00e1<br \/>\n<strong>Gr\u00f6\u00dfe: <\/strong>100&#215;100<br \/>\n<strong>Typ:<\/strong> \u00d6l auf Leinwand<\/p>\n","protected":false},"featured_media":2601,"template":"","meta":[],"product_cat":[566],"product_tag":[],"yoast_head":"<!-- This site is optimized with the Yoast SEO plugin v20.3 - https:\/\/yoast.com\/wordpress\/plugins\/seo\/ -->\n<title>Le tre eta &quot;Die drei Zeitalter&quot; - ART PASSAGE GALLERY<\/title>\n<meta name=\"robots\" content=\"index, follow, max-snippet:-1, max-image-preview:large, max-video-preview:-1\" \/>\n<link rel=\"canonical\" href=\"https:\/\/artgallery-passage.com\/de\/dielo\/le-tre-eta-tri-veky\/\" \/>\n<meta property=\"og:locale\" content=\"de_DE\" \/>\n<meta property=\"og:type\" content=\"article\" \/>\n<meta property=\"og:title\" content=\"Le tre eta &quot;Die drei Zeitalter&quot; - ART PASSAGE GALLERY\" \/>\n<meta property=\"og:description\" content=\"Autor: D\u00e1\u0161a Kr\u010dm\u00e1rikov\u00e1 Gr\u00f6\u00dfe: 100x100 Typ: \u00d6l auf Leinwand\" \/>\n<meta property=\"og:url\" content=\"https:\/\/artgallery-passage.com\/de\/dielo\/le-tre-eta-tri-veky\/\" \/>\n<meta property=\"og:site_name\" content=\"ART PASSAGE GALLERY\" \/>\n<meta property=\"og:image\" content=\"https:\/\/artgallery-passage.com\/wp-content\/uploads\/2023\/10\/Le-tre-eta-paeonie.jpg\" \/>\n\t<meta property=\"og:image:width\" content=\"810\" \/>\n\t<meta property=\"og:image:height\" content=\"800\" \/>\n\t<meta property=\"og:image:type\" content=\"image\/jpeg\" \/>\n<meta name=\"twitter:card\" content=\"summary_large_image\" \/>\n<meta name=\"twitter:label1\" content=\"Est. reading time\" \/>\n\t<meta name=\"twitter:data1\" content=\"1 Minute\" \/>\n<script type=\"application\/ld+json\" class=\"yoast-schema-graph\">{\"@context\":\"https:\/\/schema.org\",\"@graph\":[{\"@type\":\"WebPage\",\"@id\":\"https:\/\/artgallery-passage.com\/de\/dielo\/le-tre-eta-tri-veky\/\",\"url\":\"https:\/\/artgallery-passage.com\/de\/dielo\/le-tre-eta-tri-veky\/\",\"name\":\"Le tre eta \\\"Die drei Zeitalter\\\" - ART PASSAGE GALLERY\",\"isPartOf\":{\"@id\":\"https:\/\/artgallery-passage.com\/de\/#website\"},\"datePublished\":\"2023-10-02T10:45:08+00:00\",\"dateModified\":\"2023-10-02T10:45:08+00:00\",\"breadcrumb\":{\"@id\":\"https:\/\/artgallery-passage.com\/de\/dielo\/le-tre-eta-tri-veky\/#breadcrumb\"},\"inLanguage\":\"de-DE\",\"potentialAction\":[{\"@type\":\"ReadAction\",\"target\":[\"https:\/\/artgallery-passage.com\/de\/dielo\/le-tre-eta-tri-veky\/\"]}]},{\"@type\":\"BreadcrumbList\",\"@id\":\"https:\/\/artgallery-passage.com\/de\/dielo\/le-tre-eta-tri-veky\/#breadcrumb\",\"itemListElement\":[{\"@type\":\"ListItem\",\"position\":1,\"name\":\"Domovsk\u00e1 str\u00e1nka\",\"item\":\"https:\/\/artgallery-passage.com\/de\/\"},{\"@type\":\"ListItem\",\"position\":2,\"name\":\"Werke\",\"item\":\"https:\/\/artgallery-passage.com\/de\/werke\/\"},{\"@type\":\"ListItem\",\"position\":3,\"name\":\"Le tre eta &#8222;Die drei Zeitalter&#8220;\"}]},{\"@type\":\"WebSite\",\"@id\":\"https:\/\/artgallery-passage.com\/de\/#website\",\"url\":\"https:\/\/artgallery-passage.com\/de\/\",\"name\":\"ART PASSAGE GALLERY\",\"description\":\"Ru\u010dne ma\u013eovan\u00e9 obrazy\",\"potentialAction\":[{\"@type\":\"SearchAction\",\"target\":{\"@type\":\"EntryPoint\",\"urlTemplate\":\"https:\/\/artgallery-passage.com\/de\/?s={search_term_string}\"},\"query-input\":\"required name=search_term_string\"}],\"inLanguage\":\"de-DE\"}]}<\/script>\n<!-- \/ Yoast SEO plugin. -->","yoast_head_json":{"title":"Le tre eta \"Die drei Zeitalter\" - ART PASSAGE GALLERY","robots":{"index":"index","follow":"follow","max-snippet":"max-snippet:-1","max-image-preview":"max-image-preview:large","max-video-preview":"max-video-preview:-1"},"canonical":"https:\/\/artgallery-passage.com\/de\/dielo\/le-tre-eta-tri-veky\/","og_locale":"de_DE","og_type":"article","og_title":"Le tre eta \"Die drei Zeitalter\" - ART PASSAGE GALLERY","og_description":"Autor: D\u00e1\u0161a Kr\u010dm\u00e1rikov\u00e1 Gr\u00f6\u00dfe: 100x100 Typ: \u00d6l auf Leinwand","og_url":"https:\/\/artgallery-passage.com\/de\/dielo\/le-tre-eta-tri-veky\/","og_site_name":"ART PASSAGE GALLERY","og_image":[{"width":810,"height":800,"url":"https:\/\/artgallery-passage.com\/wp-content\/uploads\/2023\/10\/Le-tre-eta-paeonie.jpg","type":"image\/jpeg"}],"twitter_card":"summary_large_image","twitter_misc":{"Est. reading time":"1 Minute"},"schema":{"@context":"https:\/\/schema.org","@graph":[{"@type":"WebPage","@id":"https:\/\/artgallery-passage.com\/de\/dielo\/le-tre-eta-tri-veky\/","url":"https:\/\/artgallery-passage.com\/de\/dielo\/le-tre-eta-tri-veky\/","name":"Le tre eta \"Die drei Zeitalter\" - ART PASSAGE GALLERY","isPartOf":{"@id":"https:\/\/artgallery-passage.com\/de\/#website"},"datePublished":"2023-10-02T10:45:08+00:00","dateModified":"2023-10-02T10:45:08+00:00","breadcrumb":{"@id":"https:\/\/artgallery-passage.com\/de\/dielo\/le-tre-eta-tri-veky\/#breadcrumb"},"inLanguage":"de-DE","potentialAction":[{"@type":"ReadAction","target":["https:\/\/artgallery-passage.com\/de\/dielo\/le-tre-eta-tri-veky\/"]}]},{"@type":"BreadcrumbList","@id":"https:\/\/artgallery-passage.com\/de\/dielo\/le-tre-eta-tri-veky\/#breadcrumb","itemListElement":[{"@type":"ListItem","position":1,"name":"Domovsk\u00e1 str\u00e1nka","item":"https:\/\/artgallery-passage.com\/de\/"},{"@type":"ListItem","position":2,"name":"Werke","item":"https:\/\/artgallery-passage.com\/de\/werke\/"},{"@type":"ListItem","position":3,"name":"Le tre eta &#8222;Die drei Zeitalter&#8220;"}]},{"@type":"WebSite","@id":"https:\/\/artgallery-passage.com\/de\/#website","url":"https:\/\/artgallery-passage.com\/de\/","name":"ART PASSAGE GALLERY","description":"Ru\u010dne ma\u013eovan\u00e9 obrazy","potentialAction":[{"@type":"SearchAction","target":{"@type":"EntryPoint","urlTemplate":"https:\/\/artgallery-passage.com\/de\/?s={search_term_string}"},"query-input":"required name=search_term_string"}],"inLanguage":"de-DE"}]}},"_links":{"self":[{"href":"https:\/\/artgallery-passage.com\/de\/wp-json\/wp\/v2\/product\/2765"}],"collection":[{"href":"https:\/\/artgallery-passage.com\/de\/wp-json\/wp\/v2\/product"}],"about":[{"href":"https:\/\/artgallery-passage.com\/de\/wp-json\/wp\/v2\/types\/product"}],"wp:featuredmedia":[{"embeddable":true,"href":"https:\/\/artgallery-passage.com\/de\/wp-json\/wp\/v2\/media\/2601"}],"wp:attachment":[{"href":"https:\/\/artgallery-passage.com\/de\/wp-json\/wp\/v2\/media?parent=2765"}],"wp:term":[{"taxonomy":"product_cat","embeddable":true,"href":"https:\/\/artgallery-passage.com\/de\/wp-json\/wp\/v2\/product_cat?post=2765"},{"taxonomy":"product_tag","embeddable":true,"href":"https:\/\/artgallery-passage.com\/de\/wp-json\/wp\/v2\/product_tag?post=2765"}],"curies":[{"name":"wp","href":"https:\/\/api.w.org\/{rel}","templated":true}]}}