{"id":2768,"date":"2023-09-21T13:05:11","date_gmt":"2023-09-21T11:05:11","guid":{"rendered":"https:\/\/artgallery-passage.com\/dielo\/signatur-des-regenbogens\/"},"modified":"2023-09-21T13:05:11","modified_gmt":"2023-09-21T11:05:11","slug":"signatur-geister","status":"publish","type":"product","link":"https:\/\/artgallery-passage.com\/de\/dielo\/signatur-geister\/","title":{"rendered":"Signatur des Regenbogens"},"content":{"rendered":"<p><strong>Autorin<\/strong> Nat\u00e1lia Junasov\u00e1<br \/>\n<strong>Gr\u00f6\u00dfe: <\/strong>80&#215;80<br \/>\n<strong>Typ:<\/strong> Acryl<br \/>\n<strong>Jahr der Gr\u00fcndung:<\/strong> 2023<\/p>\n","protected":false},"excerpt":{"rendered":"<p>Autorin Nat\u00e1lia Junasov\u00e1 Gr\u00f6\u00dfe: 80&#215;80 Typ: Acryl Jahr der Gr\u00fcndung: 2023<\/p>\n","protected":false},"featured_media":2596,"template":"","meta":[],"product_cat":[566],"product_tag":[],"yoast_head":"<!-- This site is optimized with the Yoast SEO plugin v20.3 - https:\/\/yoast.com\/wordpress\/plugins\/seo\/ -->\n<title>Signatur des Regenbogens - ART PASSAGE GALLERY<\/title>\n<meta name=\"robots\" content=\"index, follow, max-snippet:-1, max-image-preview:large, max-video-preview:-1\" \/>\n<link rel=\"canonical\" href=\"https:\/\/artgallery-passage.com\/de\/dielo\/signatur-geister\/\" \/>\n<meta property=\"og:locale\" content=\"de_DE\" \/>\n<meta property=\"og:type\" content=\"article\" \/>\n<meta property=\"og:title\" content=\"Signatur des Regenbogens - ART PASSAGE GALLERY\" \/>\n<meta property=\"og:description\" content=\"Autorin Nat\u00e1lia Junasov\u00e1 Gr\u00f6\u00dfe: 80&#215;80 Typ: Acryl Jahr der Gr\u00fcndung: 2023\" \/>\n<meta property=\"og:url\" content=\"https:\/\/artgallery-passage.com\/de\/dielo\/signatur-geister\/\" \/>\n<meta property=\"og:site_name\" content=\"ART PASSAGE GALLERY\" \/>\n<meta property=\"og:image\" content=\"https:\/\/artgallery-passage.com\/wp-content\/uploads\/2023\/09\/PODPIS-DUHY.jpg\" \/>\n\t<meta property=\"og:image:width\" content=\"1016\" \/>\n\t<meta property=\"og:image:height\" content=\"1024\" \/>\n\t<meta property=\"og:image:type\" content=\"image\/jpeg\" \/>\n<meta name=\"twitter:card\" content=\"summary_large_image\" \/>\n<script type=\"application\/ld+json\" class=\"yoast-schema-graph\">{\"@context\":\"https:\/\/schema.org\",\"@graph\":[{\"@type\":\"WebPage\",\"@id\":\"https:\/\/artgallery-passage.com\/de\/dielo\/signatur-geister\/\",\"url\":\"https:\/\/artgallery-passage.com\/de\/dielo\/signatur-geister\/\",\"name\":\"Signatur des Regenbogens - ART PASSAGE GALLERY\",\"isPartOf\":{\"@id\":\"https:\/\/artgallery-passage.com\/de\/#website\"},\"datePublished\":\"2023-09-21T11:05:11+00:00\",\"dateModified\":\"2023-09-21T11:05:11+00:00\",\"breadcrumb\":{\"@id\":\"https:\/\/artgallery-passage.com\/de\/dielo\/signatur-geister\/#breadcrumb\"},\"inLanguage\":\"de-DE\",\"potentialAction\":[{\"@type\":\"ReadAction\",\"target\":[\"https:\/\/artgallery-passage.com\/de\/dielo\/signatur-geister\/\"]}]},{\"@type\":\"BreadcrumbList\",\"@id\":\"https:\/\/artgallery-passage.com\/de\/dielo\/signatur-geister\/#breadcrumb\",\"itemListElement\":[{\"@type\":\"ListItem\",\"position\":1,\"name\":\"Domovsk\u00e1 str\u00e1nka\",\"item\":\"https:\/\/artgallery-passage.com\/de\/\"},{\"@type\":\"ListItem\",\"position\":2,\"name\":\"Werke\",\"item\":\"https:\/\/artgallery-passage.com\/de\/werke\/\"},{\"@type\":\"ListItem\",\"position\":3,\"name\":\"Signatur des Regenbogens\"}]},{\"@type\":\"WebSite\",\"@id\":\"https:\/\/artgallery-passage.com\/de\/#website\",\"url\":\"https:\/\/artgallery-passage.com\/de\/\",\"name\":\"ART PASSAGE GALLERY\",\"description\":\"Ru\u010dne ma\u013eovan\u00e9 obrazy\",\"potentialAction\":[{\"@type\":\"SearchAction\",\"target\":{\"@type\":\"EntryPoint\",\"urlTemplate\":\"https:\/\/artgallery-passage.com\/de\/?s={search_term_string}\"},\"query-input\":\"required name=search_term_string\"}],\"inLanguage\":\"de-DE\"}]}<\/script>\n<!-- \/ Yoast SEO plugin. -->","yoast_head_json":{"title":"Signatur des Regenbogens - ART PASSAGE GALLERY","robots":{"index":"index","follow":"follow","max-snippet":"max-snippet:-1","max-image-preview":"max-image-preview:large","max-video-preview":"max-video-preview:-1"},"canonical":"https:\/\/artgallery-passage.com\/de\/dielo\/signatur-geister\/","og_locale":"de_DE","og_type":"article","og_title":"Signatur des Regenbogens - ART PASSAGE GALLERY","og_description":"Autorin Nat\u00e1lia Junasov\u00e1 Gr\u00f6\u00dfe: 80&#215;80 Typ: Acryl Jahr der Gr\u00fcndung: 2023","og_url":"https:\/\/artgallery-passage.com\/de\/dielo\/signatur-geister\/","og_site_name":"ART PASSAGE GALLERY","og_image":[{"width":1016,"height":1024,"url":"https:\/\/artgallery-passage.com\/wp-content\/uploads\/2023\/09\/PODPIS-DUHY.jpg","type":"image\/jpeg"}],"twitter_card":"summary_large_image","schema":{"@context":"https:\/\/schema.org","@graph":[{"@type":"WebPage","@id":"https:\/\/artgallery-passage.com\/de\/dielo\/signatur-geister\/","url":"https:\/\/artgallery-passage.com\/de\/dielo\/signatur-geister\/","name":"Signatur des Regenbogens - ART PASSAGE GALLERY","isPartOf":{"@id":"https:\/\/artgallery-passage.com\/de\/#website"},"datePublished":"2023-09-21T11:05:11+00:00","dateModified":"2023-09-21T11:05:11+00:00","breadcrumb":{"@id":"https:\/\/artgallery-passage.com\/de\/dielo\/signatur-geister\/#breadcrumb"},"inLanguage":"de-DE","potentialAction":[{"@type":"ReadAction","target":["https:\/\/artgallery-passage.com\/de\/dielo\/signatur-geister\/"]}]},{"@type":"BreadcrumbList","@id":"https:\/\/artgallery-passage.com\/de\/dielo\/signatur-geister\/#breadcrumb","itemListElement":[{"@type":"ListItem","position":1,"name":"Domovsk\u00e1 str\u00e1nka","item":"https:\/\/artgallery-passage.com\/de\/"},{"@type":"ListItem","position":2,"name":"Werke","item":"https:\/\/artgallery-passage.com\/de\/werke\/"},{"@type":"ListItem","position":3,"name":"Signatur des Regenbogens"}]},{"@type":"WebSite","@id":"https:\/\/artgallery-passage.com\/de\/#website","url":"https:\/\/artgallery-passage.com\/de\/","name":"ART PASSAGE GALLERY","description":"Ru\u010dne ma\u013eovan\u00e9 obrazy","potentialAction":[{"@type":"SearchAction","target":{"@type":"EntryPoint","urlTemplate":"https:\/\/artgallery-passage.com\/de\/?s={search_term_string}"},"query-input":"required name=search_term_string"}],"inLanguage":"de-DE"}]}},"_links":{"self":[{"href":"https:\/\/artgallery-passage.com\/de\/wp-json\/wp\/v2\/product\/2768"}],"collection":[{"href":"https:\/\/artgallery-passage.com\/de\/wp-json\/wp\/v2\/product"}],"about":[{"href":"https:\/\/artgallery-passage.com\/de\/wp-json\/wp\/v2\/types\/product"}],"wp:featuredmedia":[{"embeddable":true,"href":"https:\/\/artgallery-passage.com\/de\/wp-json\/wp\/v2\/media\/2596"}],"wp:attachment":[{"href":"https:\/\/artgallery-passage.com\/de\/wp-json\/wp\/v2\/media?parent=2768"}],"wp:term":[{"taxonomy":"product_cat","embeddable":true,"href":"https:\/\/artgallery-passage.com\/de\/wp-json\/wp\/v2\/product_cat?post=2768"},{"taxonomy":"product_tag","embeddable":true,"href":"https:\/\/artgallery-passage.com\/de\/wp-json\/wp\/v2\/product_tag?post=2768"}],"curies":[{"name":"wp","href":"https:\/\/api.w.org\/{rel}","templated":true}]}}