{"id":2774,"date":"2023-09-19T21:27:36","date_gmt":"2023-09-19T19:27:36","guid":{"rendered":"https:\/\/artgallery-passage.com\/dielo\/oelgemaelde-auf-leinwand-freiheit\/"},"modified":"2023-09-19T21:27:36","modified_gmt":"2023-09-19T19:27:36","slug":"kaufen-malen-in-galerie-oel-malen-malen-malen-figurativ-portraet-malen-maedchen-zanrova-oel-malen-portraet-portraet-malen-beruehmtheit","status":"publish","type":"product","link":"https:\/\/artgallery-passage.com\/de\/dielo\/kaufen-malen-in-galerie-oel-malen-malen-malen-figurativ-portraet-malen-maedchen-zanrova-oel-malen-portraet-portraet-malen-beruehmtheit\/","title":{"rendered":"\u00d6lgem\u00e4lde auf Leinwand Freiheit"},"content":{"rendered":"<p><strong>Autor: IGOR NAVROTSKYI<br \/>\nTitel: \u00d6lgem\u00e4lde Freiheit<br \/>\nJahr: 2023<br \/>\nAbmessungen: 45\u00d765 cm.<br \/>\nMarkierung: manuell nach unten<br \/>\nRahmen: nein<br \/>\nMotiv: Genrebildnis<br \/>\nTechnik: \u00d6l auf Leinwand<\/strong><\/p>\n","protected":false},"excerpt":{"rendered":"<p><strong>Autor IGOR NAVROTSKYI akademischer K\u00fcnstler Ma\u00dfe: 45\u00d765 cm.<\/strong><\/p>\n","protected":false},"featured_media":2592,"template":"","meta":[],"product_cat":[495,490],"product_tag":[652,654,649,650,651,527,636,641,642,648,637,643,639,640,646,647,638,635,653,645,644],"yoast_head":"<!-- This site is optimized with the Yoast SEO plugin v20.3 - https:\/\/yoast.com\/wordpress\/plugins\/seo\/ -->\n<title>\u00d6lgem\u00e4lde auf Leinwand Freiheit - ART PASSAGE GALLERY<\/title>\n<meta name=\"description\" content=\"\u00d6lgem\u00e4lde, handgemalte Bescheinigung der Originalit\u00e4t. schnelle Lieferung sch\u00f6ne \u00d6lgem\u00e4lde Prominente \u00d6lgem\u00e4lde Realismus \u00d6lgem\u00e4lde auf Leinwand Enthaltsamkeit Akt\" \/>\n<meta name=\"robots\" content=\"index, follow, max-snippet:-1, max-image-preview:large, max-video-preview:-1\" \/>\n<link rel=\"canonical\" href=\"https:\/\/artgallery-passage.com\/de\/dielo\/kaufen-malen-in-galerie-oel-malen-malen-malen-figurativ-portraet-malen-maedchen-zanrova-oel-malen-portraet-portraet-malen-beruehmtheit\/\" \/>\n<meta property=\"og:locale\" content=\"de_DE\" \/>\n<meta property=\"og:type\" content=\"article\" \/>\n<meta property=\"og:title\" content=\"\u00d6lgem\u00e4lde auf Leinwand Freiheit - ART PASSAGE GALLERY\" \/>\n<meta property=\"og:description\" content=\"\u00d6lgem\u00e4lde, handgemalte Bescheinigung der Originalit\u00e4t. schnelle Lieferung sch\u00f6ne \u00d6lgem\u00e4lde Prominente \u00d6lgem\u00e4lde Realismus \u00d6lgem\u00e4lde auf Leinwand Enthaltsamkeit Akt\" \/>\n<meta property=\"og:url\" content=\"https:\/\/artgallery-passage.com\/de\/dielo\/kaufen-malen-in-galerie-oel-malen-malen-malen-figurativ-portraet-malen-maedchen-zanrova-oel-malen-portraet-portraet-malen-beruehmtheit\/\" \/>\n<meta property=\"og:site_name\" content=\"ART PASSAGE GALLERY\" \/>\n<meta property=\"og:image\" content=\"https:\/\/artgallery-passage.com\/wp-content\/uploads\/2023\/09\/65x45-Freedom-550-euros.jpg\" \/>\n\t<meta property=\"og:image:width\" content=\"800\" \/>\n\t<meta property=\"og:image:height\" content=\"1117\" \/>\n\t<meta property=\"og:image:type\" content=\"image\/jpeg\" \/>\n<meta name=\"twitter:card\" content=\"summary_large_image\" \/>\n<script type=\"application\/ld+json\" class=\"yoast-schema-graph\">{\"@context\":\"https:\/\/schema.org\",\"@graph\":[{\"@type\":\"WebPage\",\"@id\":\"https:\/\/artgallery-passage.com\/de\/dielo\/kaufen-malen-in-galerie-oel-malen-malen-malen-figurativ-portraet-malen-maedchen-zanrova-oel-malen-portraet-portraet-malen-beruehmtheit\/\",\"url\":\"https:\/\/artgallery-passage.com\/de\/dielo\/kaufen-malen-in-galerie-oel-malen-malen-malen-figurativ-portraet-malen-maedchen-zanrova-oel-malen-portraet-portraet-malen-beruehmtheit\/\",\"name\":\"\u00d6lgem\u00e4lde auf Leinwand Freiheit - ART PASSAGE GALLERY\",\"isPartOf\":{\"@id\":\"https:\/\/artgallery-passage.com\/de\/#website\"},\"datePublished\":\"2023-09-19T19:27:36+00:00\",\"dateModified\":\"2023-09-19T19:27:36+00:00\",\"description\":\"\u00d6lgem\u00e4lde, handgemalte Bescheinigung der Originalit\u00e4t. schnelle Lieferung sch\u00f6ne \u00d6lgem\u00e4lde Prominente \u00d6lgem\u00e4lde Realismus \u00d6lgem\u00e4lde auf Leinwand Enthaltsamkeit Akt\",\"breadcrumb\":{\"@id\":\"https:\/\/artgallery-passage.com\/de\/dielo\/kaufen-malen-in-galerie-oel-malen-malen-malen-figurativ-portraet-malen-maedchen-zanrova-oel-malen-portraet-portraet-malen-beruehmtheit\/#breadcrumb\"},\"inLanguage\":\"de-DE\",\"potentialAction\":[{\"@type\":\"ReadAction\",\"target\":[\"https:\/\/artgallery-passage.com\/de\/dielo\/kaufen-malen-in-galerie-oel-malen-malen-malen-figurativ-portraet-malen-maedchen-zanrova-oel-malen-portraet-portraet-malen-beruehmtheit\/\"]}]},{\"@type\":\"BreadcrumbList\",\"@id\":\"https:\/\/artgallery-passage.com\/de\/dielo\/kaufen-malen-in-galerie-oel-malen-malen-malen-figurativ-portraet-malen-maedchen-zanrova-oel-malen-portraet-portraet-malen-beruehmtheit\/#breadcrumb\",\"itemListElement\":[{\"@type\":\"ListItem\",\"position\":1,\"name\":\"Domovsk\u00e1 str\u00e1nka\",\"item\":\"https:\/\/artgallery-passage.com\/de\/\"},{\"@type\":\"ListItem\",\"position\":2,\"name\":\"Werke\",\"item\":\"https:\/\/artgallery-passage.com\/de\/werke\/\"},{\"@type\":\"ListItem\",\"position\":3,\"name\":\"\u00d6lgem\u00e4lde auf Leinwand Freiheit\"}]},{\"@type\":\"WebSite\",\"@id\":\"https:\/\/artgallery-passage.com\/de\/#website\",\"url\":\"https:\/\/artgallery-passage.com\/de\/\",\"name\":\"ART PASSAGE GALLERY\",\"description\":\"Ru\u010dne ma\u013eovan\u00e9 obrazy\",\"potentialAction\":[{\"@type\":\"SearchAction\",\"target\":{\"@type\":\"EntryPoint\",\"urlTemplate\":\"https:\/\/artgallery-passage.com\/de\/?s={search_term_string}\"},\"query-input\":\"required name=search_term_string\"}],\"inLanguage\":\"de-DE\"}]}<\/script>\n<!-- \/ Yoast SEO plugin. -->","yoast_head_json":{"title":"\u00d6lgem\u00e4lde auf Leinwand Freiheit - ART PASSAGE GALLERY","description":"\u00d6lgem\u00e4lde, handgemalte Bescheinigung der Originalit\u00e4t. schnelle Lieferung sch\u00f6ne \u00d6lgem\u00e4lde Prominente \u00d6lgem\u00e4lde Realismus \u00d6lgem\u00e4lde auf Leinwand Enthaltsamkeit Akt","robots":{"index":"index","follow":"follow","max-snippet":"max-snippet:-1","max-image-preview":"max-image-preview:large","max-video-preview":"max-video-preview:-1"},"canonical":"https:\/\/artgallery-passage.com\/de\/dielo\/kaufen-malen-in-galerie-oel-malen-malen-malen-figurativ-portraet-malen-maedchen-zanrova-oel-malen-portraet-portraet-malen-beruehmtheit\/","og_locale":"de_DE","og_type":"article","og_title":"\u00d6lgem\u00e4lde auf Leinwand Freiheit - ART PASSAGE GALLERY","og_description":"\u00d6lgem\u00e4lde, handgemalte Bescheinigung der Originalit\u00e4t. schnelle Lieferung sch\u00f6ne \u00d6lgem\u00e4lde Prominente \u00d6lgem\u00e4lde Realismus \u00d6lgem\u00e4lde auf Leinwand Enthaltsamkeit Akt","og_url":"https:\/\/artgallery-passage.com\/de\/dielo\/kaufen-malen-in-galerie-oel-malen-malen-malen-figurativ-portraet-malen-maedchen-zanrova-oel-malen-portraet-portraet-malen-beruehmtheit\/","og_site_name":"ART PASSAGE GALLERY","og_image":[{"width":800,"height":1117,"url":"https:\/\/artgallery-passage.com\/wp-content\/uploads\/2023\/09\/65x45-Freedom-550-euros.jpg","type":"image\/jpeg"}],"twitter_card":"summary_large_image","schema":{"@context":"https:\/\/schema.org","@graph":[{"@type":"WebPage","@id":"https:\/\/artgallery-passage.com\/de\/dielo\/kaufen-malen-in-galerie-oel-malen-malen-malen-figurativ-portraet-malen-maedchen-zanrova-oel-malen-portraet-portraet-malen-beruehmtheit\/","url":"https:\/\/artgallery-passage.com\/de\/dielo\/kaufen-malen-in-galerie-oel-malen-malen-malen-figurativ-portraet-malen-maedchen-zanrova-oel-malen-portraet-portraet-malen-beruehmtheit\/","name":"\u00d6lgem\u00e4lde auf Leinwand Freiheit - ART PASSAGE GALLERY","isPartOf":{"@id":"https:\/\/artgallery-passage.com\/de\/#website"},"datePublished":"2023-09-19T19:27:36+00:00","dateModified":"2023-09-19T19:27:36+00:00","description":"\u00d6lgem\u00e4lde, handgemalte Bescheinigung der Originalit\u00e4t. schnelle Lieferung sch\u00f6ne \u00d6lgem\u00e4lde Prominente \u00d6lgem\u00e4lde Realismus \u00d6lgem\u00e4lde auf Leinwand Enthaltsamkeit Akt","breadcrumb":{"@id":"https:\/\/artgallery-passage.com\/de\/dielo\/kaufen-malen-in-galerie-oel-malen-malen-malen-figurativ-portraet-malen-maedchen-zanrova-oel-malen-portraet-portraet-malen-beruehmtheit\/#breadcrumb"},"inLanguage":"de-DE","potentialAction":[{"@type":"ReadAction","target":["https:\/\/artgallery-passage.com\/de\/dielo\/kaufen-malen-in-galerie-oel-malen-malen-malen-figurativ-portraet-malen-maedchen-zanrova-oel-malen-portraet-portraet-malen-beruehmtheit\/"]}]},{"@type":"BreadcrumbList","@id":"https:\/\/artgallery-passage.com\/de\/dielo\/kaufen-malen-in-galerie-oel-malen-malen-malen-figurativ-portraet-malen-maedchen-zanrova-oel-malen-portraet-portraet-malen-beruehmtheit\/#breadcrumb","itemListElement":[{"@type":"ListItem","position":1,"name":"Domovsk\u00e1 str\u00e1nka","item":"https:\/\/artgallery-passage.com\/de\/"},{"@type":"ListItem","position":2,"name":"Werke","item":"https:\/\/artgallery-passage.com\/de\/werke\/"},{"@type":"ListItem","position":3,"name":"\u00d6lgem\u00e4lde auf Leinwand Freiheit"}]},{"@type":"WebSite","@id":"https:\/\/artgallery-passage.com\/de\/#website","url":"https:\/\/artgallery-passage.com\/de\/","name":"ART PASSAGE GALLERY","description":"Ru\u010dne ma\u013eovan\u00e9 obrazy","potentialAction":[{"@type":"SearchAction","target":{"@type":"EntryPoint","urlTemplate":"https:\/\/artgallery-passage.com\/de\/?s={search_term_string}"},"query-input":"required name=search_term_string"}],"inLanguage":"de-DE"}]}},"_links":{"self":[{"href":"https:\/\/artgallery-passage.com\/de\/wp-json\/wp\/v2\/product\/2774"}],"collection":[{"href":"https:\/\/artgallery-passage.com\/de\/wp-json\/wp\/v2\/product"}],"about":[{"href":"https:\/\/artgallery-passage.com\/de\/wp-json\/wp\/v2\/types\/product"}],"wp:featuredmedia":[{"embeddable":true,"href":"https:\/\/artgallery-passage.com\/de\/wp-json\/wp\/v2\/media\/2592"}],"wp:attachment":[{"href":"https:\/\/artgallery-passage.com\/de\/wp-json\/wp\/v2\/media?parent=2774"}],"wp:term":[{"taxonomy":"product_cat","embeddable":true,"href":"https:\/\/artgallery-passage.com\/de\/wp-json\/wp\/v2\/product_cat?post=2774"},{"taxonomy":"product_tag","embeddable":true,"href":"https:\/\/artgallery-passage.com\/de\/wp-json\/wp\/v2\/product_tag?post=2774"}],"curies":[{"name":"wp","href":"https:\/\/api.w.org\/{rel}","templated":true}]}}