{"id":2775,"date":"2023-09-14T13:08:28","date_gmt":"2023-09-14T11:08:28","guid":{"rendered":"https:\/\/artgallery-passage.com\/dielo\/handgemaltes-oelgemaelde-regenbogen\/"},"modified":"2023-09-14T13:08:28","modified_gmt":"2023-09-14T11:08:28","slug":"akademische-oelmalerei-abstrakte-malerei-oelmalerei-in-kunst-figurative-malerei-klassische-malerei","status":"publish","type":"product","link":"https:\/\/artgallery-passage.com\/de\/dielo\/akademische-oelmalerei-abstrakte-malerei-oelmalerei-in-kunst-figurative-malerei-klassische-malerei\/","title":{"rendered":"Handgemaltes \u00d6lgem\u00e4lde Regenbogen"},"content":{"rendered":"<p><strong>Autor: IGOR NAVROTSKYI<br \/>\nTitel: \u00d6lgem\u00e4lde Regenbogen<br \/>\nJahr: 2023<br \/>\nAbmessungen: 60\u00d760 cm.<br \/>\nMarkierung: manuell nach unten<br \/>\nRahmen: nein<br \/>\nMotiv: Genrebildnis<br \/>\nTechnik: \u00d6l auf Leinwand<\/strong><\/p>\n","protected":false},"excerpt":{"rendered":"<p><strong>Autor:IGOR NAVROTSKYI Ma\u00dfe: 60\u00d760 cm.<\/strong><\/p>\n","protected":false},"featured_media":2556,"template":"","meta":[],"product_cat":[495,490],"product_tag":[656,665,663,544,662,658,655,659,661,660,664,657],"yoast_head":"<!-- This site is optimized with the Yoast SEO plugin v20.3 - https:\/\/yoast.com\/wordpress\/plugins\/seo\/ -->\n<title>Handgemaltes \u00d6lgem\u00e4lde Regenbogen - ART PASSAGE GALLERY<\/title>\n<meta name=\"description\" content=\"\u00d6lgem\u00e4lde Geschenk \u00d6lgem\u00e4lde Hyperrealismus Portr\u00e4t benutzerdefinierte \u00d6lgem\u00e4lde Familienportr\u00e4t Realismus bunte Bild \u00d6lgem\u00e4lde mit sch\u00f6nen M\u00e4dchen\" \/>\n<meta name=\"robots\" content=\"index, follow, max-snippet:-1, max-image-preview:large, max-video-preview:-1\" \/>\n<link rel=\"canonical\" href=\"https:\/\/artgallery-passage.com\/de\/dielo\/akademische-oelmalerei-abstrakte-malerei-oelmalerei-in-kunst-figurative-malerei-klassische-malerei\/\" \/>\n<meta property=\"og:locale\" content=\"de_DE\" \/>\n<meta property=\"og:type\" content=\"article\" \/>\n<meta property=\"og:title\" content=\"Handgemaltes \u00d6lgem\u00e4lde Regenbogen - ART PASSAGE GALLERY\" \/>\n<meta property=\"og:description\" content=\"\u00d6lgem\u00e4lde Geschenk \u00d6lgem\u00e4lde Hyperrealismus Portr\u00e4t benutzerdefinierte \u00d6lgem\u00e4lde Familienportr\u00e4t Realismus bunte Bild \u00d6lgem\u00e4lde mit sch\u00f6nen M\u00e4dchen\" \/>\n<meta property=\"og:url\" content=\"https:\/\/artgallery-passage.com\/de\/dielo\/akademische-oelmalerei-abstrakte-malerei-oelmalerei-in-kunst-figurative-malerei-klassische-malerei\/\" \/>\n<meta property=\"og:site_name\" content=\"ART PASSAGE GALLERY\" \/>\n<meta property=\"og:image\" content=\"https:\/\/artgallery-passage.com\/wp-content\/uploads\/2023\/09\/80x60-Rainbow-700-eur.jpg\" \/>\n\t<meta property=\"og:image:width\" content=\"1000\" \/>\n\t<meta property=\"og:image:height\" content=\"1328\" \/>\n\t<meta property=\"og:image:type\" content=\"image\/jpeg\" \/>\n<meta name=\"twitter:card\" content=\"summary_large_image\" \/>\n<script type=\"application\/ld+json\" class=\"yoast-schema-graph\">{\"@context\":\"https:\/\/schema.org\",\"@graph\":[{\"@type\":\"WebPage\",\"@id\":\"https:\/\/artgallery-passage.com\/de\/dielo\/akademische-oelmalerei-abstrakte-malerei-oelmalerei-in-kunst-figurative-malerei-klassische-malerei\/\",\"url\":\"https:\/\/artgallery-passage.com\/de\/dielo\/akademische-oelmalerei-abstrakte-malerei-oelmalerei-in-kunst-figurative-malerei-klassische-malerei\/\",\"name\":\"Handgemaltes \u00d6lgem\u00e4lde Regenbogen - ART PASSAGE GALLERY\",\"isPartOf\":{\"@id\":\"https:\/\/artgallery-passage.com\/de\/#website\"},\"datePublished\":\"2023-09-14T11:08:28+00:00\",\"dateModified\":\"2023-09-14T11:08:28+00:00\",\"description\":\"\u00d6lgem\u00e4lde Geschenk \u00d6lgem\u00e4lde Hyperrealismus Portr\u00e4t benutzerdefinierte \u00d6lgem\u00e4lde Familienportr\u00e4t Realismus bunte Bild \u00d6lgem\u00e4lde mit sch\u00f6nen M\u00e4dchen\",\"breadcrumb\":{\"@id\":\"https:\/\/artgallery-passage.com\/de\/dielo\/akademische-oelmalerei-abstrakte-malerei-oelmalerei-in-kunst-figurative-malerei-klassische-malerei\/#breadcrumb\"},\"inLanguage\":\"de-DE\",\"potentialAction\":[{\"@type\":\"ReadAction\",\"target\":[\"https:\/\/artgallery-passage.com\/de\/dielo\/akademische-oelmalerei-abstrakte-malerei-oelmalerei-in-kunst-figurative-malerei-klassische-malerei\/\"]}]},{\"@type\":\"BreadcrumbList\",\"@id\":\"https:\/\/artgallery-passage.com\/de\/dielo\/akademische-oelmalerei-abstrakte-malerei-oelmalerei-in-kunst-figurative-malerei-klassische-malerei\/#breadcrumb\",\"itemListElement\":[{\"@type\":\"ListItem\",\"position\":1,\"name\":\"Domovsk\u00e1 str\u00e1nka\",\"item\":\"https:\/\/artgallery-passage.com\/de\/\"},{\"@type\":\"ListItem\",\"position\":2,\"name\":\"Werke\",\"item\":\"https:\/\/artgallery-passage.com\/de\/werke\/\"},{\"@type\":\"ListItem\",\"position\":3,\"name\":\"Handgemaltes \u00d6lgem\u00e4lde Regenbogen\"}]},{\"@type\":\"WebSite\",\"@id\":\"https:\/\/artgallery-passage.com\/de\/#website\",\"url\":\"https:\/\/artgallery-passage.com\/de\/\",\"name\":\"ART PASSAGE GALLERY\",\"description\":\"Ru\u010dne ma\u013eovan\u00e9 obrazy\",\"potentialAction\":[{\"@type\":\"SearchAction\",\"target\":{\"@type\":\"EntryPoint\",\"urlTemplate\":\"https:\/\/artgallery-passage.com\/de\/?s={search_term_string}\"},\"query-input\":\"required name=search_term_string\"}],\"inLanguage\":\"de-DE\"}]}<\/script>\n<!-- \/ Yoast SEO plugin. -->","yoast_head_json":{"title":"Handgemaltes \u00d6lgem\u00e4lde Regenbogen - ART PASSAGE GALLERY","description":"\u00d6lgem\u00e4lde Geschenk \u00d6lgem\u00e4lde Hyperrealismus Portr\u00e4t benutzerdefinierte \u00d6lgem\u00e4lde Familienportr\u00e4t Realismus bunte Bild \u00d6lgem\u00e4lde mit sch\u00f6nen M\u00e4dchen","robots":{"index":"index","follow":"follow","max-snippet":"max-snippet:-1","max-image-preview":"max-image-preview:large","max-video-preview":"max-video-preview:-1"},"canonical":"https:\/\/artgallery-passage.com\/de\/dielo\/akademische-oelmalerei-abstrakte-malerei-oelmalerei-in-kunst-figurative-malerei-klassische-malerei\/","og_locale":"de_DE","og_type":"article","og_title":"Handgemaltes \u00d6lgem\u00e4lde Regenbogen - ART PASSAGE GALLERY","og_description":"\u00d6lgem\u00e4lde Geschenk \u00d6lgem\u00e4lde Hyperrealismus Portr\u00e4t benutzerdefinierte \u00d6lgem\u00e4lde Familienportr\u00e4t Realismus bunte Bild \u00d6lgem\u00e4lde mit sch\u00f6nen M\u00e4dchen","og_url":"https:\/\/artgallery-passage.com\/de\/dielo\/akademische-oelmalerei-abstrakte-malerei-oelmalerei-in-kunst-figurative-malerei-klassische-malerei\/","og_site_name":"ART PASSAGE GALLERY","og_image":[{"width":1000,"height":1328,"url":"https:\/\/artgallery-passage.com\/wp-content\/uploads\/2023\/09\/80x60-Rainbow-700-eur.jpg","type":"image\/jpeg"}],"twitter_card":"summary_large_image","schema":{"@context":"https:\/\/schema.org","@graph":[{"@type":"WebPage","@id":"https:\/\/artgallery-passage.com\/de\/dielo\/akademische-oelmalerei-abstrakte-malerei-oelmalerei-in-kunst-figurative-malerei-klassische-malerei\/","url":"https:\/\/artgallery-passage.com\/de\/dielo\/akademische-oelmalerei-abstrakte-malerei-oelmalerei-in-kunst-figurative-malerei-klassische-malerei\/","name":"Handgemaltes \u00d6lgem\u00e4lde Regenbogen - ART PASSAGE GALLERY","isPartOf":{"@id":"https:\/\/artgallery-passage.com\/de\/#website"},"datePublished":"2023-09-14T11:08:28+00:00","dateModified":"2023-09-14T11:08:28+00:00","description":"\u00d6lgem\u00e4lde Geschenk \u00d6lgem\u00e4lde Hyperrealismus Portr\u00e4t benutzerdefinierte \u00d6lgem\u00e4lde Familienportr\u00e4t Realismus bunte Bild \u00d6lgem\u00e4lde mit sch\u00f6nen M\u00e4dchen","breadcrumb":{"@id":"https:\/\/artgallery-passage.com\/de\/dielo\/akademische-oelmalerei-abstrakte-malerei-oelmalerei-in-kunst-figurative-malerei-klassische-malerei\/#breadcrumb"},"inLanguage":"de-DE","potentialAction":[{"@type":"ReadAction","target":["https:\/\/artgallery-passage.com\/de\/dielo\/akademische-oelmalerei-abstrakte-malerei-oelmalerei-in-kunst-figurative-malerei-klassische-malerei\/"]}]},{"@type":"BreadcrumbList","@id":"https:\/\/artgallery-passage.com\/de\/dielo\/akademische-oelmalerei-abstrakte-malerei-oelmalerei-in-kunst-figurative-malerei-klassische-malerei\/#breadcrumb","itemListElement":[{"@type":"ListItem","position":1,"name":"Domovsk\u00e1 str\u00e1nka","item":"https:\/\/artgallery-passage.com\/de\/"},{"@type":"ListItem","position":2,"name":"Werke","item":"https:\/\/artgallery-passage.com\/de\/werke\/"},{"@type":"ListItem","position":3,"name":"Handgemaltes \u00d6lgem\u00e4lde Regenbogen"}]},{"@type":"WebSite","@id":"https:\/\/artgallery-passage.com\/de\/#website","url":"https:\/\/artgallery-passage.com\/de\/","name":"ART PASSAGE GALLERY","description":"Ru\u010dne ma\u013eovan\u00e9 obrazy","potentialAction":[{"@type":"SearchAction","target":{"@type":"EntryPoint","urlTemplate":"https:\/\/artgallery-passage.com\/de\/?s={search_term_string}"},"query-input":"required name=search_term_string"}],"inLanguage":"de-DE"}]}},"_links":{"self":[{"href":"https:\/\/artgallery-passage.com\/de\/wp-json\/wp\/v2\/product\/2775"}],"collection":[{"href":"https:\/\/artgallery-passage.com\/de\/wp-json\/wp\/v2\/product"}],"about":[{"href":"https:\/\/artgallery-passage.com\/de\/wp-json\/wp\/v2\/types\/product"}],"wp:featuredmedia":[{"embeddable":true,"href":"https:\/\/artgallery-passage.com\/de\/wp-json\/wp\/v2\/media\/2556"}],"wp:attachment":[{"href":"https:\/\/artgallery-passage.com\/de\/wp-json\/wp\/v2\/media?parent=2775"}],"wp:term":[{"taxonomy":"product_cat","embeddable":true,"href":"https:\/\/artgallery-passage.com\/de\/wp-json\/wp\/v2\/product_cat?post=2775"},{"taxonomy":"product_tag","embeddable":true,"href":"https:\/\/artgallery-passage.com\/de\/wp-json\/wp\/v2\/product_tag?post=2775"}],"curies":[{"name":"wp","href":"https:\/\/api.w.org\/{rel}","templated":true}]}}