{"id":2779,"date":"2023-08-06T18:41:32","date_gmt":"2023-08-06T16:41:32","guid":{"rendered":"https:\/\/artgallery-passage.com\/dielo\/abbildung-oelgemaelde-ballerina\/"},"modified":"2023-08-06T18:41:32","modified_gmt":"2023-08-06T16:41:32","slug":"oelgemaelde-ballerina-verkauf-bilder-galerie-kunst-kunst-oelgemaelde-figurative-malerei","status":"publish","type":"product","link":"https:\/\/artgallery-passage.com\/de\/dielo\/oelgemaelde-ballerina-verkauf-bilder-galerie-kunst-kunst-oelgemaelde-figurative-malerei\/","title":{"rendered":"Abbildung \u00d6lgem\u00e4lde &#8222;Ballerina&#8220;."},"content":{"rendered":"<p><strong>Autor: IGOR NAVROTSKYI<br \/>\nTitel: \u00d6lgem\u00e4lde &#8222;Ballerina&#8220;.<br \/>\nJahr: 2023<br \/>\nAbmessungen: 80&#215;60 cm<br \/>\nMarkierung: manuell nach unten<br \/>\nRahmen: nein<br \/>\nMotiv: figurative Malerei<br \/>\nTechnik: \u00d6l auf Leinwand<br \/>\n<\/strong><\/p>\n","protected":false},"excerpt":{"rendered":"<div class=\"productListFGridText\">\n<div class=\"productListFGridTegfkxt\">\n<p class=\"productListFGridDescription\"><strong>Autor: IGOR NAVROTSKYI Gr\u00f6\u00dfe:<\/strong> 80&#215;60<strong>cm<\/strong>. <strong>Technik:<\/strong> \u00d6l auf Leinwand.<\/p>\n<\/div>\n<\/div>\n","protected":false},"featured_media":2549,"template":"","meta":[],"product_cat":[495,490],"product_tag":[707,579,531,706,704,660,709,554,533,685,705,708,681,559,547,529,710],"yoast_head":"<!-- This site is optimized with the Yoast SEO plugin v20.3 - https:\/\/yoast.com\/wordpress\/plugins\/seo\/ -->\n<title>Abbildung \u00d6lgem\u00e4lde &quot;Ballerina&quot;. - ART PASSAGE GALLERY<\/title>\n<meta name=\"description\" content=\"Ballerina \u00d6lgem\u00e4lde Portr\u00e4ts handgemalte \u00d6lgem\u00e4lde f\u00fcr Portr\u00e4t \u00d6lgem\u00e4lde Familienportr\u00e4t Zertifizierung der Originalit\u00e4t figurative \u00d6lgem\u00e4lde Portr\u00e4t \u00d6lgem\u00e4lde auf Bestellung\" \/>\n<meta name=\"robots\" content=\"index, follow, max-snippet:-1, max-image-preview:large, max-video-preview:-1\" \/>\n<link rel=\"canonical\" href=\"https:\/\/artgallery-passage.com\/de\/dielo\/oelgemaelde-ballerina-verkauf-bilder-galerie-kunst-kunst-oelgemaelde-figurative-malerei\/\" \/>\n<meta property=\"og:locale\" content=\"de_DE\" \/>\n<meta property=\"og:type\" content=\"article\" \/>\n<meta property=\"og:title\" content=\"Abbildung \u00d6lgem\u00e4lde &quot;Ballerina&quot;. - ART PASSAGE GALLERY\" \/>\n<meta property=\"og:description\" content=\"Ballerina \u00d6lgem\u00e4lde Portr\u00e4ts handgemalte \u00d6lgem\u00e4lde f\u00fcr Portr\u00e4t \u00d6lgem\u00e4lde Familienportr\u00e4t Zertifizierung der Originalit\u00e4t figurative \u00d6lgem\u00e4lde Portr\u00e4t \u00d6lgem\u00e4lde auf Bestellung\" \/>\n<meta property=\"og:url\" content=\"https:\/\/artgallery-passage.com\/de\/dielo\/oelgemaelde-ballerina-verkauf-bilder-galerie-kunst-kunst-oelgemaelde-figurative-malerei\/\" \/>\n<meta property=\"og:site_name\" content=\"ART PASSAGE GALLERY\" \/>\n<meta property=\"og:image\" content=\"https:\/\/artgallery-passage.com\/wp-content\/uploads\/2023\/08\/Ballerina.-80x60-650-euro.jpg\" \/>\n\t<meta property=\"og:image:width\" content=\"700\" \/>\n\t<meta property=\"og:image:height\" content=\"919\" \/>\n\t<meta property=\"og:image:type\" content=\"image\/jpeg\" \/>\n<meta name=\"twitter:card\" content=\"summary_large_image\" \/>\n<script type=\"application\/ld+json\" class=\"yoast-schema-graph\">{\"@context\":\"https:\/\/schema.org\",\"@graph\":[{\"@type\":\"WebPage\",\"@id\":\"https:\/\/artgallery-passage.com\/de\/dielo\/oelgemaelde-ballerina-verkauf-bilder-galerie-kunst-kunst-oelgemaelde-figurative-malerei\/\",\"url\":\"https:\/\/artgallery-passage.com\/de\/dielo\/oelgemaelde-ballerina-verkauf-bilder-galerie-kunst-kunst-oelgemaelde-figurative-malerei\/\",\"name\":\"Abbildung \u00d6lgem\u00e4lde \\\"Ballerina\\\". - ART PASSAGE GALLERY\",\"isPartOf\":{\"@id\":\"https:\/\/artgallery-passage.com\/de\/#website\"},\"datePublished\":\"2023-08-06T16:41:32+00:00\",\"dateModified\":\"2023-08-06T16:41:32+00:00\",\"description\":\"Ballerina \u00d6lgem\u00e4lde Portr\u00e4ts handgemalte \u00d6lgem\u00e4lde f\u00fcr Portr\u00e4t \u00d6lgem\u00e4lde Familienportr\u00e4t Zertifizierung der Originalit\u00e4t figurative \u00d6lgem\u00e4lde Portr\u00e4t \u00d6lgem\u00e4lde auf Bestellung\",\"breadcrumb\":{\"@id\":\"https:\/\/artgallery-passage.com\/de\/dielo\/oelgemaelde-ballerina-verkauf-bilder-galerie-kunst-kunst-oelgemaelde-figurative-malerei\/#breadcrumb\"},\"inLanguage\":\"de-DE\",\"potentialAction\":[{\"@type\":\"ReadAction\",\"target\":[\"https:\/\/artgallery-passage.com\/de\/dielo\/oelgemaelde-ballerina-verkauf-bilder-galerie-kunst-kunst-oelgemaelde-figurative-malerei\/\"]}]},{\"@type\":\"BreadcrumbList\",\"@id\":\"https:\/\/artgallery-passage.com\/de\/dielo\/oelgemaelde-ballerina-verkauf-bilder-galerie-kunst-kunst-oelgemaelde-figurative-malerei\/#breadcrumb\",\"itemListElement\":[{\"@type\":\"ListItem\",\"position\":1,\"name\":\"Domovsk\u00e1 str\u00e1nka\",\"item\":\"https:\/\/artgallery-passage.com\/de\/\"},{\"@type\":\"ListItem\",\"position\":2,\"name\":\"Werke\",\"item\":\"https:\/\/artgallery-passage.com\/de\/werke\/\"},{\"@type\":\"ListItem\",\"position\":3,\"name\":\"Abbildung \u00d6lgem\u00e4lde &#8222;Ballerina&#8220;.\"}]},{\"@type\":\"WebSite\",\"@id\":\"https:\/\/artgallery-passage.com\/de\/#website\",\"url\":\"https:\/\/artgallery-passage.com\/de\/\",\"name\":\"ART PASSAGE GALLERY\",\"description\":\"Ru\u010dne ma\u013eovan\u00e9 obrazy\",\"potentialAction\":[{\"@type\":\"SearchAction\",\"target\":{\"@type\":\"EntryPoint\",\"urlTemplate\":\"https:\/\/artgallery-passage.com\/de\/?s={search_term_string}\"},\"query-input\":\"required name=search_term_string\"}],\"inLanguage\":\"de-DE\"}]}<\/script>\n<!-- \/ Yoast SEO plugin. -->","yoast_head_json":{"title":"Abbildung \u00d6lgem\u00e4lde \"Ballerina\". - ART PASSAGE GALLERY","description":"Ballerina \u00d6lgem\u00e4lde Portr\u00e4ts handgemalte \u00d6lgem\u00e4lde f\u00fcr Portr\u00e4t \u00d6lgem\u00e4lde Familienportr\u00e4t Zertifizierung der Originalit\u00e4t figurative \u00d6lgem\u00e4lde Portr\u00e4t \u00d6lgem\u00e4lde auf Bestellung","robots":{"index":"index","follow":"follow","max-snippet":"max-snippet:-1","max-image-preview":"max-image-preview:large","max-video-preview":"max-video-preview:-1"},"canonical":"https:\/\/artgallery-passage.com\/de\/dielo\/oelgemaelde-ballerina-verkauf-bilder-galerie-kunst-kunst-oelgemaelde-figurative-malerei\/","og_locale":"de_DE","og_type":"article","og_title":"Abbildung \u00d6lgem\u00e4lde \"Ballerina\". - ART PASSAGE GALLERY","og_description":"Ballerina \u00d6lgem\u00e4lde Portr\u00e4ts handgemalte \u00d6lgem\u00e4lde f\u00fcr Portr\u00e4t \u00d6lgem\u00e4lde Familienportr\u00e4t Zertifizierung der Originalit\u00e4t figurative \u00d6lgem\u00e4lde Portr\u00e4t \u00d6lgem\u00e4lde auf Bestellung","og_url":"https:\/\/artgallery-passage.com\/de\/dielo\/oelgemaelde-ballerina-verkauf-bilder-galerie-kunst-kunst-oelgemaelde-figurative-malerei\/","og_site_name":"ART PASSAGE GALLERY","og_image":[{"width":700,"height":919,"url":"https:\/\/artgallery-passage.com\/wp-content\/uploads\/2023\/08\/Ballerina.-80x60-650-euro.jpg","type":"image\/jpeg"}],"twitter_card":"summary_large_image","schema":{"@context":"https:\/\/schema.org","@graph":[{"@type":"WebPage","@id":"https:\/\/artgallery-passage.com\/de\/dielo\/oelgemaelde-ballerina-verkauf-bilder-galerie-kunst-kunst-oelgemaelde-figurative-malerei\/","url":"https:\/\/artgallery-passage.com\/de\/dielo\/oelgemaelde-ballerina-verkauf-bilder-galerie-kunst-kunst-oelgemaelde-figurative-malerei\/","name":"Abbildung \u00d6lgem\u00e4lde \"Ballerina\". - ART PASSAGE GALLERY","isPartOf":{"@id":"https:\/\/artgallery-passage.com\/de\/#website"},"datePublished":"2023-08-06T16:41:32+00:00","dateModified":"2023-08-06T16:41:32+00:00","description":"Ballerina \u00d6lgem\u00e4lde Portr\u00e4ts handgemalte \u00d6lgem\u00e4lde f\u00fcr Portr\u00e4t \u00d6lgem\u00e4lde Familienportr\u00e4t Zertifizierung der Originalit\u00e4t figurative \u00d6lgem\u00e4lde Portr\u00e4t \u00d6lgem\u00e4lde auf Bestellung","breadcrumb":{"@id":"https:\/\/artgallery-passage.com\/de\/dielo\/oelgemaelde-ballerina-verkauf-bilder-galerie-kunst-kunst-oelgemaelde-figurative-malerei\/#breadcrumb"},"inLanguage":"de-DE","potentialAction":[{"@type":"ReadAction","target":["https:\/\/artgallery-passage.com\/de\/dielo\/oelgemaelde-ballerina-verkauf-bilder-galerie-kunst-kunst-oelgemaelde-figurative-malerei\/"]}]},{"@type":"BreadcrumbList","@id":"https:\/\/artgallery-passage.com\/de\/dielo\/oelgemaelde-ballerina-verkauf-bilder-galerie-kunst-kunst-oelgemaelde-figurative-malerei\/#breadcrumb","itemListElement":[{"@type":"ListItem","position":1,"name":"Domovsk\u00e1 str\u00e1nka","item":"https:\/\/artgallery-passage.com\/de\/"},{"@type":"ListItem","position":2,"name":"Werke","item":"https:\/\/artgallery-passage.com\/de\/werke\/"},{"@type":"ListItem","position":3,"name":"Abbildung \u00d6lgem\u00e4lde &#8222;Ballerina&#8220;."}]},{"@type":"WebSite","@id":"https:\/\/artgallery-passage.com\/de\/#website","url":"https:\/\/artgallery-passage.com\/de\/","name":"ART PASSAGE GALLERY","description":"Ru\u010dne ma\u013eovan\u00e9 obrazy","potentialAction":[{"@type":"SearchAction","target":{"@type":"EntryPoint","urlTemplate":"https:\/\/artgallery-passage.com\/de\/?s={search_term_string}"},"query-input":"required name=search_term_string"}],"inLanguage":"de-DE"}]}},"_links":{"self":[{"href":"https:\/\/artgallery-passage.com\/de\/wp-json\/wp\/v2\/product\/2779"}],"collection":[{"href":"https:\/\/artgallery-passage.com\/de\/wp-json\/wp\/v2\/product"}],"about":[{"href":"https:\/\/artgallery-passage.com\/de\/wp-json\/wp\/v2\/types\/product"}],"wp:featuredmedia":[{"embeddable":true,"href":"https:\/\/artgallery-passage.com\/de\/wp-json\/wp\/v2\/media\/2549"}],"wp:attachment":[{"href":"https:\/\/artgallery-passage.com\/de\/wp-json\/wp\/v2\/media?parent=2779"}],"wp:term":[{"taxonomy":"product_cat","embeddable":true,"href":"https:\/\/artgallery-passage.com\/de\/wp-json\/wp\/v2\/product_cat?post=2779"},{"taxonomy":"product_tag","embeddable":true,"href":"https:\/\/artgallery-passage.com\/de\/wp-json\/wp\/v2\/product_tag?post=2779"}],"curies":[{"name":"wp","href":"https:\/\/api.w.org\/{rel}","templated":true}]}}