{"id":2815,"date":"2023-04-25T17:32:10","date_gmt":"2023-04-25T15:32:10","guid":{"rendered":"https:\/\/artgallery-passage.com\/dielo\/figuratives-oelgemaelde-in-der-stille\/"},"modified":"2023-04-25T17:32:10","modified_gmt":"2023-04-25T15:32:10","slug":"oelgemaelde-gegenstaendliche-abstraktion","status":"publish","type":"product","link":"https:\/\/artgallery-passage.com\/de\/dielo\/oelgemaelde-gegenstaendliche-abstraktion\/","title":{"rendered":"Figuratives \u00d6lgem\u00e4lde &#8222;In der Stille&#8220;"},"content":{"rendered":"<p><strong>Autor:<\/strong><span class=\"person-name\">IGOR NAVROTSKYI<br \/>\n<\/span><strong>Titel: figuratives \u00d6lgem\u00e4lde &#8222;In der Stille&#8220;<\/strong><br \/>\n<strong>Jahr:<\/strong> 2023<br \/>\n<strong>Abmessungen: 90&#215;60 cm<\/strong><br \/>\n<strong>Markierung: manuell nach unten<\/strong><br \/>\n<strong>Rahmen: nein<\/strong><br \/>\n<strong>Motiv: figurative Malerei<\/strong><br \/>\n<strong>Technik: <\/strong>\u00d6l auf Leinwand Spachtel<\/p>\n","protected":false},"excerpt":{"rendered":"<div class=\"productListFGridText\">\n<div class=\"productListFGridText\">\n<div class=\"productListFGridText\">\n<div class=\"productListFGridText\">\n<div class=\"productListFGridText\">\n<p class=\"productListFGridDescription\"><strong>Ma\u00dfe:<\/strong> 90&#215;60 cm. <strong>Technik:<\/strong> \u00d6l auf Leinwand Spachtel.<\/p>\n<\/div>\n<\/div>\n<\/div>\n<\/div>\n<\/div>\n","protected":false},"featured_media":2491,"template":"","meta":[],"product_cat":[495,490],"product_tag":[749,748,740,743,516,706,659,598,683,745,747,554,744,533,741,746,742],"yoast_head":"<!-- This site is optimized with the Yoast SEO plugin v20.3 - https:\/\/yoast.com\/wordpress\/plugins\/seo\/ -->\n<title>Figuratives \u00d6lgem\u00e4lde &quot;In der Stille&quot; - ART PASSAGE GALLERY<\/title>\n<meta name=\"description\" content=\"Das \u00d6lgem\u00e4lde &quot;In Silence&quot; ist sowohl ein \u00d6lgem\u00e4lde als auch ein figuratives Gem\u00e4lde und ein Portr\u00e4t, das von Hand mit einem Spachtel in einer mehrschichtigen Maltechnik gemalt wurde, dieses Gem\u00e4lde einer sch\u00f6nen Frau.\" \/>\n<meta name=\"robots\" content=\"index, follow, max-snippet:-1, max-image-preview:large, max-video-preview:-1\" \/>\n<link rel=\"canonical\" href=\"https:\/\/artgallery-passage.com\/de\/dielo\/oelgemaelde-gegenstaendliche-abstraktion\/\" \/>\n<meta property=\"og:locale\" content=\"de_DE\" \/>\n<meta property=\"og:type\" content=\"article\" \/>\n<meta property=\"og:title\" content=\"Figuratives \u00d6lgem\u00e4lde &quot;In der Stille&quot; - ART PASSAGE GALLERY\" \/>\n<meta property=\"og:description\" content=\"Das \u00d6lgem\u00e4lde &quot;In Silence&quot; ist sowohl ein \u00d6lgem\u00e4lde als auch ein figuratives Gem\u00e4lde und ein Portr\u00e4t, das von Hand mit einem Spachtel in einer mehrschichtigen Maltechnik gemalt wurde, dieses Gem\u00e4lde einer sch\u00f6nen Frau.\" \/>\n<meta property=\"og:url\" content=\"https:\/\/artgallery-passage.com\/de\/dielo\/oelgemaelde-gegenstaendliche-abstraktion\/\" \/>\n<meta property=\"og:site_name\" content=\"ART PASSAGE GALLERY\" \/>\n<meta property=\"og:image\" content=\"https:\/\/artgallery-passage.com\/wp-content\/uploads\/2023\/04\/90\u044560-900-\u2014-shut-up-and-do-it.jpg\" \/>\n\t<meta property=\"og:image:width\" content=\"1000\" \/>\n\t<meta property=\"og:image:height\" content=\"1502\" \/>\n\t<meta property=\"og:image:type\" content=\"image\/jpeg\" \/>\n<meta name=\"twitter:card\" content=\"summary_large_image\" \/>\n<script type=\"application\/ld+json\" class=\"yoast-schema-graph\">{\"@context\":\"https:\/\/schema.org\",\"@graph\":[{\"@type\":\"WebPage\",\"@id\":\"https:\/\/artgallery-passage.com\/de\/dielo\/oelgemaelde-gegenstaendliche-abstraktion\/\",\"url\":\"https:\/\/artgallery-passage.com\/de\/dielo\/oelgemaelde-gegenstaendliche-abstraktion\/\",\"name\":\"Figuratives \u00d6lgem\u00e4lde \\\"In der Stille\\\" - ART PASSAGE GALLERY\",\"isPartOf\":{\"@id\":\"https:\/\/artgallery-passage.com\/de\/#website\"},\"datePublished\":\"2023-04-25T15:32:10+00:00\",\"dateModified\":\"2023-04-25T15:32:10+00:00\",\"description\":\"Das \u00d6lgem\u00e4lde \\\"In Silence\\\" ist sowohl ein \u00d6lgem\u00e4lde als auch ein figuratives Gem\u00e4lde und ein Portr\u00e4t, das von Hand mit einem Spachtel in einer mehrschichtigen Maltechnik gemalt wurde, dieses Gem\u00e4lde einer sch\u00f6nen Frau.\",\"breadcrumb\":{\"@id\":\"https:\/\/artgallery-passage.com\/de\/dielo\/oelgemaelde-gegenstaendliche-abstraktion\/#breadcrumb\"},\"inLanguage\":\"de-DE\",\"potentialAction\":[{\"@type\":\"ReadAction\",\"target\":[\"https:\/\/artgallery-passage.com\/de\/dielo\/oelgemaelde-gegenstaendliche-abstraktion\/\"]}]},{\"@type\":\"BreadcrumbList\",\"@id\":\"https:\/\/artgallery-passage.com\/de\/dielo\/oelgemaelde-gegenstaendliche-abstraktion\/#breadcrumb\",\"itemListElement\":[{\"@type\":\"ListItem\",\"position\":1,\"name\":\"Domovsk\u00e1 str\u00e1nka\",\"item\":\"https:\/\/artgallery-passage.com\/de\/\"},{\"@type\":\"ListItem\",\"position\":2,\"name\":\"Werke\",\"item\":\"https:\/\/artgallery-passage.com\/de\/werke\/\"},{\"@type\":\"ListItem\",\"position\":3,\"name\":\"Figuratives \u00d6lgem\u00e4lde &#8222;In der Stille&#8220;\"}]},{\"@type\":\"WebSite\",\"@id\":\"https:\/\/artgallery-passage.com\/de\/#website\",\"url\":\"https:\/\/artgallery-passage.com\/de\/\",\"name\":\"ART PASSAGE GALLERY\",\"description\":\"Ru\u010dne ma\u013eovan\u00e9 obrazy\",\"potentialAction\":[{\"@type\":\"SearchAction\",\"target\":{\"@type\":\"EntryPoint\",\"urlTemplate\":\"https:\/\/artgallery-passage.com\/de\/?s={search_term_string}\"},\"query-input\":\"required name=search_term_string\"}],\"inLanguage\":\"de-DE\"}]}<\/script>\n<!-- \/ Yoast SEO plugin. -->","yoast_head_json":{"title":"Figuratives \u00d6lgem\u00e4lde \"In der Stille\" - ART PASSAGE GALLERY","description":"Das \u00d6lgem\u00e4lde \"In Silence\" ist sowohl ein \u00d6lgem\u00e4lde als auch ein figuratives Gem\u00e4lde und ein Portr\u00e4t, das von Hand mit einem Spachtel in einer mehrschichtigen Maltechnik gemalt wurde, dieses Gem\u00e4lde einer sch\u00f6nen Frau.","robots":{"index":"index","follow":"follow","max-snippet":"max-snippet:-1","max-image-preview":"max-image-preview:large","max-video-preview":"max-video-preview:-1"},"canonical":"https:\/\/artgallery-passage.com\/de\/dielo\/oelgemaelde-gegenstaendliche-abstraktion\/","og_locale":"de_DE","og_type":"article","og_title":"Figuratives \u00d6lgem\u00e4lde \"In der Stille\" - ART PASSAGE GALLERY","og_description":"Das \u00d6lgem\u00e4lde \"In Silence\" ist sowohl ein \u00d6lgem\u00e4lde als auch ein figuratives Gem\u00e4lde und ein Portr\u00e4t, das von Hand mit einem Spachtel in einer mehrschichtigen Maltechnik gemalt wurde, dieses Gem\u00e4lde einer sch\u00f6nen Frau.","og_url":"https:\/\/artgallery-passage.com\/de\/dielo\/oelgemaelde-gegenstaendliche-abstraktion\/","og_site_name":"ART PASSAGE GALLERY","og_image":[{"width":1000,"height":1502,"url":"https:\/\/artgallery-passage.com\/wp-content\/uploads\/2023\/04\/90\u044560-900-\u2014-shut-up-and-do-it.jpg","type":"image\/jpeg"}],"twitter_card":"summary_large_image","schema":{"@context":"https:\/\/schema.org","@graph":[{"@type":"WebPage","@id":"https:\/\/artgallery-passage.com\/de\/dielo\/oelgemaelde-gegenstaendliche-abstraktion\/","url":"https:\/\/artgallery-passage.com\/de\/dielo\/oelgemaelde-gegenstaendliche-abstraktion\/","name":"Figuratives \u00d6lgem\u00e4lde \"In der Stille\" - ART PASSAGE GALLERY","isPartOf":{"@id":"https:\/\/artgallery-passage.com\/de\/#website"},"datePublished":"2023-04-25T15:32:10+00:00","dateModified":"2023-04-25T15:32:10+00:00","description":"Das \u00d6lgem\u00e4lde \"In Silence\" ist sowohl ein \u00d6lgem\u00e4lde als auch ein figuratives Gem\u00e4lde und ein Portr\u00e4t, das von Hand mit einem Spachtel in einer mehrschichtigen Maltechnik gemalt wurde, dieses Gem\u00e4lde einer sch\u00f6nen Frau.","breadcrumb":{"@id":"https:\/\/artgallery-passage.com\/de\/dielo\/oelgemaelde-gegenstaendliche-abstraktion\/#breadcrumb"},"inLanguage":"de-DE","potentialAction":[{"@type":"ReadAction","target":["https:\/\/artgallery-passage.com\/de\/dielo\/oelgemaelde-gegenstaendliche-abstraktion\/"]}]},{"@type":"BreadcrumbList","@id":"https:\/\/artgallery-passage.com\/de\/dielo\/oelgemaelde-gegenstaendliche-abstraktion\/#breadcrumb","itemListElement":[{"@type":"ListItem","position":1,"name":"Domovsk\u00e1 str\u00e1nka","item":"https:\/\/artgallery-passage.com\/de\/"},{"@type":"ListItem","position":2,"name":"Werke","item":"https:\/\/artgallery-passage.com\/de\/werke\/"},{"@type":"ListItem","position":3,"name":"Figuratives \u00d6lgem\u00e4lde &#8222;In der Stille&#8220;"}]},{"@type":"WebSite","@id":"https:\/\/artgallery-passage.com\/de\/#website","url":"https:\/\/artgallery-passage.com\/de\/","name":"ART PASSAGE GALLERY","description":"Ru\u010dne ma\u013eovan\u00e9 obrazy","potentialAction":[{"@type":"SearchAction","target":{"@type":"EntryPoint","urlTemplate":"https:\/\/artgallery-passage.com\/de\/?s={search_term_string}"},"query-input":"required name=search_term_string"}],"inLanguage":"de-DE"}]}},"_links":{"self":[{"href":"https:\/\/artgallery-passage.com\/de\/wp-json\/wp\/v2\/product\/2815"}],"collection":[{"href":"https:\/\/artgallery-passage.com\/de\/wp-json\/wp\/v2\/product"}],"about":[{"href":"https:\/\/artgallery-passage.com\/de\/wp-json\/wp\/v2\/types\/product"}],"wp:featuredmedia":[{"embeddable":true,"href":"https:\/\/artgallery-passage.com\/de\/wp-json\/wp\/v2\/media\/2491"}],"wp:attachment":[{"href":"https:\/\/artgallery-passage.com\/de\/wp-json\/wp\/v2\/media?parent=2815"}],"wp:term":[{"taxonomy":"product_cat","embeddable":true,"href":"https:\/\/artgallery-passage.com\/de\/wp-json\/wp\/v2\/product_cat?post=2815"},{"taxonomy":"product_tag","embeddable":true,"href":"https:\/\/artgallery-passage.com\/de\/wp-json\/wp\/v2\/product_tag?post=2815"}],"curies":[{"name":"wp","href":"https:\/\/api.w.org\/{rel}","templated":true}]}}