{"id":2817,"date":"2023-04-18T09:33:10","date_gmt":"2023-04-18T07:33:10","guid":{"rendered":"https:\/\/artgallery-passage.com\/dielo\/oelgemaelde-blumen-in-einer-blauen-vase\/"},"modified":"2023-04-18T09:33:10","modified_gmt":"2023-04-18T07:33:10","slug":"oelgemaelde-blumen-in-blauer-folie-2","status":"publish","type":"product","link":"https:\/\/artgallery-passage.com\/de\/dielo\/oelgemaelde-blumen-in-blauer-folie-2\/","title":{"rendered":"\u00d6lgem\u00e4lde &#8222;Blumen in einer blauen Vase&#8220;"},"content":{"rendered":"<p><strong>Autor:<\/strong> IGOR NAVROTSKYI<span class=\"person-name\"><br \/>\n<\/span><strong>Titel: <\/strong>&#8222;Blumen in einer blauen Vase&#8220;.<br \/>\n<strong>Jahr:<\/strong> 2023<br \/>\n<strong>Abmessungen: <\/strong>50&#215;60<br \/>\n<strong>Rahmen: nein<\/strong><br \/>\n<strong>Motiv: Schweigen<\/strong><br \/>\n<strong>Technik:<\/strong> \u00d6l auf Leinwand<\/p>\n","protected":false},"excerpt":{"rendered":"<div class=\"productListFGridText\">\n<div class=\"productListFGridText\">\n<div class=\"productListFGridText\">\n<div class=\"productListFGridText\">\n<div class=\"productListFGridText\">\n<p class=\"productListFGridDescription\"><strong>Gr\u00f6\u00dfe:<\/strong> 50&#215;60 cm. <strong>Technik:<\/strong> \u00d6l auf Leinwand.<\/p>\n<\/div>\n<\/div>\n<\/div>\n<\/div>\n<\/div>\n","protected":false},"featured_media":2486,"template":"","meta":[],"product_cat":[490,493],"product_tag":[],"yoast_head":"<!-- This site is optimized with the Yoast SEO plugin v20.3 - https:\/\/yoast.com\/wordpress\/plugins\/seo\/ -->\n<title>\u00d6lgem\u00e4lde &quot;Blumen in einer blauen Vase&quot; - ART PASSAGE GALLERY<\/title>\n<meta name=\"description\" content=\"\u00d6lmalerei in Ruhe - \u00d6lmalerei, figurative Malerei, Portr\u00e4ts und Surrealismus, handgemalte Bilder, Joker. Bescheinigung der Originalit\u00e4t. Schnelle Lieferung.\" \/>\n<meta name=\"robots\" content=\"index, follow, max-snippet:-1, max-image-preview:large, max-video-preview:-1\" \/>\n<link rel=\"canonical\" href=\"https:\/\/artgallery-passage.com\/de\/dielo\/oelgemaelde-blumen-in-blauer-folie-2\/\" \/>\n<meta property=\"og:locale\" content=\"de_DE\" \/>\n<meta property=\"og:type\" content=\"article\" \/>\n<meta property=\"og:title\" content=\"\u00d6lgem\u00e4lde &quot;Blumen in einer blauen Vase&quot; - ART PASSAGE GALLERY\" \/>\n<meta property=\"og:description\" content=\"\u00d6lmalerei in Ruhe - \u00d6lmalerei, figurative Malerei, Portr\u00e4ts und Surrealismus, handgemalte Bilder, Joker. Bescheinigung der Originalit\u00e4t. Schnelle Lieferung.\" \/>\n<meta property=\"og:url\" content=\"https:\/\/artgallery-passage.com\/de\/dielo\/oelgemaelde-blumen-in-blauer-folie-2\/\" \/>\n<meta property=\"og:site_name\" content=\"ART PASSAGE GALLERY\" \/>\n<meta property=\"og:image\" content=\"https:\/\/artgallery-passage.com\/wp-content\/uploads\/2023\/04\/70\u044560-280-kvety-v-modrej-vaze-\u2014-\u043a\u043e\u043f\u0438\u044f.jpg\" \/>\n\t<meta property=\"og:image:width\" content=\"800\" \/>\n\t<meta property=\"og:image:height\" content=\"924\" \/>\n\t<meta property=\"og:image:type\" content=\"image\/jpeg\" \/>\n<meta name=\"twitter:card\" content=\"summary_large_image\" \/>\n<script type=\"application\/ld+json\" class=\"yoast-schema-graph\">{\"@context\":\"https:\/\/schema.org\",\"@graph\":[{\"@type\":\"WebPage\",\"@id\":\"https:\/\/artgallery-passage.com\/de\/dielo\/oelgemaelde-blumen-in-blauer-folie-2\/\",\"url\":\"https:\/\/artgallery-passage.com\/de\/dielo\/oelgemaelde-blumen-in-blauer-folie-2\/\",\"name\":\"\u00d6lgem\u00e4lde \\\"Blumen in einer blauen Vase\\\" - ART PASSAGE GALLERY\",\"isPartOf\":{\"@id\":\"https:\/\/artgallery-passage.com\/de\/#website\"},\"datePublished\":\"2023-04-18T07:33:10+00:00\",\"dateModified\":\"2023-04-18T07:33:10+00:00\",\"description\":\"\u00d6lmalerei in Ruhe - \u00d6lmalerei, figurative Malerei, Portr\u00e4ts und Surrealismus, handgemalte Bilder, Joker. Bescheinigung der Originalit\u00e4t. Schnelle Lieferung.\",\"breadcrumb\":{\"@id\":\"https:\/\/artgallery-passage.com\/de\/dielo\/oelgemaelde-blumen-in-blauer-folie-2\/#breadcrumb\"},\"inLanguage\":\"de-DE\",\"potentialAction\":[{\"@type\":\"ReadAction\",\"target\":[\"https:\/\/artgallery-passage.com\/de\/dielo\/oelgemaelde-blumen-in-blauer-folie-2\/\"]}]},{\"@type\":\"BreadcrumbList\",\"@id\":\"https:\/\/artgallery-passage.com\/de\/dielo\/oelgemaelde-blumen-in-blauer-folie-2\/#breadcrumb\",\"itemListElement\":[{\"@type\":\"ListItem\",\"position\":1,\"name\":\"Domovsk\u00e1 str\u00e1nka\",\"item\":\"https:\/\/artgallery-passage.com\/de\/\"},{\"@type\":\"ListItem\",\"position\":2,\"name\":\"Werke\",\"item\":\"https:\/\/artgallery-passage.com\/de\/werke\/\"},{\"@type\":\"ListItem\",\"position\":3,\"name\":\"\u00d6lgem\u00e4lde &#8222;Blumen in einer blauen Vase&#8220;\"}]},{\"@type\":\"WebSite\",\"@id\":\"https:\/\/artgallery-passage.com\/de\/#website\",\"url\":\"https:\/\/artgallery-passage.com\/de\/\",\"name\":\"ART PASSAGE GALLERY\",\"description\":\"Ru\u010dne ma\u013eovan\u00e9 obrazy\",\"potentialAction\":[{\"@type\":\"SearchAction\",\"target\":{\"@type\":\"EntryPoint\",\"urlTemplate\":\"https:\/\/artgallery-passage.com\/de\/?s={search_term_string}\"},\"query-input\":\"required name=search_term_string\"}],\"inLanguage\":\"de-DE\"}]}<\/script>\n<!-- \/ Yoast SEO plugin. -->","yoast_head_json":{"title":"\u00d6lgem\u00e4lde \"Blumen in einer blauen Vase\" - ART PASSAGE GALLERY","description":"\u00d6lmalerei in Ruhe - \u00d6lmalerei, figurative Malerei, Portr\u00e4ts und Surrealismus, handgemalte Bilder, Joker. Bescheinigung der Originalit\u00e4t. Schnelle Lieferung.","robots":{"index":"index","follow":"follow","max-snippet":"max-snippet:-1","max-image-preview":"max-image-preview:large","max-video-preview":"max-video-preview:-1"},"canonical":"https:\/\/artgallery-passage.com\/de\/dielo\/oelgemaelde-blumen-in-blauer-folie-2\/","og_locale":"de_DE","og_type":"article","og_title":"\u00d6lgem\u00e4lde \"Blumen in einer blauen Vase\" - ART PASSAGE GALLERY","og_description":"\u00d6lmalerei in Ruhe - \u00d6lmalerei, figurative Malerei, Portr\u00e4ts und Surrealismus, handgemalte Bilder, Joker. Bescheinigung der Originalit\u00e4t. Schnelle Lieferung.","og_url":"https:\/\/artgallery-passage.com\/de\/dielo\/oelgemaelde-blumen-in-blauer-folie-2\/","og_site_name":"ART PASSAGE GALLERY","og_image":[{"width":800,"height":924,"url":"https:\/\/artgallery-passage.com\/wp-content\/uploads\/2023\/04\/70\u044560-280-kvety-v-modrej-vaze-\u2014-\u043a\u043e\u043f\u0438\u044f.jpg","type":"image\/jpeg"}],"twitter_card":"summary_large_image","schema":{"@context":"https:\/\/schema.org","@graph":[{"@type":"WebPage","@id":"https:\/\/artgallery-passage.com\/de\/dielo\/oelgemaelde-blumen-in-blauer-folie-2\/","url":"https:\/\/artgallery-passage.com\/de\/dielo\/oelgemaelde-blumen-in-blauer-folie-2\/","name":"\u00d6lgem\u00e4lde \"Blumen in einer blauen Vase\" - ART PASSAGE GALLERY","isPartOf":{"@id":"https:\/\/artgallery-passage.com\/de\/#website"},"datePublished":"2023-04-18T07:33:10+00:00","dateModified":"2023-04-18T07:33:10+00:00","description":"\u00d6lmalerei in Ruhe - \u00d6lmalerei, figurative Malerei, Portr\u00e4ts und Surrealismus, handgemalte Bilder, Joker. Bescheinigung der Originalit\u00e4t. Schnelle Lieferung.","breadcrumb":{"@id":"https:\/\/artgallery-passage.com\/de\/dielo\/oelgemaelde-blumen-in-blauer-folie-2\/#breadcrumb"},"inLanguage":"de-DE","potentialAction":[{"@type":"ReadAction","target":["https:\/\/artgallery-passage.com\/de\/dielo\/oelgemaelde-blumen-in-blauer-folie-2\/"]}]},{"@type":"BreadcrumbList","@id":"https:\/\/artgallery-passage.com\/de\/dielo\/oelgemaelde-blumen-in-blauer-folie-2\/#breadcrumb","itemListElement":[{"@type":"ListItem","position":1,"name":"Domovsk\u00e1 str\u00e1nka","item":"https:\/\/artgallery-passage.com\/de\/"},{"@type":"ListItem","position":2,"name":"Werke","item":"https:\/\/artgallery-passage.com\/de\/werke\/"},{"@type":"ListItem","position":3,"name":"\u00d6lgem\u00e4lde &#8222;Blumen in einer blauen Vase&#8220;"}]},{"@type":"WebSite","@id":"https:\/\/artgallery-passage.com\/de\/#website","url":"https:\/\/artgallery-passage.com\/de\/","name":"ART PASSAGE GALLERY","description":"Ru\u010dne ma\u013eovan\u00e9 obrazy","potentialAction":[{"@type":"SearchAction","target":{"@type":"EntryPoint","urlTemplate":"https:\/\/artgallery-passage.com\/de\/?s={search_term_string}"},"query-input":"required name=search_term_string"}],"inLanguage":"de-DE"}]}},"_links":{"self":[{"href":"https:\/\/artgallery-passage.com\/de\/wp-json\/wp\/v2\/product\/2817"}],"collection":[{"href":"https:\/\/artgallery-passage.com\/de\/wp-json\/wp\/v2\/product"}],"about":[{"href":"https:\/\/artgallery-passage.com\/de\/wp-json\/wp\/v2\/types\/product"}],"wp:featuredmedia":[{"embeddable":true,"href":"https:\/\/artgallery-passage.com\/de\/wp-json\/wp\/v2\/media\/2486"}],"wp:attachment":[{"href":"https:\/\/artgallery-passage.com\/de\/wp-json\/wp\/v2\/media?parent=2817"}],"wp:term":[{"taxonomy":"product_cat","embeddable":true,"href":"https:\/\/artgallery-passage.com\/de\/wp-json\/wp\/v2\/product_cat?post=2817"},{"taxonomy":"product_tag","embeddable":true,"href":"https:\/\/artgallery-passage.com\/de\/wp-json\/wp\/v2\/product_tag?post=2817"}],"curies":[{"name":"wp","href":"https:\/\/api.w.org\/{rel}","templated":true}]}}