{"id":2870,"date":"2023-02-07T11:36:08","date_gmt":"2023-02-07T10:36:08","guid":{"rendered":"https:\/\/artgallery-passage.com\/dielo\/oelgemaelde-autoritaere-erziehung\/"},"modified":"2023-02-07T11:36:08","modified_gmt":"2023-02-07T10:36:08","slug":"oelgemaelde-rennfahrerjungen-in-der-modernen-gesellschaft","status":"publish","type":"product","link":"https:\/\/artgallery-passage.com\/de\/dielo\/oelgemaelde-rennfahrerjungen-in-der-modernen-gesellschaft\/","title":{"rendered":"\u00d6lgem\u00e4lde &#8222;Autorit\u00e4re Erziehung&#8220;"},"content":{"rendered":"<p><strong>Autor:TATIANA SIEDLOVA<\/strong><br \/>\n<strong>Titel: &#8222;Autorit\u00e4re Erziehung<\/strong><br \/>\n<strong>Jahr:<\/strong> 2022<br \/>\n<strong>Abmessungen: 100x 80 cm<\/strong><br \/>\n<strong>Markierung: manuell nach unten<\/strong><br \/>\n<strong>Rahmen: nein<\/strong><br \/>\n<strong>Motiv: figurative Malerei, Surrealismus<\/strong><br \/>\n<strong>Technik: \u00d6l auf Leinwand<\/strong><\/p>\n","protected":false},"excerpt":{"rendered":"<p><strong>Gr\u00f6\u00dfe:<\/strong> 100&#215;80 cm. <strong>Technik:<\/strong> \u00d6l auf Leinwand.<\/p>\n","protected":false},"featured_media":2312,"template":"","meta":[],"product_cat":[495,490],"product_tag":[676,679,527,671,673,674,678,670,680,669,677,675,600,666,668,554,672,559,667],"yoast_head":"<!-- This site is optimized with the Yoast SEO plugin v20.3 - https:\/\/yoast.com\/wordpress\/plugins\/seo\/ -->\n<title>\u00d6lgem\u00e4lde &quot;Autorit\u00e4re Erziehung&quot; - ART PASSAGE GALLERY<\/title>\n<meta name=\"description\" content=\"\u00d6lgem\u00e4lde &quot;Autorit\u00e4re Erziehung&quot;, in dem der Gedanke zum Ausdruck kommt, dass unsere Gesellschaft Jungen mit dem Ziel erzieht, zu Kriegern zu werden. Eine falsche Erziehung und Lebensf\u00fchrung erlaubt es einem jungen Menschen nicht, die Sch\u00f6nheit der Welt zu sehen und sie zu bewundern - eine Zertifizierung der Originalit\u00e4t. Schnelle Lieferung.\" \/>\n<meta name=\"robots\" content=\"index, follow, max-snippet:-1, max-image-preview:large, max-video-preview:-1\" \/>\n<link rel=\"canonical\" href=\"https:\/\/artgallery-passage.com\/de\/dielo\/oelgemaelde-rennfahrerjungen-in-der-modernen-gesellschaft\/\" \/>\n<meta property=\"og:locale\" content=\"de_DE\" \/>\n<meta property=\"og:type\" content=\"article\" \/>\n<meta property=\"og:title\" content=\"\u00d6lgem\u00e4lde &quot;Autorit\u00e4re Erziehung&quot; - ART PASSAGE GALLERY\" \/>\n<meta property=\"og:description\" content=\"\u00d6lgem\u00e4lde &quot;Autorit\u00e4re Erziehung&quot;, in dem der Gedanke zum Ausdruck kommt, dass unsere Gesellschaft Jungen mit dem Ziel erzieht, zu Kriegern zu werden. Eine falsche Erziehung und Lebensf\u00fchrung erlaubt es einem jungen Menschen nicht, die Sch\u00f6nheit der Welt zu sehen und sie zu bewundern - eine Zertifizierung der Originalit\u00e4t. Schnelle Lieferung.\" \/>\n<meta property=\"og:url\" content=\"https:\/\/artgallery-passage.com\/de\/dielo\/oelgemaelde-rennfahrerjungen-in-der-modernen-gesellschaft\/\" \/>\n<meta property=\"og:site_name\" content=\"ART PASSAGE GALLERY\" \/>\n<meta property=\"og:image\" content=\"https:\/\/artgallery-passage.com\/wp-content\/uploads\/2023\/02\/00.jpg\" \/>\n\t<meta property=\"og:image:width\" content=\"998\" \/>\n\t<meta property=\"og:image:height\" content=\"1199\" \/>\n\t<meta property=\"og:image:type\" content=\"image\/jpeg\" \/>\n<meta name=\"twitter:card\" content=\"summary_large_image\" \/>\n<script type=\"application\/ld+json\" class=\"yoast-schema-graph\">{\"@context\":\"https:\/\/schema.org\",\"@graph\":[{\"@type\":\"WebPage\",\"@id\":\"https:\/\/artgallery-passage.com\/de\/dielo\/oelgemaelde-rennfahrerjungen-in-der-modernen-gesellschaft\/\",\"url\":\"https:\/\/artgallery-passage.com\/de\/dielo\/oelgemaelde-rennfahrerjungen-in-der-modernen-gesellschaft\/\",\"name\":\"\u00d6lgem\u00e4lde \\\"Autorit\u00e4re Erziehung\\\" - ART PASSAGE GALLERY\",\"isPartOf\":{\"@id\":\"https:\/\/artgallery-passage.com\/de\/#website\"},\"datePublished\":\"2023-02-07T10:36:08+00:00\",\"dateModified\":\"2023-02-07T10:36:08+00:00\",\"description\":\"\u00d6lgem\u00e4lde \\\"Autorit\u00e4re Erziehung\\\", in dem der Gedanke zum Ausdruck kommt, dass unsere Gesellschaft Jungen mit dem Ziel erzieht, zu Kriegern zu werden. Eine falsche Erziehung und Lebensf\u00fchrung erlaubt es einem jungen Menschen nicht, die Sch\u00f6nheit der Welt zu sehen und sie zu bewundern - eine Zertifizierung der Originalit\u00e4t. Schnelle Lieferung.\",\"breadcrumb\":{\"@id\":\"https:\/\/artgallery-passage.com\/de\/dielo\/oelgemaelde-rennfahrerjungen-in-der-modernen-gesellschaft\/#breadcrumb\"},\"inLanguage\":\"de-DE\",\"potentialAction\":[{\"@type\":\"ReadAction\",\"target\":[\"https:\/\/artgallery-passage.com\/de\/dielo\/oelgemaelde-rennfahrerjungen-in-der-modernen-gesellschaft\/\"]}]},{\"@type\":\"BreadcrumbList\",\"@id\":\"https:\/\/artgallery-passage.com\/de\/dielo\/oelgemaelde-rennfahrerjungen-in-der-modernen-gesellschaft\/#breadcrumb\",\"itemListElement\":[{\"@type\":\"ListItem\",\"position\":1,\"name\":\"Domovsk\u00e1 str\u00e1nka\",\"item\":\"https:\/\/artgallery-passage.com\/de\/\"},{\"@type\":\"ListItem\",\"position\":2,\"name\":\"Werke\",\"item\":\"https:\/\/artgallery-passage.com\/de\/werke\/\"},{\"@type\":\"ListItem\",\"position\":3,\"name\":\"\u00d6lgem\u00e4lde &#8222;Autorit\u00e4re Erziehung&#8220;\"}]},{\"@type\":\"WebSite\",\"@id\":\"https:\/\/artgallery-passage.com\/de\/#website\",\"url\":\"https:\/\/artgallery-passage.com\/de\/\",\"name\":\"ART PASSAGE GALLERY\",\"description\":\"Ru\u010dne ma\u013eovan\u00e9 obrazy\",\"potentialAction\":[{\"@type\":\"SearchAction\",\"target\":{\"@type\":\"EntryPoint\",\"urlTemplate\":\"https:\/\/artgallery-passage.com\/de\/?s={search_term_string}\"},\"query-input\":\"required name=search_term_string\"}],\"inLanguage\":\"de-DE\"}]}<\/script>\n<!-- \/ Yoast SEO plugin. -->","yoast_head_json":{"title":"\u00d6lgem\u00e4lde \"Autorit\u00e4re Erziehung\" - ART PASSAGE GALLERY","description":"\u00d6lgem\u00e4lde \"Autorit\u00e4re Erziehung\", in dem der Gedanke zum Ausdruck kommt, dass unsere Gesellschaft Jungen mit dem Ziel erzieht, zu Kriegern zu werden. Eine falsche Erziehung und Lebensf\u00fchrung erlaubt es einem jungen Menschen nicht, die Sch\u00f6nheit der Welt zu sehen und sie zu bewundern - eine Zertifizierung der Originalit\u00e4t. Schnelle Lieferung.","robots":{"index":"index","follow":"follow","max-snippet":"max-snippet:-1","max-image-preview":"max-image-preview:large","max-video-preview":"max-video-preview:-1"},"canonical":"https:\/\/artgallery-passage.com\/de\/dielo\/oelgemaelde-rennfahrerjungen-in-der-modernen-gesellschaft\/","og_locale":"de_DE","og_type":"article","og_title":"\u00d6lgem\u00e4lde \"Autorit\u00e4re Erziehung\" - ART PASSAGE GALLERY","og_description":"\u00d6lgem\u00e4lde \"Autorit\u00e4re Erziehung\", in dem der Gedanke zum Ausdruck kommt, dass unsere Gesellschaft Jungen mit dem Ziel erzieht, zu Kriegern zu werden. Eine falsche Erziehung und Lebensf\u00fchrung erlaubt es einem jungen Menschen nicht, die Sch\u00f6nheit der Welt zu sehen und sie zu bewundern - eine Zertifizierung der Originalit\u00e4t. Schnelle Lieferung.","og_url":"https:\/\/artgallery-passage.com\/de\/dielo\/oelgemaelde-rennfahrerjungen-in-der-modernen-gesellschaft\/","og_site_name":"ART PASSAGE GALLERY","og_image":[{"width":998,"height":1199,"url":"https:\/\/artgallery-passage.com\/wp-content\/uploads\/2023\/02\/00.jpg","type":"image\/jpeg"}],"twitter_card":"summary_large_image","schema":{"@context":"https:\/\/schema.org","@graph":[{"@type":"WebPage","@id":"https:\/\/artgallery-passage.com\/de\/dielo\/oelgemaelde-rennfahrerjungen-in-der-modernen-gesellschaft\/","url":"https:\/\/artgallery-passage.com\/de\/dielo\/oelgemaelde-rennfahrerjungen-in-der-modernen-gesellschaft\/","name":"\u00d6lgem\u00e4lde \"Autorit\u00e4re Erziehung\" - ART PASSAGE GALLERY","isPartOf":{"@id":"https:\/\/artgallery-passage.com\/de\/#website"},"datePublished":"2023-02-07T10:36:08+00:00","dateModified":"2023-02-07T10:36:08+00:00","description":"\u00d6lgem\u00e4lde \"Autorit\u00e4re Erziehung\", in dem der Gedanke zum Ausdruck kommt, dass unsere Gesellschaft Jungen mit dem Ziel erzieht, zu Kriegern zu werden. Eine falsche Erziehung und Lebensf\u00fchrung erlaubt es einem jungen Menschen nicht, die Sch\u00f6nheit der Welt zu sehen und sie zu bewundern - eine Zertifizierung der Originalit\u00e4t. Schnelle Lieferung.","breadcrumb":{"@id":"https:\/\/artgallery-passage.com\/de\/dielo\/oelgemaelde-rennfahrerjungen-in-der-modernen-gesellschaft\/#breadcrumb"},"inLanguage":"de-DE","potentialAction":[{"@type":"ReadAction","target":["https:\/\/artgallery-passage.com\/de\/dielo\/oelgemaelde-rennfahrerjungen-in-der-modernen-gesellschaft\/"]}]},{"@type":"BreadcrumbList","@id":"https:\/\/artgallery-passage.com\/de\/dielo\/oelgemaelde-rennfahrerjungen-in-der-modernen-gesellschaft\/#breadcrumb","itemListElement":[{"@type":"ListItem","position":1,"name":"Domovsk\u00e1 str\u00e1nka","item":"https:\/\/artgallery-passage.com\/de\/"},{"@type":"ListItem","position":2,"name":"Werke","item":"https:\/\/artgallery-passage.com\/de\/werke\/"},{"@type":"ListItem","position":3,"name":"\u00d6lgem\u00e4lde &#8222;Autorit\u00e4re Erziehung&#8220;"}]},{"@type":"WebSite","@id":"https:\/\/artgallery-passage.com\/de\/#website","url":"https:\/\/artgallery-passage.com\/de\/","name":"ART PASSAGE GALLERY","description":"Ru\u010dne ma\u013eovan\u00e9 obrazy","potentialAction":[{"@type":"SearchAction","target":{"@type":"EntryPoint","urlTemplate":"https:\/\/artgallery-passage.com\/de\/?s={search_term_string}"},"query-input":"required name=search_term_string"}],"inLanguage":"de-DE"}]}},"_links":{"self":[{"href":"https:\/\/artgallery-passage.com\/de\/wp-json\/wp\/v2\/product\/2870"}],"collection":[{"href":"https:\/\/artgallery-passage.com\/de\/wp-json\/wp\/v2\/product"}],"about":[{"href":"https:\/\/artgallery-passage.com\/de\/wp-json\/wp\/v2\/types\/product"}],"wp:featuredmedia":[{"embeddable":true,"href":"https:\/\/artgallery-passage.com\/de\/wp-json\/wp\/v2\/media\/2312"}],"wp:attachment":[{"href":"https:\/\/artgallery-passage.com\/de\/wp-json\/wp\/v2\/media?parent=2870"}],"wp:term":[{"taxonomy":"product_cat","embeddable":true,"href":"https:\/\/artgallery-passage.com\/de\/wp-json\/wp\/v2\/product_cat?post=2870"},{"taxonomy":"product_tag","embeddable":true,"href":"https:\/\/artgallery-passage.com\/de\/wp-json\/wp\/v2\/product_tag?post=2870"}],"curies":[{"name":"wp","href":"https:\/\/api.w.org\/{rel}","templated":true}]}}