{"id":2898,"date":"2024-02-11T21:49:55","date_gmt":"2024-02-11T20:49:55","guid":{"rendered":"https:\/\/artgallery-passage.com\/?post_type=product&#038;p=2898"},"modified":"2024-03-12T14:33:47","modified_gmt":"2024-03-12T13:33:47","slug":"gemalde-zu-verkaufen-blumen-fantasie","status":"publish","type":"product","link":"https:\/\/artgallery-passage.com\/de\/dielo\/gemalde-zu-verkaufen-blumen-fantasie\/","title":{"rendered":"Gem\u00e4lde zu verkaufen Floral fantasy"},"content":{"rendered":"<p><strong>Autor: IGOR NAVROTSKYI<br \/>\nTitel: Kunst Gem\u00e4lde Blume Fantasie<br \/>\nJahr: 2024<br \/>\nAbmessungen: 65\u00d745cm.<br \/>\nMarkierung: manuell nach unten<br \/>\nRahmen: nein<br \/>\nMotiv: Blumen<br \/>\nTechnik: \u00d6l auf Leinwand<br \/>\n<\/strong><\/p>\n","protected":false},"excerpt":{"rendered":"<div class=\"productListFGridText\">\n<div class=\"productListFGridTegfkxt\">\n<p class=\"productListFGridDescription\"><strong>Ma\u00dfe: 65\u00d745cm. <\/strong> <strong>Technik:<\/strong> \u00d6l auf Leinwand.<\/p>\n<\/div>\n<\/div>\n","protected":false},"featured_media":2904,"template":"","meta":[],"product_cat":[496,489,490,493],"product_tag":[519,527,522,517,528,520,525,518,516,521,524,526],"yoast_head":"<!-- This site is optimized with the Yoast SEO plugin v20.3 - https:\/\/yoast.com\/wordpress\/plugins\/seo\/ -->\n<title>Gem\u00e4lde zu verkaufen Floral fantasy - ART PASSAGE GALLERY<\/title>\n<meta name=\"description\" content=\"\u00d6lgem\u00e4lde handgemalt mit Spachtel auf Leinwand in mehrschichtigem und pastosem Stil basierend auf Erinnerungen an den Sommer von akademischem K\u00fcnstler -Kunstgem\u00e4lde-zu-verkaufen\" \/>\n<meta name=\"robots\" content=\"index, follow, max-snippet:-1, max-image-preview:large, max-video-preview:-1\" \/>\n<link rel=\"canonical\" href=\"https:\/\/artgallery-passage.com\/de\/dielo\/gemalde-zu-verkaufen-blumen-fantasie\/\" \/>\n<meta property=\"og:locale\" content=\"de_DE\" \/>\n<meta property=\"og:type\" content=\"article\" \/>\n<meta property=\"og:title\" content=\"Gem\u00e4lde zu verkaufen Floral fantasy - ART PASSAGE GALLERY\" \/>\n<meta property=\"og:description\" content=\"\u00d6lgem\u00e4lde handgemalt mit Spachtel auf Leinwand in mehrschichtigem und pastosem Stil basierend auf Erinnerungen an den Sommer von akademischem K\u00fcnstler -Kunstgem\u00e4lde-zu-verkaufen\" \/>\n<meta property=\"og:url\" content=\"https:\/\/artgallery-passage.com\/de\/dielo\/gemalde-zu-verkaufen-blumen-fantasie\/\" \/>\n<meta property=\"og:site_name\" content=\"ART PASSAGE GALLERY\" \/>\n<meta property=\"article:modified_time\" content=\"2024-03-12T13:33:47+00:00\" \/>\n<meta property=\"og:image\" content=\"https:\/\/artgallery-passage.com\/wp-content\/uploads\/2024\/02\/Farebne-fantazie-60x45-300-eur.jpg\" \/>\n\t<meta property=\"og:image:width\" content=\"900\" \/>\n\t<meta property=\"og:image:height\" content=\"1195\" \/>\n\t<meta property=\"og:image:type\" content=\"image\/jpeg\" \/>\n<meta name=\"twitter:card\" content=\"summary_large_image\" \/>\n<meta name=\"twitter:label1\" content=\"Est. reading time\" \/>\n\t<meta name=\"twitter:data1\" content=\"1 Minute\" \/>\n<script type=\"application\/ld+json\" class=\"yoast-schema-graph\">{\"@context\":\"https:\/\/schema.org\",\"@graph\":[{\"@type\":\"WebPage\",\"@id\":\"https:\/\/artgallery-passage.com\/de\/dielo\/gemalde-zu-verkaufen-blumen-fantasie\/\",\"url\":\"https:\/\/artgallery-passage.com\/de\/dielo\/gemalde-zu-verkaufen-blumen-fantasie\/\",\"name\":\"Gem\u00e4lde zu verkaufen Floral fantasy - ART PASSAGE GALLERY\",\"isPartOf\":{\"@id\":\"https:\/\/artgallery-passage.com\/de\/#website\"},\"datePublished\":\"2024-02-11T20:49:55+00:00\",\"dateModified\":\"2024-03-12T13:33:47+00:00\",\"description\":\"\u00d6lgem\u00e4lde handgemalt mit Spachtel auf Leinwand in mehrschichtigem und pastosem Stil basierend auf Erinnerungen an den Sommer von akademischem K\u00fcnstler -Kunstgem\u00e4lde-zu-verkaufen\",\"breadcrumb\":{\"@id\":\"https:\/\/artgallery-passage.com\/de\/dielo\/gemalde-zu-verkaufen-blumen-fantasie\/#breadcrumb\"},\"inLanguage\":\"de-DE\",\"potentialAction\":[{\"@type\":\"ReadAction\",\"target\":[\"https:\/\/artgallery-passage.com\/de\/dielo\/gemalde-zu-verkaufen-blumen-fantasie\/\"]}]},{\"@type\":\"BreadcrumbList\",\"@id\":\"https:\/\/artgallery-passage.com\/de\/dielo\/gemalde-zu-verkaufen-blumen-fantasie\/#breadcrumb\",\"itemListElement\":[{\"@type\":\"ListItem\",\"position\":1,\"name\":\"Domovsk\u00e1 str\u00e1nka\",\"item\":\"https:\/\/artgallery-passage.com\/de\/\"},{\"@type\":\"ListItem\",\"position\":2,\"name\":\"Werke\",\"item\":\"https:\/\/artgallery-passage.com\/de\/werke\/\"},{\"@type\":\"ListItem\",\"position\":3,\"name\":\"Gem\u00e4lde zu verkaufen Floral fantasy\"}]},{\"@type\":\"WebSite\",\"@id\":\"https:\/\/artgallery-passage.com\/de\/#website\",\"url\":\"https:\/\/artgallery-passage.com\/de\/\",\"name\":\"ART PASSAGE GALLERY\",\"description\":\"Ru\u010dne ma\u013eovan\u00e9 obrazy\",\"potentialAction\":[{\"@type\":\"SearchAction\",\"target\":{\"@type\":\"EntryPoint\",\"urlTemplate\":\"https:\/\/artgallery-passage.com\/de\/?s={search_term_string}\"},\"query-input\":\"required name=search_term_string\"}],\"inLanguage\":\"de-DE\"}]}<\/script>\n<!-- \/ Yoast SEO plugin. -->","yoast_head_json":{"title":"Gem\u00e4lde zu verkaufen Floral fantasy - ART PASSAGE GALLERY","description":"\u00d6lgem\u00e4lde handgemalt mit Spachtel auf Leinwand in mehrschichtigem und pastosem Stil basierend auf Erinnerungen an den Sommer von akademischem K\u00fcnstler -Kunstgem\u00e4lde-zu-verkaufen","robots":{"index":"index","follow":"follow","max-snippet":"max-snippet:-1","max-image-preview":"max-image-preview:large","max-video-preview":"max-video-preview:-1"},"canonical":"https:\/\/artgallery-passage.com\/de\/dielo\/gemalde-zu-verkaufen-blumen-fantasie\/","og_locale":"de_DE","og_type":"article","og_title":"Gem\u00e4lde zu verkaufen Floral fantasy - ART PASSAGE GALLERY","og_description":"\u00d6lgem\u00e4lde handgemalt mit Spachtel auf Leinwand in mehrschichtigem und pastosem Stil basierend auf Erinnerungen an den Sommer von akademischem K\u00fcnstler -Kunstgem\u00e4lde-zu-verkaufen","og_url":"https:\/\/artgallery-passage.com\/de\/dielo\/gemalde-zu-verkaufen-blumen-fantasie\/","og_site_name":"ART PASSAGE GALLERY","article_modified_time":"2024-03-12T13:33:47+00:00","og_image":[{"width":900,"height":1195,"url":"https:\/\/artgallery-passage.com\/wp-content\/uploads\/2024\/02\/Farebne-fantazie-60x45-300-eur.jpg","type":"image\/jpeg"}],"twitter_card":"summary_large_image","twitter_misc":{"Est. reading time":"1 Minute"},"schema":{"@context":"https:\/\/schema.org","@graph":[{"@type":"WebPage","@id":"https:\/\/artgallery-passage.com\/de\/dielo\/gemalde-zu-verkaufen-blumen-fantasie\/","url":"https:\/\/artgallery-passage.com\/de\/dielo\/gemalde-zu-verkaufen-blumen-fantasie\/","name":"Gem\u00e4lde zu verkaufen Floral fantasy - ART PASSAGE GALLERY","isPartOf":{"@id":"https:\/\/artgallery-passage.com\/de\/#website"},"datePublished":"2024-02-11T20:49:55+00:00","dateModified":"2024-03-12T13:33:47+00:00","description":"\u00d6lgem\u00e4lde handgemalt mit Spachtel auf Leinwand in mehrschichtigem und pastosem Stil basierend auf Erinnerungen an den Sommer von akademischem K\u00fcnstler -Kunstgem\u00e4lde-zu-verkaufen","breadcrumb":{"@id":"https:\/\/artgallery-passage.com\/de\/dielo\/gemalde-zu-verkaufen-blumen-fantasie\/#breadcrumb"},"inLanguage":"de-DE","potentialAction":[{"@type":"ReadAction","target":["https:\/\/artgallery-passage.com\/de\/dielo\/gemalde-zu-verkaufen-blumen-fantasie\/"]}]},{"@type":"BreadcrumbList","@id":"https:\/\/artgallery-passage.com\/de\/dielo\/gemalde-zu-verkaufen-blumen-fantasie\/#breadcrumb","itemListElement":[{"@type":"ListItem","position":1,"name":"Domovsk\u00e1 str\u00e1nka","item":"https:\/\/artgallery-passage.com\/de\/"},{"@type":"ListItem","position":2,"name":"Werke","item":"https:\/\/artgallery-passage.com\/de\/werke\/"},{"@type":"ListItem","position":3,"name":"Gem\u00e4lde zu verkaufen Floral fantasy"}]},{"@type":"WebSite","@id":"https:\/\/artgallery-passage.com\/de\/#website","url":"https:\/\/artgallery-passage.com\/de\/","name":"ART PASSAGE GALLERY","description":"Ru\u010dne ma\u013eovan\u00e9 obrazy","potentialAction":[{"@type":"SearchAction","target":{"@type":"EntryPoint","urlTemplate":"https:\/\/artgallery-passage.com\/de\/?s={search_term_string}"},"query-input":"required name=search_term_string"}],"inLanguage":"de-DE"}]}},"_links":{"self":[{"href":"https:\/\/artgallery-passage.com\/de\/wp-json\/wp\/v2\/product\/2898"}],"collection":[{"href":"https:\/\/artgallery-passage.com\/de\/wp-json\/wp\/v2\/product"}],"about":[{"href":"https:\/\/artgallery-passage.com\/de\/wp-json\/wp\/v2\/types\/product"}],"wp:featuredmedia":[{"embeddable":true,"href":"https:\/\/artgallery-passage.com\/de\/wp-json\/wp\/v2\/media\/2904"}],"wp:attachment":[{"href":"https:\/\/artgallery-passage.com\/de\/wp-json\/wp\/v2\/media?parent=2898"}],"wp:term":[{"taxonomy":"product_cat","embeddable":true,"href":"https:\/\/artgallery-passage.com\/de\/wp-json\/wp\/v2\/product_cat?post=2898"},{"taxonomy":"product_tag","embeddable":true,"href":"https:\/\/artgallery-passage.com\/de\/wp-json\/wp\/v2\/product_tag?post=2898"}],"curies":[{"name":"wp","href":"https:\/\/api.w.org\/{rel}","templated":true}]}}